{"id":18,"date":"2022-10-17T06:55:15","date_gmt":"2022-10-17T06:55:15","guid":{"rendered":"http:\/\/localhost\/yen\/?page_id=18"},"modified":"2022-10-18T07:28:10","modified_gmt":"2022-10-18T07:28:10","slug":"gioi-thieu","status":"publish","type":"page","link":"https:\/\/store1.k-tech-services.com\/yen\/gioi-thieu\/","title":{"rendered":"Gi\u1edbi thi\u1ec7u"},"content":{"rendered":"\t<section class=\"section\" id=\"section_657270790\">\n\t\t<div class=\"bg section-bg fill bg-fill  bg-loaded\" >\n\n\t\t\t\n\t\t\t\n\t\t\t\n\n\t\t<\/div>\n\n\t\t\n\n\t\t<div class=\"section-content relative\">\n\t\t\t\n<div class=\"container section-title-container custom-title\" ><h4 class=\"section-title section-title-center\"><b><\/b><span class=\"section-title-main\" >GI\u1edaI THI\u1ec6U V\u1ec0 Y\u1ebeN S\u00c0O \u00dd AN<\/span><b><\/b><\/h4><\/div>\n<div class=\"row align-middle\"  id=\"row-1405942841\">\n\n\t<div id=\"col-941059907\" class=\"col medium-6 small-12 large-6\"  >\n\t\t\t\t<div class=\"col-inner\"  >\n\t\t\t\n\t\t\t\n\t<div class=\"img has-hover x md-x lg-x y md-y lg-y\" id=\"image_2124961552\">\n\t\t\t\t\t\t\t\t<div class=\"img-inner dark\" >\n\t\t\t<img loading=\"lazy\" decoding=\"async\" width=\"2560\" height=\"2560\" src=\"https:\/\/store1.k-tech-services.com\/yen\/wp-content\/uploads\/2022\/10\/logo-scaled.jpg\" class=\"attachment-original size-original\" alt=\"\" srcset=\"https:\/\/store1.k-tech-services.com\/yen\/wp-content\/uploads\/2022\/10\/logo-scaled.jpg 2560w, https:\/\/store1.k-tech-services.com\/yen\/wp-content\/uploads\/2022\/10\/logo-300x300.jpg 300w, https:\/\/store1.k-tech-services.com\/yen\/wp-content\/uploads\/2022\/10\/logo-scaled-100x100.jpg 100w, https:\/\/store1.k-tech-services.com\/yen\/wp-content\/uploads\/2022\/10\/logo-scaled-600x600.jpg 600w, https:\/\/store1.k-tech-services.com\/yen\/wp-content\/uploads\/2022\/10\/logo-1024x1024.jpg 1024w, https:\/\/store1.k-tech-services.com\/yen\/wp-content\/uploads\/2022\/10\/logo-150x150.jpg 150w, https:\/\/store1.k-tech-services.com\/yen\/wp-content\/uploads\/2022\/10\/logo-768x768.jpg 768w, https:\/\/store1.k-tech-services.com\/yen\/wp-content\/uploads\/2022\/10\/logo-1536x1536.jpg 1536w, https:\/\/store1.k-tech-services.com\/yen\/wp-content\/uploads\/2022\/10\/logo-2048x2048.jpg 2048w\" sizes=\"auto, (max-width: 2560px) 100vw, 2560px\" \/>\t\t\t\t\t\t\n\t\t\t\t\t<\/div>\n\t\t\t\t\t\t\t\t\n<style>\n#image_2124961552 {\n  width: 100%;\n}\n<\/style>\n\t<\/div>\n\t\n\t\t<\/div>\n\t\t\t\t\t<\/div>\n\n\t\n\n\t<div id=\"col-925883587\" class=\"col medium-6 small-12 large-6\"  >\n\t\t\t\t<div class=\"col-inner\"  >\n\t\t\t\n\t\t\t\n<p><strong>\u00dd NGH\u0128A TH\u01af\u01a0NG HI\u1ec6U<\/strong><\/p>\n<p>T\u00ean th\u01b0\u01a1ng hi\u1ec7u \u201c\u00dd An\u201d: Ch\u1eef \u201c\u00dd\u201d \u0111\u01b0\u1ee3c l\u1ea5y trong c\u00e1c t\u1eeb: \u201cTh\u00e0nh \u00fd\u201d, \u201cT\u00e2m \u00fd\u201d v\u00e0 \u201c\u00dd ngh\u0129a\u201d. Ch\u1eef \u201cAn\u201d \u0111\u01b0\u1ee3c l\u1ea5y trong c\u00e1c t\u1eeb: \u201cAn t\u00e2m\u201d, \u201cAn to\u00e0n\u201d, \u201cAn nhi\u00ean\u201d<\/p>\n<p>V\u1edbi mong mu\u1ed1n: Nh\u1eefng s\u1ea3n ph\u1ea9m c\u1ee7a \u00dd An l\u00e0m ra s\u1ebd lu\u00f4n ch\u1ee9a \u0111\u1ef1ng \u0111\u1ea7y \u0111\u1ee7 th\u00e0nh \u00fd, t\u00e2m \u00fd v\u00e0 c\u00f3 \u00fd ngh\u0129a \u0111\u1ed1i v\u1edbi m\u1ed7i kh\u00e1ch h\u00e0ng, mang \u0111\u1ebfn cho kh\u00e1ch h\u00e0ng s\u1ee9c kh\u1ecfe, s\u1ef1 an t\u00e2m, an to\u00e0n v\u00e0 m\u1ed9t cu\u1ed9c s\u1ed1ng an nhi\u00ean. B\u1edfi th\u1ee9 quan tr\u1ecdng nh\u1ea5t \u0111\u1ed1i v\u1edbi ch\u00fang ta trong cu\u1ed9c s\u1ed1ng n\u00e0y \u0111\u00f3 ch\u00ednh l\u00e0 s\u1ee9c kh\u1ecfe, c\u00f3 s\u1ee9c kh\u1ecfe cu\u1ed9c s\u1ed1ng \u1eaft s\u1ebd an nhi\u00ean.<\/p>\n\t\t<\/div>\n\t\t\t\t\t<\/div>\n\n\t\n<\/div>\n<div class=\"row align-middle\"  id=\"row-1352741468\">\n\n\t<div id=\"col-952748392\" class=\"col medium-6 small-12 large-6\"  >\n\t\t\t\t<div class=\"col-inner\"  >\n\t\t\t\n\t\t\t\n<p><strong>S\u1ee8 M\u1ec6NH<\/strong><\/p>\n<p>Kh\u00f4ng ng\u1eebng s\u00e1ng t\u1ea1o, t\u1ed1i \u01b0u h\u00f3a ngu\u1ed3n dinh d\u01b0\u1ee1ng qu\u00fd b\u00e1u \u0111\u1ebfn t\u1eeb Y\u1ebfn s\u00e0o thi\u00ean nhi\u00ean, \u0111\u1ec3 mang \u0111\u1ebfn cho c\u1ed9ng \u0111\u1ed3ng c\u01a1 h\u1ed9i s\u1eed d\u1ee5ng m\u1ed9t trong nh\u1eefng s\u1ea3n v\u1eadt qu\u00fd b\u00e1u m\u00e0 thi\u00ean nhi\u00ean ban t\u1eb7ng, mang \u0111\u1ebfn s\u1ee9c kh\u1ecfe, h\u1ea1nh ph\u00fac, cu\u1ed9c s\u1ed1ng t\u1ed1t \u0111\u1eb9p h\u01a1n cho c\u1ed9ng \u0111\u1ed3ng v\u00e0 l\u00e0 bi\u1ec3u t\u01b0\u1ee3ng cho s\u1ef1 th\u1ecbnh v\u01b0\u1ee3ng c\u1ee7a m\u1ed9t d\u00e2n t\u1ed9c, m\u1ed9t qu\u1ed1c gia ph\u1ed3n th\u1ecbnh.<\/p>\n\t\t<\/div>\n\t\t\t\t\t<\/div>\n\n\t\n\n\t<div id=\"col-521420017\" class=\"col medium-6 small-12 large-6 small-col-first\"  >\n\t\t\t\t<div class=\"col-inner\"  >\n\t\t\t\n\t\t\t\n\t<div class=\"img has-hover x md-x lg-x y md-y lg-y\" id=\"image_267085631\">\n\t\t\t\t\t\t\t\t<div class=\"img-inner dark\" >\n\t\t\t<img loading=\"lazy\" decoding=\"async\" width=\"1200\" height=\"1200\" src=\"https:\/\/store1.k-tech-services.com\/yen\/wp-content\/uploads\/2022\/10\/Tinh-che-cao-cap-3.jpg\" class=\"attachment-original size-original\" alt=\"\" srcset=\"https:\/\/store1.k-tech-services.com\/yen\/wp-content\/uploads\/2022\/10\/Tinh-che-cao-cap-3.jpg 1200w, https:\/\/store1.k-tech-services.com\/yen\/wp-content\/uploads\/2022\/10\/Tinh-che-cao-cap-3-300x300.jpg 300w, https:\/\/store1.k-tech-services.com\/yen\/wp-content\/uploads\/2022\/10\/Tinh-che-cao-cap-3-1024x1024.jpg 1024w, https:\/\/store1.k-tech-services.com\/yen\/wp-content\/uploads\/2022\/10\/Tinh-che-cao-cap-3-150x150.jpg 150w, https:\/\/store1.k-tech-services.com\/yen\/wp-content\/uploads\/2022\/10\/Tinh-che-cao-cap-3-768x768.jpg 768w, https:\/\/store1.k-tech-services.com\/yen\/wp-content\/uploads\/2022\/10\/Tinh-che-cao-cap-3-600x600.jpg 600w, https:\/\/store1.k-tech-services.com\/yen\/wp-content\/uploads\/2022\/10\/Tinh-che-cao-cap-3-100x100.jpg 100w\" sizes=\"auto, (max-width: 1200px) 100vw, 1200px\" \/>\t\t\t\t\t\t\n\t\t\t\t\t<\/div>\n\t\t\t\t\t\t\t\t\n<style>\n#image_267085631 {\n  width: 100%;\n}\n<\/style>\n\t<\/div>\n\t\n\t\t<\/div>\n\t\t\t\t\t<\/div>\n\n\t\n<\/div>\n<div class=\"row align-middle\"  id=\"row-860927352\">\n\n\t<div id=\"col-1452303818\" class=\"col medium-6 small-12 large-6\"  >\n\t\t\t\t<div class=\"col-inner\"  >\n\t\t\t\n\t\t\t\n\t<div class=\"img has-hover x md-x lg-x y md-y lg-y\" id=\"image_518146389\">\n\t\t\t\t\t\t\t\t<div class=\"img-inner dark\" >\n\t\t\t<img loading=\"lazy\" decoding=\"async\" width=\"1200\" height=\"1200\" src=\"https:\/\/store1.k-tech-services.com\/yen\/wp-content\/uploads\/2022\/10\/Hong-yen-tinh-che-2.jpg\" class=\"attachment-original size-original\" alt=\"\" srcset=\"https:\/\/store1.k-tech-services.com\/yen\/wp-content\/uploads\/2022\/10\/Hong-yen-tinh-che-2.jpg 1200w, https:\/\/store1.k-tech-services.com\/yen\/wp-content\/uploads\/2022\/10\/Hong-yen-tinh-che-2-300x300.jpg 300w, https:\/\/store1.k-tech-services.com\/yen\/wp-content\/uploads\/2022\/10\/Hong-yen-tinh-che-2-1024x1024.jpg 1024w, https:\/\/store1.k-tech-services.com\/yen\/wp-content\/uploads\/2022\/10\/Hong-yen-tinh-che-2-150x150.jpg 150w, https:\/\/store1.k-tech-services.com\/yen\/wp-content\/uploads\/2022\/10\/Hong-yen-tinh-che-2-768x768.jpg 768w, https:\/\/store1.k-tech-services.com\/yen\/wp-content\/uploads\/2022\/10\/Hong-yen-tinh-che-2-600x600.jpg 600w, https:\/\/store1.k-tech-services.com\/yen\/wp-content\/uploads\/2022\/10\/Hong-yen-tinh-che-2-100x100.jpg 100w\" sizes=\"auto, (max-width: 1200px) 100vw, 1200px\" \/>\t\t\t\t\t\t\n\t\t\t\t\t<\/div>\n\t\t\t\t\t\t\t\t\n<style>\n#image_518146389 {\n  width: 100%;\n}\n<\/style>\n\t<\/div>\n\t\n\t\t<\/div>\n\t\t\t\t\t<\/div>\n\n\t\n\n\t<div id=\"col-1951324180\" class=\"col medium-6 small-12 large-6\"  >\n\t\t\t\t<div class=\"col-inner\"  >\n\t\t\t\n\t\t\t\n<p><b>GI\u00c1 TR\u1eca C\u1ed0T L\u00d5I<\/b><\/p>\n<p>T\u00e2m huy\u1ebft, kh\u00f4ng ng\u1eebng n\u1ed7 l\u1ef1c, s\u00e1ng t\u1ea1o \u0111\u1ec3 mang \u0111\u1ebfn nh\u1eefng s\u1ea3n ph\u1ea9m t\u1ed1t nh\u1ea5t t\u1eeb y\u1ebfn s\u00e0o Vi\u1ec7t Nam t\u1edbi tay ng\u01b0\u1eddi ti\u00eau d\u00f9ng.<\/p>\n<p>Trung th\u1ef1c, ch\u00ednh tr\u1ef1c, trong s\u1ea1ch, \u0111\u1ea1o \u0111\u1ee9c, v\u1edbi tinh th\u1ea7n th\u01b0\u1ee3ng t\u00f4n ph\u00e1p lu\u1eadt trong m\u1ecdi h\u00e0nh x\u1eed, ho\u1ea1t \u0111\u1ed9ng c\u1ee7a c\u00f4ng ty.<\/p>\n<p>Li\u00ean t\u1ee5c nghi\u00ean c\u1ee9u, c\u1ea3i ti\u1ebfn, \u1ee9ng d\u1ee5ng th\u00f4ng minh khoa h\u1ecdc, c\u00f4ng ngh\u1ec7 ti\u00ean ti\u1ebfn v\u00e0o trong ho\u1ea1t \u0111\u1ed9ng s\u1ea3n xu\u1ea5t, kinh doanh.<\/p>\n\t\t<\/div>\n\t\t\t\t\t<\/div>\n\n\t\n<\/div>\n<div class=\"row align-middle\"  id=\"row-658378482\">\n\n\t<div id=\"col-1303929946\" class=\"col medium-6 small-12 large-6\"  >\n\t\t\t\t<div class=\"col-inner\"  >\n\t\t\t\n\t\t\t\n<p><strong>T\u1ea6M NH\u00ccN<\/strong><\/p>\n<p>Tr\u1edf th\u00e0nh m\u1ed9t trong nh\u1eefng c\u00f4ng ty h\u00e0ng \u0111\u1ea7u cung c\u1ea5p c\u00e1c s\u1ea3n ph\u1ea9m dinh d\u01b0\u1ee1ng \u0111\u1ebfn t\u1eeb Y\u1ebfn s\u00e0o; c\u00f3 uy t\u00edn, th\u01b0\u01a1ng hi\u1ec7u trong l\u0129nh v\u1ef1c Y\u1ebfn s\u00e0o.<\/p>\n<p>L\u00e0 th\u01b0\u01a1ng hi\u1ec7u Vi\u1ec7t Nam ch\u1ea5p c\u00e1nh \u0111\u01b0a n\u00f4ng s\u1ea3n Vi\u1ec7t Nam n\u00f3i chung v\u00e0 Y\u1ebfn sao Vi\u1ec7t Nam n\u00f3i ri\u00eang c\u00f3 t\u00ean tr\u00ean b\u1ea3n \u0111\u1ed3 n\u00f4ng s\u1ea3n th\u1ebf gi\u1edbi, s\u00e1nh ngang v\u1edbi c\u00e1c th\u01b0\u01a1ng hi\u1ec7u n\u00f4ng s\u1ea3n n\u1ed5i ti\u1ebfng c\u1ee7a c\u00e1c c\u01b0\u1eddng qu\u1ed1c n\u00f4ng nghi\u1ec7p tr\u00ean th\u1ebf gi\u1edbi.<\/p>\n\t\t<\/div>\n\t\t\t\t\t<\/div>\n\n\t\n<\/div>\n<div class=\"row align-middle\"  id=\"row-1754310821\">\n\n\t<div id=\"col-408350114\" class=\"col medium-6 small-12 large-6 small-col-first\"  >\n\t\t\t\t<div class=\"col-inner\"  >\n\t\t\t\n\t\t\t\n\t<div class=\"img has-hover x md-x lg-x y md-y lg-y\" id=\"image_1181429391\">\n\t\t\t\t\t\t\t\t<div class=\"img-inner dark\" >\n\t\t\t<img loading=\"lazy\" decoding=\"async\" width=\"1200\" height=\"1200\" src=\"https:\/\/store1.k-tech-services.com\/yen\/wp-content\/uploads\/2022\/10\/Hong-yen-tinh-che-2.jpg\" class=\"attachment-original size-original\" alt=\"\" srcset=\"https:\/\/store1.k-tech-services.com\/yen\/wp-content\/uploads\/2022\/10\/Hong-yen-tinh-che-2.jpg 1200w, https:\/\/store1.k-tech-services.com\/yen\/wp-content\/uploads\/2022\/10\/Hong-yen-tinh-che-2-300x300.jpg 300w, https:\/\/store1.k-tech-services.com\/yen\/wp-content\/uploads\/2022\/10\/Hong-yen-tinh-che-2-1024x1024.jpg 1024w, https:\/\/store1.k-tech-services.com\/yen\/wp-content\/uploads\/2022\/10\/Hong-yen-tinh-che-2-150x150.jpg 150w, https:\/\/store1.k-tech-services.com\/yen\/wp-content\/uploads\/2022\/10\/Hong-yen-tinh-che-2-768x768.jpg 768w, https:\/\/store1.k-tech-services.com\/yen\/wp-content\/uploads\/2022\/10\/Hong-yen-tinh-che-2-600x600.jpg 600w, https:\/\/store1.k-tech-services.com\/yen\/wp-content\/uploads\/2022\/10\/Hong-yen-tinh-che-2-100x100.jpg 100w\" sizes=\"auto, (max-width: 1200px) 100vw, 1200px\" \/>\t\t\t\t\t\t\n\t\t\t\t\t<\/div>\n\t\t\t\t\t\t\t\t\n<style>\n#image_1181429391 {\n  width: 100%;\n}\n<\/style>\n\t<\/div>\n\t\n\t\t<\/div>\n\t\t\t\t\t<\/div>\n\n\t\n\n\t<div id=\"col-448318959\" class=\"col medium-6 small-12 large-6\"  >\n\t\t\t\t<div class=\"col-inner\"  >\n\t\t\t\n\t\t\t\n<p><b>T\u1ea0I SAO N\u00caN L\u1ef0A CH\u1eccN \u00dd AN?<\/b><\/p>\n<p>Nh\u1eefng d\u00f2ng s\u1ea3n ph\u1ea9m ch\u00ednh m\u00e0 \u00dd An \u0111\u01b0a ra th\u1ecb tr\u01b0\u1eddng lu\u00f4n tr\u1ea3i qua qu\u00e1 tr\u00ecnh nghi\u00ean c\u1ee9u, ki\u1ec3m \u0111\u1ecbnh kh\u1eaft khe nh\u1ea5t, lu\u00f4n \u0111\u1eb7t ti\u00eau ch\u00ed ch\u1ea5t l\u01b0\u1ee3ng s\u1ea3n ph\u1ea9m l\u00ean h\u00e0ng \u0111\u1ea7u, ch\u1ee9a c\u00e1i t\u00e2m v\u00e0 c\u00e1i t\u1ea7m c\u1ee7a th\u01b0\u01a1ng hi\u1ec7u. B\u00ean c\u1ea1nh \u0111\u00f3 v\u1edbi n\u1ed7 l\u1ef1c kh\u00f4ng ng\u1eebng ngh\u1ec9, t\u1eeb nh\u1eefng s\u1ea3n ph\u1ea9m tuy\u1ec7t v\u1eddi ch\u00fang t\u00f4i t\u1ea1o ra nh\u1eefng t\u1eb7ng ph\u1ea9m th\u01b0\u1ee3ng h\u1ea1ng<b>\u00a0<\/b>gi\u00fap kh\u00e1ch h\u00e0ng ho\u00e0n to\u00e0n t\u1ef1 tin khi t\u1eb7ng cho ng\u01b0\u1eddi th\u00e2n, b\u1ea1n b\u00e8, \u0111\u1ed1i t\u00e1c ho\u1eb7c VIP:<\/p>\n<ul class=\"list-unstyled\">\n<li><i class=\"ty ty-star ty-primary-color\"><\/i>T\u1ed5 y\u1ebfn lu\u00f4n ch\u1ecdn l\u1ecdc theo t\u1ef7 l\u1ec7 kh\u1eaft khe.<\/li>\n<li><i class=\"ty ty-star ty-primary-color\"><\/i>S\u01a1 ch\u1ebf b\u1edfi c\u00e1c th\u1ee3 tay ngh\u1ec1 l\u00e2u n\u0103m, gi\u00e0u kinh nghi\u1ec7m.<i class=\"ty ty-star ty-primary-color\"><\/i><\/li>\n<li>Quy tr\u00ecnh s\u1ea3n xu\u1ea5t \u0111\u1ea1t ti\u00eau chu\u1ea9n v\u1ec1 v\u1ec7 sinh ATTP.<\/li>\n<li><i class=\"ty ty-star ty-primary-color\"><\/i>Quan t\u00e2m, ch\u00fa tr\u1ecdng v\u00e0o kh\u00e2u thi\u1ebft k\u1ebf bao b\u00ec \u0111\u1ea3m b\u1ea3o s\u1ef1 \u0111\u01a1n gi\u1ea3n, ti\u1ec7n l\u1ee3i nh\u1eefng v\u1eabn tinh t\u1ebf, sang tr\u1ecdng.<\/li>\n<li>T\u00f4n ch\u1ec9 kinh doanh l\u1ea5y kh\u00e1ch h\u00e0ng l\u00e0m trung t\u00e2m, s\u1ef1 h\u00e0i l\u00f2ng c\u1ee7a kh\u00e1ch h\u00e0ng lu\u00f4n l\u00e0 m\u1ed1i quan t\u00e2m h\u00e0ng \u0111\u1ea7u c\u1ee7a ch\u00fang t\u00f4i.<\/li>\n<\/ul>\n\t\t<\/div>\n\t\t\t\t\t<\/div>\n\n\t\n<\/div>\n<div class=\"container section-title-container custom-title\" ><h4 class=\"section-title section-title-center\"><b><\/b><span class=\"section-title-main\" >VIDEO<\/span><b><\/b><\/h4><\/div>\n<div class=\"video video-fit mb\" style=\"padding-top:56.25%;\"><p><iframe loading=\"lazy\" title=\"Y\u1ebfn s\u00e0o \u00dd An - Y\u1ebfn s\u00e0o thi\u00ean nhi\u00ean cao c\u1ea5p TVC\" width=\"1020\" height=\"574\" src=\"https:\/\/www.youtube.com\/embed\/KIyK7NuoBUU?feature=oembed\" frameborder=\"0\" allow=\"accelerometer; autoplay; clipboard-write; encrypted-media; gyroscope; picture-in-picture\" allowfullscreen><\/iframe><\/p>\n<\/div>\n\t\t<\/div>\n\n\t\t\n<style>\n#section_657270790 {\n  padding-top: 30px;\n  padding-bottom: 30px;\n}\n#section_657270790 .ux-shape-divider--top svg {\n  height: 150px;\n  --divider-top-width: 100%;\n}\n#section_657270790 .ux-shape-divider--bottom svg {\n  height: 150px;\n  --divider-width: 100%;\n}\n<\/style>\n\t<\/section>\n\t\n","protected":false},"excerpt":{"rendered":"","protected":false},"author":1,"featured_media":0,"parent":0,"menu_order":0,"comment_status":"closed","ping_status":"closed","template":"","meta":{"inline_featured_image":false,"footnotes":""},"class_list":["post-18","page","type-page","status-publish","hentry"],"_links":{"self":[{"href":"https:\/\/store1.k-tech-services.com\/yen\/wp-json\/wp\/v2\/pages\/18","targetHints":{"allow":["GET"]}}],"collection":[{"href":"https:\/\/store1.k-tech-services.com\/yen\/wp-json\/wp\/v2\/pages"}],"about":[{"href":"https:\/\/store1.k-tech-services.com\/yen\/wp-json\/wp\/v2\/types\/page"}],"author":[{"embeddable":true,"href":"https:\/\/store1.k-tech-services.com\/yen\/wp-json\/wp\/v2\/users\/1"}],"replies":[{"embeddable":true,"href":"https:\/\/store1.k-tech-services.com\/yen\/wp-json\/wp\/v2\/comments?post=18"}],"version-history":[{"count":3,"href":"https:\/\/store1.k-tech-services.com\/yen\/wp-json\/wp\/v2\/pages\/18\/revisions"}],"predecessor-version":[{"id":187,"href":"https:\/\/store1.k-tech-services.com\/yen\/wp-json\/wp\/v2\/pages\/18\/revisions\/187"}],"wp:attachment":[{"href":"https:\/\/store1.k-tech-services.com\/yen\/wp-json\/wp\/v2\/media?parent=18"}],"curies":[{"name":"wp","href":"https:\/\/api.w.org\/{rel}","templated":true}]}}