{"id":31,"date":"2021-12-27T04:18:35","date_gmt":"2021-12-27T04:18:35","guid":{"rendered":"http:\/\/localhost\/vantai\/?page_id=31"},"modified":"2021-12-27T09:50:13","modified_gmt":"2021-12-27T09:50:13","slug":"gioi-thieu","status":"publish","type":"page","link":"https:\/\/store1.k-tech-services.com\/vantai\/gioi-thieu\/","title":{"rendered":"Gi\u1edbi thi\u1ec7u"},"content":{"rendered":"\t<section class=\"section\" id=\"section_1194811055\">\n\t\t<div class=\"bg section-bg fill bg-fill  bg-loaded\" >\n\n\t\t\t\n\t\t\t\n\t\t\t\n\n\t\t<\/div>\n\n\t\t<div class=\"section-content relative\">\n\t\t\t\n\n<div class=\"row\"  id=\"row-1550155958\">\n\n\n\t<div id=\"col-1525251266\" class=\"col small-12 large-12\"  >\n\t\t\t\t<div class=\"col-inner\"  >\n\t\t\t\n\t\t\t\n\n<h2>Gi\u1edbi thi\u1ec7u<\/h2>\n<p>C\u00f4ng ty TNHH Tr\u01b0\u1eddng Ph\u00e1t Logistics \u0111\u01b0\u1ee3c th\u00e0nh l\u1eadp do S\u1edf K\u1ebf Ho\u1ea1ch v\u00e0 \u0110\u1ea7u T\u01b0 TP.HCM c\u1ea5p gi\u1ea5y ph\u00e9p theo M\u00e3 s\u1ed1 Doanh nghi\u1ec7p: 0315608112<\/p>\n<p>V\u1edbi nhi\u1ec1u n\u0103m ho\u1ea1t \u0111\u1ed9ng trong l\u0129nh v\u1ef1c v\u1eadn chuy\u1ec3n h\u00e0ng h\u00f3a, \u0111\u1ebfn nay Tr\u01b0\u1eddng Ph\u00e1t Logistics t\u1ef1 h\u00e0o l\u00e0 m\u1ed9t trong nh\u1eefng c\u00f4ng ty v\u1eadn chuy\u1ec3n c\u00f3 uy t\u00edn t\u1ea1i TPHCM \u0111\u01b0\u1ee3c Q\u00fay kh\u00e1ch h\u00e0ng tin t\u01b0\u1edfng v\u00e0 h\u1ee3p t\u00e1c. S\u1edf h\u1eefu d\u00e0n xe t\u1ea3i l\u1edbn nh\u1ecf k\u1ebft h\u1ee3p. Tr\u01b0\u1eddng Ph\u00e1t Logistics lu\u00f4n \u0111\u00e1p \u1ee9ng m\u1ecdi nhu c\u1ea7u v\u1eadn\u00a0<a href=\"https:\/\/vantaitruongphat.com\/\">thu\u00ea xe t\u1ea3i\u00a0<\/a>v\u1eadn chuy\u1ec3n h\u00e0ng h\u00f3a c\u1ee7a Q\u00fay kh\u00e1ch h\u00e0ng v\u1edbi Ph\u01b0\u01a1ng ch\u00e2m: \u201c CH\u1ea4T L\u01af\u1ee2NG, Nhttps:\/\/vantaitruongphat.com\/HANH CH\u00d3NG, UY T\u00cdN.\u201d<\/p>\n<h2 class=\"wow fadeIn\" data-wow-delay=\"0\">T\u1ea0I SAO CH\u1eccN CH\u00daNG T\u00d4I?<\/h2>\n<blockquote>\n<h2 class=\"wow fadeIn\" data-wow-delay=\"0\">l\u00fd do \u0111\u1ec3 ch\u1ecdn ch\u00fang t\u00f4i l\u00e0m \u0111\u1ed1i t\u00e1c v\u1eadn chuy\u1ec3n h\u00e0ng h\u00f3a c\u1ee7a b\u1ea1n<\/h2>\n<\/blockquote>\n<h3 class=\"iconbox_content_title \">NHANH CH\u00d3NG<\/h3>\n<p>Giao h\u00e0ng \u0111\u00fang h\u1eb9n, \u0111\u00fang th\u1eddi gian cam k\u1ebft ch\u00ednh l\u00e0 uy t\u00edn c\u1ee7a Tr\u01b0\u1eddng Ph\u00e1t Logistics v\u1edbi kh\u00e1ch h\u00e0ng. \u0110\u00e2y c\u0169ng ch\u00ednh l\u00e0 1 trong nh\u1eefng y\u1ebfu t\u1ed1 quan tr\u1ecdng nh\u1ea5t \u0111\u1ec3 Tr\u01b0\u1eddng Ph\u00e1t Logistics c\u00f3 th\u1ec3 t\u1ed3n t\u1ea1i v\u00e0 \u0111\u1ee9ng v\u1eefng \u0111\u01b0\u1ee3c trong l\u0129nh v\u1ef1c\u00a0<a href=\"https:\/\/vantaitruongphat.com\/\">v\u1eadn chuy\u1ec3n h\u00e0ng h\u00f3a<\/a>\u00a0\u0111\u1ebfn ng\u00e0y h\u00f4m nay. Ch\u00fang t\u00f4i hi\u1ec3u \u0111\u01b0\u1ee3c th\u1eddi gian l\u00e0 v\u00e0ng b\u1ea1c, ti\u1ec1n c\u1ee7a v\u00e0 uy t\u00edn.<\/p>\n<h3 class=\"iconbox_content_title \">CH\u00cdNH X\u00c1C<\/h3>\n<p>H\u00e0ng h\u00f3a \u0111\u01b0\u1ee3c v\u1eadn chuy\u1ebfn \u0111\u1ebfn n\u01a1i nh\u1eadn \u0111\u00fang th\u1eddi gian, \u0111ia \u0111i\u1ec3m giao nh\u1eadn. Cam k\u1ebft s\u1ebd kh\u00f4ng c\u00f3 m\u1ed9t s\u1ef1 nh\u1ea7m l\u1eabn, th\u1ea5t l\u1ea1c, nh\u1ea7m \u0111\u1ecba ch\u1ec9 hay b\u1ea5t k\u1ef3 t\u1ed5n th\u1ea5t n\u00e0o v\u1ec1 h\u00e0ng h\u00f3a x\u1ea3y ra trong qu\u00e1 tr\u00ecnh giao nh\u1eadn, v\u1eadn chuy\u1ec3n h\u00e0ng h\u00f3a. V\u1edbi ch\u00ednh s\u00e1ch v\u00e0 qu\u1ea3n l\u00fd nghi\u00eam ng\u1eb7t ch\u00fang t\u00f4i \u0111em l\u1ea1i s\u1ef1 b\u1ea3o \u0111\u1ea3m cao nh\u1ea5t cho h\u00e0ng h\u00f3a c\u1ee7a kh\u00e1ch h\u00e0ng.<\/p>\n<h3 class=\"iconbox_content_title \">CHUY\u00caN NGHI\u1ec6P<\/h3>\n<p>Ch\u00fang t\u00f4i cam k\u1ebft c\u00f3 th\u1ec3 x\u1eed l\u00fd m\u1ecdi \u0111\u01a1n h\u00e0ng trong th\u1eddi gian nhanh nh\u1ea5t, ch\u00ednh x\u00e1c nh\u1ea5t kh\u00f4ng \u0111\u1ec3 m\u1ea5t m\u1ed9t gi\u00e2y ph\u00fat qu\u00fd b\u00e1u n\u00e0o c\u1ee7a kh\u00e1ch h\u00e0ng. S\u1ef1 t\u00edn nhi\u1ec7m v\u00e0 \u0111\u1ed9 h\u00e0i l\u00f2ng c\u1ee7a kh\u00e1ch h\u00e0ng lu\u00f4n l\u00e0 \u01b0u ti\u00ean h\u00e0ng \u0111\u1ea7u c\u1ee7a ch\u00fang t\u00f4i.<\/p>\n<h3 class=\"iconbox_content_title \">TI\u1ebeT KI\u1ec6M<\/h3>\n<p>V\u1edbi vi\u1ec7c v\u1eadn h\u00e0nh v\u00e0 \u00e1p d\u1ee5ng nh\u1eefng gi\u1ea3i ph\u00e1p t\u1ed1i \u01b0u nh\u1ea5t trong vi\u1ec7c qu\u1ea3n l\u00fd \u0111\u1ed9i xe. Tr\u01b0\u1eddng Ph\u00e1t Logistics lu\u00f4n \u0111\u1ea3m b\u1ea3o m\u1ee9c gi\u00e1 c\u01b0\u1edbc lu\u00f4n th\u1ea5p nh\u1ea5t, c\u1ea1nh tranh nh\u1ea5t so v\u1edbi c\u00e1c \u0111\u01a1n v\u1ecb kh\u00e1c tr\u00ean th\u1ecb tr\u01b0\u1eddng.<\/p>\n<p>V\u1edbi n\u0103ng l\u1ef1c hi\u1ec7n c\u00f3 c\u00f9ng v\u1edbi kinh nghi\u1ec7m v\u1eadn chuy\u1ec3n th\u1ef1c ti\u1ec5n, C\u00d4NG TY TNHH TR\u01af\u1edcNG PH\u00c1T LOGISTICS tin t\u01b0\u1edfng r\u1eb1ng n\u1ebfu \u0111\u01b0\u1ee3c h\u1ee3p t\u00e1c v\u1edbi Q\u00fay C\u00f4ng ty, ch\u00fang t\u00f4i s\u1ebd \u0111\u01b0a ra \u0111\u01b0\u1ee3c nh\u1eefng gi\u1ea3i ph\u00e1p v\u1eadn chuy\u1ec3n t\u1ed1i \u01b0u l\u00e0m h\u00e0i l\u00f2ng Q\u00fay Kh\u00e1ch.<\/p>\n\n\t\t<\/div>\n\t\t\t\t\t<\/div>\n\n\t\n\n<\/div>\n\n\t\t<\/div>\n\n\t\t\n<style>\n#section_1194811055 {\n  padding-top: 30px;\n  padding-bottom: 30px;\n}\n<\/style>\n\t<\/section>\n\t","protected":false},"excerpt":{"rendered":"","protected":false},"author":1,"featured_media":0,"parent":0,"menu_order":0,"comment_status":"closed","ping_status":"closed","template":"page-blank.php","meta":{"footnotes":""},"class_list":["post-31","page","type-page","status-publish","hentry"],"_links":{"self":[{"href":"https:\/\/store1.k-tech-services.com\/vantai\/wp-json\/wp\/v2\/pages\/31","targetHints":{"allow":["GET"]}}],"collection":[{"href":"https:\/\/store1.k-tech-services.com\/vantai\/wp-json\/wp\/v2\/pages"}],"about":[{"href":"https:\/\/store1.k-tech-services.com\/vantai\/wp-json\/wp\/v2\/types\/page"}],"author":[{"embeddable":true,"href":"https:\/\/store1.k-tech-services.com\/vantai\/wp-json\/wp\/v2\/users\/1"}],"replies":[{"embeddable":true,"href":"https:\/\/store1.k-tech-services.com\/vantai\/wp-json\/wp\/v2\/comments?post=31"}],"version-history":[{"count":2,"href":"https:\/\/store1.k-tech-services.com\/vantai\/wp-json\/wp\/v2\/pages\/31\/revisions"}],"predecessor-version":[{"id":146,"href":"https:\/\/store1.k-tech-services.com\/vantai\/wp-json\/wp\/v2\/pages\/31\/revisions\/146"}],"wp:attachment":[{"href":"https:\/\/store1.k-tech-services.com\/vantai\/wp-json\/wp\/v2\/media?parent=31"}],"curies":[{"name":"wp","href":"https:\/\/api.w.org\/{rel}","templated":true}]}}