{"id":15,"date":"2021-12-27T04:04:47","date_gmt":"2021-12-27T04:04:47","guid":{"rendered":"http:\/\/localhost\/vantai\/?page_id=15"},"modified":"2021-12-27T10:00:39","modified_gmt":"2021-12-27T10:00:39","slug":"lien-he","status":"publish","type":"page","link":"https:\/\/store1.k-tech-services.com\/vantai\/lien-he\/","title":{"rendered":"Li\u00ean h\u1ec7"},"content":{"rendered":"\t<section class=\"section\" id=\"section_396189306\">\n\t\t<div class=\"bg section-bg fill bg-fill  bg-loaded\" >\n\n\t\t\t\n\t\t\t\n\t\t\t\n\n\t\t<\/div>\n\n\t\t<div class=\"section-content relative\">\n\t\t\t\n\n<div class=\"row\"  id=\"row-957847106\">\n\n\n\t<div id=\"col-1575943642\" class=\"col medium-6 small-12 large-6\"  >\n\t\t\t\t<div class=\"col-inner\"  >\n\t\t\t\n\t\t\t\n\n<h1>Li\u00ean h\u1ec7<\/h1>\n<div role=\"form\" class=\"wpcf7\" id=\"wpcf7-f152-o1\" lang=\"vi\" dir=\"ltr\">\n<div class=\"screen-reader-response\"><p role=\"status\" aria-live=\"polite\" aria-atomic=\"true\"><\/p> <ul><\/ul><\/div>\n<form action=\"\/vantai\/wp-json\/wp\/v2\/pages\/15#wpcf7-f152-o1\" method=\"post\" class=\"wpcf7-form init\" novalidate=\"novalidate\" data-status=\"init\">\n<div style=\"display: none;\">\n<input type=\"hidden\" name=\"_wpcf7\" value=\"152\" \/>\n<input type=\"hidden\" name=\"_wpcf7_version\" value=\"5.5.3\" \/>\n<input type=\"hidden\" name=\"_wpcf7_locale\" value=\"vi\" \/>\n<input type=\"hidden\" name=\"_wpcf7_unit_tag\" value=\"wpcf7-f152-o1\" \/>\n<input type=\"hidden\" name=\"_wpcf7_container_post\" value=\"0\" \/>\n<input type=\"hidden\" name=\"_wpcf7_posted_data_hash\" value=\"\" \/>\n<\/div>\n<p><label> H\u1ecd v\u00e0 t\u00ean<br \/>\n    <span class=\"wpcf7-form-control-wrap your-name\"><input type=\"text\" name=\"your-name\" value=\"\" size=\"40\" class=\"wpcf7-form-control wpcf7-text wpcf7-validates-as-required\" aria-required=\"true\" aria-invalid=\"false\" \/><\/span> <\/label><\/p>\n<p><label> Email<br \/>\n    <span class=\"wpcf7-form-control-wrap your-email\"><input type=\"email\" name=\"your-email\" value=\"\" size=\"40\" class=\"wpcf7-form-control wpcf7-text wpcf7-email wpcf7-validates-as-required wpcf7-validates-as-email\" aria-required=\"true\" aria-invalid=\"false\" \/><\/span> <\/label><\/p>\n<p><label> Ti\u00eau \u0111\u1ec1:<br \/>\n    <span class=\"wpcf7-form-control-wrap your-subject\"><input type=\"text\" name=\"your-subject\" value=\"\" size=\"40\" class=\"wpcf7-form-control wpcf7-text wpcf7-validates-as-required\" aria-required=\"true\" aria-invalid=\"false\" \/><\/span> <\/label><\/p>\n<p><label> N\u1ed9i dung<br \/>\n    <span class=\"wpcf7-form-control-wrap your-message\"><textarea name=\"your-message\" cols=\"40\" rows=\"10\" class=\"wpcf7-form-control wpcf7-textarea\" aria-invalid=\"false\"><\/textarea><\/span> <\/label><\/p>\n<p><input type=\"submit\" value=\"G\u1eedi\" class=\"wpcf7-form-control has-spinner wpcf7-submit\" \/><\/p>\n<div class=\"wpcf7-response-output\" aria-hidden=\"true\"><\/div><\/form><\/div>\n\n\n\t\t<\/div>\n\t\t\t\t\t<\/div>\n\n\t\n\n\t<div id=\"col-1975485857\" class=\"col medium-6 small-12 large-6\"  >\n\t\t\t\t<div class=\"col-inner\"  >\n\t\t\t\n\t\t\t\n\n\n\n<h1>C\u00f4ng ty TNHH v\u1eadn t\u1ea1i T\u00e2n Ph\u00e1t<\/h1>\n<p class=\"message\">Kinh doanh v\u1eadn t\u1ea3i h\u00e0ng h\u00f3a \u0111\u01b0\u1eddng b\u1ed9 khu v\u1ef1c Th\u00e0nh ph\u1ed1 H\u1ed3 Ch\u00ed Minh v\u00e0 c\u00e1c t\u1ec9nh l\u00e2n c\u1eadn. \u0110\u1ed9i xe t\u1ea3i c\u00e1c lo\u1ea1i t\u1eeb 1 \u0111\u1ebfn 16 t\u1ea5n, N\u0103ng l\u1ef1c v\u1eadn chuy\u1ec3n h\u00e0ng h\u00f3a t\u1eeb 200 \u0111\u1ebfn 500 t\u1ea5n m\u1ed7i ng\u00e0y.<\/p>\n<table width=\"100%\">\n<tbody>\n<tr>\n<td width=\"12%\"><i class=\"fas fa-map-marker-alt\"><\/i><\/td>\n<td>\n<p class=\"contact-text\">QL51,chu h\u1ea3i. X\u00e3 t\u00e2n h\u1ea3i.tx ph\u00fa m\u1ef9. Brvt<\/p>\n<\/td>\n<\/tr>\n<tr>\n<td width=\"12%\"><i class=\"fas fa-envelope\"><\/i><\/td>\n<td>\n<p class=\"contact-text\">VantaitanphatVT@gmail.com<\/p>\n<\/td>\n<\/tr>\n<tr>\n<td width=\"12%\"><i class=\"fas fa-phone-volume\"><\/i><\/td>\n<td>\n<p class=\"contact-text\">0868.107.179, 0941.107.179<\/p>\n<\/td>\n<\/tr>\n<tr>\n<td width=\"12%\"><i class=\"far fa-clock\"><\/i><\/td>\n<td>\n<p class=\"contact-text\">24\/7<\/p>\n<\/td>\n<\/tr>\n<\/tbody>\n<\/table>\n\n\n\t\t<\/div>\n\t\t\t\t\t<\/div>\n\n\t\n\n<\/div>\n\n\t\t<\/div>\n\n\t\t\n<style>\n#section_396189306 {\n  padding-top: 30px;\n  padding-bottom: 30px;\n}\n<\/style>\n\t<\/section>\n\t","protected":false},"excerpt":{"rendered":"","protected":false},"author":1,"featured_media":0,"parent":0,"menu_order":0,"comment_status":"closed","ping_status":"closed","template":"page-blank.php","meta":{"footnotes":""},"class_list":["post-15","page","type-page","status-publish","hentry"],"_links":{"self":[{"href":"https:\/\/store1.k-tech-services.com\/vantai\/wp-json\/wp\/v2\/pages\/15","targetHints":{"allow":["GET"]}}],"collection":[{"href":"https:\/\/store1.k-tech-services.com\/vantai\/wp-json\/wp\/v2\/pages"}],"about":[{"href":"https:\/\/store1.k-tech-services.com\/vantai\/wp-json\/wp\/v2\/types\/page"}],"author":[{"embeddable":true,"href":"https:\/\/store1.k-tech-services.com\/vantai\/wp-json\/wp\/v2\/users\/1"}],"replies":[{"embeddable":true,"href":"https:\/\/store1.k-tech-services.com\/vantai\/wp-json\/wp\/v2\/comments?post=15"}],"version-history":[{"count":4,"href":"https:\/\/store1.k-tech-services.com\/vantai\/wp-json\/wp\/v2\/pages\/15\/revisions"}],"predecessor-version":[{"id":154,"href":"https:\/\/store1.k-tech-services.com\/vantai\/wp-json\/wp\/v2\/pages\/15\/revisions\/154"}],"wp:attachment":[{"href":"https:\/\/store1.k-tech-services.com\/vantai\/wp-json\/wp\/v2\/media?parent=15"}],"curies":[{"name":"wp","href":"https:\/\/api.w.org\/{rel}","templated":true}]}}