{"id":12,"date":"2022-11-22T04:51:46","date_gmt":"2022-11-22T04:51:46","guid":{"rendered":"http:\/\/localhost\/tienganh\/?page_id=12"},"modified":"2022-11-23T08:17:18","modified_gmt":"2022-11-23T08:17:18","slug":"lien-he","status":"publish","type":"page","link":"https:\/\/store1.k-tech-services.com\/tienganh\/lien-he\/","title":{"rendered":"Li\u00ean h\u1ec7"},"content":{"rendered":"\t<div id=\"gap-1787738573\" class=\"gap-element clearfix\" style=\"display:block; height:auto;\">\n\t\t\n<style>\n#gap-1787738573 {\n  padding-top: 30px;\n}\n<\/style>\n\t<\/div>\n\t\n<div class=\"row row-small\"  id=\"row-771009541\">\n\n\t<div id=\"col-1750146732\" class=\"col medium-6 small-12 large-6\"  >\n\t\t\t\t<div class=\"col-inner\"  >\n\t\t\t\n\t\t\t\n<div class=\"container section-title-container\" ><h2 class=\"section-title section-title-normal\"><b><\/b><span class=\"section-title-main\" >Th\u00f4ng tin li\u00ean h\u1ec7<\/span><b><\/b><\/h2><\/div>\n\t<div id=\"text-839518295\" class=\"text\">\n\t\t\n<p><strong>\u0110\u1ecba ch\u1ec9:<\/strong> 998\/42\/15 Quang Trung<\/p>\n<p><strong>\u0110i\u1ec7n tho\u1ea1i:<\/strong> 0999999999<\/p>\n<p><strong>Email:<\/strong> contact@gmail.com<\/p>\n<p><strong>website:<\/strong> english.com<\/p>\n\t\t\n<style>\n#text-839518295 {\n  font-size: 1.2rem;\n}\n<\/style>\n\t<\/div>\n\t\n\t\t<\/div>\n\t\t\t\t\t<\/div>\n\n\t\n\n\t<div id=\"col-1943279461\" class=\"col medium-6 small-12 large-6\"  >\n\t\t\t\t<div class=\"col-inner\"  >\n\t\t\t\n\t\t\t\n<div class=\"container section-title-container\" ><h2 class=\"section-title section-title-normal\"><b><\/b><span class=\"section-title-main\" >G\u1eedi th\u00f4ng tin c\u1ea7n t\u01b0 v\u1ea5n<\/span><b><\/b><\/h2><\/div>\n<div role=\"form\" class=\"wpcf7\" id=\"wpcf7-f5-o1\" lang=\"vi\" dir=\"ltr\">\n<div class=\"screen-reader-response\"><p role=\"status\" aria-live=\"polite\" aria-atomic=\"true\"><\/p> <ul><\/ul><\/div>\n<form action=\"\/tienganh\/wp-json\/wp\/v2\/pages\/12#wpcf7-f5-o1\" method=\"post\" class=\"wpcf7-form init\" novalidate=\"novalidate\" data-status=\"init\">\n<div style=\"display: none;\">\n<input type=\"hidden\" name=\"_wpcf7\" value=\"5\" \/>\n<input type=\"hidden\" name=\"_wpcf7_version\" value=\"5.6.4\" \/>\n<input type=\"hidden\" name=\"_wpcf7_locale\" value=\"vi\" \/>\n<input type=\"hidden\" name=\"_wpcf7_unit_tag\" value=\"wpcf7-f5-o1\" \/>\n<input type=\"hidden\" name=\"_wpcf7_container_post\" value=\"0\" \/>\n<input type=\"hidden\" name=\"_wpcf7_posted_data_hash\" value=\"\" \/>\n<\/div>\n<div class=\"form-flat\">\n<p>    <span class=\"wpcf7-form-control-wrap\" data-name=\"your-name\"><input type=\"text\" name=\"your-name\" value=\"\" size=\"40\" class=\"wpcf7-form-control wpcf7-text wpcf7-validates-as-required\" aria-required=\"true\" aria-invalid=\"false\" placeholder=\"H\u1ecd t\u00ean b\u00e9*\" \/><\/span><\/p>\n<p>    <span class=\"wpcf7-form-control-wrap\" data-name=\"your-phone\"><input type=\"text\" name=\"your-phone\" value=\"\" size=\"40\" class=\"wpcf7-form-control wpcf7-text wpcf7-validates-as-required\" aria-required=\"true\" aria-invalid=\"false\" placeholder=\"S\u1ed1 \u0111i\u1ec7n tho\u1ea1i ph\u1ee5 huynh*\" \/><\/span><\/p>\n<p>    <span class=\"wpcf7-form-control-wrap\" data-name=\"study-program\"><select name=\"study-program\" class=\"wpcf7-form-control wpcf7-select wpcf7-validates-as-required\" aria-required=\"true\" aria-invalid=\"false\"><option value=\"\">Ch\u1ecdn ch\u01b0\u01a1ng tr\u00ecnh h\u1ecdc<\/option><option value=\"Ti\u1ebfng anh m\u1ea7n non\">Ti\u1ebfng anh m\u1ea7n non<\/option><option value=\"Ti\u1ebfng anh ti\u1ec3u h\u1ecdc\">Ti\u1ebfng anh ti\u1ec3u h\u1ecdc<\/option><option value=\"ti\u1ebfng anh trung h\u1ecdc\">ti\u1ebfng anh trung h\u1ecdc<\/option><\/select><\/span><\/p>\n<p>    <span class=\"wpcf7-form-control-wrap\" data-name=\"center-address\"><select name=\"center-address\" class=\"wpcf7-form-control wpcf7-select wpcf7-validates-as-required\" aria-required=\"true\" aria-invalid=\"false\"><option value=\"\">Ch\u1ecdn trung t\u1ea7m g\u1ea7n nh\u1ea5t<\/option><option value=\"998\/42\/15 Quang Trung\">998\/42\/15 Quang Trung<\/option><option value=\"V\u00f5 V\u0103n Ng\u00e2n, Th\u1ee7 \u0111\u1ee9c\">V\u00f5 V\u0103n Ng\u00e2n, Th\u1ee7 \u0111\u1ee9c<\/option><option value=\"G\u00f2 V\u1ea5p\">G\u00f2 V\u1ea5p<\/option><\/select><\/span><\/p>\n<p>    <span class=\"wpcf7-form-control-wrap\" data-name=\"your-message\"><textarea name=\"your-message\" cols=\"40\" rows=\"10\" class=\"wpcf7-form-control wpcf7-textarea\" aria-invalid=\"false\" placeholder=\"N\u1ed9i dung c\u1ea7n t\u01b0 v\u1ea5n\"><\/textarea><\/span><\/p>\n<p>    <input type=\"submit\" value=\"G\u1eedi \u0111i\" class=\"wpcf7-form-control has-spinner wpcf7-submit expand button secondary btn-animation\" \/>\n<\/p><\/div>\n<div class=\"wpcf7-response-output\" aria-hidden=\"true\"><\/div><\/form><\/div>\n\t\t<\/div>\n\t\t\t\t\t<\/div>\n\n\t\n\n\t<div id=\"col-878850300\" class=\"col small-12 large-12\"  >\n\t\t\t\t<div class=\"col-inner\"  >\n\t\t\t\n\t\t\t\n\n<p><iframe src=\"https:\/\/www.google.com\/maps\/embed?pb=!1m18!1m12!1m3!1d15674.136901692993!2d106.64093134999999!3d10.8469123!2m3!1f0!2f0!3f0!3m2!1i1024!2i768!4f13.1!3m3!1m2!1s0x31752985f5a6a2d9%3A0x8060ad475d9329c2!2zQ-G6p3UgTWFya2V0!5e0!3m2!1sen!2s!4v1669191393762!5m2!1sen!2s\" width=\"100%\" height=\"350\" style=\"border:0;\" allowfullscreen=\"\" loading=\"lazy\" referrerpolicy=\"no-referrer-when-downgrade\"><\/iframe><br \/>\n\n\t\t<\/div>\n\t\t\t\t\t<\/div>\n\n\t\n<\/div>\n","protected":false},"excerpt":{"rendered":"","protected":false},"author":1,"featured_media":0,"parent":0,"menu_order":0,"comment_status":"closed","ping_status":"closed","template":"","meta":{"inline_featured_image":false,"footnotes":""},"class_list":["post-12","page","type-page","status-publish","hentry"],"_links":{"self":[{"href":"https:\/\/store1.k-tech-services.com\/tienganh\/wp-json\/wp\/v2\/pages\/12","targetHints":{"allow":["GET"]}}],"collection":[{"href":"https:\/\/store1.k-tech-services.com\/tienganh\/wp-json\/wp\/v2\/pages"}],"about":[{"href":"https:\/\/store1.k-tech-services.com\/tienganh\/wp-json\/wp\/v2\/types\/page"}],"author":[{"embeddable":true,"href":"https:\/\/store1.k-tech-services.com\/tienganh\/wp-json\/wp\/v2\/users\/1"}],"replies":[{"embeddable":true,"href":"https:\/\/store1.k-tech-services.com\/tienganh\/wp-json\/wp\/v2\/comments?post=12"}],"version-history":[{"count":4,"href":"https:\/\/store1.k-tech-services.com\/tienganh\/wp-json\/wp\/v2\/pages\/12\/revisions"}],"predecessor-version":[{"id":149,"href":"https:\/\/store1.k-tech-services.com\/tienganh\/wp-json\/wp\/v2\/pages\/12\/revisions\/149"}],"wp:attachment":[{"href":"https:\/\/store1.k-tech-services.com\/tienganh\/wp-json\/wp\/v2\/media?parent=12"}],"curies":[{"name":"wp","href":"https:\/\/api.w.org\/{rel}","templated":true}]}}