{"id":106,"date":"2023-03-21T07:46:55","date_gmt":"2023-03-21T07:46:55","guid":{"rendered":"http:\/\/localhost\/thoitrangxinh\/?post_type=product&#038;p=106"},"modified":"2023-03-21T07:48:06","modified_gmt":"2023-03-21T07:48:06","slug":"dam-suong-voan-duoi-ca-dap-ly-tim-cam-dl877","status":"publish","type":"product","link":"https:\/\/store1.k-tech-services.com\/thoitrangxinh\/san-pham\/dam-suong-voan-duoi-ca-dap-ly-tim-cam-dl877\/","title":{"rendered":"\u0110\u1ea7m Su\u00f4ng Voan \u0110u\u00f4i C\u00e1 D\u1eadp Ly T\u00edm C\u1ea9m DL877"},"content":{"rendered":"<p>D\u00f9 cho ch\u1ecb l\u00e0 tu\u00fdp ng\u01b0\u1eddi kh\u00f3 t\u00ednh hay kh\u00f3 chi\u1ec1u \u0111\u1ebfn m\u1ee9c n\u00e0o th\u00ec em xinh v\u1eabn kh\u1eb3ng \u0111\u1ecbnh r\u1eb1ng chi\u1ebfc \u0111\u1ea7m ch\u1ea5m bi su\u00f4ng n\u00e0y s\u1ebd xoa d\u1ecbu s\u1ef1 kh\u00f3 ch\u1ecdn \u0111\u00f3 c\u1ee7a ch\u1ecb 1 c\u00e1ch nhanh nh\u1ea5t!<\/p>\n","protected":false},"excerpt":{"rendered":"<h4 class=\"product-list\">CAM K\u1ebeT S\u1ea3n Ph\u1ea9m nh\u01b0 h\u00ecnh th\u01b0\u01a1ng hi\u1ec7u Th\u1eddi Trang Xinh<\/h4>\n<ul>\n<li>&#8211; Giao H\u00e0ng To\u00e0n Qu\u1ed1c, Thanh To\u00e1n T\u1eadn N\u01a1i<br \/>\n&#8211; Xem H\u00e0ng Tho\u1ea3i M\u00e1i \u01afng M\u1edbi Nh\u1eadn<br \/>\n&#8211; Mi\u1ec5n SHIP \u0110\u01a1n T\u1eeb 2 S\u1ea3n Ph\u1ea9m Ho\u1eb7c Chuy\u1ec3n Kho\u1ea3n Tr\u01b0\u1edbc<br \/>\n&#8211; \u0110\u1ee7 Size t\u1eeb 48kg \u0111\u1ebfn 75kg<\/li>\n<\/ul>\n","protected":false},"featured_media":98,"comment_status":"open","ping_status":"closed","template":"","meta":{"inline_featured_image":false},"product_cat":[16,19,17,18],"product_tag":[],"class_list":["post-106","product","type-product","status-publish","has-post-thumbnail","hentry","product_cat-vay-dam-xuan-he","product_cat-dam-giam-gia-sale-off","product_cat-dam-thu-dong","product_cat-quan-lot-ao-nguc"],"_links":{"self":[{"href":"https:\/\/store1.k-tech-services.com\/thoitrangxinh\/wp-json\/wp\/v2\/product\/106","targetHints":{"allow":["GET"]}}],"collection":[{"href":"https:\/\/store1.k-tech-services.com\/thoitrangxinh\/wp-json\/wp\/v2\/product"}],"about":[{"href":"https:\/\/store1.k-tech-services.com\/thoitrangxinh\/wp-json\/wp\/v2\/types\/product"}],"replies":[{"embeddable":true,"href":"https:\/\/store1.k-tech-services.com\/thoitrangxinh\/wp-json\/wp\/v2\/comments?post=106"}],"wp:featuredmedia":[{"embeddable":true,"href":"https:\/\/store1.k-tech-services.com\/thoitrangxinh\/wp-json\/wp\/v2\/media\/98"}],"wp:attachment":[{"href":"https:\/\/store1.k-tech-services.com\/thoitrangxinh\/wp-json\/wp\/v2\/media?parent=106"}],"wp:term":[{"taxonomy":"product_cat","embeddable":true,"href":"https:\/\/store1.k-tech-services.com\/thoitrangxinh\/wp-json\/wp\/v2\/product_cat?post=106"},{"taxonomy":"product_tag","embeddable":true,"href":"https:\/\/store1.k-tech-services.com\/thoitrangxinh\/wp-json\/wp\/v2\/product_tag?post=106"}],"curies":[{"name":"wp","href":"https:\/\/api.w.org\/{rel}","templated":true}]}}