{"id":9,"date":"2022-12-28T13:42:41","date_gmt":"2022-12-28T06:42:41","guid":{"rendered":"http:\/\/localhost\/thibanglai\/?page_id=9"},"modified":"2022-12-28T16:47:22","modified_gmt":"2022-12-28T09:47:22","slug":"gioi-thieu","status":"publish","type":"page","link":"https:\/\/store1.k-tech-services.com\/thibanglai\/gioi-thieu\/","title":{"rendered":"Gi\u1edbi thi\u1ec7u"},"content":{"rendered":"<h1 class=\"title margin-bottom-lg\">Gi\u1edbi thi\u1ec7u v\u1ec1 tr\u01b0\u1eddng Cao \u0111\u1eb3ng GTVT \u0110\u01b0\u1eddng th\u1ee7y II<\/h1>\n<div class=\"clear\"><\/div>\n<div id=\"page-bodyhtml\" class=\"bodytext margin-bottom-lg\">\n<h2><strong>Gi\u1edbi thi\u1ec7u kh\u00e1i qu\u00e1t<\/strong><\/h2>\n<p><strong><span lang=\"EN-US\">S\u1ee8 M\u1ea0NG<\/span><\/strong><\/p>\n<p>X\u00e2y d\u1ef1ng ng\u00f4i Tr\u01b0\u1eddng v\u0103n h\u00f3a, th\u00e2n thi\u1ec7n, d\u1ea1y &#8211; h\u1ecdc hi\u1ec7n \u0111\u1ea1i, t\u1ea1o \u0111i\u1ec1u ki\u1ec7n thu\u1eadn l\u1ee3i \u0111\u1ec3 ng\u01b0\u1eddi h\u1ecdc c\u00f3 c\u01a1 h\u1ed9i h\u1ecdc t\u1eadp su\u1ed1t \u0111\u1eddi; tri\u1ec7t \u0111\u1ec3 \u00e1p d\u1ee5ng c\u00f4ng ngh\u1ec7 th\u00f4ng tin trong d\u1ea1y &#8211; h\u1ecdc; cung \u1ee9ng \u0111\u1ebfn h\u1ecdc sinh sinh vi\u00ean c\u00e1c d\u1ecbch v\u1ee5 gi\u00e1o d\u1ee5c ti\u00ean ti\u1ebfn, hi\u1ec7n \u0111\u1ea1i, gia t\u0103ng t\u00ednh c\u1ea1nh tranh, \u0111\u1ea3m b\u1ea3o s\u1ef1 ph\u00e1t tri\u1ec3n b\u1ec1n v\u1eefng c\u1ee7a Tr\u01b0\u1eddng v\u00e0 x\u00e3 h\u1ed9i<\/p>\n<p><strong><span lang=\"EN-US\">T\u1ea6M NH\u00ccN<\/span><\/strong><\/p>\n<p>Tr\u01b0\u1eddng Cao \u0111\u1eb3ng Giao th\u00f4ng v\u1eadn t\u1ea3i \u0110\u01b0\u1eddng th\u1ee7y II l\u00e0 th\u00e0nh trung t\u00e2m \u0111\u00e0o t\u1ea1o, \u0111a ng\u00e0nh, ti\u00ean ti\u1ebfn, hi\u1ec7n \u0111\u1ea1i, h\u1ed9i nh\u1eadp qu\u1ed1c t\u1ebf, \u0111\u00e1p \u1ee9ng y\u00eau c\u1ea7u \u0111\u00e0o t\u1ea1o ngu\u1ed3n nh\u00e2n l\u1ef1c tr\u00ecnh \u0111\u1ed9 cao cho s\u1ef1 nghi\u1ec7p c\u00f4ng nghi\u1ec7p h\u00f3a, hi\u1ec7n \u0111\u1ea1i h\u00f3a \u0111\u1ea5t n\u01b0\u1edbc, \u0111\u01b0\u1ee3c x\u1ebfp v\u00e0o c\u00e1c tr\u01b0\u1eddng h\u00e0ng \u0111\u1ea7u trong c\u1ea3 n\u01b0\u1edbc, ph\u1ea5n \u0111\u1ea5u tr\u1edf th\u00e0nh trung t\u00e2m nghi\u00ean c\u1ee9u khoa h\u1ecdc v\u00e0 c\u00f4ng ngh\u1ec7.<\/p>\n<h2><strong><span lang=\"EN-US\">GI\u00c1 TR\u1eca C\u1ed0T L\u00d5I<\/span><\/strong><\/h2>\n<p>Nh\u00e2n b\u1ea3n &#8211; S\u00e1ng t\u1ea1o &#8211; N\u0103ng\u00a0\u0111\u1ed9ng &#8211; N\u1ed7 l\u1ef1c t\u1ea1o ra s\u1ef1 kh\u00e1c bi\u1ec7t.<\/p>\n<p><strong><span lang=\"EN-US\">M\u1ee4C TI\u00caU CHI\u1ebeN L\u01af\u1ee2C<\/span><\/strong><\/p>\n<p>\u0110\u1ed5i m\u1edbi c\u01a1 b\u1ea3n v\u00e0 to\u00e0n di\u1ec7n \u0111\u1ea3m b\u1ea3o mang l\u1ea1i \u0111i\u1ec1u ki\u1ec7n gi\u1ea3ng d\u1ea1y v\u00e0 h\u1ecdc t\u1eadp s\u00e1ng t\u1ea1o \u2013 hi\u1ec7u qu\u1ea3 \u2013 ch\u1ea5t l\u01b0\u1ee3ng; h\u01b0\u1edbng \u0111\u1ebfn x\u00e2y d\u1ef1ng th\u00e0nh \u2013 c\u01a1 s\u1edf gi\u00e1o d\u1ee5c ngh\u1ec1 nghi\u1ec7p b\u1eadc Cao \u0111\u1eb3ng ch\u1ea5t l\u01b0\u1ee3ng cao.<\/p>\n<p dir=\"ltr\">Hi\u1ec7n nay,, Nh\u00e0 Tr\u01b0\u1eddng \u0111ang \u0111\u00e0o t\u1ea1o: 16 ng\u00e0nh\/ngh\u1ec1 v\u1edbi c\u00e1c tr\u00ecnh \u0111\u1ed9 Cao \u0111\u1eb3ng v\u00e0 Trung c\u1ea5p.<\/p>\n<\/div>\n","protected":false},"excerpt":{"rendered":"<p>Gi\u1edbi thi\u1ec7u v\u1ec1 tr\u01b0\u1eddng Cao \u0111\u1eb3ng GTVT \u0110\u01b0\u1eddng th\u1ee7y II Gi\u1edbi thi\u1ec7u kh\u00e1i qu\u00e1t S\u1ee8 M\u1ea0NG X\u00e2y d\u1ef1ng ng\u00f4i Tr\u01b0\u1eddng v\u0103n h\u00f3a, th\u00e2n thi\u1ec7n, d\u1ea1y &#8211; h\u1ecdc hi\u1ec7n \u0111\u1ea1i, t\u1ea1o \u0111i\u1ec1u ki\u1ec7n thu\u1eadn l\u1ee3i \u0111\u1ec3 ng\u01b0\u1eddi h\u1ecdc c\u00f3 c\u01a1 h\u1ed9i h\u1ecdc t\u1eadp su\u1ed1t \u0111\u1eddi; tri\u1ec7t \u0111\u1ec3 \u00e1p d\u1ee5ng c\u00f4ng ngh\u1ec7 th\u00f4ng tin trong d\u1ea1y &#8211;&#8230;<\/p>\n","protected":false},"author":1,"featured_media":0,"parent":0,"menu_order":0,"comment_status":"closed","ping_status":"closed","template":"","meta":{"footnotes":""},"class_list":["post-9","page","type-page","status-publish","hentry"],"_links":{"self":[{"href":"https:\/\/store1.k-tech-services.com\/thibanglai\/wp-json\/wp\/v2\/pages\/9","targetHints":{"allow":["GET"]}}],"collection":[{"href":"https:\/\/store1.k-tech-services.com\/thibanglai\/wp-json\/wp\/v2\/pages"}],"about":[{"href":"https:\/\/store1.k-tech-services.com\/thibanglai\/wp-json\/wp\/v2\/types\/page"}],"author":[{"embeddable":true,"href":"https:\/\/store1.k-tech-services.com\/thibanglai\/wp-json\/wp\/v2\/users\/1"}],"replies":[{"embeddable":true,"href":"https:\/\/store1.k-tech-services.com\/thibanglai\/wp-json\/wp\/v2\/comments?post=9"}],"version-history":[{"count":2,"href":"https:\/\/store1.k-tech-services.com\/thibanglai\/wp-json\/wp\/v2\/pages\/9\/revisions"}],"predecessor-version":[{"id":90,"href":"https:\/\/store1.k-tech-services.com\/thibanglai\/wp-json\/wp\/v2\/pages\/9\/revisions\/90"}],"wp:attachment":[{"href":"https:\/\/store1.k-tech-services.com\/thibanglai\/wp-json\/wp\/v2\/media?parent=9"}],"curies":[{"name":"wp","href":"https:\/\/api.w.org\/{rel}","templated":true}]}}