{"id":90,"date":"2019-09-03T03:12:14","date_gmt":"2019-09-03T03:12:14","guid":{"rendered":"http:\/\/web6.mevivu.com\/thuocgada\/?post_type=product&amp;p=90"},"modified":"2019-09-03T03:12:14","modified_gmt":"2019-09-03T03:12:14","slug":"red-blue-vip-8","status":"publish","type":"product","link":"https:\/\/store1.k-tech-services.com\/thaoduocgadacaocap\/san-pham\/red-blue-vip-8\/","title":{"rendered":"Super Gallomin"},"content":{"rendered":"","protected":false},"excerpt":{"rendered":"<div>Super Gallomin<\/div>\n<div>550,000\u20ab<\/div>\n<div><\/div>\n<div>Chai l\u1edbn 8cc gi\u00e1 3.000.000<\/div>\n<div>Super Gallomin<\/div>\n<div>\u2013 Xu\u1ea5t x\u1ee9: \u2013 M\u1ef9<\/div>\n<div>\u2013 Dung t\u00edch: 8ml \/chai<\/div>\n<div>\u2013 Gi\u00e1 b\u00e1n l\u1ebb: 550.000 \u0111\/ 1ml<\/div>\n<div>C\u00f4ng d\u1ee5ng:<\/div>\n<div>\u2013 Gi\u00fap g\u00e0 \u0111\u00e1 bo l\u1edbn, gi\u1ea3m \u0111au, h\u1ea1n ch\u1ebf \u00f3i, t\u1ea3i c\u1ef1a, \u00edt m\u1ea5t s\u1ee9c trong thi \u0111\u1ea5u<\/div>\n","protected":false},"featured_media":109,"comment_status":"open","ping_status":"closed","template":"","meta":[],"product_cat":[20],"product_tag":[],"_links":{"self":[{"href":"https:\/\/store1.k-tech-services.com\/thaoduocgadacaocap\/wp-json\/wp\/v2\/product\/90"}],"collection":[{"href":"https:\/\/store1.k-tech-services.com\/thaoduocgadacaocap\/wp-json\/wp\/v2\/product"}],"about":[{"href":"https:\/\/store1.k-tech-services.com\/thaoduocgadacaocap\/wp-json\/wp\/v2\/types\/product"}],"replies":[{"embeddable":true,"href":"https:\/\/store1.k-tech-services.com\/thaoduocgadacaocap\/wp-json\/wp\/v2\/comments?post=90"}],"wp:featuredmedia":[{"embeddable":true,"href":"https:\/\/store1.k-tech-services.com\/thaoduocgadacaocap\/wp-json\/wp\/v2\/media\/109"}],"wp:attachment":[{"href":"https:\/\/store1.k-tech-services.com\/thaoduocgadacaocap\/wp-json\/wp\/v2\/media?parent=90"}],"wp:term":[{"taxonomy":"product_cat","embeddable":true,"href":"https:\/\/store1.k-tech-services.com\/thaoduocgadacaocap\/wp-json\/wp\/v2\/product_cat?post=90"},{"taxonomy":"product_tag","embeddable":true,"href":"https:\/\/store1.k-tech-services.com\/thaoduocgadacaocap\/wp-json\/wp\/v2\/product_tag?post=90"}],"curies":[{"name":"wp","href":"https:\/\/api.w.org\/{rel}","templated":true}]}}