{"id":89,"date":"2019-09-03T03:12:05","date_gmt":"2019-09-03T03:12:05","guid":{"rendered":"http:\/\/web6.mevivu.com\/thuocgada\/?post_type=product&amp;p=89"},"modified":"2019-09-03T03:12:05","modified_gmt":"2019-09-03T03:12:05","slug":"red-blue-vip-7","status":"publish","type":"product","link":"https:\/\/store1.k-tech-services.com\/thaoduocgadacaocap\/san-pham\/red-blue-vip-7\/","title":{"rendered":"Corba Casino"},"content":{"rendered":"","protected":false},"excerpt":{"rendered":"<div>Corba Casino<\/div>\n<div>450,000\u20ab<\/div>\n<div><\/div>\n<div>Chai l\u1edbn 10cc gi\u00e1 3.000.000<\/div>\n<div><\/div>\n<div>Gi\u00e1 chi\u1ebft l\u1ebb 450.000 \u0110 chai 1ml<\/div>\n<div><\/div>\n<div>Xu\u1ea5t x\u1ee9: M\u00eaxico<\/div>\n<div>N\u01b0\u1edbc m\u00e0u \u0111\u1ecf d\u1ea1ng k\u1eb9o s\u1ec7t<\/div>\n<div>C\u00f4ng d\u1ee5ng: T\u0103ng bo, t\u1ea3i c\u1ef1a, l\u1ef3 \u0111\u00f2n, h\u1ea1n ch\u1ebf s\u1eb7c \u00f3i, k\u00edch th\u00edch h\u1ec7 th\u1ea7n kinh, t\u0103ng kh\u1ea3 n\u0103ng quan s\u00e1t, h\u1ed7 tr\u1ee3 chi\u1ebfn k\u00ea d\u1ebbo dai, m\u00e1u \u0111\u00e1, thi \u0111\u1ea5u hi\u1ec7u qu\u1ea3. Hi\u1ec7u qu\u1ea3 c\u1ee7a Cobra casino \u0111\u1ea1t \u0111\u1ed9 t\u1ea3i c\u1ef1a tuy\u1ec7t \u0111\u1ed1i . T\u0103ng bo h\u1ebft c\u00f4ng xu\u1ea5t khi ra \u0111\u00f2n<\/div>\n","protected":false},"featured_media":197,"comment_status":"open","ping_status":"closed","template":"","meta":[],"product_cat":[21],"product_tag":[],"_links":{"self":[{"href":"https:\/\/store1.k-tech-services.com\/thaoduocgadacaocap\/wp-json\/wp\/v2\/product\/89"}],"collection":[{"href":"https:\/\/store1.k-tech-services.com\/thaoduocgadacaocap\/wp-json\/wp\/v2\/product"}],"about":[{"href":"https:\/\/store1.k-tech-services.com\/thaoduocgadacaocap\/wp-json\/wp\/v2\/types\/product"}],"replies":[{"embeddable":true,"href":"https:\/\/store1.k-tech-services.com\/thaoduocgadacaocap\/wp-json\/wp\/v2\/comments?post=89"}],"wp:featuredmedia":[{"embeddable":true,"href":"https:\/\/store1.k-tech-services.com\/thaoduocgadacaocap\/wp-json\/wp\/v2\/media\/197"}],"wp:attachment":[{"href":"https:\/\/store1.k-tech-services.com\/thaoduocgadacaocap\/wp-json\/wp\/v2\/media?parent=89"}],"wp:term":[{"taxonomy":"product_cat","embeddable":true,"href":"https:\/\/store1.k-tech-services.com\/thaoduocgadacaocap\/wp-json\/wp\/v2\/product_cat?post=89"},{"taxonomy":"product_tag","embeddable":true,"href":"https:\/\/store1.k-tech-services.com\/thaoduocgadacaocap\/wp-json\/wp\/v2\/product_tag?post=89"}],"curies":[{"name":"wp","href":"https:\/\/api.w.org\/{rel}","templated":true}]}}