{"id":88,"date":"2019-09-03T03:11:57","date_gmt":"2019-09-03T03:11:57","guid":{"rendered":"http:\/\/web6.mevivu.com\/thuocgada\/?post_type=product&amp;p=88"},"modified":"2019-09-03T03:11:57","modified_gmt":"2019-09-03T03:11:57","slug":"red-blue-vip-6","status":"publish","type":"product","link":"https:\/\/store1.k-tech-services.com\/thaoduocgadacaocap\/san-pham\/red-blue-vip-6\/","title":{"rendered":"Dragon White"},"content":{"rendered":"","protected":false},"excerpt":{"rendered":"<p>Thu\u1ed1c nh\u1ecf dragon white ( r\u1ed3ng tr\u1eafng ) s\u1ec7t k\u1eb9o nguy\u00ean ch\u1ea5t 100% li\u00ean h\u1ec7 0937820150 ( Hi\u1ebfu )<br \/>\nThu\u1ed1c nh\u1eadp mexico gi\u00e1 ( 600k 1cc ) bao ship to\u00e0n qu\u1ed1c<br \/>\nTre nh\u1ecf : 1 gi\u1ecdt 1cc d\u00f9ng \u0111\u01b0\u1ee3c 16con<br \/>\nN\u00f2i nh\u1ecf : 2 gi\u1ecdt 1cc d\u00f9ng \u0111\u01b0\u1ee3c 8con<br \/>\nT\u00e1c d\u1ee5ng : t\u0103ng po kh\u1ee7ng t\u1ed1c \u0111\u1ed9 l\u1eb9 . T\u1ea3i c\u1ef1a si\u00eau l\u00ec , h\u1ed7 tr\u1ee3 d\u1ea1t n\u00e9 , tr\u00e1nh linh ho\u1ea1t, d\u1ebbo vai , v\u1ec1 khuya r\u1ea5t \u00eam . Ch\u1ed1ng s\u1eb7c \u00f3i cao<br \/>\nH\u01b0\u1edbng d\u1eabn s\u1eed d\u1ee5ng : lau t\u1eafm r\u1eeda g\u00e0 m\u00e1t m\u1ebd v\u1ed7 han ra \u0111\u00e0m r\u1ed3i nh\u1ecf v\u00e0o l\u01b0\u1edfi g\u00e0 \u0111\u1ec3 b\u1ed9i ch\u1ed7 m\u00e1t 1 ti\u1ebfng sau l\u00e0 ch\u01a1i li\u1ec1n tr\u01b0\u01a1\u0301c khi \u0111\u00e1 ho\u1eb7c v\u1eadn chuy\u1ec3n g\u00e0 \u0111i cho u\u00f4\u0301ng t\u00ed n\u01b0\u01a1\u0301c tr\u00e1nh t\u00ecnh tr\u1ea1ng m\u1ea5t n\u01b0\u01a1\u0301c ph\u00fat 90 nh\u00e9<br \/>\nKh\u00f4ng k\u1ef5 n\u1eafng kh\u00f4ng k\u1ef5 n\u01b0\u01a1\u0301c kh\u00f4ng h\u01b0 h\u1ea1i g\u00e0 nha anh em<\/p>\n","protected":false},"featured_media":199,"comment_status":"open","ping_status":"closed","template":"","meta":[],"product_cat":[21],"product_tag":[],"_links":{"self":[{"href":"https:\/\/store1.k-tech-services.com\/thaoduocgadacaocap\/wp-json\/wp\/v2\/product\/88"}],"collection":[{"href":"https:\/\/store1.k-tech-services.com\/thaoduocgadacaocap\/wp-json\/wp\/v2\/product"}],"about":[{"href":"https:\/\/store1.k-tech-services.com\/thaoduocgadacaocap\/wp-json\/wp\/v2\/types\/product"}],"replies":[{"embeddable":true,"href":"https:\/\/store1.k-tech-services.com\/thaoduocgadacaocap\/wp-json\/wp\/v2\/comments?post=88"}],"wp:featuredmedia":[{"embeddable":true,"href":"https:\/\/store1.k-tech-services.com\/thaoduocgadacaocap\/wp-json\/wp\/v2\/media\/199"}],"wp:attachment":[{"href":"https:\/\/store1.k-tech-services.com\/thaoduocgadacaocap\/wp-json\/wp\/v2\/media?parent=88"}],"wp:term":[{"taxonomy":"product_cat","embeddable":true,"href":"https:\/\/store1.k-tech-services.com\/thaoduocgadacaocap\/wp-json\/wp\/v2\/product_cat?post=88"},{"taxonomy":"product_tag","embeddable":true,"href":"https:\/\/store1.k-tech-services.com\/thaoduocgadacaocap\/wp-json\/wp\/v2\/product_tag?post=88"}],"curies":[{"name":"wp","href":"https:\/\/api.w.org\/{rel}","templated":true}]}}