{"id":87,"date":"2019-09-03T03:11:48","date_gmt":"2019-09-03T03:11:48","guid":{"rendered":"http:\/\/web6.mevivu.com\/thuocgada\/?post_type=product&amp;p=87"},"modified":"2019-09-03T03:11:48","modified_gmt":"2019-09-03T03:11:48","slug":"red-blue-vip-5","status":"publish","type":"product","link":"https:\/\/store1.k-tech-services.com\/thaoduocgadacaocap\/san-pham\/red-blue-vip-5\/","title":{"rendered":"SUPER FORBOSS"},"content":{"rendered":"","protected":false},"excerpt":{"rendered":"<p>SUPER FORBOSS : h\u00e0ng US ( Thu\u1ed1c nh\u1ecf C1 ) h\u00e0ng socola cao c\u1ea5p<br \/>\nL\u00e0 s\u1ea3n ph\u1ea9m \u0111\u01b0\u1ee3c anh em t\u00ecm ki\u1ebfm v\u00e0 d\u00f9ng nhi\u1ec1u nh\u1ea5t hi\u1ec7n nay<br \/>\nGi\u00e1 1cc = 600K<br \/>\nMua thu\u1ed1c LH : 0937820150 ( ship to\u00e0n qu\u1ed1c )<br \/>\nN\u01b0\u1edbc d\u1ea1ng s\u1ec7t . Ch\u01b0a c\u00f3 lo\u1ea1i thu\u00f3c nh\u1ecf n\u00e0o m\u1ea1nh v\u00e0 th\u1eddi gian k\u00e9o d\u00e0i thu\u1ed1c t\u1edbi 10 ti\u1ebfng<br \/>\n&#8211; c\u00f4ng d\u1ee5ng :<br \/>\n&#8211; SUPER FORBOSS ( Thu\u1ed1c nh\u1ecf C1 ) : gi\u00fap g\u00e0 t\u0103ng bo , t\u1ea3i c\u1ef1a , l\u1ef3 \u0111\u00f2n . Ch\u1ed1ng \u00f3i . Cung c\u1ea5p oxy v\u00e0o m\u00e1u , h\u1ea1n ch\u1ebf c\u01a1 th\u1ec3 m\u1ea5t n\u01b0\u1edbc . Gi\u00fap chi\u1ebfn k\u00ea c\u1ee7a b\u1ea1n d\u1ebbo dai . Kh\u00f4ng bi\u1ebft m\u1ec7t m\u1ecfi trong su\u1ed1t tr\u1eadn \u0111\u1ea5u<br \/>\n&#8211; SUPER FORBOSS ( Thu\u1ed1c nh\u1ecf C1 ) : ch\u1ee9a h\u00e0m l\u01b0\u1ee3ng ch\u1ea5t k\u00edch th\u00edch m\u1ea1nh , gi\u00fap g\u00e0 t\u0103ng c\u01a1 nhanh ch\u00f3ng , h\u1ed7 tr\u1ee3 g\u00e0 h\u0103ng m\u00e1u . Si\u00eang \u0111\u00e1 . Gi\u1eef \u0111\u01b0\u1ee3c bo \u0111\u00e1 , nh\u1edd \u0111\u00f3 gi\u00fap chi\u1ebfn k\u00ea chi\u1ebfn \u0111\u1ea5u r\u1ea5t hi\u1ec7u qu\u1ea3 . Tung \u0111\u00f2n ch\u00ednh x\u00e1c . N\u00e9 \u0111\u00f2n r\u1ea5t t\u1ed1t . SUPER FORBOSS ( Thu\u1ed1c nh\u1ecf C1 ) l\u00e0 thu\u1ed1c nh\u1ecf d\u00e0nh cho g\u00e0 \u0111\u00e1 c\u1ef1a s\u1eaft hi\u1ec7u qu\u1ea3 nh\u1ea5t \u0111\u01b0\u1ee3c anh em \u0111\u00e1 ti\u1ec1n l\u1edbn t\u00ecm ki\u1ebfm v\u00e0 tin d\u00f9ng<br \/>\n. Li\u1ec1u d\u00f9ng :<br \/>\n&#8211; g\u00e0 tre 1 gi\u1ecdt ( ch\u01a1i quen t\u0103ng li\u1ec1u sau )<br \/>\n&#8211; g\u00e0 n\u00f2i 2 gi\u1ecdt ( ch\u01a1i quen t\u0103ng li\u1ec1u sau )<br \/>\n_ sau khi nh\u1ecf 30p th\u00ec thu\u1ed1c m\u1edbi ng\u1ea5m v\u00e0 c\u00f3 t\u00e1c d\u1ee5ng . Thu\u1ed1c k\u00e9o d\u00e0i 12 ti\u1ebfng<\/p>\n","protected":false},"featured_media":198,"comment_status":"open","ping_status":"closed","template":"","meta":[],"product_cat":[21],"product_tag":[],"_links":{"self":[{"href":"https:\/\/store1.k-tech-services.com\/thaoduocgadacaocap\/wp-json\/wp\/v2\/product\/87"}],"collection":[{"href":"https:\/\/store1.k-tech-services.com\/thaoduocgadacaocap\/wp-json\/wp\/v2\/product"}],"about":[{"href":"https:\/\/store1.k-tech-services.com\/thaoduocgadacaocap\/wp-json\/wp\/v2\/types\/product"}],"replies":[{"embeddable":true,"href":"https:\/\/store1.k-tech-services.com\/thaoduocgadacaocap\/wp-json\/wp\/v2\/comments?post=87"}],"wp:featuredmedia":[{"embeddable":true,"href":"https:\/\/store1.k-tech-services.com\/thaoduocgadacaocap\/wp-json\/wp\/v2\/media\/198"}],"wp:attachment":[{"href":"https:\/\/store1.k-tech-services.com\/thaoduocgadacaocap\/wp-json\/wp\/v2\/media?parent=87"}],"wp:term":[{"taxonomy":"product_cat","embeddable":true,"href":"https:\/\/store1.k-tech-services.com\/thaoduocgadacaocap\/wp-json\/wp\/v2\/product_cat?post=87"},{"taxonomy":"product_tag","embeddable":true,"href":"https:\/\/store1.k-tech-services.com\/thaoduocgadacaocap\/wp-json\/wp\/v2\/product_tag?post=87"}],"curies":[{"name":"wp","href":"https:\/\/api.w.org\/{rel}","templated":true}]}}