{"id":218,"date":"2020-02-25T06:17:10","date_gmt":"2020-02-25T06:17:10","guid":{"rendered":"http:\/\/thuocgadacaocap.com\/?post_type=product&amp;p=218"},"modified":"2020-02-25T06:17:10","modified_gmt":"2020-02-25T06:17:10","slug":"thuoc-nho-green-master-vip","status":"publish","type":"product","link":"https:\/\/store1.k-tech-services.com\/thaoduocgadacaocap\/san-pham\/thuoc-nho-green-master-vip\/","title":{"rendered":"Thu\u1ed1c nh\u1ecf Green Master Vip"},"content":{"rendered":"","protected":false},"excerpt":{"rendered":"<p>Thu\u1ed1c nh\u1ecf Green Master Vip chuy\u00ean d\u00f9ng cho g\u00e0 tre n\u00f2i tay d\u1ebbo thi\u1ebfu ch\u1ebf \u0111\u1ed9 qu\u1ea7n nu\u00f4i ( th\u00edch h\u1ee3p cho t\u1ed1c \u0111\u1ed9 )<br \/>\nLo\u1ea1i Green Master Vip n\u00e0y th\u00edch h\u1ee3p d\u00f9ng cho nh\u1eefng anh. em n\u00e0o b\u1eadn c\u1ed9ng vi\u1ec7c thi\u1ebfu ch\u00e2m qu\u1ea7n b\u1ed9i, chu\u1ed3ng ch\u1ea1y ,v\u00e0 bay th\u00ec ae n\u00ean s\u1eed d\u1ee5ng lo\u1ea1i Green master Vip<br \/>\nTre nh\u1ecf 1 gi\u1ecdt n\u00f2i nh\u1ecf 2 gi\u1ecdt kho\u1ea3n 30 ph\u00fat \u0111\u00e1 li\u1ec1n<br \/>\nHi\u1ec7u qu\u1ea3 c\u1ee7a Green Master Vip mang l\u1ea1i : \u0111\u1ed9 l\u1ef1c po c\u0103ng t\u1eeb \u0111\u1ea7u \u0111\u1ebfn cu\u1ed1i , \u0110\u1ed9 l\u00ec c\u1ef1a r\u1ea5t cao , \u0111\u1ed9 b\u1ec1n g\u01b0\u1ee3ng \u0111u \u0111eo r\u1ea5t b\u1ec1n , s\u1ee9c b\u1ec1n ch\u1ed1ng s\u1eb7c \u1ed1i nu\u1ed1t \u1ed1i r\u1ea5t nhanh , c\u00f3 th\u1ec3 \u0111\u00e1 tr\u1eddi n\u1eafng ho\u1eb7c m\u01b0a \u0111\u1ec1u \u0111\u01b0\u1ee3c v\u00e0o n\u01b0\u1edbc b\u00ecnh th\u01b0\u1eddng<br \/>\nGi\u00e1 1.500.000\u20ab ( 1cc v\u00e0 K\u00e8m 1 chai pxp 5cc t\u1eb7ng k\u00e8m cho anh em nh\u00e9 ) Hi\u1ebfu 0937820150<br \/>\nBao ship c\u00e1c to\u00e0n qu\u1ed1c g\u1ecdi ho\u1eb7c inbox \u0111\u1ec3 \u0111\u01b0\u1ee3c t\u01b0 v\u1ea5n k\u1ef9 h\u01a1n<\/p>\n","protected":false},"featured_media":219,"comment_status":"open","ping_status":"closed","template":"","meta":[],"product_cat":[21],"product_tag":[],"_links":{"self":[{"href":"https:\/\/store1.k-tech-services.com\/thaoduocgadacaocap\/wp-json\/wp\/v2\/product\/218"}],"collection":[{"href":"https:\/\/store1.k-tech-services.com\/thaoduocgadacaocap\/wp-json\/wp\/v2\/product"}],"about":[{"href":"https:\/\/store1.k-tech-services.com\/thaoduocgadacaocap\/wp-json\/wp\/v2\/types\/product"}],"replies":[{"embeddable":true,"href":"https:\/\/store1.k-tech-services.com\/thaoduocgadacaocap\/wp-json\/wp\/v2\/comments?post=218"}],"wp:featuredmedia":[{"embeddable":true,"href":"https:\/\/store1.k-tech-services.com\/thaoduocgadacaocap\/wp-json\/wp\/v2\/media\/219"}],"wp:attachment":[{"href":"https:\/\/store1.k-tech-services.com\/thaoduocgadacaocap\/wp-json\/wp\/v2\/media?parent=218"}],"wp:term":[{"taxonomy":"product_cat","embeddable":true,"href":"https:\/\/store1.k-tech-services.com\/thaoduocgadacaocap\/wp-json\/wp\/v2\/product_cat?post=218"},{"taxonomy":"product_tag","embeddable":true,"href":"https:\/\/store1.k-tech-services.com\/thaoduocgadacaocap\/wp-json\/wp\/v2\/product_tag?post=218"}],"curies":[{"name":"wp","href":"https:\/\/api.w.org\/{rel}","templated":true}]}}