{"id":216,"date":"2020-02-25T06:15:33","date_gmt":"2020-02-25T06:15:33","guid":{"rendered":"http:\/\/thuocgadacaocap.com\/?post_type=product&amp;p=216"},"modified":"2020-02-25T06:15:33","modified_gmt":"2020-02-25T06:15:33","slug":"copper-power","status":"publish","type":"product","link":"https:\/\/store1.k-tech-services.com\/thaoduocgadacaocap\/san-pham\/copper-power\/","title":{"rendered":"Copper Power"},"content":{"rendered":"","protected":false},"excerpt":{"rendered":"<p>Copper Power kh\u00f4ng k\u00e9n g\u00e0 c\u00f3 th\u1ec3 s\u1eed d\u1ee5ng cho g\u00e0 ch\u01b0a \u0111\u1ee7 pin v\u00e0 \u0111\u1ee7 pin c\u00f4ng d\u1ee5ng mang l\u1ea1i r\u1ea5t hi\u1ec7u qu\u1ea3 , s\u1ee9c ch\u1ecbu \u0111\u00f2n r\u1ea5t cao , l\u1ef1c ch\u00e2n khi ra r\u1ea5t kh\u00f3 ch\u1ecbu, b\u00f9 n\u01b0\u1edbc khi cu\u1ed1i ch\u00e2n , gi\u00fap g\u00e0 ae t\u1ec9nh t\u00e1o khi ra tr\u1eadn kh\u00f4ng l\u1ee7i b\u1eady , s\u1eed d\u1ee5ng tre n\u00f2i canh n\u1ea1p ho\u1eb7c b\u1ebfn th\u1ebf \u0111\u1ec1u d\u1ee5ng \u0111\u01b0\u1ee3c<br \/>\nTre ch\u00edch 0.5 n\u00f2i ch\u00edch 1.0 kho\u1ea3n 45 ph\u00fat \u0111\u00e1 li\u1ec1n<br \/>\nKh\u00f4ng k\u1ef5 n\u1eafng ho\u1eb7c n\u01b0\u1edbc gi \u0111\u00e1 v\u1ec1 nu\u00f4i tan b\u00ecnh th\u01b0\u1eddng . b\u1ea3o \u0111\u1ea3m ko c\u00f3 t\u00ecnh tr\u1ea1ng kh\u00f4 l\u00f4ng ho\u1eb7c h\u01b0 g\u00e0 . Gi\u00e1 2.000.000\u20ab 1cc ( s\u1ebd \u0111\u01b0\u1ee3c t\u1eb7ng chai nu\u00f4i c\u1ea5p t\u1ed1c nhanh pxp 5cc tr\u1ecb l\u1ecfn l\u1ebbn v\u00e0 t\u00e9 gi\u00f3 )<br \/>\nLi\u00ean h\u1ec7 : 0937820150 ( Hi\u1ebfu) bao ship to\u00e0n qu\u1ed1c nh\u1eadn h\u00e0ng thanh to\u00e1n ki\u1ec3m tra tr\u01b0\u1edbc khi nh\u1eadn<\/p>\n","protected":false},"featured_media":217,"comment_status":"open","ping_status":"closed","template":"","meta":[],"product_cat":[20],"product_tag":[],"_links":{"self":[{"href":"https:\/\/store1.k-tech-services.com\/thaoduocgadacaocap\/wp-json\/wp\/v2\/product\/216"}],"collection":[{"href":"https:\/\/store1.k-tech-services.com\/thaoduocgadacaocap\/wp-json\/wp\/v2\/product"}],"about":[{"href":"https:\/\/store1.k-tech-services.com\/thaoduocgadacaocap\/wp-json\/wp\/v2\/types\/product"}],"replies":[{"embeddable":true,"href":"https:\/\/store1.k-tech-services.com\/thaoduocgadacaocap\/wp-json\/wp\/v2\/comments?post=216"}],"wp:featuredmedia":[{"embeddable":true,"href":"https:\/\/store1.k-tech-services.com\/thaoduocgadacaocap\/wp-json\/wp\/v2\/media\/217"}],"wp:attachment":[{"href":"https:\/\/store1.k-tech-services.com\/thaoduocgadacaocap\/wp-json\/wp\/v2\/media?parent=216"}],"wp:term":[{"taxonomy":"product_cat","embeddable":true,"href":"https:\/\/store1.k-tech-services.com\/thaoduocgadacaocap\/wp-json\/wp\/v2\/product_cat?post=216"},{"taxonomy":"product_tag","embeddable":true,"href":"https:\/\/store1.k-tech-services.com\/thaoduocgadacaocap\/wp-json\/wp\/v2\/product_tag?post=216"}],"curies":[{"name":"wp","href":"https:\/\/api.w.org\/{rel}","templated":true}]}}