{"id":130,"date":"2019-09-03T03:38:27","date_gmt":"2019-09-03T03:38:27","guid":{"rendered":"http:\/\/web6.mevivu.com\/thuocgada\/?post_type=product&amp;p=130"},"modified":"2019-09-03T03:38:27","modified_gmt":"2019-09-03T03:38:27","slug":"red-blue-vip-18","status":"publish","type":"product","link":"https:\/\/store1.k-tech-services.com\/thaoduocgadacaocap\/san-pham\/red-blue-vip-18\/","title":{"rendered":"SJC Vip"},"content":{"rendered":"","protected":false},"excerpt":{"rendered":"<p>Thu\u1ed1c ch\u00edch \u0111\u00e1 ti\u1ec1n \u0111\u1eb3ng c\u1ea5p (S J C Vip)<br \/>\nThu\u1ed1c 1cc 1tr200k<br \/>\nH\u01b0\u1edbng d\u1eabn s\u1eed d\u1ee5ng : tre ch\u00edch 0.5noi ch\u00edch 1.0 ch\u00edch tr\u01b0\u01a1\u0301c 1 ti\u1ebfng thu\u1ed1c c\u00f3 t\u00e1c d\u1ee5ng 24ti\u1ebfng<br \/>\nC\u00f4ng d\u1ee5ng : t\u0103ng po kh\u1ee7ng . T\u0103ng t\u1ed1c \u0111\u1ed9 d\u1ebdo vai . ch\u1ed1ng s\u1eb7c \u00f3i r\u1ea5t cao . c\u1ef1a c\u00e0ng \u0111\u00e2m c\u00e0ng hung , d\u00e0n n\u1ea1p 100% nh\u1eadp l\u00ean ch\u00e2n l\u1eb9 r\u1ea5t chu\u1ea9n<br \/>\n\u0110\u1eb7c bi\u1ec7t : 5 ( ko ) kh\u00f4ng h\u1ea1i g\u00e0 kh\u00f4ng n\u00f3ng kh\u00f4ng h\u00f3c kh\u00f4ng k\u1ef5 n\u1eafng kh\u00f4ng k\u1ef5 n\u01b0\u01a1\u0301c<br \/>\n1cc : ch\u00edch \u0111\u01b0\u1ee3c 20con tre ho\u1eb7c 10 con n\u00f2i<br \/>\nAnh em \u0111\u1eb7t thu\u1ed1c Inbox ho\u1eb7c \u0111\u1ec3 S\u0111t lai m\u00ecnh t\u01b0 v\u1ea5n nhi\u1ec7t t\u00ecnh (.bao ship to\u00e0n qu\u1ed1c anh em giao t\u00e2n n\u01a1i )<\/p>\n","protected":false},"featured_media":211,"comment_status":"open","ping_status":"closed","template":"","meta":[],"product_cat":[20],"product_tag":[],"_links":{"self":[{"href":"https:\/\/store1.k-tech-services.com\/thaoduocgadacaocap\/wp-json\/wp\/v2\/product\/130"}],"collection":[{"href":"https:\/\/store1.k-tech-services.com\/thaoduocgadacaocap\/wp-json\/wp\/v2\/product"}],"about":[{"href":"https:\/\/store1.k-tech-services.com\/thaoduocgadacaocap\/wp-json\/wp\/v2\/types\/product"}],"replies":[{"embeddable":true,"href":"https:\/\/store1.k-tech-services.com\/thaoduocgadacaocap\/wp-json\/wp\/v2\/comments?post=130"}],"wp:featuredmedia":[{"embeddable":true,"href":"https:\/\/store1.k-tech-services.com\/thaoduocgadacaocap\/wp-json\/wp\/v2\/media\/211"}],"wp:attachment":[{"href":"https:\/\/store1.k-tech-services.com\/thaoduocgadacaocap\/wp-json\/wp\/v2\/media?parent=130"}],"wp:term":[{"taxonomy":"product_cat","embeddable":true,"href":"https:\/\/store1.k-tech-services.com\/thaoduocgadacaocap\/wp-json\/wp\/v2\/product_cat?post=130"},{"taxonomy":"product_tag","embeddable":true,"href":"https:\/\/store1.k-tech-services.com\/thaoduocgadacaocap\/wp-json\/wp\/v2\/product_tag?post=130"}],"curies":[{"name":"wp","href":"https:\/\/api.w.org\/{rel}","templated":true}]}}