{"id":126,"date":"2019-09-03T03:37:27","date_gmt":"2019-09-03T03:37:27","guid":{"rendered":"http:\/\/web6.mevivu.com\/thuocgada\/?post_type=product&amp;p=126"},"modified":"2019-09-03T03:37:27","modified_gmt":"2019-09-03T03:37:27","slug":"red-blue-vip-16","status":"publish","type":"product","link":"https:\/\/store1.k-tech-services.com\/thaoduocgadacaocap\/san-pham\/red-blue-vip-16\/","title":{"rendered":"Spirit Style VIP"},"content":{"rendered":"","protected":false},"excerpt":{"rendered":"<p>Spirit Style VIP h\u00e0ng \u0111\u00e1 ti\u1ec1n<br \/>\nM\u1ed9t trong nh\u1eefng lo\u1ea1i thu\u1ed1c ch\u00edch m\u1ea1nh nh\u1ea5t hi\u1ec7n nay.<br \/>\nBo kh\u1ee7ng&#8230;.T\u1ea3i c\u1ef1a khi\u1ebfp&#8230;.Nu\u1ed1t \u00f3i cao&#8230;.V\u00f4 trong si\u1ebft \u0111\u00e1 li\u00ean t\u1ee5c k ng\u1edbt ch\u00e2n&#8230;.<br \/>\nG\u00e0 tre 0.05 ( n\u1eefa m\u1eaft)<br \/>\nG\u00e0 n\u00f2i 0.10 ( 1 m\u1eaft)<br \/>\nCh\u00edch c\u01a1 ng\u1ef1c ho\u1eb7c d\u01b0\u1edbi da. Thu\u1ed1c l\u1ed1c c\u1ef1c nhanh. Th\u1eddi gian ngon nh\u1ea5t 2 ti\u1ebfng tr\u1edf l\u00ean.<br \/>\nThu\u1ed1c m\u1ea1nh n\u00ean anh em nu\u00f4i g\u00e0 tay t\u1ed1t ch\u01a1i nh\u00e9 gi\u00e1 700k 1cc<br \/>\nKh\u00f4ng k\u1ef5 n\u1eafng kh\u00f4ng k\u1ef5 n\u01b0\u1edbc \u0111\u00e1 tr\u1eddi n\u1eafng Ok nha anh em<br \/>\nLi\u00ean h\u1ec7 : 0937820150 ( bao ship to\u00e0n qu\u1ed1c )<\/p>\n","protected":false},"featured_media":209,"comment_status":"open","ping_status":"closed","template":"","meta":[],"product_cat":[20],"product_tag":[],"_links":{"self":[{"href":"https:\/\/store1.k-tech-services.com\/thaoduocgadacaocap\/wp-json\/wp\/v2\/product\/126"}],"collection":[{"href":"https:\/\/store1.k-tech-services.com\/thaoduocgadacaocap\/wp-json\/wp\/v2\/product"}],"about":[{"href":"https:\/\/store1.k-tech-services.com\/thaoduocgadacaocap\/wp-json\/wp\/v2\/types\/product"}],"replies":[{"embeddable":true,"href":"https:\/\/store1.k-tech-services.com\/thaoduocgadacaocap\/wp-json\/wp\/v2\/comments?post=126"}],"wp:featuredmedia":[{"embeddable":true,"href":"https:\/\/store1.k-tech-services.com\/thaoduocgadacaocap\/wp-json\/wp\/v2\/media\/209"}],"wp:attachment":[{"href":"https:\/\/store1.k-tech-services.com\/thaoduocgadacaocap\/wp-json\/wp\/v2\/media?parent=126"}],"wp:term":[{"taxonomy":"product_cat","embeddable":true,"href":"https:\/\/store1.k-tech-services.com\/thaoduocgadacaocap\/wp-json\/wp\/v2\/product_cat?post=126"},{"taxonomy":"product_tag","embeddable":true,"href":"https:\/\/store1.k-tech-services.com\/thaoduocgadacaocap\/wp-json\/wp\/v2\/product_tag?post=126"}],"curies":[{"name":"wp","href":"https:\/\/api.w.org\/{rel}","templated":true}]}}