{"id":124,"date":"2019-09-03T03:37:04","date_gmt":"2019-09-03T03:37:04","guid":{"rendered":"http:\/\/web6.mevivu.com\/thuocgada\/?post_type=product&amp;p=124"},"modified":"2019-09-03T03:37:04","modified_gmt":"2019-09-03T03:37:04","slug":"red-blue-vip-15","status":"publish","type":"product","link":"https:\/\/store1.k-tech-services.com\/thaoduocgadacaocap\/san-pham\/red-blue-vip-15\/","title":{"rendered":"Red BULL VIP"},"content":{"rendered":"","protected":false},"excerpt":{"rendered":"<p>THU\u1ed0C CH\u00cdCH Red BULL VIP<br \/>\n\u0110\u00e2y l\u00e0 lo\u1ea1i thu\u1ed1c k\u00edch th\u00edch xu\u1ea5t x\u1ee9 t\u1eeb Mexico. \u0110\u01b0\u1ee3c c\u00e1c &#8220;k\u00ea th\u1ee7&#8221; tin d\u00f9ng \u1edf nh\u1eefng tr\u1eadn th\u01b0 h\u00f9ng \u1edf \u0111\u1eb3ng c\u1ea5p cao. Hi\u1ec7u qu\u1ea3 m\u00e0 Red BULL mang l\u1ea1i x\u1ee9ng \u0111\u00e1ng \u0111\u1ebfn t\u1eebng \u0111\u1ed3ng.<br \/>\nRed BULL gi\u00fap g\u00e0 t\u0103ng th\u1ec3 l\u1ef1c, \u0111\u1ed9 l\u00ec c\u0169ng nh\u01b0 t\u1ed1c \u0111\u1ed9 c\u1ee7a g\u00e0. T\u0103ng bo, t\u0103ng t\u1ea3i c\u1ef1a, ch\u1ed1ng s\u1eb7c \u00f3i. Red BULL kh\u00f4ng g\u00e2y \u1ea3nh h\u01b0\u1edfng x\u1ea5u \u0111\u1ebfn th\u1ec3 tr\u1ea1ng c\u1ee7a g\u00e0 sau khi \u0111\u00e1, ngo\u00e0i ra c\u00f2n kh\u00f4ng k\u1ef5 n\u1eafng v\u00e0 n\u01b0\u1edbc n\u00ean anh em c\u00f3 th\u1ec3 tho\u1ea3i m\u00e1i s\u1eed d\u1ee5ng tr\u00ean m\u1ecdi \u0111\u1ecba h\u00ecnh thi \u0111\u1ea5u.<br \/>\nGi\u00e1 c\u1ee7a 1cc Red BULL l\u00e0 1.5OO.OOO\/VND c\u00f3 th\u1ec3 d\u00f9ng cho 20 con g\u00e0 tre ho\u1eb7c 10 con g\u00e0 n\u00f2i. Tuy gi\u00e1 th\u00e0nh kh\u00f4ng r\u1ebb nh\u01b0ng hi\u1ec7u qu\u1ea3 c\u1ee7a Red BULL mang l\u1ea1i c\u00f3 th\u1ec3 n\u00f3i l\u00e0 &#8220;\u0111\u1eaft x\u1eaft ra mi\u1ebfng&#8221;.<br \/>\n&#8212;&#8212;&#8212;&#8212;&#8212;&#8212;&#8212;&#8212;&#8212;&#8212;&#8212;&#8212;&#8212;&#8212;&#8212;&#8212;&#8212;&#8212;&#8212;&#8212;<br \/>\nM\u1ecdi chi ti\u1ebft anh em xin li\u00ean h\u1ec7, ho\u1eb7c nh\u1eafn tin tr\u1ef1c ti\u1ebfp cho Vi\u1ec7t<br \/>\n\u260e\ufe0f\u260e\ufe0f\u260e\ufe0f 0937820150 ( Bao ship to\u00e0n qu\u1ed1c )<\/p>\n","protected":false},"featured_media":214,"comment_status":"open","ping_status":"closed","template":"","meta":[],"product_cat":[20],"product_tag":[],"_links":{"self":[{"href":"https:\/\/store1.k-tech-services.com\/thaoduocgadacaocap\/wp-json\/wp\/v2\/product\/124"}],"collection":[{"href":"https:\/\/store1.k-tech-services.com\/thaoduocgadacaocap\/wp-json\/wp\/v2\/product"}],"about":[{"href":"https:\/\/store1.k-tech-services.com\/thaoduocgadacaocap\/wp-json\/wp\/v2\/types\/product"}],"replies":[{"embeddable":true,"href":"https:\/\/store1.k-tech-services.com\/thaoduocgadacaocap\/wp-json\/wp\/v2\/comments?post=124"}],"wp:featuredmedia":[{"embeddable":true,"href":"https:\/\/store1.k-tech-services.com\/thaoduocgadacaocap\/wp-json\/wp\/v2\/media\/214"}],"wp:attachment":[{"href":"https:\/\/store1.k-tech-services.com\/thaoduocgadacaocap\/wp-json\/wp\/v2\/media?parent=124"}],"wp:term":[{"taxonomy":"product_cat","embeddable":true,"href":"https:\/\/store1.k-tech-services.com\/thaoduocgadacaocap\/wp-json\/wp\/v2\/product_cat?post=124"},{"taxonomy":"product_tag","embeddable":true,"href":"https:\/\/store1.k-tech-services.com\/thaoduocgadacaocap\/wp-json\/wp\/v2\/product_tag?post=124"}],"curies":[{"name":"wp","href":"https:\/\/api.w.org\/{rel}","templated":true}]}}