{"id":122,"date":"2019-09-03T03:36:38","date_gmt":"2019-09-03T03:36:38","guid":{"rendered":"http:\/\/web6.mevivu.com\/thuocgada\/?post_type=product&amp;p=122"},"modified":"2019-09-03T03:36:38","modified_gmt":"2019-09-03T03:36:38","slug":"red-blue-vip-14","status":"publish","type":"product","link":"https:\/\/store1.k-tech-services.com\/thaoduocgadacaocap\/san-pham\/red-blue-vip-14\/","title":{"rendered":"Cobra Blue"},"content":{"rendered":"","protected":false},"excerpt":{"rendered":"<div>Cobra Blue &#8211; Thu\u1ed1c \u0111\u00e1 c\u1ef1c m\u1ea1nh \u0111\u1ebfn t\u1eeb Mexico!!!<\/div>\n<div>2.500.000\u20ab 8ml<\/div>\n<div>400.000\u20ab 1ml<\/div>\n<div><\/div>\n<div>\u25b6\ufe0fC\u00f4ng d\u1ee5ng:<\/div>\n<div>T\u0103ng bo, t\u1ea3i c\u1ef1a, l\u1ef3 \u0111\u00f2n, ch\u1ed1ng \u00f3i t\u1ed1t, t\u0103ng c\u01b0\u1eddng oxy v\u00e0o m\u00e1u, h\u1ea1n ch\u1ebf m\u1ea5t n\u01b0\u1edbc, gi\u00fap chi\u1ebfn k\u00ea c\u1ee7a b\u1ea1n c\u1ef1c k\u1ef3 d\u1ebbo dai, g\u00e0 sung m\u00e3n, quan s\u00e1t t\u1ed1t, thi \u0111\u1ea5u hi\u1ec7u qu\u1ea3, gi\u1eef bo \u0111\u00e1 t\u1ed1t \u0111\u1ebfn ph\u00fat cu\u1ed1i c\u00f9ng.<\/div>\n<div>Thu\u1ed1c kh\u00f4ng l\u00e0m m\u1ea5t b\u1ebfn g\u00e0 n\u00ean ph\u00f9 h\u1ee3p v\u1edbi t\u1ea5t c\u1ea3 c\u00e1c d\u00f2ng g\u00e0 t\u1ef1 n\u1ea1p t\u1ed1c \u0111\u1ed9, m\u00e1u l\u1eeda \u0111\u1ebfn ch\u1ea1y d\u1ea1t, canh ch\u1eb7n&#8230;<\/div>\n","protected":false},"featured_media":123,"comment_status":"open","ping_status":"closed","template":"","meta":[],"product_cat":[20],"product_tag":[],"_links":{"self":[{"href":"https:\/\/store1.k-tech-services.com\/thaoduocgadacaocap\/wp-json\/wp\/v2\/product\/122"}],"collection":[{"href":"https:\/\/store1.k-tech-services.com\/thaoduocgadacaocap\/wp-json\/wp\/v2\/product"}],"about":[{"href":"https:\/\/store1.k-tech-services.com\/thaoduocgadacaocap\/wp-json\/wp\/v2\/types\/product"}],"replies":[{"embeddable":true,"href":"https:\/\/store1.k-tech-services.com\/thaoduocgadacaocap\/wp-json\/wp\/v2\/comments?post=122"}],"wp:featuredmedia":[{"embeddable":true,"href":"https:\/\/store1.k-tech-services.com\/thaoduocgadacaocap\/wp-json\/wp\/v2\/media\/123"}],"wp:attachment":[{"href":"https:\/\/store1.k-tech-services.com\/thaoduocgadacaocap\/wp-json\/wp\/v2\/media?parent=122"}],"wp:term":[{"taxonomy":"product_cat","embeddable":true,"href":"https:\/\/store1.k-tech-services.com\/thaoduocgadacaocap\/wp-json\/wp\/v2\/product_cat?post=122"},{"taxonomy":"product_tag","embeddable":true,"href":"https:\/\/store1.k-tech-services.com\/thaoduocgadacaocap\/wp-json\/wp\/v2\/product_tag?post=122"}],"curies":[{"name":"wp","href":"https:\/\/api.w.org\/{rel}","templated":true}]}}