{"id":112,"date":"2019-09-03T03:34:22","date_gmt":"2019-09-03T03:34:22","guid":{"rendered":"http:\/\/web6.mevivu.com\/thuocgada\/?post_type=product&amp;p=112"},"modified":"2019-09-03T03:34:22","modified_gmt":"2019-09-03T03:34:22","slug":"red-blue-vip-9","status":"publish","type":"product","link":"https:\/\/store1.k-tech-services.com\/thaoduocgadacaocap\/san-pham\/red-blue-vip-9\/","title":{"rendered":"Platium"},"content":{"rendered":"","protected":false},"excerpt":{"rendered":"<div>Chai l\u1edbn 8cc gi\u00e1 4.000.000<\/div>\n<div>Platium<\/div>\n<div>\u2013 Xu\u1ea5t x\u1ee9: \u2013 M\u1ef9<\/div>\n<div>\u2013 Dung t\u00edch : 8ml \/chai<\/div>\n<div>\u2013 Gi\u00e1 b\u00e1n l\u1ebb: 650.000 \u0111\/ 1ml<\/div>\n<div>C\u00f4ng d\u1ee5ng :<\/div>\n<div><\/div>\n<div>\u2013 Gi\u00fap cho chi\u1ebfn k\u00ea m\u00e1u l\u1eeda h\u01a1n khi ra tr\u1eadn, ch\u1ed1ng s\u1ed1c g\u00e0 t\u1ed1t, ch\u1ed1ng s\u1eb7c \u00f3i v\u00e0 t\u0103ng bo c\u1ef1c \u0111\u1ec9nh \u0111\u1eb7t bi\u1ec7t kh\u00f4ng m\u1ea5t b\u1ebfn \u0111\u00e1<\/div>\n","protected":false},"featured_media":113,"comment_status":"open","ping_status":"closed","template":"","meta":[],"product_cat":[20],"product_tag":[],"_links":{"self":[{"href":"https:\/\/store1.k-tech-services.com\/thaoduocgadacaocap\/wp-json\/wp\/v2\/product\/112"}],"collection":[{"href":"https:\/\/store1.k-tech-services.com\/thaoduocgadacaocap\/wp-json\/wp\/v2\/product"}],"about":[{"href":"https:\/\/store1.k-tech-services.com\/thaoduocgadacaocap\/wp-json\/wp\/v2\/types\/product"}],"replies":[{"embeddable":true,"href":"https:\/\/store1.k-tech-services.com\/thaoduocgadacaocap\/wp-json\/wp\/v2\/comments?post=112"}],"wp:featuredmedia":[{"embeddable":true,"href":"https:\/\/store1.k-tech-services.com\/thaoduocgadacaocap\/wp-json\/wp\/v2\/media\/113"}],"wp:attachment":[{"href":"https:\/\/store1.k-tech-services.com\/thaoduocgadacaocap\/wp-json\/wp\/v2\/media?parent=112"}],"wp:term":[{"taxonomy":"product_cat","embeddable":true,"href":"https:\/\/store1.k-tech-services.com\/thaoduocgadacaocap\/wp-json\/wp\/v2\/product_cat?post=112"},{"taxonomy":"product_tag","embeddable":true,"href":"https:\/\/store1.k-tech-services.com\/thaoduocgadacaocap\/wp-json\/wp\/v2\/product_tag?post=112"}],"curies":[{"name":"wp","href":"https:\/\/api.w.org\/{rel}","templated":true}]}}