{"id":110,"date":"2019-09-03T03:33:48","date_gmt":"2019-09-03T03:33:48","guid":{"rendered":"http:\/\/web6.mevivu.com\/thuocgada\/?post_type=product&amp;p=110"},"modified":"2019-09-03T03:33:48","modified_gmt":"2019-09-03T03:33:48","slug":"red-blue-vip","status":"publish","type":"product","link":"https:\/\/store1.k-tech-services.com\/thaoduocgadacaocap\/san-pham\/red-blue-vip\/","title":{"rendered":"Red Tiger"},"content":{"rendered":"","protected":false},"excerpt":{"rendered":"<div>Red Tiger<\/div>\n<div>1,400,000\u20ab<\/div>\n<div><\/div>\n<div>Chai l\u1edbn 8cc gi\u00e1 8tri\u1ec7u<\/div>\n<div>\u2013 Xu\u1ea5t x\u1ee9: \u2013 M\u1ef9<\/div>\n<div>\u2013 Dung t\u00edch: 8ml<\/div>\n<div>\u2013 Gi\u00e1 b\u00e1n l\u1ebb: 1.400.000 \u0111\/ 1ml<\/div>\n<div><\/div>\n<div>C\u00f4ng d\u1ee5ng :<\/div>\n<div>\u2013 L\u00e0m cho h\u1ec7 th\u1ea7n kinh ngo\u1ea1i bi\u00ean m\u1ea5t c\u1ea3m gi\u00e1c khi b\u1ecb c\u1ef1a, gi\u1ea3m s\u1ed1c, \u0111i\u1ec1u h\u00f2a nh\u1ecbp th\u1edf, cung c\u1ea5p l\u01b0\u1ee3ng Oxi nh\u1ea5t \u0111\u1ecbnh \u0111\u1ec3 chi\u1ebfn k\u00ea kh\u00f4ng m\u1ec7t m\u1ecfi v\u1ec1 n\u01b0\u1edbc khuya.<\/div>\n<div><\/div>\n<div>\u2013 T\u0103ng bo \u0111\u00e1, t\u1ea3i c\u1ef1a v\u00e0 h\u1ea1n ch\u1ebf \u00f3i cao.<\/div>\n","protected":false},"featured_media":212,"comment_status":"open","ping_status":"closed","template":"","meta":[],"product_cat":[20],"product_tag":[],"_links":{"self":[{"href":"https:\/\/store1.k-tech-services.com\/thaoduocgadacaocap\/wp-json\/wp\/v2\/product\/110"}],"collection":[{"href":"https:\/\/store1.k-tech-services.com\/thaoduocgadacaocap\/wp-json\/wp\/v2\/product"}],"about":[{"href":"https:\/\/store1.k-tech-services.com\/thaoduocgadacaocap\/wp-json\/wp\/v2\/types\/product"}],"replies":[{"embeddable":true,"href":"https:\/\/store1.k-tech-services.com\/thaoduocgadacaocap\/wp-json\/wp\/v2\/comments?post=110"}],"wp:featuredmedia":[{"embeddable":true,"href":"https:\/\/store1.k-tech-services.com\/thaoduocgadacaocap\/wp-json\/wp\/v2\/media\/212"}],"wp:attachment":[{"href":"https:\/\/store1.k-tech-services.com\/thaoduocgadacaocap\/wp-json\/wp\/v2\/media?parent=110"}],"wp:term":[{"taxonomy":"product_cat","embeddable":true,"href":"https:\/\/store1.k-tech-services.com\/thaoduocgadacaocap\/wp-json\/wp\/v2\/product_cat?post=110"},{"taxonomy":"product_tag","embeddable":true,"href":"https:\/\/store1.k-tech-services.com\/thaoduocgadacaocap\/wp-json\/wp\/v2\/product_tag?post=110"}],"curies":[{"name":"wp","href":"https:\/\/api.w.org\/{rel}","templated":true}]}}