{"id":18,"date":"2022-06-22T06:41:47","date_gmt":"2022-06-22T06:41:47","guid":{"rendered":"http:\/\/localhost\/phukien\/?page_id=18"},"modified":"2022-06-22T06:44:21","modified_gmt":"2022-06-22T06:44:21","slug":"chinh-sach-bao-hanh","status":"publish","type":"page","link":"https:\/\/store1.k-tech-services.com\/phukien\/chinh-sach-bao-hanh\/","title":{"rendered":"Ch\u00ednh S\u00e1ch B\u1ea3o H\u00e0nh"},"content":{"rendered":"<h3><strong>S\u1ea3n Ph\u1ea9m B\u00ean B\u00ean Th\u1ebf Gi\u1edbi Ph\u1ee5 Ki\u1ec7n \u00d4 T\u00f4 Tadaca Auto<\/strong><\/h3>\n<ul>\n<li>T\u1ea5t c\u1ea3 c\u00e1c s\u1ea3n ph\u1ea9m b\u00ean h\u1ec7 th\u1ed1ng ph\u1ee5 ki\u1ec7n \u00f4 t\u00f4 Tadaca Auto \u0111\u1ec1u \u0111\u01b0\u1ee3c nh\u1eadp kh\u1ea9u tr\u1ef1c ti\u1ebfp t\u1eeb nh\u1eefng th\u01b0\u01a1ng hi\u1ec7u l\u1edbn tr\u00ean th\u1ebf gi\u1edbi.<\/li>\n<li>Tr\u00ean m\u1ed7i s\u1ea3n ph\u1ea9m \u0111\u1ec1u in \u0111\u1ea7y \u0111\u1ee7 th\u01b0\u01a1ng hi\u1ec7u c\u0169ng nh\u01b0 ngu\u1ed3n g\u1ed1c xu\u1ea5t x\u1ee9 r\u00f5 r\u00e0ng .T\u1ea5t c\u1ea3 c\u00e1c s\u1ea3n ph\u1ea9m \u0111\u1ec1u c\u00f2n nguy\u00ean ni\u00ean h\u1ea1n s\u1eed d\u1ee5ng c\u0169ng nh\u01b0 ng\u00e0y th\u00e1ng s\u1ea3n xu\u1ea5t c\u1ee7a h\u00e3ng.<\/li>\n<li>M\u1ed7i s\u1ea3n ph\u1ea9m tr\u01b0\u1edbc khi \u0111\u1ebfn tay qu\u00fd kh\u00e1ch h\u00e0ng \u0111\u1ec1u \u0111\u01b0\u1ee3c ch\u00fang t\u00f4i ki\u1ec3m tra v\u00e0 test th\u1eed n\u00ean s\u1ebd kh\u00f4ng c\u00f3 tr\u01b0\u1eddng h\u1ee3p h\u00e0ng l\u1ed7i hay thi\u1ebfu ph\u1ee5 ki\u1ec7n do \u0111\u00f3 qu\u00fd kh\u00e1ch y\u00ean t\u00e2m \u0111\u1eb7t h\u00e0ng.<\/li>\n<li>\u0110\u1ed1i v\u1edbi kh\u00e1ch h\u00e0ng \u1edf H\u00e0 N\u1ed9i v\u00e0 H\u1ed3 Ch\u00ed Minh c\u00f3 th\u1ec3 qua tr\u1ef1c ti\u1ebfp c\u1eeda h\u00e0ng \u0111\u1ec3 \u0111\u01b0\u1ee3c xem v\u00e0 tr\u1ea3i nghi\u1ec7m th\u1eed s\u1ea3n ph\u1ea9m.\u0110\u1ed1i v\u1edbi kh\u00e1ch h\u00e0ng \u1edf t\u1ec9nh khi h\u00e0ng g\u1eedi \u0111\u1ebfn qu\u00fd kh\u00e1ch \u0111\u01b0\u1ee3c ki\u1ec3m tra v\u00e0 th\u1eed h\u00e0ng tr\u01b0\u1edbc khi thanh to\u00e1n.<\/li>\n<\/ul>\n<h3><strong>Ch\u00ednh S\u00e1ch B\u1ea3o H\u00e0nh B\u00ean Showroom \u00d4 T\u00f4 Ch\u00fang T\u00f4i\u00a0<\/strong><\/h3>\n<ul>\n<li>\u0110\u1ed1i v\u1edbi m\u1ed7i d\u00f2ng s\u1ea3n ph\u1ea9m ph\u1ee5 k\u1ec7n c\u0169ng nh\u01b0 \u0111\u1ed3 ch\u01a1i \u00f4 t\u00f4 \u0111\u1ec1u c\u00f3 k\u00e8m theo th\u1ebb b\u1ea3o h\u00e0nh b\u00ean Showroom ch\u00fang t\u00f4i.Th\u1eddi gian b\u1ea3o h\u00e0nh s\u1ebd ph\u1ee5 thu\u1ed9c v\u00e0o t\u1eebng s\u1ea3n ph\u1ea9m v\u00e0 s\u1ebd \u0111\u01b0\u1ee3c ghi r\u00f5 tr\u00ean phi\u1ebfu khi qu\u00fd kh\u00e1ch nh\u1eadn \u0111\u01b0\u1ee3c h\u00e0ng.<\/li>\n<li>Trong th\u1eddi gian s\u1ea3n ph\u1ea9m c\u00f2n b\u1ea3o h\u00e0nh n\u1ebfu c\u00f3 ph\u00e1t sinh l\u1ed7i hay tr\u1ee5c tr\u1eb7c g\u00ec li\u00ean quan \u0111\u1ebfn s\u1ea3n ph\u1ea9m, Showroom ch\u00fang t\u00f4i s\u1ebd h\u1ed7 tr\u1ee3 s\u1eeda ch\u1eefa ho\u1eb7c \u0111\u1ed5i m\u1edbi ho\u00e0n to\u00e0n mi\u1ec5n ph\u00ed cho qu\u00fd kh\u00e1ch h\u00e0ng.<\/li>\n<li>\u0110\u1ec3 \u0111\u1ea3m b\u1ea3o quy\u1ec1n l\u1ee3i m\u1ed7i kh\u00e1ch h\u00e0ng khi nh\u1eadn \u0111\u01b0\u1ee3c s\u1ea3n ph\u1ea9m xin gi\u1eef phi\u1ebfu b\u1ea3o h\u00e0nh b\u00ean Showroom ch\u00fang t\u00f4i \u0111\u1ec3 sau n\u00e0y c\u1ea7n h\u1ed7 tr\u1ee3 hay b\u1ea3o d\u01b0\u1ee1ng b\u1ea3o h\u00e0nh s\u1ebd \u0111\u01b0\u1ee3c thu\u1eadn ti\u1ec7n h\u01a1n.<\/li>\n<li>M\u1ecdi th\u1eafc m\u1eafc h\u1ed7 tr\u1ee3 hay c\u1ea7n g\u00f3p \u00fd v\u1ec1 d\u1ecbch v\u1ee5 b\u00ean Showroom\u00a0<strong>Tadaca Auto<\/strong>\u00a0xin qu\u00fd kh\u00e1ch h\u00e0ng li\u00ean h\u1ec7 tr\u1ef1c ti\u1ebfp qua S\u0110T + Zalo\u00a0<strong>0961.562.386<\/strong>\u00a0Xin c\u00e1m \u01a1n!<\/li>\n<\/ul>\n<p><img loading=\"lazy\" decoding=\"async\" class=\"aligncenter lazy-load-active\" src=\"https:\/\/tadaca.vn\/wp-content\/uploads\/2022\/02\/z3177720643715_c83156398e24c1d2a46d2dc40954bb23-1.jpg\" width=\"789\" height=\"590\" data-src=\"https:\/\/tadaca.vn\/wp-content\/uploads\/2022\/02\/z3177720643715_c83156398e24c1d2a46d2dc40954bb23-1.jpg\" \/><\/p>\n","protected":false},"excerpt":{"rendered":"<p>S\u1ea3n Ph\u1ea9m B\u00ean B\u00ean Th\u1ebf Gi\u1edbi Ph\u1ee5 Ki\u1ec7n \u00d4 T\u00f4 Tadaca Auto T\u1ea5t c\u1ea3 c\u00e1c s\u1ea3n ph\u1ea9m b\u00ean h\u1ec7 th\u1ed1ng ph\u1ee5 ki\u1ec7n \u00f4 t\u00f4 Tadaca Auto \u0111\u1ec1u \u0111\u01b0\u1ee3c nh\u1eadp kh\u1ea9u tr\u1ef1c ti\u1ebfp t\u1eeb nh\u1eefng th\u01b0\u01a1ng hi\u1ec7u l\u1edbn tr\u00ean th\u1ebf gi\u1edbi. Tr\u00ean m\u1ed7i s\u1ea3n ph\u1ea9m \u0111\u1ec1u in \u0111\u1ea7y \u0111\u1ee7 th\u01b0\u01a1ng hi\u1ec7u c\u0169ng nh\u01b0 ngu\u1ed3n g\u1ed1c xu\u1ea5t [&#8230;]\n","protected":false},"author":1,"featured_media":0,"parent":0,"menu_order":0,"comment_status":"closed","ping_status":"closed","template":"page-right-sidebar.php","meta":{"footnotes":""},"class_list":["post-18","page","type-page","status-publish","hentry"],"acf":[],"_links":{"self":[{"href":"https:\/\/store1.k-tech-services.com\/phukien\/wp-json\/wp\/v2\/pages\/18","targetHints":{"allow":["GET"]}}],"collection":[{"href":"https:\/\/store1.k-tech-services.com\/phukien\/wp-json\/wp\/v2\/pages"}],"about":[{"href":"https:\/\/store1.k-tech-services.com\/phukien\/wp-json\/wp\/v2\/types\/page"}],"author":[{"embeddable":true,"href":"https:\/\/store1.k-tech-services.com\/phukien\/wp-json\/wp\/v2\/users\/1"}],"replies":[{"embeddable":true,"href":"https:\/\/store1.k-tech-services.com\/phukien\/wp-json\/wp\/v2\/comments?post=18"}],"version-history":[{"count":2,"href":"https:\/\/store1.k-tech-services.com\/phukien\/wp-json\/wp\/v2\/pages\/18\/revisions"}],"predecessor-version":[{"id":30,"href":"https:\/\/store1.k-tech-services.com\/phukien\/wp-json\/wp\/v2\/pages\/18\/revisions\/30"}],"wp:attachment":[{"href":"https:\/\/store1.k-tech-services.com\/phukien\/wp-json\/wp\/v2\/media?parent=18"}],"curies":[{"name":"wp","href":"https:\/\/api.w.org\/{rel}","templated":true}]}}