{"id":16,"date":"2022-06-22T06:41:24","date_gmt":"2022-06-22T06:41:24","guid":{"rendered":"http:\/\/localhost\/phukien\/?page_id=16"},"modified":"2022-06-23T04:40:02","modified_gmt":"2022-06-23T04:40:02","slug":"lien-he","status":"publish","type":"page","link":"https:\/\/store1.k-tech-services.com\/phukien\/lien-he\/","title":{"rendered":"Li\u00ean h\u1ec7"},"content":{"rendered":"<div class=\"row row-small\"  id=\"row-1181523471\">\n\n\t<div id=\"col-1846083424\" class=\"col small-12 large-12\"  >\n\t\t\t\t<div class=\"col-inner\"  >\n\t\t\t\n\t\t\t\n\t<div class=\"img has-hover x md-x lg-x y md-y lg-y\" id=\"image_2100937855\">\n\t\t\t\t\t\t\t\t<div class=\"img-inner dark\" >\n\t\t\t<img loading=\"lazy\" decoding=\"async\" width=\"1920\" height=\"600\" src=\"https:\/\/store1.k-tech-services.com\/phukien\/wp-content\/uploads\/2022\/06\/z1.jpg\" class=\"attachment-original size-original\" alt=\"\" srcset=\"https:\/\/store1.k-tech-services.com\/phukien\/wp-content\/uploads\/2022\/06\/z1.jpg 1920w, https:\/\/store1.k-tech-services.com\/phukien\/wp-content\/uploads\/2022\/06\/z1-300x94.jpg 300w, https:\/\/store1.k-tech-services.com\/phukien\/wp-content\/uploads\/2022\/06\/z1-1024x320.jpg 1024w, https:\/\/store1.k-tech-services.com\/phukien\/wp-content\/uploads\/2022\/06\/z1-768x240.jpg 768w, https:\/\/store1.k-tech-services.com\/phukien\/wp-content\/uploads\/2022\/06\/z1-1536x480.jpg 1536w, https:\/\/store1.k-tech-services.com\/phukien\/wp-content\/uploads\/2022\/06\/z1-600x188.jpg 600w\" sizes=\"auto, (max-width: 1920px) 100vw, 1920px\" \/>\t\t\t\t\t\t\n\t\t\t\t\t<\/div>\n\t\t\t\t\t\t\t\t\n<style>\n#image_2100937855 {\n  width: 100%;\n}\n<\/style>\n\t<\/div>\n\t\n\t\t<\/div>\n\t\t\t\t\t<\/div>\n\n\t\n\n\t<div id=\"col-1080572846\" class=\"col medium-6 small-12 large-6\"  >\n\t\t\t\t<div class=\"col-inner\"  >\n\t\t\t\n\t\t\t\n<h4>Th\u1ebf Gi\u1edbi Ph\u1ee5 Ki\u1ec7n \u00d4 T\u00f4 Ch\u00ednh H\u00e3ng Tadaca Auto<\/h4>\n<p>H\u00e0 N\u1ed9i: S\u1ed1 125 Trung K\u00ednh, Ph\u01b0\u1eddng Trung Ho\u00e0, Qu\u1eadn C\u1ea7u Gi\u1ea5y, H\u00e0 N\u1ed9i\u00a0<\/p>\n<p>HCM: S\u1ed1 68 \u0110\u01b0\u1eddng Phan X\u00edch Long, P1, Q. Ph\u00fa Nhu\u1eadn, TP. HCM\u00a0<\/p>\n<p>\u0110i\u1ec7n tho\u1ea1i: <strong>0379266997<\/strong> &#8211; <strong>0342909557<\/strong><\/p>\n<div role=\"form\" class=\"wpcf7\" id=\"wpcf7-f168-o1\" lang=\"vi\" dir=\"ltr\">\n<div class=\"screen-reader-response\"><p role=\"status\" aria-live=\"polite\" aria-atomic=\"true\"><\/p> <ul><\/ul><\/div>\n<form action=\"\/phukien\/wp-json\/wp\/v2\/pages\/16#wpcf7-f168-o1\" method=\"post\" class=\"wpcf7-form init\" novalidate=\"novalidate\" data-status=\"init\">\n<div style=\"display: none;\">\n<input type=\"hidden\" name=\"_wpcf7\" value=\"168\" \/>\n<input type=\"hidden\" name=\"_wpcf7_version\" value=\"5.6\" \/>\n<input type=\"hidden\" name=\"_wpcf7_locale\" value=\"vi\" \/>\n<input type=\"hidden\" name=\"_wpcf7_unit_tag\" value=\"wpcf7-f168-o1\" \/>\n<input type=\"hidden\" name=\"_wpcf7_container_post\" value=\"0\" \/>\n<input type=\"hidden\" name=\"_wpcf7_posted_data_hash\" value=\"\" \/>\n<\/div>\n<p><span class=\"wpcf7-form-control-wrap\" data-name=\"your-tel\"><input type=\"tel\" name=\"your-tel\" value=\"\" size=\"40\" class=\"wpcf7-form-control wpcf7-text wpcf7-tel wpcf7-validates-as-required wpcf7-validates-as-tel\" aria-required=\"true\" aria-invalid=\"false\" placeholder=\"S\u1ed1 \u0111i\u1ec7n tho\u1ea1i\" \/><\/span><\/p>\n<p>\t<input type=\"submit\" value=\"\u0110\u0103ng k\u00fd t\u01b0 v\u1ea5n\" class=\"wpcf7-form-control has-spinner wpcf7-submit button\" \/><\/p>\n<div class=\"wpcf7-response-output\" aria-hidden=\"true\"><\/div><\/form><\/div>\n\t\t<\/div>\n\t\t\t\t\t<\/div>\n\n\t\n\n\t<div id=\"col-790244523\" class=\"col medium-6 small-12 large-6\"  >\n\t\t\t\t<div class=\"col-inner\"  >\n\t\t\t\n\t\t\t\n<h4 class=\"uppercase\">Li\u00ean h\u1ec7<\/h4>\n<p>B\u1ea1n vui l\u00f2ng \u0111i\u1ec1n \u0111\u1ea7y \u0111\u1ee7 th\u00f4ng tin v\u00e0 n\u1ed9i dung \u0111\u1ec1 xu\u1ea5t c\u1ee7a b\u1ea1n v\u00e0o bi\u1ec3u m\u1eabu d\u01b0\u1edbi \u0111\u00e2y, sau \u0111\u00f3 g\u1eedi cho ch\u00fang t\u00f4i, ch\u00fang t\u00f4i s\u1ebd li\u00ean h\u1ec7 v\u1edbi b\u1ea1n ngay sau khi nh\u1eadn \u0111\u01b0\u1ee3c th\u00f4ng tin c\u1ee7a b\u1ea1n.<\/p>\n<div role=\"form\" class=\"wpcf7\" id=\"wpcf7-f5-o2\" lang=\"vi\" dir=\"ltr\">\n<div class=\"screen-reader-response\"><p role=\"status\" aria-live=\"polite\" aria-atomic=\"true\"><\/p> <ul><\/ul><\/div>\n<form action=\"\/phukien\/wp-json\/wp\/v2\/pages\/16#wpcf7-f5-o2\" method=\"post\" class=\"wpcf7-form init\" novalidate=\"novalidate\" data-status=\"init\">\n<div style=\"display: none;\">\n<input type=\"hidden\" name=\"_wpcf7\" value=\"5\" \/>\n<input type=\"hidden\" name=\"_wpcf7_version\" value=\"5.6\" \/>\n<input type=\"hidden\" name=\"_wpcf7_locale\" value=\"vi\" \/>\n<input type=\"hidden\" name=\"_wpcf7_unit_tag\" value=\"wpcf7-f5-o2\" \/>\n<input type=\"hidden\" name=\"_wpcf7_container_post\" value=\"0\" \/>\n<input type=\"hidden\" name=\"_wpcf7_posted_data_hash\" value=\"\" \/>\n<\/div>\n<p><span class=\"wpcf7-form-control-wrap\" data-name=\"your-name\"><input type=\"text\" name=\"your-name\" value=\"\" size=\"40\" class=\"wpcf7-form-control wpcf7-text wpcf7-validates-as-required\" aria-required=\"true\" aria-invalid=\"false\" placeholder=\"T\u00ean c\u1ee7a b\u1ea1n\" \/><\/span><\/p>\n<p><span class=\"wpcf7-form-control-wrap\" data-name=\"your-phone\"><input type=\"tel\" name=\"your-phone\" value=\"\" size=\"40\" class=\"wpcf7-form-control wpcf7-text wpcf7-tel wpcf7-validates-as-required wpcf7-validates-as-tel\" aria-required=\"true\" aria-invalid=\"false\" placeholder=\"S\u1ed1 \u0111i\u1ec7n tho\u1ea1i\" \/><\/span><\/p>\n<p><span class=\"wpcf7-form-control-wrap\" data-name=\"your-message\"><textarea name=\"your-message\" cols=\"40\" rows=\"10\" class=\"wpcf7-form-control wpcf7-textarea\" aria-invalid=\"false\" placeholder=\"N\u1ed9i dung\"><\/textarea><\/span><\/p>\n<p><input type=\"submit\" value=\"G\u1eedi li\u00ean h\u1ec7\" class=\"wpcf7-form-control has-spinner wpcf7-submit\" \/><\/p>\n<div class=\"wpcf7-response-output\" aria-hidden=\"true\"><\/div><\/form><\/div>\n\t\t<\/div>\n\t\t\t\t\t<\/div>\n\n\t\n<\/div>\n","protected":false},"excerpt":{"rendered":"","protected":false},"author":1,"featured_media":0,"parent":0,"menu_order":0,"comment_status":"closed","ping_status":"closed","template":"page-right-sidebar.php","meta":{"footnotes":""},"class_list":["post-16","page","type-page","status-publish","hentry"],"acf":[],"_links":{"self":[{"href":"https:\/\/store1.k-tech-services.com\/phukien\/wp-json\/wp\/v2\/pages\/16","targetHints":{"allow":["GET"]}}],"collection":[{"href":"https:\/\/store1.k-tech-services.com\/phukien\/wp-json\/wp\/v2\/pages"}],"about":[{"href":"https:\/\/store1.k-tech-services.com\/phukien\/wp-json\/wp\/v2\/types\/page"}],"author":[{"embeddable":true,"href":"https:\/\/store1.k-tech-services.com\/phukien\/wp-json\/wp\/v2\/users\/1"}],"replies":[{"embeddable":true,"href":"https:\/\/store1.k-tech-services.com\/phukien\/wp-json\/wp\/v2\/comments?post=16"}],"version-history":[{"count":4,"href":"https:\/\/store1.k-tech-services.com\/phukien\/wp-json\/wp\/v2\/pages\/16\/revisions"}],"predecessor-version":[{"id":171,"href":"https:\/\/store1.k-tech-services.com\/phukien\/wp-json\/wp\/v2\/pages\/16\/revisions\/171"}],"wp:attachment":[{"href":"https:\/\/store1.k-tech-services.com\/phukien\/wp-json\/wp\/v2\/media?parent=16"}],"curies":[{"name":"wp","href":"https:\/\/api.w.org\/{rel}","templated":true}]}}