{"id":96,"date":"2023-02-13T02:49:42","date_gmt":"2023-02-13T02:49:42","guid":{"rendered":"http:\/\/localhost\/onlycard\/?post_type=product&#038;p=96"},"modified":"2023-02-13T02:58:37","modified_gmt":"2023-02-13T02:58:37","slug":"born_56","status":"publish","type":"product","link":"https:\/\/store1.k-tech-services.com\/onlycard\/san-pham\/born_56\/","title":{"rendered":"BORN_56"},"content":{"rendered":"<p>ONLYCARD theo \u0111u\u1ed5i phong c\u00e1ch hi\u1ec7n \u0111\u1ea1i tr\u1ebb trung ph\u00f9 h\u1ee3p v\u1edbi ng\u01b0\u1eddi \u01b0a chu\u1ed9ng s\u1ef1 ti\u1ec7n l\u1ee3i-nhanh ch\u00f3ng-hi\u1ec7u qu\u1ea3<\/p>\n<p>V\u1edbi nhi\u1ec1u m\u1eabu m\u00e3 \u0111a d\u1ea1ng \u0111\u1ed9c \u0111\u00e1o k\u1ebft h\u1ee3p v\u1edbi s\u1ef1 ti\u1ec7n l\u1ee3i th\u00f4ng minh ONLYCARD t\u1ea1o cho kh\u00e1ch h\u00e0ng nhi\u1ec1u h\u01a1n s\u1ef1 l\u1ef1a ch\u1ecdn<\/p>\n<p>NOTE\u201d:<\/p>\n<p>? Khi b\u1ea1n nh\u1eadn \u0111\u01b0\u1ee3c ONLYCARD m\u1ecdi th\u00f4ng tin li\u00ean k\u1ebft s\u1ebd \u0111\u01b0\u1ee3c c\u00e0i \u0111\u1eb7t v\u00e0 ch\u1ec9nh s\u1eeda theo s\u1edf th\u00edch c\u1ee7a b\u1ea1n. ONLYCARD s\u1ebd cung c\u1ea5p cho b\u1ea1n h\u01b0\u1edbng d\u1eabn s\u1eed d\u1ee5ng v\u00e0 c\u00e1ch \u0111\u0103ng k\u00ed s\u1eed d\u1ee5ng c\u00f9ng 8 m\u00e3 s\u1ed1 \u0111\u0103ng nh\u1eadp v\u00e0o Onlycard.vip<\/p>\n<p>?T\u1ea1o v\u00e0 ch\u1ec9nh s\u1eeda th\u00f4ng tin c\u00e1 nh\u00e2n c\u1ee7a m\u00ecnh b\u1eb1ng c\u00e1ch th\u00eam t\u00ean, s\u1ed1 \u0111i\u1ec7n tho\u1ea1i, link Facebook, Tiktok, Zalo, Instagram, Momo v.v\u2026 h\u1ea7u nh\u01b0 t\u1ea5t c\u1ea3 trang m\u1ea1ng x\u00e3 h\u1ed9i.<\/p>\n<p>\u2b50\ufe0fNh\u1eefng thi\u1ebft b\u1ecb t\u01b0\u01a1ng th\u00edch:<\/p>\n<p>IOS c\u00e1c d\u00f2ng iPhone t\u1eeb 7 tr\u1edf l\u00ean (iPhone 7,8,X b\u1eadt NFC)<\/p>\n<p>Androi h\u1ed7 tr\u1ee3 NFC<\/p>\n<p>\u1ed0p l\u01b0ng iphone ch\u1ed1ng s\u1ed1c, \u0111\u01b0\u1eddng vi\u1ec1n \u00f4m s\u00e1t \u0111i\u1ec7n tho\u1ea1i, thi\u1ebft k\u1ebf \u00e1nh kim l\u1ea5p l\u00e1nh thu h\u00fat \u00e1nh nh\u00ecn<\/p>\n<p>\u01afu \u0111\u00e3i : Nh\u1eadn m\u00e3 gi\u1ea3m gi\u00e1 10% khi feedback g\u1eafn th\u1ebb Onlycard.vn tr\u00ean k\u00eanh Instagram, Facebook, Tiktok<\/p>\n<p>&nbsp;<\/p>\n<p>\u0110\u1ed5i tr\u1ea3 theo \u0111\u00fang quy \u0111\u1ecbnh c\u1ee7a Shopee:<\/p>\n<p>1. \u0110i\u1ec1u ki\u1ec7n ( trong v\u00f2ng 3 ng\u00e0y k\u1ec3 t\u1eeb l\u00fac nh\u1eadn s\u1ea3n ph\u1ea9m ):<\/p>\n<p>&#8211; S\u1ea3n ph\u1ea9m c\u00f2n m\u1edbi 100%, ch\u01b0a qua s\u1eed d\u1ee5ng<\/p>\n<p>&#8211; S\u1ea3n ph\u1ea9m b\u1ecb h\u01b0 h\u1ecfng do v\u1eadn chuy\u1ec3n ho\u1eb7c do nh\u00e0 s\u1ea3n xu\u1ea5t<\/p>\n<p>2. Tr\u01b0\u1eddng h\u1ee3p \u0111\u01b0\u1ee3c ch\u1ea5p nh\u1eadn :<\/p>\n<p>&#8211; H\u00e0ng kh\u00f4ng \u0111\u00fang m\u1eabu, kh\u00f4ng \u0111\u00fang d\u00f2ng iPhone nh\u01b0 qu\u00fd kh\u00e1ch \u0111\u1eb7t<\/p>\n<p>&#8211; Kh\u00f4ng \u0111\u1ee7 s\u1ed1 l\u01b0\u1ee3ng , kh\u00f4ng gi\u1ed1ng m\u00f4 t\u1ea3<\/p>\n<p>3. Tr\u01b0\u1eddng h\u1ee3p kh\u00f4ng \u0111\u01b0\u1ee3c ch\u1ea5p nh\u1eadn:<\/p>\n<p>&#8211; Qu\u00e1 2 ng\u00e0y k\u1ec3 t\u1eeb khi kh\u00e1ch h\u00e0ng nh\u1eadn s\u1ea3n ph\u1ea9m<\/p>\n<p>&#8211; G\u1eedi l\u1ea1i s\u1ea3n ph\u1ea9m kh\u00f4ng \u0111\u00fang m\u1eabu m\u00e3, kh\u00f4ng ph\u1ea3i h\u00e0ng c\u1ee7a ONLYCARD<\/p>\n<p>&#8211; \u0110\u1eb7t nh\u1ea7m s\u1ea3n ph\u1ea9m, d\u00f2ng iPhone, kh\u00f4ng th\u00edch, kh\u00f4ng h\u1ee3p, \u2026.<\/p>\n<p>&#8211; Kh\u00f4ng bi\u1ebft s\u1eed d\u1ee5ng, kh\u00f4ng bi\u1ebft k\u1ebft n\u1ed1i, \u2026<\/p>\n<p>&#8211; C\u1ed1 t\u00ecnh t\u00e1c \u0111\u1ed9ng v\u1eadt l\u00ed k\u1ebft c\u1ea5u c\u1ee7a \u1ed1p ( b\u1ebb, u\u1ed1n cong,..)<\/p>\n<p>?L\u01afU \u00dd:<\/p>\n<ul>\n<li>\u1ed0P NH\u1ef0A, B\u1ec0 M\u1eb6T \u1ed0P \u0110\u01af\u1ee2C IN M\u1ef0C UV: (IN FULL M\u1ef0C HO\u1eb6C TR\u00c1NG G\u01af\u01a0NG) KH\u00d4NG PH\u1ea2I B\u1ec0 M\u1eb6T NH\u1ef0A SILICON D\u1ebaO S\u1ebc TR\u1ea6Y S\u01af\u1edaT N\u1ebeU MA S\u00c1T M\u1ea0NH.<\/li>\n<li>S\u1ea2N PH\u1ea8M CH\u1ed0NG N\u01af\u1edaC<\/li>\n<li>\u1ed0P \u0110\u01af\u1ee2C THI\u1ebeT K\u1ebe V\u00c0 C\u00c1CH \u0110I\u1ec6U RI\u00caNG BI\u1ec6T CHO T\u1eeaNG M\u1eaaU<\/li>\n<\/ul>\n<p>? NH\u01af\u1ee2C \u0110I\u1ec2M<\/p>\n<ul>\n<li>IN FULL , HO\u1eb6C C\u00d3 TR\u00c1NG G\u01af\u01a0NG : D\u1ec4 TR\u1ea6Y H\u01a0N \u1ed0P \u0110\u01af\u1ee2C IN FULL M\u1ef0C ,\u00a0KH\u00d4NG PH\u1ea2I B\u1ec0 M\u1eb6T NH\u1ef0A S\u1ebc D\u1ec4 TR\u1ea6Y, S\u01af\u1edaT.<\/li>\n<\/ul>\n<p>M\u00d3NG TAY C\u1ea0O , MA S\u00c1T M\u1eb6T B\u00c0N, V.V\u2026 S\u1ebc D\u1ec4 B\u1eca S\u01af\u1edaT.\u00a0(QU\u00dd KH\u00c1CH VUI L\u00d2NG B\u1ea2O QU\u1ea2N GI\u00daP SHOP NH\u00c9 \u1ea0).<\/p>\n<p>\u2b50\ufe0f? QU\u00dd KH\u00c1CH L\u01afU \u00dd KHI MUA V\u00cc TR\u1ea6Y HO\u1eb6C TR\u00d3C DO QU\u00c1 TR\u00ccNH S\u1eec D\u1ee4NG SHOP S\u1ebc KH\u00d4NG CH\u1ecaU TR\u00c1CH NHI\u1ec6M<\/p>\n<p>(QU\u00dd KH\u00c1CH VUI L\u00d2NG B\u1ea2O QU\u1ea2N S\u1ea2N PH\u1ea8M GI\u00daP SHOP NH\u00c9 \u1ea0).<\/p>\n<p>Cam k\u1ebft<\/p>\n<p>&#8211; B\u1ea3o H\u00e0nh 3 Ng\u00e0y, \u0110\u1ed5i Tr\u1ea3 Mi\u1ec5n Ph\u00ed<\/p>\n<p>&#8211; S\u1ea3n ph\u1ea9m 100% gi\u1ed1ng m\u00f4 t\u1ea3<\/p>\n<p>&#8211; ONLYCARD \u0111\u1ea3m b\u1ea3o ch\u1ea5t l\u01b0\u1ee3ng v\u00e0 d\u1ecbch v\u1ee5 t\u1ed1t nh\u1ea5t, s\u1ea3n ph\u1ea9m \u0111\u01b0\u1ee3c giao trong v\u00f2ng 1-3 ng\u00e0y t\u00f9y khu v\u1ef1c<\/p>\n<p>&#8211; Giao h\u00e0ng to\u00e0n qu\u1ed1c theo h\u00ecnh th\u1ee9c COD ho\u1eb7c v\u00ed Shopee Pay<\/p>\n<p>Khi nh\u1eadn \u0111\u01b0\u1ee3c s\u1ea3n ph\u1ea9m qu\u00fd kh\u00e1ch h\u00e0ng vui l\u00f2ng \u0111\u00e1nh gi\u00e1 cho shop \u0111\u1ec3 shop c\u1ea3i thi\u1ec7n v\u1ec1 s\u1ea3n ph\u1ea9m c\u0169ng nh\u01b0 ch\u1ea5t l\u01b0\u1ee3ng d\u1ecbch v\u1ee5 trong nh\u1eefng \u0111\u01a1n h\u00e0ng ti\u1ebfp theo nh\u00e9<\/p>\n<p>#onlycard #onlycase #onlymoon<\/p>\n","protected":false},"excerpt":{"rendered":"<p>ONLYCARD theo \u0111u\u1ed5i phong c\u00e1ch hi\u1ec7n \u0111\u1ea1i tr\u1ebb trung ph\u00f9 h\u1ee3p v\u1edbi ng\u01b0\u1eddi \u01b0a chu\u1ed9ng s\u1ef1 ti\u1ec7n l\u1ee3i-nhanh ch\u00f3ng-hi\u1ec7u qu\u1ea3 V\u1edbi nhi\u1ec1u m\u1eabu m\u00e3 \u0111a d\u1ea1ng \u0111\u1ed9c \u0111\u00e1o k\u1ebft h\u1ee3p v\u1edbi s\u1ef1 ti\u1ec7n l\u1ee3i th\u00f4ng minh ONLYCARD t\u1ea1o cho kh\u00e1ch h\u00e0ng nhi\u1ec1u h\u01a1n s\u1ef1 l\u1ef1a ch\u1ecdn NOTE\u201d: ? Khi b\u1ea1n nh\u1eadn \u0111\u01b0\u1ee3c ONLYCARD m\u1ecdi th\u00f4ng [&#8230;]\n","protected":false},"featured_media":87,"comment_status":"open","ping_status":"closed","template":"","meta":[],"product_cat":[15],"product_tag":[],"_links":{"self":[{"href":"https:\/\/store1.k-tech-services.com\/onlycard\/wp-json\/wp\/v2\/product\/96"}],"collection":[{"href":"https:\/\/store1.k-tech-services.com\/onlycard\/wp-json\/wp\/v2\/product"}],"about":[{"href":"https:\/\/store1.k-tech-services.com\/onlycard\/wp-json\/wp\/v2\/types\/product"}],"replies":[{"embeddable":true,"href":"https:\/\/store1.k-tech-services.com\/onlycard\/wp-json\/wp\/v2\/comments?post=96"}],"wp:featuredmedia":[{"embeddable":true,"href":"https:\/\/store1.k-tech-services.com\/onlycard\/wp-json\/wp\/v2\/media\/87"}],"wp:attachment":[{"href":"https:\/\/store1.k-tech-services.com\/onlycard\/wp-json\/wp\/v2\/media?parent=96"}],"wp:term":[{"taxonomy":"product_cat","embeddable":true,"href":"https:\/\/store1.k-tech-services.com\/onlycard\/wp-json\/wp\/v2\/product_cat?post=96"},{"taxonomy":"product_tag","embeddable":true,"href":"https:\/\/store1.k-tech-services.com\/onlycard\/wp-json\/wp\/v2\/product_tag?post=96"}],"curies":[{"name":"wp","href":"https:\/\/api.w.org\/{rel}","templated":true}]}}