{"id":119,"date":"2023-02-13T02:56:48","date_gmt":"2023-02-13T02:56:48","guid":{"rendered":"http:\/\/localhost\/onlycard\/?post_type=product&#038;p=119"},"modified":"2023-02-13T03:05:53","modified_gmt":"2023-02-13T03:05:53","slug":"onlymoon_flower_11","status":"publish","type":"product","link":"https:\/\/store1.k-tech-services.com\/onlycard\/san-pham\/onlymoon_flower_11\/","title":{"rendered":"ONLYMOON_FLOWER_11"},"content":{"rendered":"<p>\u1ed0p l\u01b0ng th\u00f4ng minh ONLYCARD theo \u0111u\u1ed5i phong c\u00e1ch hi\u1ec7n \u0111\u1ea1i tr\u1ebb trung ph\u00f9 h\u1ee3p v\u1edbi ng\u01b0\u1eddi \u01b0a chu\u1ed9ng s\u1ef1 ti\u1ec7n l\u1ee3i-nhanh ch\u00f3ng-hi\u1ec7u qu\u1ea3<\/p>\n<p>V\u1edbi nhi\u1ec1u m\u1eabu m\u00e3 \u0111a d\u1ea1ng \u0111\u1ed9c \u0111\u00e1o k\u1ebft h\u1ee3p v\u1edbi s\u1ef1 ti\u1ec7n l\u1ee3i th\u00f4ng minh ONLYCARD t\u1ea1o cho kh\u00e1ch h\u00e0ng nhi\u1ec1u h\u01a1n s\u1ef1 l\u1ef1a ch\u1ecdn<\/p>\n<p>\u2b50\ufe0f Th\u1eddi \u0111\u1ea1i 4.0 n\u1ebfu b\u1ea1n l\u00e0 ng\u01b0\u1eddi theo \u0111u\u1ed5i c\u00f4ng ngh\u1ec7 th\u00ec kh\u00f4ng n\u00ean b\u1ecf qua s\u1ea3n ph\u1ea9m th\u1eddi trang nh\u01b0ng l\u1ea1i mang tr\u00e1ch nhi\u1ec7m l\u01b0u tr\u1eef &#8211; chia s\u1ebd &#8211; k\u1ebft n\u1ed1i v\u1edbi nhau m\u1ed9t c\u00e1ch nhanh ch\u00f3ng phong ph\u00fa th\u00f4ng tin ch\u1ec9 qua 1 ch\u1ea1m<\/p>\n<p>? Ch\u1ec9 v\u1edbi m\u1ed9t c\u00e1i ch\u1ea1m nh\u1eb9 v\u00e0o \u1ed1p l\u01b0ng \u0111i\u1ec7n tho\u1ea1i b\u1ea1n c\u00f3 th\u1ec3 chia s\u1ebd d\u1ec5 d\u00e0ng th\u00f4ng tin c\u00e1 nh\u00e2n c\u1ee7a b\u1ea1n v\u1edbi m\u1ecdi ng\u01b0\u1eddi xung quanh b\u1eb1ng phong c\u00e1ch c\u1ee7a ri\u00eang b\u1ea1n<\/p>\n<p>? Ngo\u00e0i th\u1eddi trang ONLYCARD \u1ed1p l\u01b0ng th\u00f4ng minh c\u00f2n thay th\u1ebf cho cardvisit gi\u1ea5y, chia s\u1ebd th\u00f4ng tin nhanh nh\u1ea1y, kh\u00f4ng y\u00eau c\u1ea7u m\u1eadt kh\u1ea5u truy c\u1eadp, kh\u00f4ng c\u1ea7n \u1ee9ng d\u1ee5ng h\u1ed7 tr\u1ee3<\/p>\n<p>\u2604\ufe0f ONLYCARD c\u00e1 t\u00ednh &#8211; th\u1eddi trang &#8211; ti\u1ec7n d\u1ee5ng khi mang theo ph\u00f9 h\u1ee3p d\u00e0nh cho nh\u1eefng b\u1ea1n \u0111ang &#8221; Parsonal Branding &#8220;.<\/p>\n<p>? ONLYCARD 1 ch\u1ea1m b\u1ea1n s\u1ebd chia s\u1ebb nhanh ch\u00f3ng th\u00f4ng tin ti\u1ebft ki\u1ec7m th\u1eddi gian nh\u01b0ng l\u1ea1i r\u1ea5t hi\u1ec7u qu\u1ea3 so v\u1edbi c\u00e1ch th\u00f4ng th\u01b0\u1eddng hay cardvisit gi\u1ea5y d\u1ec5 d\u00e0ng b\u1ecb h\u1ea1n ch\u1ebf th\u00f4ng tin m\u00e0 m\u1ea5t th\u1eddi gian<\/p>\n<p>NOTE\u201d:<\/p>\n<p>? Khi b\u1ea1n nh\u1eadn \u0111\u01b0\u1ee3c ONLYCARD m\u1ecdi th\u00f4ng tin li\u00ean k\u1ebft s\u1ebd \u0111\u01b0\u1ee3c c\u00e0i \u0111\u1eb7t v\u00e0 ch\u1ec9nh s\u1eeda theo s\u1edf th\u00edch c\u1ee7a b\u1ea1n. ONLYCARD s\u1ebd cung c\u1ea5p cho b\u1ea1n h\u01b0\u1edbng d\u1eabn s\u1eed d\u1ee5ng v\u00e0 c\u00e1ch \u0111\u0103ng k\u00ed s\u1eed d\u1ee5ng c\u00f9ng 8 m\u00e3 s\u1ed1 \u0111\u0103ng nh\u1eadp v\u00e0o\u00a0<a href=\"http:\/\/onlycard.vip\/\">Onlycard.vip<\/a><\/p>\n<p>?T\u1ea1o v\u00e0 ch\u1ec9nh s\u1eeda th\u00f4ng tin c\u00e1 nh\u00e2n c\u1ee7a m\u00ecnh b\u1eb1ng c\u00e1ch th\u00eam t\u00ean, s\u1ed1 \u0111i\u1ec7n tho\u1ea1i, link Facebook, Tiktok, Zalo, Instagram, Momo v.v\u2026 h\u1ea7u nh\u01b0 t\u1ea5t c\u1ea3 trang m\u1ea1ng x\u00e3 h\u1ed9i.<\/p>\n<p>&nbsp;<\/p>\n<p>\u2b50\ufe0fNh\u1eefng thi\u1ebft b\u1ecb t\u01b0\u01a1ng th\u00edch:<\/p>\n<p>IOS c\u00e1c d\u00f2ng iPhone t\u1eeb 7 tr\u1edf l\u00ean<\/p>\n<p>Androi h\u1ed7 tr\u1ee3 NFC<\/p>\n<p>Khi nh\u1eadn \u0111\u01b0\u1ee3c s\u1ea3n ph\u1ea9m qu\u00fd kh\u00e1ch h\u00e0ng vui l\u00f2ng \u0111\u00e1nh gi\u00e1 cho shop \u0111\u1ec3 shop c\u1ea3i thi\u1ec7n v\u1ec1 s\u1ea3n ph\u1ea9m c\u0169ng nh\u01b0 ch\u1ea5t l\u01b0\u1ee3ng d\u1ecbch v\u1ee5 trong nh\u1eefng \u0111\u01a1n h\u00e0ng ti\u1ebfp theo nh\u00e9<\/p>\n<p>#onlycard #onlycase #onlymoon<\/p>\n","protected":false},"excerpt":{"rendered":"<p>\u1ed0p l\u01b0ng th\u00f4ng minh ONLYCARD theo \u0111u\u1ed5i phong c\u00e1ch hi\u1ec7n \u0111\u1ea1i tr\u1ebb trung ph\u00f9 h\u1ee3p v\u1edbi ng\u01b0\u1eddi \u01b0a chu\u1ed9ng s\u1ef1 ti\u1ec7n l\u1ee3i-nhanh ch\u00f3ng-hi\u1ec7u qu\u1ea3 V\u1edbi nhi\u1ec1u m\u1eabu m\u00e3 \u0111a d\u1ea1ng \u0111\u1ed9c \u0111\u00e1o k\u1ebft h\u1ee3p v\u1edbi s\u1ef1 ti\u1ec7n l\u1ee3i th\u00f4ng minh ONLYCARD t\u1ea1o cho kh\u00e1ch h\u00e0ng nhi\u1ec1u h\u01a1n s\u1ef1 l\u1ef1a ch\u1ecdn \u2b50\ufe0f Th\u1eddi \u0111\u1ea1i 4.0 n\u1ebfu [&#8230;]\n","protected":false},"featured_media":95,"comment_status":"open","ping_status":"closed","template":"","meta":[],"product_cat":[18],"product_tag":[],"_links":{"self":[{"href":"https:\/\/store1.k-tech-services.com\/onlycard\/wp-json\/wp\/v2\/product\/119"}],"collection":[{"href":"https:\/\/store1.k-tech-services.com\/onlycard\/wp-json\/wp\/v2\/product"}],"about":[{"href":"https:\/\/store1.k-tech-services.com\/onlycard\/wp-json\/wp\/v2\/types\/product"}],"replies":[{"embeddable":true,"href":"https:\/\/store1.k-tech-services.com\/onlycard\/wp-json\/wp\/v2\/comments?post=119"}],"wp:featuredmedia":[{"embeddable":true,"href":"https:\/\/store1.k-tech-services.com\/onlycard\/wp-json\/wp\/v2\/media\/95"}],"wp:attachment":[{"href":"https:\/\/store1.k-tech-services.com\/onlycard\/wp-json\/wp\/v2\/media?parent=119"}],"wp:term":[{"taxonomy":"product_cat","embeddable":true,"href":"https:\/\/store1.k-tech-services.com\/onlycard\/wp-json\/wp\/v2\/product_cat?post=119"},{"taxonomy":"product_tag","embeddable":true,"href":"https:\/\/store1.k-tech-services.com\/onlycard\/wp-json\/wp\/v2\/product_tag?post=119"}],"curies":[{"name":"wp","href":"https:\/\/api.w.org\/{rel}","templated":true}]}}