{"id":11,"date":"2022-04-27T06:36:52","date_gmt":"2022-04-27T06:36:52","guid":{"rendered":"http:\/\/localhost\/noithat\/?page_id=11"},"modified":"2022-04-29T03:27:38","modified_gmt":"2022-04-29T03:27:38","slug":"lien-he","status":"publish","type":"page","link":"https:\/\/store1.k-tech-services.com\/noithat\/lien-he\/","title":{"rendered":"Li\u00ean h\u1ec7"},"content":{"rendered":"\t<section class=\"section\" id=\"section_977855080\">\n\t\t<div class=\"bg section-bg fill bg-fill  bg-loaded\" >\n\n\t\t\t\n\t\t\t\n\t\t\t\n\n\t\t<\/div>\n\n\t\t\n\n\t\t<div class=\"section-content relative\">\n\t\t\t\n<div class=\"row row-small\"  id=\"row-1200805190\">\n\n\t<div id=\"col-675476024\" class=\"col medium-6 small-12 large-6\"  >\n\t\t\t\t<div class=\"col-inner\"  >\n\t\t\t\n\t\t\t\n<h4><strong>Showroom H\u00e0 N\u1ed9i<\/strong><\/h4>\n<p><i class=\"icon-map-pin-fill\" style=\"font-size:16px;\"><\/i> \u0110\u1ecba ch\u1ec9 220 H\u00e0 \u0110\u00f4ng, H\u00e0 N\u1ed9i<\/p>\n<p><i class=\"icon-phone\" style=\"font-size:16px;\"><\/i> \u0110i\u1ec7n tho\u1ea1i: 0342909557 &#8211; 0379266997<\/p>\n<p><i class=\"icon-phone\" style=\"font-size:16px;\"><\/i> Hotline: 0379266997<\/p>\n<p><i class=\"icon-envelop\" style=\"font-size:16px;\"><\/i> Email: contact@gmail.com<\/p>\n<p><iframe src=\"https:\/\/www.google.com\/maps\/embed?pb=!1m18!1m12!1m3!1d15674.136901692993!2d106.64093134999999!3d10.8469123!2m3!1f0!2f0!3f0!3m2!1i1024!2i768!4f13.1!3m3!1m2!1s0x317529ca5193853f%3A0x806d5e10c68def38!2zR8OyIFbhuqVw!5e0!3m2!1sen!2s!4v1651201933079!5m2!1sen!2s\" width=\"100%\" height=\"350px\" style=\"border:0;\" allowfullscreen=\"\" loading=\"lazy\" referrerpolicy=\"no-referrer-when-downgrade\"><\/iframe><\/p>\n\t\t<\/div>\n\t\t\t\t\t<\/div>\n\n\t\n\n\t<div id=\"col-191359855\" class=\"col medium-6 small-12 large-6\"  >\n\t\t\t\t<div class=\"col-inner\"  >\n\t\t\t\n\t\t\t\n<h4><strong>Showroom TP.H\u1ed3 Ch\u00ed Minh<\/strong><\/h4>\n<p><i class=\"icon-map-pin-fill\" style=\"font-size: 16px;\"><\/i> \u0110\u1ecba ch\u1ec9 220 Ph\u1ea1m V\u0103n \u0110\u1ed3ng, HCM<\/p>\n<p><i class=\"icon-phone\" style=\"font-size: 16px;\"><\/i> \u0110i\u1ec7n tho\u1ea1i: 0342909557 &#8211; 0379266997<\/p>\n<p><i class=\"icon-phone\" style=\"font-size: 16px;\"><\/i> Hotline: 0379266997<\/p>\n<p><i class=\"icon-envelop\" style=\"font-size: 16px;\"><\/i> Email: contact@gmail.com<\/p>\n<p><iframe src=\"https:\/\/www.google.com\/maps\/embed?pb=!1m18!1m12!1m3!1d15674.136901692993!2d106.64093134999999!3d10.8469123!2m3!1f0!2f0!3f0!3m2!1i1024!2i768!4f13.1!3m3!1m2!1s0x317529ca5193853f%3A0x806d5e10c68def38!2zR8OyIFbhuqVw!5e0!3m2!1sen!2s!4v1651201933079!5m2!1sen!2s\" width=\"100%\" height=\"350px\" style=\"border:0;\" allowfullscreen=\"\" loading=\"lazy\" referrerpolicy=\"no-referrer-when-downgrade\"><\/iframe><\/p>\n\t\t<\/div>\n\t\t\t\t\t<\/div>\n\n\t\n<\/div>\n<div class=\"row align-center\"  id=\"row-2022569720\">\n\n\t<div id=\"col-967941186\" class=\"col small-12 large-12\"  >\n\t\t\t\t<div class=\"col-inner\"  >\n\t\t\t\n\t\t\t\n<h1 style=\"text-align: center;\"><strong>Form li\u00ean h\u1ec7<\/strong><\/h1>\n<p style=\"text-align: center;\">N\u1ebfu b\u1ea1n c\u00f3 th\u1eafc m\u1eafc h\u00e3y \u0111\u1ec3 l\u1ea1i th\u00f4ng tin cho ch\u00fang t\u00f4i<\/p>\n\t\t<\/div>\n\t\t\t\t\t<\/div>\n\n\t\n\n\t<div id=\"col-474055400\" class=\"col medium-6 small-12 large-6\"  >\n\t\t\t\t<div class=\"col-inner\"  >\n\t\t\t\n\t\t\t\n<div role=\"form\" class=\"wpcf7\" id=\"wpcf7-f216-o1\" lang=\"vi\" dir=\"ltr\">\n<div class=\"screen-reader-response\"><p role=\"status\" aria-live=\"polite\" aria-atomic=\"true\"><\/p> <ul><\/ul><\/div>\n<form action=\"\/noithat\/wp-json\/wp\/v2\/pages\/11#wpcf7-f216-o1\" method=\"post\" class=\"wpcf7-form init\" novalidate=\"novalidate\" data-status=\"init\">\n<div style=\"display: none;\">\n<input type=\"hidden\" name=\"_wpcf7\" value=\"216\" \/>\n<input type=\"hidden\" name=\"_wpcf7_version\" value=\"5.5.6\" \/>\n<input type=\"hidden\" name=\"_wpcf7_locale\" value=\"vi\" \/>\n<input type=\"hidden\" name=\"_wpcf7_unit_tag\" value=\"wpcf7-f216-o1\" \/>\n<input type=\"hidden\" name=\"_wpcf7_container_post\" value=\"0\" \/>\n<input type=\"hidden\" name=\"_wpcf7_posted_data_hash\" value=\"\" \/>\n<\/div>\n<p><span class=\"wpcf7-form-control-wrap your-name\"><input type=\"text\" name=\"your-name\" value=\"\" size=\"40\" class=\"wpcf7-form-control wpcf7-text wpcf7-validates-as-required\" aria-required=\"true\" aria-invalid=\"false\" placeholder=\"H\u1ecd v\u00e0 t\u00ean\" \/><\/span><\/p>\n<p>    <span class=\"wpcf7-form-control-wrap your-tel\"><input type=\"text\" name=\"your-tel\" value=\"\" size=\"40\" class=\"wpcf7-form-control wpcf7-text wpcf7-validates-as-required\" aria-required=\"true\" aria-invalid=\"false\" placeholder=\"S\u1ed1 \u0111i\u1ec7n tho\u1ea1i\" \/><\/span><\/p>\n<p>    <span class=\"wpcf7-form-control-wrap your-email\"><input type=\"email\" name=\"your-email\" value=\"\" size=\"40\" class=\"wpcf7-form-control wpcf7-text wpcf7-email wpcf7-validates-as-required wpcf7-validates-as-email\" aria-required=\"true\" aria-invalid=\"false\" placeholder=\"Email\" \/><\/span><\/p>\n<p>    <span class=\"wpcf7-form-control-wrap your-message\"><textarea name=\"your-message\" cols=\"40\" rows=\"10\" class=\"wpcf7-form-control wpcf7-textarea\" aria-invalid=\"false\" placeholder=\"N\u1ed9i dung\"><\/textarea><\/span><\/p>\n<p><input type=\"submit\" value=\"G\u1eedi y\u00eau c\u1ea7u\" class=\"wpcf7-form-control has-spinner wpcf7-submit expand\" \/><\/p>\n<div class=\"wpcf7-response-output\" aria-hidden=\"true\"><\/div><\/form><\/div>\n\t\t<\/div>\n\t\t\t\t\t<\/div>\n\n\t\n<\/div>\n\t\t<\/div>\n\n\t\t\n<style>\n#section_977855080 {\n  padding-top: 30px;\n  padding-bottom: 30px;\n}\n#section_977855080 .ux-shape-divider--top svg {\n  height: 150px;\n  --divider-top-width: 100%;\n}\n#section_977855080 .ux-shape-divider--bottom svg {\n  height: 150px;\n  --divider-width: 100%;\n}\n<\/style>\n\t<\/section>\n\t\n","protected":false},"excerpt":{"rendered":"","protected":false},"author":1,"featured_media":0,"parent":0,"menu_order":0,"comment_status":"closed","ping_status":"closed","template":"page-blank.php","meta":{"footnotes":""},"class_list":["post-11","page","type-page","status-publish","hentry"],"acf":[],"_links":{"self":[{"href":"https:\/\/store1.k-tech-services.com\/noithat\/wp-json\/wp\/v2\/pages\/11","targetHints":{"allow":["GET"]}}],"collection":[{"href":"https:\/\/store1.k-tech-services.com\/noithat\/wp-json\/wp\/v2\/pages"}],"about":[{"href":"https:\/\/store1.k-tech-services.com\/noithat\/wp-json\/wp\/v2\/types\/page"}],"author":[{"embeddable":true,"href":"https:\/\/store1.k-tech-services.com\/noithat\/wp-json\/wp\/v2\/users\/1"}],"replies":[{"embeddable":true,"href":"https:\/\/store1.k-tech-services.com\/noithat\/wp-json\/wp\/v2\/comments?post=11"}],"version-history":[{"count":5,"href":"https:\/\/store1.k-tech-services.com\/noithat\/wp-json\/wp\/v2\/pages\/11\/revisions"}],"predecessor-version":[{"id":220,"href":"https:\/\/store1.k-tech-services.com\/noithat\/wp-json\/wp\/v2\/pages\/11\/revisions\/220"}],"wp:attachment":[{"href":"https:\/\/store1.k-tech-services.com\/noithat\/wp-json\/wp\/v2\/media?parent=11"}],"curies":[{"name":"wp","href":"https:\/\/api.w.org\/{rel}","templated":true}]}}