{"id":469,"date":"2021-11-19T05:08:03","date_gmt":"2021-11-19T05:08:03","guid":{"rendered":"http:\/\/minhtranhub.vn\/?post_type=product&amp;p=469"},"modified":"2021-11-19T05:08:03","modified_gmt":"2021-11-19T05:08:03","slug":"bo-san-pham-qua-tet-nham-dan-2022-long-phung","status":"publish","type":"product","link":"https:\/\/store1.k-tech-services.com\/minhtranhub\/san-pham\/bo-san-pham-qua-tet-nham-dan-2022-long-phung\/","title":{"rendered":"B\u1ed8 S\u1ea2N PH\u1ea8M QU\u00c0 T\u1ebeT NH\u00c2M D\u1ea6N 2022 &#8211; LONG PH\u1ee4NG"},"content":{"rendered":"<p><strong>B\u1ed9 qu\u00e0 t\u1eb7ng t\u1ebft 2022 \u00fd ngh\u0129a v\u1edbi s\u1ef1 k\u1ebft h\u1ee3p c\u1ee7a c\u00e1c s\u1ea3n ph\u1ea9m nh\u00e2n s\u00e2m th\u01b0\u1ee3ng h\u1ea1ng v\u00e0 m\u1eabu m\u00e3 b\u1eaft m\u1eaft c\u00f9ng nhi\u1ec1u s\u1ef1 l\u1ef1a chon g\u1eedi \u0111\u1ebfn qu\u00fd kh\u00e1ch h\u00e0ng. B\u1ed9 qu\u00e0 t\u1eb7ng t\u1ebft -Long ph\u1ee5ng l\u00e0 m\u00f3n qu\u00e0 \u0111\u1eb7c bi\u1ec7t d\u00e0nh t\u1eb7ng cho doanh nghi\u1ec7p, \u0111\u1ed1i t\u00e1c.<\/strong><\/p>\n<p>T\u00ean s\u1ea3n ph\u1ea9m:\u00a0<strong>B\u1ed9 qu\u00e0 t\u1ebft \u2013 Long ph\u1ee5ng.<\/strong><\/p>\n<p>Quy c\u00e1ch: B\u1ed9 s\u1ea3n ph\u1ea9m g\u1ed3m 1 g\u00f3i<strong>\u00a0s\u00e2m s\u1ea5y l\u00e1t Canada 50g<\/strong>\u00a0\u2013\u00a0<strong>1 h\u0169 s\u00e2m m\u1eadt ong Canada<\/strong>\u00a0\u2013\u00a0<strong>1 h\u0169 cam s\u1ea5y saffron \u2013 1 h\u0169 s\u00e2m vi\u00ean nang Canada.<\/strong><\/p>\n<p><strong>T\u1eb7ng qu\u00e0 t\u1ebft kh\u00f4ng ch\u1ec9 mang \u00dd ngh\u0129a l\u00e0 g\u00ecn gi\u1eef m\u1ed9t n\u00e9t v\u0103n h\u00f3a truy\u1ec1n th\u1ed1ng \u0111\u1eb9p c\u1ee7a d\u00e2n t\u1ed9c m\u00e0 c\u00f2n l\u00e0 c\u00e1ch m\u00e0 ch\u00fang ta th\u1ec3 hi\u1ec7n t\u00ecnh c\u1ea3m, m\u1ed1i quan t\u00e2m ch\u00e2n t\u00ecnh gi\u1eefa nh\u1eefng ng\u01b0\u1eddi th\u00e2n, \u0111\u1ed3ng nghi\u1ec7p v\u1edbi nhau.<\/strong><\/p>\n<p><strong>B\u1ed9 qu\u00e0 t\u1eb7ng t\u1ebft 2022 \u2013 Long Ph\u1ee5ng <\/strong>thay cho v\u1ea1n\u00a0<em>l\u1eddi ch\u00fac g\u1eedi \u0111\u1ebfn doanh nghi\u00eap, \u0111\u1ed1i t\u00e1c c\u1ee7a b\u1ea1n<\/em>. Ch\u00fang t\u00f4i \u0111\u00e3 s\u1eed d\u1ee5ng b\u1ed9 s\u1ea3n ph\u1ea9m\u00a0<em>Nh\u00e2n s\u00e2m t\u1eeb v\u00f9ng Ontario Canada n\u01a1i t\u1ea1o ra ch\u1ea5t l\u01b0\u1ee3ng nh\u00e2n s\u00e2m th\u01b0\u1ee3ng h\u1ea1ng nh\u1ea5t th\u1ebf gi\u1edbi.<\/em><\/p>\n<p><img loading=\"lazy\" decoding=\"async\" class=\"wp-image-470 size-large aligncenter\" src=\"http:\/\/localhost\/minhtranhub\/wp-content\/uploads\/2021\/11\/z2922423076502_08faffa488a509d0e47fae43b2a81a39-768x1024.jpg\" alt=\"\" width=\"768\" height=\"1024\" srcset=\"https:\/\/store1.k-tech-services.com\/minhtranhub\/wp-content\/uploads\/2021\/11\/z2922423076502_08faffa488a509d0e47fae43b2a81a39-768x1024.jpg 768w, https:\/\/store1.k-tech-services.com\/minhtranhub\/wp-content\/uploads\/2021\/11\/z2922423076502_08faffa488a509d0e47fae43b2a81a39-600x800.jpg 600w, https:\/\/store1.k-tech-services.com\/minhtranhub\/wp-content\/uploads\/2021\/11\/z2922423076502_08faffa488a509d0e47fae43b2a81a39-225x300.jpg 225w, https:\/\/store1.k-tech-services.com\/minhtranhub\/wp-content\/uploads\/2021\/11\/z2922423076502_08faffa488a509d0e47fae43b2a81a39.jpg 960w\" sizes=\"auto, (max-width: 768px) 100vw, 768px\" \/><\/p>\n<p style=\"text-align: center;\"><span style=\"color: #ed1c24;\"><strong>B\u1ed9 qu\u00e0 t\u1eb7ng t\u1ebft Long ph\u1ee5ng &#8211; S\u00e2m s\u1ea5y l\u00e1t Canada &#8211; S\u00e2m vi\u00ean nang Canada &#8211; S\u00e2m m\u1eadt ong Canada &#8211; Cam s\u00e2y Saffron T\u00e2y \u00c1<\/strong><\/span><\/p>\n<p><span style=\"color: #ed1c24;\"><strong>1.S\u00e2m s\u1ea5y l\u00e1t Canada<\/strong><\/span><\/p>\n<div><strong>Nh\u00e2n s\u00e2m Canada hay c\u00f2n g\u1ecdi l\u00e0 T\u00e2y D\u01b0\u01a1ng S\u00e2m (Nh\u00e2n S\u00e2m M\u1ef9, Nh\u00e2n S\u00e2m Hoa K\u1ef3, Nh\u00e2n S\u00e2m B\u1eafc M\u1ef9) l\u00e0 lo\u1ea1i nh\u00e2n s\u00e2m sinh tr\u01b0\u1edfng v\u00e0 ph\u00e1t tri\u1ec3n \u1edf v\u00f9ng B\u1eafc M\u1ef9 nh\u01b0 \u1edf Canada, Hoa K\u1ef3. Nh\u01b0ng t\u1ea1i Ontario \u2013 Canada ch\u1ea5t l\u01b0\u1ee3ng nh\u00e2n s\u00e2m \u0111\u01b0\u1ee3c tr\u1ed3ng ra c\u00f3 gi\u00e1 tr\u1ecb t\u1ed1t nh\u1ea5t do \u0111\u1ea5t tr\u1ed3ng, th\u1eddi ti\u1ebft, kh\u00ed h\u1eadu v\u00e0 l\u01b0\u1ee3ng m\u01b0a ho\u00e0n h\u1ea3o h\u01a1n b\u1ea5t c\u1ee9 n\u01a1i n\u00e0o tr\u00ean th\u1ebf gi\u1edbi.<\/strong><\/div>\n<div><strong>Nh\u00e2n s\u00e2m Canada c\u00f3 \u0111\u1eb7c t\u00ednh d\u1ecbu m\u00e1t, \u0111i\u1ec1u m\u00e0 nh\u00e2n s\u00e2m Ch\u00e2u \u00c1 kh\u00f4ng c\u00f3 \u0111\u01b0\u1ee3c, ch\u00ednh v\u00ec l\u00fd do n\u00e0y n\u00ean nh\u00e2n s\u00e2m Canada ho\u00e0n to\u00e0n ph\u00f9 h\u1ee3p cho ng\u01b0\u1eddi cao huy\u1ebft \u00e1p.<\/strong><\/div>\n<div><\/div>\n<div><strong>M\u00f4 t\u1ea3 s\u1ea3n ph\u1ea9m<\/strong><\/div>\n<div><img loading=\"lazy\" decoding=\"async\" class=\"wp-image-271  aligncenter\" src=\"http:\/\/localhost\/minhtranhub\/wp-content\/uploads\/2021\/05\/z2457553455039_65b25353e7a7f4bd2bccf298dcbf897a-removebg-preview-1.png\" alt=\"\" width=\"304\" height=\"350\" srcset=\"https:\/\/store1.k-tech-services.com\/minhtranhub\/wp-content\/uploads\/2021\/05\/z2457553455039_65b25353e7a7f4bd2bccf298dcbf897a-removebg-preview-1.png 465w, https:\/\/store1.k-tech-services.com\/minhtranhub\/wp-content\/uploads\/2021\/05\/z2457553455039_65b25353e7a7f4bd2bccf298dcbf897a-removebg-preview-1-260x300.png 260w\" sizes=\"auto, (max-width: 304px) 100vw, 304px\" \/><\/div>\n<ul>\n<li>\u00a0Ho\u1ea1t \u0111\u1ed9ng c\u1ee7a nh\u00e2n s\u00e2m Canada v\u1edbi h\u1ee3p ch\u1ea5t \u2013 Ginsenosides \u0111\u00e3 \u0111\u01b0\u1ee3c c\u00e1c nh\u00e0 khoa h\u1ecdc ghi nh\u1eadn c\u00f3 t\u00e1c d\u1ee5ng g\u00e2y m\u1ed9t lo\u1ea1t c\u00e1c ho\u1ea1t \u0111\u1ed9ng sinh h\u1ecdc\u00a0 kh\u00e1c nhau d\u1eabn \u0111\u1ebfn \u1ed5n \u0111\u1ecbnh \u0111\u01b0\u1eddng huy\u1ebft, ch\u1ed1ng vi\u00eam, t\u0103ng c\u01b0\u1eddng ho\u1ea1t \u0111\u1ed9ng tim m\u1ea1ch, t\u00e1c d\u1ee5ng b\u1ea3o v\u1ec7 v\u00e0 ch\u1ed1ng kh\u1ed1i u.<\/li>\n<li>Quy c\u00e1ch \u0111\u00f3ng g\u00f3i: 50 gram\/ g\u00f3i<\/li>\n<li>Xu\u1ea5t x\u1ee9: Canada<\/li>\n<\/ul>\n<p><span style=\"color: #0000ff;\">Xem th\u00eam:http:\/\/minhtranhub.vn\/product\/nhan-sam-canada-say-kho-cat-lat-canadian-vita\/<\/span><\/p>\n<p><span style=\"color: #ed1c24;\"><strong>2. S\u00e2m vi\u00ean nang Canada 60 vi\u00ean\/h\u0169<\/strong><\/span>\u00a0th\u00e0nh ph\u1ea7n ch\u00ednh l\u00e0 100% nh\u00e2n s\u00e2m Canada nghi\u1ec1n n\u00e1t v\u00e0 n\u00e9n th\u00e0nh vi\u00ean. Ti\u1ec7n l\u1ee3i, d\u1ec5 s\u1eed d\u1ee5ng, gi\u00fap b\u1ed5 sung, t\u00e1i t\u1ea1o n\u0103ng l\u01b0\u1ee3ng cho c\u01a1 th\u1ec3.<\/p>\n<p><img loading=\"lazy\" decoding=\"async\" class=\"aligncenter wp-image-292 \" src=\"http:\/\/minhtranhub.vn\/wp-content\/uploads\/2021\/05\/z2495691858258_d74f1b3fd08c1595ddeb0c7d41cb953c-1024x1024.jpg\" sizes=\"auto, (max-width: 1020px) 100vw, 1020px\" srcset=\"http:\/\/minhtranhub.vn\/wp-content\/uploads\/2021\/05\/z2495691858258_d74f1b3fd08c1595ddeb0c7d41cb953c-1024x1024.jpg 1024w, http:\/\/minhtranhub.vn\/wp-content\/uploads\/2021\/05\/z2495691858258_d74f1b3fd08c1595ddeb0c7d41cb953c-300x300.jpg 300w, http:\/\/minhtranhub.vn\/wp-content\/uploads\/2021\/05\/z2495691858258_d74f1b3fd08c1595ddeb0c7d41cb953c-150x150.jpg 150w, http:\/\/minhtranhub.vn\/wp-content\/uploads\/2021\/05\/z2495691858258_d74f1b3fd08c1595ddeb0c7d41cb953c-768x768.jpg 768w, http:\/\/minhtranhub.vn\/wp-content\/uploads\/2021\/05\/z2495691858258_d74f1b3fd08c1595ddeb0c7d41cb953c-1536x1536.jpg 1536w, http:\/\/minhtranhub.vn\/wp-content\/uploads\/2021\/05\/z2495691858258_d74f1b3fd08c1595ddeb0c7d41cb953c-2048x2048.jpg 2048w, http:\/\/minhtranhub.vn\/wp-content\/uploads\/2021\/05\/z2495691858258_d74f1b3fd08c1595ddeb0c7d41cb953c-600x600.jpg 600w, http:\/\/minhtranhub.vn\/wp-content\/uploads\/2021\/05\/z2495691858258_d74f1b3fd08c1595ddeb0c7d41cb953c-100x100.jpg 100w\" alt=\"\" width=\"436\" height=\"436\" \/><\/p>\n<p><span style=\"color: #0000ff;\">Xem th\u00eam: http:\/\/minhtranhub.vn\/product\/nhan-sam-canadian-vita-dang-vien-nang\/<\/span><\/p>\n<p><strong><span style=\"color: #ed1c24;\">3.S\u00e2m m\u1eadt ong Canada<\/span><\/strong><\/p>\n<p><strong>Nh\u00e2n s\u00e2m Canada hay c\u00f2n g\u1ecdi l\u00e0 T\u00e2y D\u01b0\u01a1ng S\u00e2m (Nh\u00e2n S\u00e2m M\u1ef9, Nh\u00e2n S\u00e2m Hoa K\u1ef3, Nh\u00e2n S\u00e2m B\u1eafc M\u1ef9) l\u00e0 lo\u1ea1i nh\u00e2n s\u00e2m sinh tr\u01b0\u1edfng v\u00e0 ph\u00e1t tri\u1ec3n \u1edf v\u00f9ng B\u1eafc M\u1ef9 nh\u01b0 \u1edf Canada, Hoa K\u1ef3. Nh\u01b0ng t\u1ea1i Ontario \u2013 Canada ch\u1ea5t l\u01b0\u1ee3ng nh\u00e2n s\u00e2m \u0111\u01b0\u1ee3c tr\u1ed3ng ra c\u00f3 gi\u00e1 tr\u1ecb t\u1ed1t nh\u1ea5t do \u0111\u1ea5t tr\u1ed3ng, th\u1eddi ti\u1ebft, kh\u00ed h\u1eadu v\u00e0 l\u01b0\u1ee3ng m\u01b0a ho\u00e0n h\u1ea3o h\u01a1n b\u1ea5t c\u1ee9 n\u01a1i n\u00e0o tr\u00ean th\u1ebf gi\u1edbi. Nh\u00e2n s\u00e2m Canada c\u00f3 \u0111\u1eb7c t\u00ednh d\u1ecbu m\u00e1t, \u0111i\u1ec1u m\u00e0 nh\u00e2n s\u00e2m Ch\u00e2u \u00c1 kh\u00f4ng c\u00f3 \u0111\u01b0\u1ee3c, ch\u00ednh v\u00ec l\u00fd do n\u00e0y n\u00ean nh\u00e2n s\u00e2m Canada ho\u00e0n to\u00e0n ph\u00f9 h\u1ee3p cho ng\u01b0\u1eddi cao huy\u1ebft \u00e1p.<\/strong><\/p>\n<p><strong>M\u00f4 t\u1ea3 s\u1ea3n ph\u1ea9m: <img loading=\"lazy\" decoding=\"async\" class=\" wp-image-293 aligncenter\" src=\"http:\/\/minhtranhub.vn\/wp-content\/uploads\/2021\/05\/z2495691616137_35efd593a03333470b3daae2f52cf178-300x300.jpg\" alt=\"\" width=\"424\" height=\"424\" \/><\/strong><\/p>\n<ul>\n<li>Ho\u1ea1t \u0111\u1ed9ng c\u1ee7a nh\u00e2n s\u00e2m Canada v\u1edbi h\u1ee3p ch\u1ea5t \u2013 Ginsenosides \u0111\u00e3 \u0111\u01b0\u1ee3c c\u00e1c nh\u00e0 khoa h\u1ecdc ghi nh\u1eadn c\u00f3 t\u00e1c d\u1ee5ng g\u00e2y m\u1ed9t lo\u1ea1t c\u00e1c ho\u1ea1t \u0111\u1ed9ng sinh h\u1ecdc kh\u00e1c nhau d\u1eabn \u0111\u1ebfn \u1ed5n \u0111\u1ecbnh \u0111\u01b0\u1eddng huy\u1ebft, ch\u1ed1ng vi\u00eam, t\u0103ng c\u01b0\u1eddng ho\u1ea1t \u0111\u1ed9ng tim m\u1ea1ch, t\u00e1c d\u1ee5ng b\u1ea3o v\u1ec7 v\u00e0 ch\u1ed1ng kh\u1ed1i u.<\/li>\n<li>M\u1eadt Ong Nh\u00e2n S\u00e2m l\u00e0 s\u1ea3n ph\u1ea9m c\u1ee7a Canada v\u1edbi k\u1ebft c\u1ea5u d\u1ea1ng kem, ti\u1ec7n l\u1ee3i, d\u1ec5 s\u1eed d\u1ee5ng. H\u01b0\u01a1ng v\u1ecb \u0111\u1eb7c tr\u01b0ng c\u1ee7a M\u1eadt Ong k\u1ebft h\u1ee3p c\u00f9ng Nh\u00e2n S\u00e2m Canada th\u01a1m ngon. M\u1eadt ong Canadian Vita \u0111\u01b0\u1ee3c l\u00e0m b\u1eb1ng b\u1ed9t nh\u00e2n s\u00e2m th\u01b0\u1ee3ng h\u1ea1ng, ch\u1ec9 s\u1eed d\u1ee5ng nh\u1eefng c\u1ee7 nh\u00e2n s\u00e2m 6 n\u0103m tu\u1ed5i \u0111\u1ea1t ch\u1ea5t l\u01b0\u1ee3ng, M\u1eadt Ong \u0111\u01b0\u1ee3c ti\u1ec7t tr\u00f9ng v\u00e0 ch\u1ec9 \u0111\u01b0\u1ee3c thanh l\u1ecdc. M\u1eadt Ong Nh\u00e2n S\u00e2m c\u00f3 th\u1ec3 d\u00f9ng \u0111\u1ec3 pha v\u1edbi n\u01b0\u1edbc \u1ea5m, n\u01b0\u1edbc tr\u00e0, \u0103n c\u00f9ng b\u00e1nh m\u00ec ho\u1eb7c \u0103n ri\u00eang.<\/li>\n<li>Quy c\u00e1ch \u0111\u00f3ng h\u1ed9p: 500 gram\/ h\u1ed9p<\/li>\n<li>Xu\u1ea5t x\u1ee9: Canada<\/li>\n<li><span style=\"color: #0000ff;\">Xem th\u00eam:http:\/\/minhtranhub.vn\/product\/mat-ong-nhan-sam-canadian-vita\/<\/span><\/li>\n<\/ul>\n<p><strong><span style=\"color: #d83131;\">4. Cam s\u1ea5y saffron<\/span><\/strong><\/p>\n<ul>\n<li><em><strong>Ho\u1ea1t \u0111\u1ed9ng c\u1ee7a nh\u00e2n s\u00e2m Canada v\u1edbi h\u1ee3p ch\u1ea5t<\/strong><\/em><\/li>\n<li>Ginsenosides \u0111\u00e3 \u0111\u01b0\u1ee3c c\u00e1c nh\u00e0 khoa h\u1ecdc ghi nh\u1eadn c\u00f3 t\u00e1c d\u1ee5ng g\u00e2y m\u1ed9t lo\u1ea1t c\u00e1c ho\u1ea1t \u0111\u1ed9ng sinh h\u1ecdc kh\u00e1c nhau d\u1eabn \u0111\u1ebfn \u1ed5n \u0111\u1ecbnh \u0111\u01b0\u1eddng huy\u1ebft, ch\u1ed1ng vi\u00eam, t\u0103ng c\u01b0\u1eddng ho\u1ea1t \u0111\u1ed9ng tim m\u1ea1ch, t\u00e1c d\u1ee5ng b\u1ea3o v\u1ec7 v\u00e0 ch\u1ed1ng kh\u1ed1i u.<\/li>\n<li>Cam \u0111\u01b0\u1ee3c l\u1ef1a ch\u1ecdn k\u1ef9 c\u00e0ng v\u1ec1 c\u1ea3 ch\u1ea5t l\u01b0\u1ee3ng v\u00e0 ngu\u1ed3n g\u1ed1c, sau \u0111\u00f3 \u0111\u01b0\u1ee3c s\u1ea5y kh\u00f4 th\u1ee7 c\u00f4ng , lu\u00f4n \u0111\u1ea3m b\u1ea3o v\u1ec7 sinh an to\u00e0n th\u1ef1c ph\u1ea9m, gi\u00fap b\u1ea1n t\u0103ng c\u01b0\u1eddng th\u1ec3 l\u1ef1c, mi\u1ec5n d\u1ecbch, s\u1ee9c \u0111\u1ec1 kh\u00e1ng m\u00e0 c\u00f2n c\u00f3 hi\u1ec7u qu\u1ea3 th\u1ea7n k\u1ef3 trong vi\u1ec7c ng\u0103n ng\u1eeba x\u01a1 c\u1ee9ng \u0111\u1ed9ng m\u1ea1ch v\u00e0 ph\u00f2ng ch\u1ed1ng ung th\u01b0.<\/li>\n<li><strong>S\u00e2m Cam<\/strong>\u00a0ch\u1ec9 \u0111\u01b0\u1ee3c s\u1ea3n xu\u1ea5t theo \u0111\u01a1n \u0111\u1eb7t h\u00e0ng n\u00ean lu\u00f4n \u0111\u1ea3m b\u1ea3o ch\u1ea5t l\u01b0\u1ee3ng t\u1ed1t nh\u1ea5t.<\/li>\n<\/ul>\n<p><span style=\"color: #0000ff;\">Xem th\u00eam: http:\/\/minhtranhub.vn\/product\/goi-sam-cam-say-kho\/<\/span><\/p>\n<p><strong>websize:<\/strong>\u00a0<span style=\"color: #0000ff;\">minhtranhub.vn<\/span><\/p>\n<p><strong>Facebook:<\/strong>\u00a0<span style=\"color: #0000ff;\">https:\/\/www.facebook.com\/minhtranhub<\/span><\/p>\n<p><strong>Hotline:<\/strong>\u00a0<span style=\"color: #0000ff;\">0935.087.584<\/span><\/p>\n<p><strong>Mi\u1ec5n ph\u00ed giao nhanh 2h n\u1ed9i th\u00e0nh TP.HCM<\/strong><\/p>\n","protected":false},"excerpt":{"rendered":"<p>B\u1ed9 qu\u00e0 t\u1eb7ng t\u1ebft 2022 \u00fd ngh\u0129a v\u1edbi s\u1ef1 k\u1ebft h\u1ee3p c\u1ee7a c\u00e1c s\u1ea3n ph\u1ea9m nh\u00e2n s\u00e2m th\u01b0\u1ee3ng h\u1ea1ng v\u00e0 m\u1eabu m\u00e3 b\u1eaft m\u1eaft c\u00f9ng nhi\u1ec1u s\u1ef1 l\u1ef1a chon g\u1eedi \u0111\u1ebfn qu\u00fd kh\u00e1ch h\u00e0ng. B\u1ed9 qu\u00e0 t\u1eb7ng t\u1ebft &#8211; Long ph\u1ee5ng l\u00e0 m\u00f3n qu\u00e0 \u0111\u1eb7c bi\u1ec7t d\u00e0nh t\u1eb7ng cho doanh nghi\u1ec7p, \u0111\u1ed1i t\u00e1c.<\/p>\n","protected":false},"featured_media":470,"comment_status":"open","ping_status":"closed","template":"","meta":[],"product_cat":[41],"product_tag":[],"class_list":["post-469","product","type-product","status-publish","has-post-thumbnail","hentry","product_cat-qua-tang-suc-khoe"],"_links":{"self":[{"href":"https:\/\/store1.k-tech-services.com\/minhtranhub\/wp-json\/wp\/v2\/product\/469","targetHints":{"allow":["GET"]}}],"collection":[{"href":"https:\/\/store1.k-tech-services.com\/minhtranhub\/wp-json\/wp\/v2\/product"}],"about":[{"href":"https:\/\/store1.k-tech-services.com\/minhtranhub\/wp-json\/wp\/v2\/types\/product"}],"replies":[{"embeddable":true,"href":"https:\/\/store1.k-tech-services.com\/minhtranhub\/wp-json\/wp\/v2\/comments?post=469"}],"wp:featuredmedia":[{"embeddable":true,"href":"https:\/\/store1.k-tech-services.com\/minhtranhub\/wp-json\/wp\/v2\/media\/470"}],"wp:attachment":[{"href":"https:\/\/store1.k-tech-services.com\/minhtranhub\/wp-json\/wp\/v2\/media?parent=469"}],"wp:term":[{"taxonomy":"product_cat","embeddable":true,"href":"https:\/\/store1.k-tech-services.com\/minhtranhub\/wp-json\/wp\/v2\/product_cat?post=469"},{"taxonomy":"product_tag","embeddable":true,"href":"https:\/\/store1.k-tech-services.com\/minhtranhub\/wp-json\/wp\/v2\/product_tag?post=469"}],"curies":[{"name":"wp","href":"https:\/\/api.w.org\/{rel}","templated":true}]}}