{"id":429,"date":"2021-11-11T07:08:17","date_gmt":"2021-11-11T07:08:17","guid":{"rendered":"http:\/\/minhtranhub.vn\/?post_type=product&amp;p=429"},"modified":"2021-11-11T07:08:17","modified_gmt":"2021-11-11T07:08:17","slug":"bo-qua-tang-tet-y-nghia-2022-truong-tho","status":"publish","type":"product","link":"https:\/\/store1.k-tech-services.com\/minhtranhub\/san-pham\/bo-qua-tang-tet-y-nghia-2022-truong-tho\/","title":{"rendered":"B\u1ed8 QU\u00c0 T\u1eb6NG T\u1ebeT \u00dd NGH\u0128A 2022 &#8211; TR\u01af\u1edcNG TH\u1ecc"},"content":{"rendered":"<p>T\u00ean s\u1ea3n ph\u1ea9m: <strong>B\u1ed9 qu\u00e0 t\u1ebft &#8211; Tr\u01b0\u1eddng Th\u1ecd<\/strong><\/p>\n<p>Quy c\u00e1ch: B\u1ed9 s\u1ea3n ph\u1ea9m g\u1ed3m 1 g\u00f3i<strong> s\u00e2m s\u1ea5y l\u00e1t Canada 50g<\/strong> &#8211; <strong>1 h\u0169 s\u00e2m vi\u00ean nang Canada 60 vi\u00ean<\/strong> &#8211; <strong>1 h\u0169 cam s\u1ea5y safaron<\/strong>.<\/p>\n<p><strong>T\u1eb7ng qu\u00e0 t\u1ebft kh\u00f4ng ch\u1ec9 mang \u00dd ngh\u0129a l\u00e0 g\u00ecn gi\u1eef m\u1ed9t n\u00e9t v\u0103n h\u00f3a truy\u1ec1n th\u1ed1ng \u0111\u1eb9p c\u1ee7a d\u00e2n t\u1ed9c m\u00e0 c\u00f2n l\u00e0 c\u00e1ch m\u00e0 ch\u00fang ta th\u1ec3 hi\u1ec7n t\u00ecnh c\u1ea3m, m\u1ed1i quan t\u00e2m ch\u00e2n t\u00ecnh gi\u1eefa nh\u1eefng ng\u01b0\u1eddi th\u00e2n, \u0111\u1ed3ng nghi\u1ec7p v\u1edbi nhau.<\/strong><\/p>\n<p><strong>B\u1ed9 qu\u00e0 t\u1eb7ng t\u1ebft 2022 &#8211; Tr\u01b0\u1eddng Th\u1ecd <\/strong>thay cho v\u1ea1n <em>l\u1eddi ch\u00fac g\u1eedi \u0111\u1ebfn b\u1ed1 m\u1eb9, \u00f4ng b\u00e0 v\u00e0 nh\u1eefng ng\u01b0\u1eddi th\u00e2n y\u00eau c\u1ee7a b\u1ea1n<\/em>. Ch\u00fang t\u00f4i \u0111\u00e3 s\u1eed d\u1ee5ng b\u1ed9 s\u1ea3n ph\u1ea9m <em>Nh\u00e2n s\u00e2m t\u1eeb v\u00f9ng Ontario Canada n\u01a1i t\u1ea1o ra ch\u1ea5t l\u01b0\u1ee3ng nh\u00e2n s\u00e2m th\u01b0\u1ee3ng h\u1ea1ng nh\u1ea5t th\u1ebf gi\u1edbi.\u00a0<\/em><\/p>\n<p>&nbsp;<\/p>\n<p><img loading=\"lazy\" decoding=\"async\" class=\"wp-image-430  aligncenter\" src=\"http:\/\/localhost\/minhtranhub\/wp-content\/uploads\/2021\/11\/z2922435419603_d5dcf885b632e02818b2c4bb39e2c4dc.jpg\" alt=\"\" width=\"544\" height=\"725\" srcset=\"https:\/\/store1.k-tech-services.com\/minhtranhub\/wp-content\/uploads\/2021\/11\/z2922435419603_d5dcf885b632e02818b2c4bb39e2c4dc.jpg 960w, https:\/\/store1.k-tech-services.com\/minhtranhub\/wp-content\/uploads\/2021\/11\/z2922435419603_d5dcf885b632e02818b2c4bb39e2c4dc-600x800.jpg 600w, https:\/\/store1.k-tech-services.com\/minhtranhub\/wp-content\/uploads\/2021\/11\/z2922435419603_d5dcf885b632e02818b2c4bb39e2c4dc-225x300.jpg 225w, https:\/\/store1.k-tech-services.com\/minhtranhub\/wp-content\/uploads\/2021\/11\/z2922435419603_d5dcf885b632e02818b2c4bb39e2c4dc-768x1024.jpg 768w\" sizes=\"auto, (max-width: 544px) 100vw, 544px\" \/><\/p>\n<p style=\"text-align: center;\"><span style=\"color: #ed1c24;\"><strong>B\u1ed9 qu\u00e0 t\u1eb7ng t\u1ebft &#8211; Tr\u01b0\u1eddng Th\u1ecd<\/strong><\/span><\/p>\n<p>Set qu\u00e0 n\u00e0y bao g\u1ed3m nh\u1eefng s\u1ea3n ph\u1ea9m d\u00f9ng \u0111\u1ec3 nh\u00e2m nhi, th\u01b0\u1edfng th\u1ee9c thi v\u1ecb th\u01b0\u1ee3ng h\u1ea1ng c\u1ee7a cu\u1ed9c s\u1ed1ng. N\u00f3 \u0111\u1eb7c bi\u1ec7t ph\u00f9 h\u1ee3p d\u00f9ng \u0111\u1ec3 k\u00ednh bi\u1ebfu \u00f4ng b\u00e0 v\u1edbi l\u1eddi ch\u00fac<strong> b\u00e1ch ni\u00ean giai l\u00e3o &#8211; v\u1ea1n th\u1ecd v\u00f4 c\u01b0\u01a1ng<\/strong><\/p>\n<p><strong>\u00a0 \u00a0 \u00a0 \u00a01.S\u00e2m s\u1ea5y l\u00e1t Canada 50g<\/strong> \u0111\u01b0\u1ee3c s\u1eed d\u1ee5ng t\u1eeb nh\u1eefng c\u1ee7 s\u00e2m to tr\u00ean 5 n\u0103m tu\u1ed5i, \u0111\u01b0\u1ee3c c\u1eaft l\u00e1t v\u00e0 s\u1ea5y kh\u00f4 d\u01b0\u1edbi d\u00e2y chuy\u1ec3n hi\u1ec7n \u0111\u1ea1i v\u00e0 chuy\u00ean nghi\u1ec7p.<\/p>\n<p><img loading=\"lazy\" decoding=\"async\" class=\"wp-image-271 size-full aligncenter\" src=\"http:\/\/localhost\/minhtranhub\/wp-content\/uploads\/2021\/05\/z2457553455039_65b25353e7a7f4bd2bccf298dcbf897a-removebg-preview-1.png\" alt=\"\" width=\"465\" height=\"536\" srcset=\"https:\/\/store1.k-tech-services.com\/minhtranhub\/wp-content\/uploads\/2021\/05\/z2457553455039_65b25353e7a7f4bd2bccf298dcbf897a-removebg-preview-1.png 465w, https:\/\/store1.k-tech-services.com\/minhtranhub\/wp-content\/uploads\/2021\/05\/z2457553455039_65b25353e7a7f4bd2bccf298dcbf897a-removebg-preview-1-260x300.png 260w\" sizes=\"auto, (max-width: 465px) 100vw, 465px\" \/><\/p>\n<p><span style=\"color: #0000ff;\">Xem th\u00eam chi ti\u1ebft s\u1ea3n ph\u1ea9m: http:\/\/minhtranhub.vn\/product\/nhan-sam-canada-say-kho-cat-lat-canadian-vita\/<\/span><\/p>\n<p>&nbsp;<\/p>\n<p><strong>2. S\u00e2m vi\u00ean nang Canada 60 vi\u00ean\/h\u0169<\/strong> th\u00e0nh ph\u1ea7n ch\u00ednh l\u00e0 100% nh\u00e2n s\u00e2m Canada nghi\u1ec1n n\u00e1t v\u00e0 n\u00e9n th\u00e0nh vi\u00ean. Ti\u1ec7n l\u1ee3i, d\u1ec5 s\u1eed d\u1ee5ng, gi\u00fap b\u1ed5 sung, t\u00e1i t\u1ea1o n\u0103ng l\u01b0\u1ee3ng cho c\u01a1 th\u1ec3.<\/p>\n<p><img loading=\"lazy\" decoding=\"async\" class=\"aligncenter wp-image-292 \" src=\"http:\/\/minhtranhub.vn\/wp-content\/uploads\/2021\/05\/z2495691858258_d74f1b3fd08c1595ddeb0c7d41cb953c-1024x1024.jpg\" alt=\"\" width=\"410\" height=\"410\" \/><\/p>\n<p><span style=\"color: #0000ff;\">Xem th\u00eam: http:\/\/minhtranhub.vn\/product\/nhan-sam-canadian-vita-dang-vien-nang\/<\/span><\/p>\n<p><strong>3<\/strong>.<strong> Cam s\u1ea5y safaron:<\/strong> Cam nh\u1eadp kh\u1ea9u t\u1eeb Nam Phi , \u0111\u01b0\u1ee3c l\u1ef1a ch\u1ecdn v\u00e0 s\u1ea5y th\u1ee7 c\u00f4ng 100% t\u1ea1o ra nh\u1eefng l\u00e1t cam ch\u1ea5t l\u01b0\u1ee3ng nh\u1ea5t k\u1ebft h\u1ee3p c\u00f9ng nh\u1ee5y hoa ngh\u1ec7 t\u00e2y Dubai gi\u00fap thanh l\u1ecdc c\u01a1 th\u1ec3, gi\u1ea3m c\u0103ng th\u1eb3ng, ng\u1ee7 ngon v\u00e0 s\u00e2u gi\u1ea5c.<\/p>\n<p><strong>websize:<\/strong> <span style=\"color: #0000ff;\">minhtranhub.vn<\/span><\/p>\n<p><strong>Facebook:<\/strong><span style=\"color: #0000ff;\"> https:\/\/www.facebook.com\/minhtranhub<\/span><\/p>\n<p><strong>Hotline:<\/strong> <span style=\"color: #ed1c24;\">0935.087.584<\/span><\/p>\n<p><strong>Mi\u1ec5n ph\u00ed giao nhanh 2h n\u1ed9i th\u00e0nh TP.HCM<\/strong><\/p>\n<p>&nbsp;<\/p>\n<p>&nbsp;<\/p>\n<p>&nbsp;<\/p>\n<p>&nbsp;<\/p>\n","protected":false},"excerpt":{"rendered":"<p>B\u1ed9 qu\u00e0 t\u1eb7ng t\u1ebft 2022 \u00fd ngh\u0129a v\u1edbi s\u1ef1 k\u1ebft h\u1ee3p c\u1ee7a c\u00e1c s\u1ea3n ph\u1ea9m nh\u00e2n s\u00e2m th\u01b0\u1ee3ng h\u1ea1ng v\u00e0 m\u1eabu m\u00e3 b\u1eaft m\u1eaft c\u00f9ng nhi\u1ec1u s\u1ef1 l\u1ef1a chon g\u1eedi \u0111\u1ebfn qu\u00fd kh\u00e1ch h\u00e0ng. B\u1ed9 qu\u00e0 t\u1eb7ng t\u1ebft -Tr\u01b0\u1eddng Th\u1ecd l\u00e0 m\u00f3n qu\u00e0 \u0111\u1eb7c bi\u1ec7t d\u00e0nh cho \u00f4ng b\u00e0 v\u1edbi l\u1eddi ch\u00fac <strong>b\u00e1ch ni\u00ean giai l\u00e3o &#8211; v\u1ea1n th\u1ecd v\u00f4 c\u01b0\u01a1ng.<\/strong><\/p>\n","protected":false},"featured_media":422,"comment_status":"open","ping_status":"closed","template":"","meta":[],"product_cat":[41],"product_tag":[22],"class_list":["post-429","product","type-product","status-publish","has-post-thumbnail","hentry","product_cat-qua-tang-suc-khoe","product_tag-bo-qua-tang-tet-2022"],"_links":{"self":[{"href":"https:\/\/store1.k-tech-services.com\/minhtranhub\/wp-json\/wp\/v2\/product\/429","targetHints":{"allow":["GET"]}}],"collection":[{"href":"https:\/\/store1.k-tech-services.com\/minhtranhub\/wp-json\/wp\/v2\/product"}],"about":[{"href":"https:\/\/store1.k-tech-services.com\/minhtranhub\/wp-json\/wp\/v2\/types\/product"}],"replies":[{"embeddable":true,"href":"https:\/\/store1.k-tech-services.com\/minhtranhub\/wp-json\/wp\/v2\/comments?post=429"}],"wp:featuredmedia":[{"embeddable":true,"href":"https:\/\/store1.k-tech-services.com\/minhtranhub\/wp-json\/wp\/v2\/media\/422"}],"wp:attachment":[{"href":"https:\/\/store1.k-tech-services.com\/minhtranhub\/wp-json\/wp\/v2\/media?parent=429"}],"wp:term":[{"taxonomy":"product_cat","embeddable":true,"href":"https:\/\/store1.k-tech-services.com\/minhtranhub\/wp-json\/wp\/v2\/product_cat?post=429"},{"taxonomy":"product_tag","embeddable":true,"href":"https:\/\/store1.k-tech-services.com\/minhtranhub\/wp-json\/wp\/v2\/product_tag?post=429"}],"curies":[{"name":"wp","href":"https:\/\/api.w.org\/{rel}","templated":true}]}}