{"id":384,"date":"2021-10-31T16:04:30","date_gmt":"2021-10-31T16:04:30","guid":{"rendered":"http:\/\/minhtranhub.vn\/?post_type=product&amp;p=384"},"modified":"2021-10-31T16:04:30","modified_gmt":"2021-10-31T16:04:30","slug":"tinh-chat-cao-hong-sam-co-dac-kgc-240g","status":"publish","type":"product","link":"https:\/\/store1.k-tech-services.com\/minhtranhub\/san-pham\/tinh-chat-cao-hong-sam-co-dac-kgc-240g\/","title":{"rendered":"TINH CH\u1ea4T CAO H\u1ed2NG S\u00c2M C\u00d4 \u0110\u1eb6C KGC (240g)"},"content":{"rendered":"<p><strong>Tinh ch\u1ea5t Cao h\u1ed3ng s\u00e2m 1 l\u1ecd 240g<\/strong> l\u00e0 h\u00ecnh th\u1ee9c tinh khi\u1ebft nh\u1ea5t c\u1ee7a 100% nh\u00e2n s\u00e2m H\u1ed3ng S\u00e2m cao c\u1ea5p 100% c\u00f3 s\u1eb5n tr\u00ean th\u1ecb tr\u01b0\u1eddng. T\u00e1c d\u1ee5ng c\u1ee7a Cao h\u1ed3ng s\u00e2m H\u00e0n Qu\u1ed1c l\u00e0 b\u1ed3i b\u1ed5 s\u1ee9c kh\u1ecfe, t\u0103ng c\u01b0\u1eddng tr\u00ed nh\u1edb, ch\u1ed1ng l\u00e3o h\u00f3a, gi\u00fap l\u01b0u th\u00f4ng \u0111\u01b0\u1eddng huy\u1ebft, thanh l\u1ecdc c\u01a1 th\u1ec3, t\u1eadp chung h\u01a1n, ng\u01b0\u1eddi m\u1edbi \u1ed1m d\u1eady nhanh trong l\u1ea5y l\u1ea1i s\u1ee9c kh\u1ecfe\u2026 Th\u01b0\u01a1ng hi\u1ec7u KGC &#8211; Cheon Kwan Jang l\u00e0 m\u1ed9t trong nh\u1eefng th\u01b0\u01a1ng hi\u1ec7u nh\u00e2n s\u00e2m l\u00e2u \u0111\u1eddi v\u00e0 uy t\u00edn nh\u1ea5t H\u00e0n Qu\u1ed1c, \u0111\u01b0\u1ee3c ch\u00ednh ph\u1ee7 H\u00e0n Qu\u1ed1c c\u00f4ng nh\u1eadn v\u00e0 b\u1ed5 tr\u1ee3.<\/p>\n<p>Th\u00e0nh ph\u1ea7n : 100% tinh ch\u1ea5t H\u1ed3ng s\u00e2m c\u00f4 \u0111\u1eb7c<\/p>\n<p>Quy c\u00e1ch \u0111\u00f3ng g\u00f3i: 240g\/h\u0169<\/p>\n<p>C\u00f4ng d\u1ee5ng:<\/p>\n<ul>\n<li>\u0110i\u1ec1u h\u00f2a v\u00e0 <strong>\u1ed5n \u0111\u1ecbnh huy\u1ebft \u00e1p<\/strong> cho ng\u01b0\u1eddi cao tu\u1ed5i<\/li>\n<li><strong>Ng\u0103n ng\u1eeba c\u00e1c b\u1ec7nh tim m\u1ea1ch<\/strong> b\u1eb1ng c\u00e1ch \u1ee9c ch\u1ebf k\u1ebft t\u1eadp ti\u1ec3u c\u1ea7u v\u00e0 ho\u1ea1t \u0111\u1ed9ng \u0111\u00f4ng m\u00e1u.<\/li>\n<li><strong>Gi\u1ea3m lipid trong m\u00e1u<\/strong> v\u00e0 <strong>\u1ed5n \u0111\u1ecbnh \u0111\u01b0\u1eddng huy\u1ebft<\/strong>, ng\u0103n ng\u1eeba v\u00e0 ph\u00f2ng c\u00e1c b\u1ec7nh li\u00ean quan \u0111\u1ebfn ti\u1ec3u \u0111\u01b0\u1eddng.<\/li>\n<li><strong>Gi\u1ea3i t\u1ecfa stress,<\/strong> k\u00edch th\u00edch th\u1ea7n kinh, gi\u1ea3m thi\u1ec3u c\u1ea3m gi\u00e1c m\u1ec7t m\u1ecfi, b\u1ee9c b\u1ed1i v\u00ec \u00e1p l\u1ef1c c\u00f4ng vi\u1ec7c c\u1ee7a ng\u01b0\u1eddi \u0111\u00e0n \u00f4ng.<\/li>\n<li><strong>Gi\u1ea3i \u0111\u1ed9c v\u00e0 b\u1ea3o v\u1ec7 gan<\/strong>, ph\u1ed5i v\u00e0 \u0111\u01b0\u1eddng h\u00f4 h\u1ea5p kh\u1ecfi c\u00e1c t\u00e1c h\u1ea1i c\u1ee7a h\u00fat thu\u1ed1c l\u00e1, u\u1ed1ng bia r\u01b0\u1ee3u.<\/li>\n<li>H\u1ed7 tr\u1ee3 \u0111i\u1ec1u h\u00f2a l\u01b0\u1ee3ng n\u1ed9i ti\u1ebft t\u1ed1 nam testosterone \u2013 h\u00f3c m\u00f4n gi\u00fap <strong>t\u0103ng c\u01b0\u1eddng \u201cn\u0103ng l\u1ef1c\u201d cho ph\u00e1i m\u1ea1nh.<\/strong><\/li>\n<li><strong>Th\u00fac \u0111\u1ea9y qu\u00e1 tr\u00ecnh t\u00e1i t\u1ea1o m\u00e1u<\/strong>, t\u0103ng c\u01b0\u1eddng oxy gi\u00fap m\u1ea1ch m\u00e1u l\u01b0u th\u00f4ng n\u00ean lu\u00f4n l\u00e0m da c\u0103ng h\u1ed3ng t\u01b0\u01a1i s\u00e1ng, <strong>l\u00e0m m\u1edd n\u1ebfp nh\u0103n, v\u1ebft n\u00e1m, t\u00e0n nhang.<\/strong><\/li>\n<li><strong>Gi\u1ea3m c\u00e1c c\u01a1n \u0111au b\u1ee5ng li\u00ean quan \u0111\u1ebfn chu k\u1ef3 kinh nguy\u1ec7t<\/strong>. \u0110\u1eb7c bi\u1ec7t, v\u1edbi c\u00e1c ph\u1ee5 n\u1eef \u1edf giai \u0111o\u1ea1n ti\u1ec1n m\u00e3n kinh, cao h\u1ed3ng s\u00e2m gi\u00fap <strong>gi\u1ea3m c\u00e1c nguy c\u01a1 v\u1ec1 b\u1ec7nh tim m\u1ea1ch, gi\u1ea3m \u0111\u1ed9 lo\u00e3ng x\u01b0\u01a1ng \u1edf ph\u1ee5 n\u1eef<\/strong>.<\/li>\n<\/ul>\n<p><b>H\u01b0\u1edbng d\u1eabn s\u1eed d\u1ee5ng:<\/b> Ng\u01b0\u1eddi l\u1edbn c\u00f3 th\u1ec3 u\u1ed1ng 1g m\u1ed7i l\u1ea7n d\u00f9ng, t\u1ed1i \u0111a 3 l\u1ea7n m\u1ed7i ng\u00e0y. Tr\u1ebb em t\u1eeb 12 \u2013 18 tu\u1ed5i c\u00f3 th\u1ec3 u\u1ed1ng ph\u00e2n n\u1eeda ng\u01b0\u1eddi l\u1edbn. C\u00f3 2 c\u00e1ch s\u1eed d\u1ee5ng ph\u1ed5 bi\u1ebfn nh\u1ea5t nh\u01b0 sau:<\/p>\n<p><strong>1\/ D\u00f9ng cao h\u1ed3ng s\u00e2m H\u00e0n Qu\u1ed1c tr\u1ef1c ti\u1ebfp<\/strong><\/p>\n<ul>\n<li>L\u1ea5y m\u1ed9t mu\u1ed7ng nh\u1ecf cao h\u1ed3ng s\u00e2m H\u00e0n Qu\u1ed1c (th\u01b0\u1eddng th\u00ec mu\u1ed7ng \u0111\u00e3 c\u00f3 s\u1eb5n \u1edf trong m\u1ed7i h\u1ed9p cao) pha v\u00e0o 100ml n\u01b0\u1edbc \u1ea5m.<\/li>\n<li>U\u1ed1ng tr\u01b0\u1edbc b\u1eefa \u0103n.<\/li>\n<li>Duy tr\u00ec u\u1ed1ng \u0111\u1ec1u \u0111\u1eb7n m\u1ed7i ng\u00e0y 1 l\u1ea7n v\u00e0o bu\u1ed5i s\u00e1ng ho\u1eb7c tr\u01b0a s\u1ebd thu \u0111\u01b0\u1ee3c hi\u1ec7u qu\u1ea3 t\u1ed1i \u0111a. Ngo\u00e0i ra, n\u1ebfu th\u1ea5y qu\u00e1 \u0111\u1eafng, b\u1ea1n c\u00f3 th\u1ec3 pha th\u00eam ch\u00fat m\u1eadt ong \u0111\u1ec3 d\u1ec5 u\u1ed1ng h\u01a1n.<\/li>\n<\/ul>\n<p><strong>2\/ D\u00f9ng cao h\u1ed3ng s\u00e2m H\u00e0n Qu\u1ed1c n\u1ea5u ch\u00e1o:<\/strong><\/p>\n<ul>\n<li>Sau khi vo g\u1ea1o, \u0111\u1ed5 g\u1ea1o v\u00e0 n\u01b0\u1edbc v\u00e0o trong n\u1ed3i ( tr\u00e1nh d\u00f9ng n\u1ed3i inox)<\/li>\n<li>\u0110un \u0111\u1ebfn khi g\u1ea1o m\u1ec1m v\u00e0 n\u01b0\u1edbc c\u00f4 l\u1ea1i<\/li>\n<li>L\u1ea5y m\u1ed9t mu\u1ed7ng nh\u1ecf cao h\u1ed3ng s\u00e2m cho v\u00e0o trong ch\u00e1o<\/li>\n<li>Khu\u1ea5y \u0111\u1ec1u \u0111\u1ec3 ch\u00e1o v\u00e0 cao h\u1ed3ng s\u00e2m h\u00f2a quy\u1ec7n r\u1ed3i r\u1eafc ch\u00fat h\u00e0nh l\u00e1 l\u00ean v\u00e0 th\u01b0\u1edfng th\u1ee9c<\/li>\n<\/ul>\n<p><b>L\u01b0u \u00fd:\u00a0<\/b><\/p>\n<p><strong>&#8211; \u0110\u1ed1i v\u1edbi ng\u01b0\u1eddi b\u1ecb ti\u1ec3u \u0111\u01b0\u1eddng ho\u1eb7c huy\u1ebft \u00e1p<\/strong><\/p>\n<ul>\n<li>N\u00ean d\u00f9ng c\u00e1ch xa th\u1eddi gian u\u1ed1ng thu\u1ed1c t\u1ea7m 1 gi\u1edd \u0111\u1ed3ng h\u1ed3<\/li>\n<li>D\u00f9ng sau b\u1eefa \u0103n 15-20 ph\u00fat<\/li>\n<li>Li\u1ec1u d\u00f9ng th\u1ea5p h\u01a1n ng\u01b0\u1eddi b\u00ecnh th\u01b0\u1eddng v\u00e0 t\u0103ng d\u1ea7n sau khi \u0111\u00e3 quen<\/li>\n<\/ul>\n<p><strong>&#8211; \u0110\u1ed1i v\u1edbi ng\u01b0\u1eddi m\u1ec7t m\u1ecfi, \u1ed1m y\u1ebfu, suy nh\u01b0\u1ee3c c\u01a1 th\u1ec3<\/strong><\/p>\n<ul>\n<li>N\u00ean d\u00f9ng li\u1ec1u l\u01b0\u1ee3ng nh\u1ecf h\u01a1n ng\u01b0\u1eddi b\u00ecnh th\u01b0\u1eddng, v\u00ec c\u01a1 th\u1ec3 c\u00e0ng y\u1ebfu h\u1ea5p th\u1ee5 s\u00e2m c\u00e0ng k\u00e9m.<\/li>\n<\/ul>\n<p>&#8211; Kh\u00f4ng d\u00f9ng cho ng\u01b0\u1eddi m\u1eafc ch\u1ee9ng m\u00e1u kh\u00f3 \u0111\u00f4ng, ph\u1ee5 n\u0169 mang thai v\u00e0 tr\u1ebb em d\u01b0\u1edbi 12 tu\u1ed5i. Kh\u00f4ng s\u1eed d\u1ee5ng tr\u00e0 v\u00e0 c\u00e0 ph\u00ea sau khi s\u1eed d\u1ee5ng h\u1ed3ng s\u00e2m \u0111\u1ec3 tr\u00e1nh b\u1ecb m\u1ea5t t\u00e1c d\u1ee5ng. kh\u00f4ng s\u1eed d\u1ee5ng sau 15h30 \u0111\u1ec3 tr\u00e1nh b\u1ecb m\u1ea5t ng\u1ee7.<\/p>\n<p><i>L\u01b0u \u00fd: s\u1ea3n ph\u1ea9m n\u00e0y kh\u00f4ng ph\u1ea3i l\u00e0 thu\u1ed1c, kh\u00f4ng c\u00f3 t\u00e1c d\u1ee5ng thay th\u1ebf thu\u1ed1c ch\u1eefa b\u1ec7nh.<\/i><\/p>\n<p>&nbsp;<\/p>\n","protected":false},"excerpt":{"rendered":"<p>Tinh ch\u1ea5t Cao h\u1ed3ng s\u00e2m 1 l\u1ecd 240g l\u00e0 h\u00ecnh th\u1ee9c tinh khi\u1ebft nh\u1ea5t c\u1ee7a 100% nh\u00e2n s\u00e2m H\u1ed3ng S\u00e2m cao c\u1ea5p 100% c\u00f3 s\u1eb5n tr\u00ean th\u1ecb tr\u01b0\u1eddng. T\u00e1c d\u1ee5ng c\u1ee7a Cao h\u1ed3ng s\u00e2m H\u00e0n Qu\u1ed1c l\u00e0 b\u1ed3i b\u1ed5 s\u1ee9c kh\u1ecfe, t\u0103ng c\u01b0\u1eddng tr\u00ed nh\u1edb, ch\u1ed1ng l\u00e3o h\u00f3a, gi\u00fap l\u01b0u th\u00f4ng \u0111\u01b0\u1eddng huy\u1ebft, thanh l\u1ecdc&#8230;<\/p>\n","protected":false},"featured_media":385,"comment_status":"open","ping_status":"closed","template":"","meta":[],"product_cat":[46],"product_tag":[],"class_list":["post-384","product","type-product","status-publish","has-post-thumbnail","hentry","product_cat-san-pham-han-quoc"],"_links":{"self":[{"href":"https:\/\/store1.k-tech-services.com\/minhtranhub\/wp-json\/wp\/v2\/product\/384","targetHints":{"allow":["GET"]}}],"collection":[{"href":"https:\/\/store1.k-tech-services.com\/minhtranhub\/wp-json\/wp\/v2\/product"}],"about":[{"href":"https:\/\/store1.k-tech-services.com\/minhtranhub\/wp-json\/wp\/v2\/types\/product"}],"replies":[{"embeddable":true,"href":"https:\/\/store1.k-tech-services.com\/minhtranhub\/wp-json\/wp\/v2\/comments?post=384"}],"wp:featuredmedia":[{"embeddable":true,"href":"https:\/\/store1.k-tech-services.com\/minhtranhub\/wp-json\/wp\/v2\/media\/385"}],"wp:attachment":[{"href":"https:\/\/store1.k-tech-services.com\/minhtranhub\/wp-json\/wp\/v2\/media?parent=384"}],"wp:term":[{"taxonomy":"product_cat","embeddable":true,"href":"https:\/\/store1.k-tech-services.com\/minhtranhub\/wp-json\/wp\/v2\/product_cat?post=384"},{"taxonomy":"product_tag","embeddable":true,"href":"https:\/\/store1.k-tech-services.com\/minhtranhub\/wp-json\/wp\/v2\/product_tag?post=384"}],"curies":[{"name":"wp","href":"https:\/\/api.w.org\/{rel}","templated":true}]}}