{"id":382,"date":"2021-10-31T15:42:09","date_gmt":"2021-10-31T15:42:09","guid":{"rendered":"http:\/\/minhtranhub.vn\/?post_type=product&amp;p=382"},"modified":"2021-10-31T15:42:09","modified_gmt":"2021-10-31T15:42:09","slug":"cao-hong-sam-han-quoc-365-set-2-hu","status":"publish","type":"product","link":"https:\/\/store1.k-tech-services.com\/minhtranhub\/san-pham\/cao-hong-sam-han-quoc-365-set-2-hu\/","title":{"rendered":"CAO H\u1ed2NG S\u00c2M H\u00c0N QU\u1ed0C  365 &#8211; set 2 h\u0169"},"content":{"rendered":"<p>\u0110\u01b0\u1ee3c tinh ch\u1ebf ch\u1ee7 y\u1ebfu t\u1eeb h\u1ed3ng s\u00e2m H\u00e0n Qu\u1ed1c 6 n\u0103m tu\u1ed5i v\u00e0 c\u00e1c lo\u1ea1i th\u1ea3o d\u01b0\u1ee3c qu\u00fd nh\u01b0 linh chi, b\u1ea1ch ch\u1ec9, xuy\u00ean khung&#8230; \u0111\u1ed3ng tr\u1eddi tr\u1ea3i qua qu\u00e1 tr\u00ecnh ch\u01b0ng c\u1ea5t nhi\u1ec1u l\u1ea7n, <b>Cao H\u1ed3ng S\u00e2m 365<\/b> gi\u1eef l\u1ea1i \u0111\u01b0\u1ee3c to\u00e0n b\u1ed9 th\u00e0nh ph\u1ea7n \u0111\u1eb7c hi\u1ec7u c\u1ee7a h\u1ed3ng s\u00e2m v\u00e0 nh\u00e2n s\u00e2m, tr\u1edf n\u00ean c\u00f4ng d\u1ee5ng v\u00e0 hi\u1ec7u qu\u1ea3 h\u01a1n.<\/p>\n<p><b>Quy c\u00e1ch \u0111\u00f3ng g\u00f3<\/b>i: 240g\/h\u0169, 2 h\u0169\/h\u1ed9p<\/p>\n<ul>\n<li><strong>C\u00f4ng d\u1ee5ng:<\/strong><\/li>\n<li>T\u0103ng c\u01b0\u1eddng s\u1ee9c kh\u1ecfe, lo\u1ea1i b\u1ecf m\u1ec7t m\u1ecfi.<\/li>\n<li>T\u0103ng c\u01b0\u1eddng h\u1ec7 mi\u1ec5n d\u1ecbch.<\/li>\n<li>\u0110\u1ea9y nhanh qu\u00e1 tr\u00ecnh h\u1ed3i ph\u1ee5c s\u1ee9c kh\u1ecfe (cho b\u1ec7nh nh\u00e2n ung th\u01b0 hay sau ph\u1eabu thu\u1eadt).<\/li>\n<li>Th\u01b0\u1edfng th\u1ee9c h\u01b0\u01a1ng v\u1ecb, m\u00f9i v\u1ecb \u0111\u1eadm \u0111\u00e0 \u0111\u1eb7c tr\u01b0ng c\u1ee7a h\u1ed3ng s\u00e2m.<\/li>\n<li>Gi\u00fap h\u01b0ng ph\u1ea5n h\u1ec7 th\u1ed1ng tuy\u1ebfn y\u00ean, tuy\u1ebfn v\u1ecf th\u01b0\u1ee3ng th\u1eadn, th\u00fac \u0111\u1ea9y c\u00f4ng n\u0103ng c\u1ee7a tuy\u1ebfn sinh d\u1ee5c nam v\u00e0 n\u1eef.<\/li>\n<li><span style=\"color: #555555;\">Ch\u1ed1ng l\u00e3o h\u00f3a, b\u1ed3i b\u1ed5 to\u00e0n di\u1ec7n c\u01a1 th\u1ec3, t\u0103ng c\u01b0\u1eddng h\u1ec7 mi\u1ec5n d\u1ecbch.<\/span><\/li>\n<li><span style=\"color: #555555;\">B\u1ea3o v\u1ec7 gan v\u00e0 gi\u1ea3m t\u00e1c h\u1ea1i c\u1ee7a r\u01b0\u1ee3u bia<\/span><\/li>\n<li><span style=\"color: #555555;\">L\u00e0m qu\u00e0 cho kh\u00e1ch \u0111\u1eb7c bi\u1ec7t.<\/span><\/li>\n<\/ul>\n<p><strong>C\u00e1ch d\u00f9ng:<\/strong><\/p>\n<p>Ng\u00e0y u\u1ed1ng t\u1eeb 1 \u0111\u1ebfn 2 l\u1ea7n tr\u01b0\u1edbc ho\u1eb7c sau b\u1eefa \u0103n 20 ph\u00fat. M\u1ed7i l\u1ea7n l\u1ea5y 2 \u0111\u1ebfn 3 th\u00eca cafe cao pha v\u1edbi 40 ml &#8211; 60ml n\u01b0\u1edbc \u1ea5m. C\u00f3 th\u1ec3 pha th\u00eam \u0111\u01b0\u1eddng ho\u1eb7c m\u1eadt ong t\u00f9y th\u00edch.<\/p>\n<p><i>L\u01b0u \u00fd: s\u1ea3n ph\u1ea9m n\u00e0y kh\u00f4ng ph\u1ea3i l\u00e0 thu\u1ed1c, kh\u00f4ng c\u00f3 t\u00e1c d\u1ee5ng thay th\u1ebf thu\u1ed1c ch\u1eefa b\u1ec7nh.<\/i><\/p>\n<p>&nbsp;<\/p>\n","protected":false},"excerpt":{"rendered":"<p>\u0110\u01b0\u1ee3c tinh ch\u1ebf ch\u1ee7 y\u1ebfu t\u1eeb h\u1ed3ng s\u00e2m H\u00e0n Qu\u1ed1c 6 n\u0103m tu\u1ed5i v\u00e0 c\u00e1c lo\u1ea1i th\u1ea3o d\u01b0\u1ee3c qu\u00fd nh\u01b0 linh chi, b\u1ea1ch ch\u1ec9, xuy\u00ean khung&#8230; \u0111\u1ed3ng tr\u1eddi tr\u1ea3i qua qu\u00e1 tr\u00ecnh ch\u01b0ng c\u1ea5t nhi\u1ec1u l\u1ea7n, Cao H\u1ed3ng S\u00e2m 365 gi\u1eef l\u1ea1i \u0111\u01b0\u1ee3c to\u00e0n b\u1ed9 th\u00e0nh ph\u1ea7n \u0111\u1eb7c hi\u1ec7u c\u1ee7a h\u1ed3ng s\u00e2m v\u00e0 nh\u00e2n s\u00e2m,&#8230;<\/p>\n","protected":false},"featured_media":383,"comment_status":"open","ping_status":"closed","template":"","meta":[],"product_cat":[46],"product_tag":[],"class_list":["post-382","product","type-product","status-publish","has-post-thumbnail","hentry","product_cat-san-pham-han-quoc"],"_links":{"self":[{"href":"https:\/\/store1.k-tech-services.com\/minhtranhub\/wp-json\/wp\/v2\/product\/382","targetHints":{"allow":["GET"]}}],"collection":[{"href":"https:\/\/store1.k-tech-services.com\/minhtranhub\/wp-json\/wp\/v2\/product"}],"about":[{"href":"https:\/\/store1.k-tech-services.com\/minhtranhub\/wp-json\/wp\/v2\/types\/product"}],"replies":[{"embeddable":true,"href":"https:\/\/store1.k-tech-services.com\/minhtranhub\/wp-json\/wp\/v2\/comments?post=382"}],"wp:featuredmedia":[{"embeddable":true,"href":"https:\/\/store1.k-tech-services.com\/minhtranhub\/wp-json\/wp\/v2\/media\/383"}],"wp:attachment":[{"href":"https:\/\/store1.k-tech-services.com\/minhtranhub\/wp-json\/wp\/v2\/media?parent=382"}],"wp:term":[{"taxonomy":"product_cat","embeddable":true,"href":"https:\/\/store1.k-tech-services.com\/minhtranhub\/wp-json\/wp\/v2\/product_cat?post=382"},{"taxonomy":"product_tag","embeddable":true,"href":"https:\/\/store1.k-tech-services.com\/minhtranhub\/wp-json\/wp\/v2\/product_tag?post=382"}],"curies":[{"name":"wp","href":"https:\/\/api.w.org\/{rel}","templated":true}]}}