{"id":380,"date":"2021-10-31T15:21:04","date_gmt":"2021-10-31T15:21:04","guid":{"rendered":"http:\/\/minhtranhub.vn\/?post_type=product&amp;p=380"},"modified":"2021-10-31T15:21:04","modified_gmt":"2021-10-31T15:21:04","slug":"nuoc-hong-sam-pha-san-kgc-cheong-kwan-jang-tonic","status":"publish","type":"product","link":"https:\/\/store1.k-tech-services.com\/minhtranhub\/san-pham\/nuoc-hong-sam-pha-san-kgc-cheong-kwan-jang-tonic\/","title":{"rendered":"N\u01af\u1edaC H\u1ed2NG S\u00c2M PHA S\u1eb4N KGC CHEONG KWAN JANG TONIC"},"content":{"rendered":"<p>L\u00e0 s\u1ea3n ph\u1ea9m thu\u1ed9c th\u01b0\u01a1ng hi\u1ec7u H\u1ed3ng s\u00e2m Cheong Kwan Chang &#8211; m\u1ed9t trong nh\u1eefng t\u1eadp \u0111o\u00e0n s\u1ea3n xu\u1ea5t c\u00e1c s\u1ea3n ph\u1ea9m ch\u0103m s\u00f3c s\u1ee9c l\u00e2u \u0111\u1eddi v\u00e0 n\u1ed5i ti\u1ebfng nh\u1ea5t H\u00e0n Qu\u1ed1c . C\u00e1c s\u1ea3n ph\u1ea9m\u00a0c\u1ee7a th\u01b0\u01a1ng hi\u1ec7u n\u00e0y \u0111\u1ec1u \u0111\u01b0\u1ee3c s\u1ea3n xu\u1ea5t t\u1eeb nh\u00e2n s\u00e2m \u0111\u01b0\u1ee3c nu\u00f4i tr\u1ed3ng \u0111\u1ee7 6 n\u0103m thay v\u00ec ch\u1ec9 \u0111\u01b0\u1ee3c nu\u00f4i tr\u1ed3ng trong v\u00e0i n\u0103m nh\u01b0 c\u00e1c s\u1ea3n ph\u1ea9m kh\u00e1c tr\u00ean th\u1ecb tr\u01b0\u1eddng, gi\u00fap c\u1ee7 s\u00e2m ho\u00e0n to\u00e0n tr\u01b0\u1edfng th\u00e0nh v\u1edbi \u0111\u1ea7y \u0111\u1ee7 d\u01b0\u1ee1ng ch\u1ea5t, mang l\u1ea1i hi\u1ec7u qu\u1ea3 t\u1ed1i \u01b0u cho s\u1ee9c kh\u1ecfe.<\/p>\n<p>&#8211; \u0110\u00f3ng g\u00f3i : 50ml\/ g\u00f3i, 30 g\u00f3i\/ h\u1ed9p. D\u1ea1ng n\u01b0\u1edbc \u0111\u00f3ng g\u00f3i d\u1ec5 d\u00e0ng mang theo.<\/p>\n<p>&#8211; Th\u00e0nh ph\u1ea7n : Tinh ch\u1ea5t h\u1ed3ng s\u00e2m c\u00f4 \u0111\u1eb7c 6 n\u0103m tu\u1ed5i 3% (th\u00e0nh ph\u1ea7n ch\u1ea5t r\u1eafn 60%, Ginsenoside Rg1+Rb1+Rg3 5.5 mg\/g) (t\u1ef7 l\u1ec7 pha tr\u1ed9n: c\u1ee7 s\u00e2m 75%, r\u1ec5 s\u00e2m 25%), n\u01b0\u1edbc tinh khi\u1ebft, h\u1ed7n h\u1ee3p chi\u1ebft xu\u1ea5t th\u1ef1c v\u1eadt ( th\u01b0\u1ee3c d\u01b0\u1ee3c,\u0111\u01b0\u01a1ng quy, qu\u1ebf chi, b\u1ea1ch tru\u1eadt, cam th\u1ea3o, \u0111\u1ecba ho\u00e0ng, thi\u00ean cung).<\/p>\n<p>&#8211; C\u00f4ng d\u1ee5ng : T\u0103ng c\u01b0\u1eddng \u0111\u1ec1 kh\u00e1ng, ch\u1ed1ng l\u00e3o ho\u00e1, gi\u1ea3m thi\u1ec3u c\u0103ng th\u1eb3ng m\u1ec7t m\u1ecfi, ph\u1ee5c h\u1ed3i s\u1ee9c kho\u1ebb, gi\u1ea3i \u0111\u1ed9c t\u1ed1, ng\u0103n ng\u1eeba b\u1ec7nh l\u00fd nguy hi\u1ec3m, t\u0103ng c\u01b0\u1eddng ch\u1ee9c n\u0103ng ng\u0169 t\u1ea1ng, b\u1ed3i b\u1ed5 c\u01a1 th\u1ec3, c\u1ea3i thi\u1ec7n tr\u00ed nh\u1edb.<\/p>\n<p><i>L\u01b0u \u00fd: s\u1ea3n ph\u1ea9m n\u00e0y kh\u00f4ng ph\u1ea3i l\u00e0 thu\u1ed1c, kh\u00f4ng c\u00f3 t\u00e1c d\u1ee5ng thay th\u1ebf thu\u1ed1c ch\u1eefa b\u1ec7nh.<\/i><\/p>\n<p>&nbsp;<\/p>\n","protected":false},"excerpt":{"rendered":"<p>L\u00e0 s\u1ea3n ph\u1ea9m thu\u1ed9c th\u01b0\u01a1ng hi\u1ec7u H\u1ed3ng s\u00e2m Cheong Kwan Chang &#8211; m\u1ed9t trong nh\u1eefng t\u1eadp \u0111o\u00e0n s\u1ea3n xu\u1ea5t c\u00e1c s\u1ea3n ph\u1ea9m ch\u0103m s\u00f3c s\u1ee9c l\u00e2u \u0111\u1eddi v\u00e0 n\u1ed5i ti\u1ebfng nh\u1ea5t H\u00e0n Qu\u1ed1c . C\u00e1c s\u1ea3n ph\u1ea9m\u00a0c\u1ee7a th\u01b0\u01a1ng hi\u1ec7u n\u00e0y \u0111\u1ec1u \u0111\u01b0\u1ee3c s\u1ea3n xu\u1ea5t t\u1eeb nh\u00e2n s\u00e2m \u0111\u01b0\u1ee3c nu\u00f4i tr\u1ed3ng \u0111\u1ee7 6 n\u0103m thay v\u00ec&#8230;<\/p>\n","protected":false},"featured_media":381,"comment_status":"open","ping_status":"closed","template":"","meta":[],"product_cat":[46],"product_tag":[],"class_list":["post-380","product","type-product","status-publish","has-post-thumbnail","hentry","product_cat-san-pham-han-quoc"],"_links":{"self":[{"href":"https:\/\/store1.k-tech-services.com\/minhtranhub\/wp-json\/wp\/v2\/product\/380","targetHints":{"allow":["GET"]}}],"collection":[{"href":"https:\/\/store1.k-tech-services.com\/minhtranhub\/wp-json\/wp\/v2\/product"}],"about":[{"href":"https:\/\/store1.k-tech-services.com\/minhtranhub\/wp-json\/wp\/v2\/types\/product"}],"replies":[{"embeddable":true,"href":"https:\/\/store1.k-tech-services.com\/minhtranhub\/wp-json\/wp\/v2\/comments?post=380"}],"wp:featuredmedia":[{"embeddable":true,"href":"https:\/\/store1.k-tech-services.com\/minhtranhub\/wp-json\/wp\/v2\/media\/381"}],"wp:attachment":[{"href":"https:\/\/store1.k-tech-services.com\/minhtranhub\/wp-json\/wp\/v2\/media?parent=380"}],"wp:term":[{"taxonomy":"product_cat","embeddable":true,"href":"https:\/\/store1.k-tech-services.com\/minhtranhub\/wp-json\/wp\/v2\/product_cat?post=380"},{"taxonomy":"product_tag","embeddable":true,"href":"https:\/\/store1.k-tech-services.com\/minhtranhub\/wp-json\/wp\/v2\/product_tag?post=380"}],"curies":[{"name":"wp","href":"https:\/\/api.w.org\/{rel}","templated":true}]}}