{"id":377,"date":"2021-10-31T15:08:16","date_gmt":"2021-10-31T15:08:16","guid":{"rendered":"http:\/\/minhtranhub.vn\/?post_type=product&amp;p=377"},"modified":"2021-10-31T15:08:16","modified_gmt":"2021-10-31T15:08:16","slug":"hong-sam-lat-tam-mat-ong-sambok","status":"publish","type":"product","link":"https:\/\/store1.k-tech-services.com\/minhtranhub\/san-pham\/hong-sam-lat-tam-mat-ong-sambok\/","title":{"rendered":"H\u1ed2NG S\u00c2M L\u00c1T T\u1ea8M M\u1eacT ONG SAMBOK"},"content":{"rendered":"<p>H\u1ed3ng s\u00e2m l\u00e1t t\u1ea9m m\u1eadt ong Sambok \u0111\u01b0\u1ee3c s\u1ea3n xu\u1ea5t t\u1eeb nh\u1eefng c\u1ee7 s\u00e2m th\u01b0\u1ee3ng h\u1ea1ng 4-6 n\u0103m tu\u1ed5i, tr\u1ea3i qua nhi\u1ec1u c\u00f4ng \u0111o\u1ea1n \u0111\u1ec3 ch\u1ebf bi\u1ebfn th\u00e0nh H\u1ed3ng s\u00e2m, sau \u0111\u00f3 ng\u00e2m t\u1ea9m v\u1edbi m\u1eadt ong t\u1ef1 nhi\u00ean H\u00e0n Qu\u1ed1c. \u0110\u00e2y l\u00e0 s\u1ea3n ph\u1ea9m mang l\u1ea1i nhi\u1ec1u l\u1ee3i \u00edch cho s\u1ee9c kho\u1ebb, t\u0103ng c\u01b0\u1eddng s\u1ee9c \u0111\u1ec1 kh\u00e1ng v\u00e0 gi\u00fap n\u00e2ng cao gi\u00e1 tr\u1ecb cu\u1ed9c s\u1ed1ng.<br \/>\nTh\u00e0nh ph\u1ea7n: H\u1ed3ng s\u00e2m 70%, frutose 15%, oligosacaride 9%, m\u1eadt ong 6%.<\/p>\n<p>Quy c\u00e1ch \u0111\u00f3ng g\u00f3i: 20g\/g\u00f3i, 10 g\u00f3i\/h\u1ed9p<\/p>\n<h4><strong>C\u00f4ng d\u1ee5ng :<\/strong><\/h4>\n<ul>\n<li>T\u00e1c d\u1ee5ng b\u1ed3i b\u1ed5 s\u1ee9c kh\u1ecfe to\u00e0n di\u1ec7n, t\u0103ng c\u01b0\u1eddng s\u1ee9c \u0111\u1ec1 kh\u00e1ng c\u1ee7a c\u01a1 th\u1ec3, \u0111i\u1ec1u h\u00f2a qu\u00e1 tr\u00ecnh trao \u0111\u1ed5i ch\u1ea5t, gi\u1ea3i \u0111\u1ed9c t\u1ed1t.<\/li>\n<li>T\u0103ng c\u01b0\u1eddng ch\u1ee9c n\u0103ng gan, th\u1eadn, ti\u1ec1n li\u1ec7t tuy\u1ebfn.<\/li>\n<li>Gi\u00fap l\u1ee3i ti\u1ec3u, b\u1ed5 m\u00e1u, tu\u1ea7n ho\u00e0n m\u00e1u.<\/li>\n<li>H\u1ed7 tr\u1ee3 \u0111i\u1ec1u tr\u1ecb xu\u1ea5t huy\u1ebft, ch\u1ea3y m\u00e1u, c\u00e2n b\u1eb1ng v\u00e0 \u1ed5n \u0111\u1ecbnh huy\u1ebft \u00e1p.<\/li>\n<li>B\u1ed3i b\u1ed5 th\u1ea7n kinh, ch\u1ed1ng m\u1ec7t m\u1ecfi, k\u00e9m ng\u1ee7, gi\u1ea3m stress.<\/li>\n<li>Gi\u00fap \u0111i\u1ec1u h\u00f2a \u0111\u01b0\u1eddng ru\u1ed9t, d\u1ea1 d\u00e0y.<\/li>\n<li>L\u00e0m t\u0103ng kh\u1ea3 n\u0103ng ch\u1ed1ng nhi\u1ec5m tr\u00f9ng c\u1ee7a ng\u01b0\u1eddi b\u1ecb ti\u1ec3u \u0111\u01b0\u1eddng &amp; HIV.<\/li>\n<li>\u0110\u1ea9y l\u00f9i l\u00e3o h\u00f3a, t\u0103ng kh\u1ea3 n\u0103ng sinh l\u00fd<\/li>\n<li><span style=\"color: #555555;\">Ng\u0103n ng\u1eeba x\u01a1 c\u1ee9ng \u0111\u1ed9ng m\u1ea1ch v\u00e0 t\u0103ng kh\u1ea3 n\u0103ng mi\u1ec5n<\/span><span style=\"color: #555555;\"> nhi\u1ec5m.<\/span><\/li>\n<\/ul>\n<p><b>H\u01b0\u1edbng d\u1eabn s\u1eed d\u1ee5ng: <\/b>ng\u00e0y d\u00f9ng 2-3 l\u1ea7n, m\u1ed7i l\u1ea7n 3-4 l\u00e1t. Th\u1eddi \u0111i\u1ec3m d\u00f9ng t\u1ed1t nh\u1ea5t l\u00e0 bu\u1ed5i s\u00e1ng, tr\u01b0\u1edbc khi \u0103n 10-15 ph\u00fat. Kh\u00f4ng n\u00ean d\u00f9ng v\u00e0o bu\u1ed5i t\u1ed1i \u0111\u1ec3 tr\u00e1nh g\u00e2y m\u1ea5t ng\u1ee7.<\/p>\n<p><b>L\u01b0u \u00fd:\u00a0<\/b><\/p>\n<ul>\n<li>S\u1eed d\u1ee5ng \u0111\u00fang li\u1ec1u l\u01b0\u1ee3ng khuy\u1ebfn ngh\u1ecb. N\u00ean ng\u01b0ng 2 tu\u1ea7n sau khi s\u1eed d\u1ee5ng h\u1ebft 1 h\u1ed9p, sau \u0111\u00f3 d\u00f9ng ti\u1ebfp m\u1ed7i ng\u00e0y \u0111\u1ec3 \u0111\u1ea1t hi\u1ec7u qu\u1ea3 t\u1ed1t nh\u1ea5t v\u00e0 kh\u00f4ng g\u00e2y n\u00f3ng trong ng\u01b0\u1eddi.<\/li>\n<li>Kh\u00f4ng d\u00f9ng cho ph\u1ee5 n\u1eef c\u00f3 thai ho\u1eb7c tr\u1ebb nh\u1ecf.<\/li>\n<li>S\u1ea3n ph\u1ea9m kh\u00f4ng ph\u00f9 h\u1ee3p v\u1edbi ng\u01b0\u1eddi huy\u1ebft \u00e1p cao ho\u1eb7c ti\u1ec3u \u0111\u01b0\u1eddng.<\/li>\n<li>Kh\u00f4ng d\u00f9ng n\u1ebfu c\u00f3 tri\u1ec7u ch\u1ee9ng \u0111au b\u1ee5ng ho\u1eb7c d\u1ecb \u1ee9ng v\u1edbi c\u00e1c th\u00e0nh ph\u1ea7n c\u1ee7a s\u1ea3n ph\u1ea9m.<\/li>\n<li>B\u1ea3o qu\u1ea3n n\u01a1i tho\u00e1ng m\u00e1t, tr\u00e1nh \u00e1nh s\u00e1ng m\u1eb7t tr\u1eddi.<\/li>\n<\/ul>\n<p><i>L\u01b0u \u00fd: s\u1ea3n ph\u1ea9m n\u00e0y kh\u00f4ng ph\u1ea3i l\u00e0 thu\u1ed1c, kh\u00f4ng c\u00f3 t\u00e1c d\u1ee5ng thay th\u1ebf thu\u1ed1c ch\u1eefa b\u1ec7nh.<\/i><\/p>\n<p>&nbsp;<\/p>\n<p>&nbsp;<\/p>\n","protected":false},"excerpt":{"rendered":"<p>H\u1ed3ng s\u00e2m l\u00e1t t\u1ea9m m\u1eadt ong Sambok \u0111\u01b0\u1ee3c s\u1ea3n xu\u1ea5t t\u1eeb nh\u1eefng c\u1ee7 s\u00e2m th\u01b0\u1ee3ng h\u1ea1ng 4-6 n\u0103m tu\u1ed5i, tr\u1ea3i qua nhi\u1ec1u c\u00f4ng \u0111o\u1ea1n \u0111\u1ec3 ch\u1ebf bi\u1ebfn th\u00e0nh H\u1ed3ng s\u00e2m, sau \u0111\u00f3 ng\u00e2m t\u1ea9m v\u1edbi m\u1eadt ong t\u1ef1 nhi\u00ean H\u00e0n Qu\u1ed1c. \u0110\u00e2y l\u00e0 s\u1ea3n ph\u1ea9m mang l\u1ea1i nhi\u1ec1u l\u1ee3i \u00edch cho s\u1ee9c kho\u1ebb, t\u0103ng c\u01b0\u1eddng&#8230;<\/p>\n","protected":false},"featured_media":379,"comment_status":"open","ping_status":"closed","template":"","meta":[],"product_cat":[46],"product_tag":[],"class_list":["post-377","product","type-product","status-publish","has-post-thumbnail","hentry","product_cat-san-pham-han-quoc"],"_links":{"self":[{"href":"https:\/\/store1.k-tech-services.com\/minhtranhub\/wp-json\/wp\/v2\/product\/377","targetHints":{"allow":["GET"]}}],"collection":[{"href":"https:\/\/store1.k-tech-services.com\/minhtranhub\/wp-json\/wp\/v2\/product"}],"about":[{"href":"https:\/\/store1.k-tech-services.com\/minhtranhub\/wp-json\/wp\/v2\/types\/product"}],"replies":[{"embeddable":true,"href":"https:\/\/store1.k-tech-services.com\/minhtranhub\/wp-json\/wp\/v2\/comments?post=377"}],"wp:featuredmedia":[{"embeddable":true,"href":"https:\/\/store1.k-tech-services.com\/minhtranhub\/wp-json\/wp\/v2\/media\/379"}],"wp:attachment":[{"href":"https:\/\/store1.k-tech-services.com\/minhtranhub\/wp-json\/wp\/v2\/media?parent=377"}],"wp:term":[{"taxonomy":"product_cat","embeddable":true,"href":"https:\/\/store1.k-tech-services.com\/minhtranhub\/wp-json\/wp\/v2\/product_cat?post=377"},{"taxonomy":"product_tag","embeddable":true,"href":"https:\/\/store1.k-tech-services.com\/minhtranhub\/wp-json\/wp\/v2\/product_tag?post=377"}],"curies":[{"name":"wp","href":"https:\/\/api.w.org\/{rel}","templated":true}]}}