{"id":374,"date":"2021-10-31T14:29:18","date_gmt":"2021-10-31T14:29:18","guid":{"rendered":"http:\/\/minhtranhub.vn\/?post_type=product&amp;p=374"},"modified":"2021-10-31T14:29:18","modified_gmt":"2021-10-31T14:29:18","slug":"hong-sam-baby-sanga","status":"publish","type":"product","link":"https:\/\/store1.k-tech-services.com\/minhtranhub\/san-pham\/hong-sam-baby-sanga\/","title":{"rendered":"H\u1ed2NG S\u00c2M BABY SANGA"},"content":{"rendered":"<p>???H\u1ed2NG S\u00c2M BABY SANGA ch\u1ee9a \u0111\u1ebfn 54% h\u00e0m l\u01b0\u1ee3ng h\u1ed3ng s\u00e2m c\u00f4 \u0111\u1eb7c 6 n\u0103m tu\u1ed5i, c\u00f9ng 7 lo\u1ea1i chi\u1ebft xu\u1ea5t tinh l\u1ecdc nh\u01b0: Qu\u1ea3 m\u00e2m x\u00f4i, d\u00e2u t\u00e2y, d\u00e2u t\u1eb1m, vi\u1ec7t qu\u1ea5t, nho M\u1ef9 tr\u1ed3ng h\u1eefu c\u01a1\u2026\u0110\u1eb7c bi\u1ec7t N\u01af\u1edaC H\u1ed2NG S\u00c2M SANGA CHO TR\u1eba EM l\u00e0 d\u1ea1ng n\u01b0\u1edbc kh\u00f4ng c\u00f3 \u0111\u01b0\u1eddng, kh\u00f4ng ph\u1ea9m m\u00e0u, kh\u00f4ng ch\u1ea5t b\u1ea3o qu\u1ea3n, \u0111\u1eb7c bi\u1ec7t t\u1ed1t cho tr\u1ebb bi\u1ebfng \u0103n, th\u1ea5p c\u00f2i, suy dinh d\u01b0\u1ee1ng, tr\u1ebb m\u1edbi \u1ed1m d\u1eady, tr\u1ebb t\u00e1o b\u00f3n, tr\u1ebb hay \u1ed1m v\u1eb7t.<\/p>\n<p>N\u01af\u1edaC H\u1ed2NG S\u00c2M BABY SANGA \u0111\u01b0\u1ee3c nh\u1eadp kh\u1ea9u ch\u00ednh ng\u1ea1ch, \u0111\u00e3 qua ki\u1ec3m tra an to\u00e0n th\u1ef1c ph\u1ea9m, ki\u1ec3m tra ch\u1ea5t l\u01b0\u1ee3ng nh\u00e0 n\u01b0\u1edbc, v\u00e0 x\u00e1c nh\u1eadn Th\u00f4ng quan c\u1ee7a H\u1ea3i Quan. Kh\u00e1ch ho\u00e0n to\u00e0n y\u00ean t\u00e2m v\u1ec1 ngu\u1ed3n g\u1ed1c v\u00e0 ch\u1ea5t l\u01b0\u1ee3ng nh\u00e9!<\/p>\n<p>Quy c\u00e1ch \u0111\u00f3ng g\u00f3i: 10ml\/g\u00f3i &#8211; 10 g\u00f3i\/h\u1ed9p<\/p>\n<p><i>L\u01b0u \u00fd: s\u1ea3n ph\u1ea9m n\u00e0y kh\u00f4ng ph\u1ea3i l\u00e0 thu\u1ed1c, kh\u00f4ng c\u00f3 t\u00e1c d\u1ee5ng thay th\u1ebf thu\u1ed1c ch\u1eefa b\u1ec7nh.<\/i><\/p>\n<p>&nbsp;<\/p>\n<hr \/>\n<p>&nbsp;<\/p>\n","protected":false},"excerpt":{"rendered":"<p>???H\u1ed2NG S\u00c2M BABY SANGA ch\u1ee9a \u0111\u1ebfn 54% h\u00e0m l\u01b0\u1ee3ng h\u1ed3ng s\u00e2m c\u00f4 \u0111\u1eb7c 6 n\u0103m tu\u1ed5i, c\u00f9ng 7 lo\u1ea1i chi\u1ebft xu\u1ea5t tinh l\u1ecdc nh\u01b0: Qu\u1ea3 m\u00e2m x\u00f4i, d\u00e2u t\u00e2y, d\u00e2u t\u1eb1m, vi\u1ec7t qu\u1ea5t, nho M\u1ef9 tr\u1ed3ng h\u1eefu c\u01a1\u2026\u0110\u1eb7c bi\u1ec7t N\u01af\u1edaC H\u1ed2NG S\u00c2M SANGA CHO TR\u1eba EM l\u00e0 d\u1ea1ng n\u01b0\u1edbc kh\u00f4ng c\u00f3 \u0111\u01b0\u1eddng, kh\u00f4ng ph\u1ea9m m\u00e0u,&#8230;<\/p>\n","protected":false},"featured_media":376,"comment_status":"open","ping_status":"closed","template":"","meta":[],"product_cat":[46],"product_tag":[],"class_list":["post-374","product","type-product","status-publish","has-post-thumbnail","hentry","product_cat-san-pham-han-quoc"],"_links":{"self":[{"href":"https:\/\/store1.k-tech-services.com\/minhtranhub\/wp-json\/wp\/v2\/product\/374","targetHints":{"allow":["GET"]}}],"collection":[{"href":"https:\/\/store1.k-tech-services.com\/minhtranhub\/wp-json\/wp\/v2\/product"}],"about":[{"href":"https:\/\/store1.k-tech-services.com\/minhtranhub\/wp-json\/wp\/v2\/types\/product"}],"replies":[{"embeddable":true,"href":"https:\/\/store1.k-tech-services.com\/minhtranhub\/wp-json\/wp\/v2\/comments?post=374"}],"wp:featuredmedia":[{"embeddable":true,"href":"https:\/\/store1.k-tech-services.com\/minhtranhub\/wp-json\/wp\/v2\/media\/376"}],"wp:attachment":[{"href":"https:\/\/store1.k-tech-services.com\/minhtranhub\/wp-json\/wp\/v2\/media?parent=374"}],"wp:term":[{"taxonomy":"product_cat","embeddable":true,"href":"https:\/\/store1.k-tech-services.com\/minhtranhub\/wp-json\/wp\/v2\/product_cat?post=374"},{"taxonomy":"product_tag","embeddable":true,"href":"https:\/\/store1.k-tech-services.com\/minhtranhub\/wp-json\/wp\/v2\/product_tag?post=374"}],"curies":[{"name":"wp","href":"https:\/\/api.w.org\/{rel}","templated":true}]}}