{"id":366,"date":"2021-10-31T12:01:04","date_gmt":"2021-10-31T12:01:04","guid":{"rendered":"http:\/\/minhtranhub.vn\/?post_type=product&amp;p=366"},"modified":"2021-10-31T12:01:04","modified_gmt":"2021-10-31T12:01:04","slug":"nhan-sam-tuoi-ngam-mat-ong-han-quoc-nonghuyp","status":"publish","type":"product","link":"https:\/\/store1.k-tech-services.com\/minhtranhub\/san-pham\/nhan-sam-tuoi-ngam-mat-ong-han-quoc-nonghuyp\/","title":{"rendered":"NH\u00c2N S\u00c2M T\u01af\u01a0I NG\u00c2M M\u1eacT ONG MIWAMI"},"content":{"rendered":"<p><!--more-->NH\u00c2N S\u00c2M T\u01af\u01a0I NG\u00c2M M\u1eacT ONG H\u00c0N QU\u1ed0C NONGHUYP \u0111\u01b0\u1ee3c s\u1ea3n xu\u1ea5t t\u1eeb nguy\u00ean li\u1ec7u ch\u00ednh l\u00e0 nh\u1eefng c\u1ee7 nh\u00e2n s\u00e2m 6 \u0111\u1ee7 n\u0103m tu\u1ed5i c\u1ee7a H\u00e0n Qu\u1ed1c \u0111\u01b0\u1ee3c tuy\u1ec3n ch\u1ecdn k\u1ef9 l\u01b0\u1ee1ng, \u0111em th\u00e1i l\u00e1t m\u1ecfng v\u00e0 s\u1ea5y s\u01a1 \u0111\u1ec3 r\u00fat b\u1edbt l\u01b0\u1ee3ng n\u01b0\u1edbc trong c\u1ee7 s\u00e2m. Sau \u0111\u00f3, ng\u00e2m k\u1ebft h\u1ee3p v\u1edbi m\u1eadt ong nguy\u00ean ch\u1ea5t v\u00e0 m\u1ed9t s\u1ed1 d\u01b0\u1ee3c li\u1ec7u t\u1ef1 nhi\u00ean kh\u00e1c c\u00f3 l\u1ee3i cho s\u1ee9c kh\u1ecfe ng\u01b0\u1eddi s\u1eed d\u1ee5ng.<br \/>\n\u2705 V\u1edbi quy tr\u00ecnh s\u1ea3n xu\u1ea5t ti\u00ean ti\u1ebfn, lu\u00f4n \u0111\u1ea3m b\u1ea3o nghi\u00eam ng\u1eb7t nh\u1eefng y\u00eau c\u1ea7u k\u1ef9 thu\u1eadt, s\u1ea3n ph\u1ea9m n\u00e0y \u0111\u01b0\u1ee3c xem l\u00e0 th\u1ef1c ph\u1ea9m ch\u1ee9c n\u0103ng an to\u00e0n, b\u1ed5 d\u01b0\u1ee1ng cho s\u1ee9c kh\u1ecfe.<br \/>\n\u2705 Th\u00e0nh ph\u1ea7n s\u1ea3n ph\u1ea9m: Nh\u00e2n s\u00e2m t\u01b0\u01a1i H\u00e0n Qu\u1ed1c th\u00e1i l\u00e1t 12%, \u0111\u01b0\u1eddng hoa qu\u1ea3 fructose 3%, M\u1eadt ong truy\u1ec1n th\u1ed1ng H\u00e0n Qu\u1ed1c, M\u1ea1ch nha, Ascorbic\u2026<\/p>\n<p>? L\u01b0u \u00fd khi d\u00f9ng s\u1ea3n ph\u1ea9m:<br \/>\n\u2605 N\u00ean d\u00f9ng s\u1ea3n ph\u1ea9m bu\u1ed5i s\u00e1ng v\u00e0 bu\u1ed5i chi\u1ec1u, Kh\u00f4ng n\u00ean s\u1eed d\u1ee5ng sau 17h gi\u1edd s\u1ebd g\u00e2y kh\u00f3 ng\u1ee7 v\u00e0o ban \u0111\u00eam.<br \/>\n\u2605 Kh\u00f4ng d\u00f9ng nh\u00e2n s\u00e2m cho ng\u01b0\u1eddi \u0111au b\u1ee5ng th\u1ec3 h\u00e0n, \u0111au b\u1ee5ng ti\u00eau ch\u1ea3y, \u0111\u1ea7y b\u1ee5ng, tr\u01b0\u1edbng b\u1ee5ng\u2026<br \/>\n\u2605 Tr\u1ebb em d\u01b0\u1edbi 15 tu\u1ed5i kh\u00f4ng n\u00ean s\u1eed d\u1ee5ng.<br \/>\n\u2605 Ng\u01b0\u1eddi b\u1ecb huy\u1ebft \u00e1p cao v\u00e0 l\u01b0\u1ee3ng \u0111\u01b0\u1eddng trong m\u00e1u cao c\u0169ng kh\u00f4ng n\u00ean d\u00f9ng.<br \/>\n\u2605 V\u1edbi ph\u1ee5 n\u1eef c\u00f3 thai t\u1ea5t c\u1ea3 c\u00e1c s\u1ea3n ph\u1ea9m t\u1eeb thu\u1ed1c \u0111\u1ebfn th\u1ea3o d\u01b0\u1ee3c \u0111\u1ec1u ph\u1ea3i c\u00f3 ch\u1ec9 \u0111\u1ecbnh c\u1ee7a c\u00e1c b\u00e1c s\u0129 tr\u01b0\u1edbc khi s\u1eed d\u1ee5ng.<\/p>\n<p><i>L\u01b0u \u00fd: s\u1ea3n ph\u1ea9m n\u00e0y kh\u00f4ng ph\u1ea3i l\u00e0 thu\u1ed1c, kh\u00f4ng c\u00f3 t\u00e1c d\u1ee5ng thay th\u1ebf thu\u1ed1c ch\u1eefa b\u1ec7nh.<\/i><\/p>\n<p>&nbsp;<\/p>\n<p>&nbsp;<\/p>\n<p>&nbsp;<\/p>\n","protected":false},"excerpt":{"rendered":"","protected":false},"featured_media":368,"comment_status":"open","ping_status":"closed","template":"","meta":[],"product_cat":[46],"product_tag":[],"class_list":["post-366","product","type-product","status-publish","has-post-thumbnail","hentry","product_cat-san-pham-han-quoc"],"_links":{"self":[{"href":"https:\/\/store1.k-tech-services.com\/minhtranhub\/wp-json\/wp\/v2\/product\/366","targetHints":{"allow":["GET"]}}],"collection":[{"href":"https:\/\/store1.k-tech-services.com\/minhtranhub\/wp-json\/wp\/v2\/product"}],"about":[{"href":"https:\/\/store1.k-tech-services.com\/minhtranhub\/wp-json\/wp\/v2\/types\/product"}],"replies":[{"embeddable":true,"href":"https:\/\/store1.k-tech-services.com\/minhtranhub\/wp-json\/wp\/v2\/comments?post=366"}],"wp:featuredmedia":[{"embeddable":true,"href":"https:\/\/store1.k-tech-services.com\/minhtranhub\/wp-json\/wp\/v2\/media\/368"}],"wp:attachment":[{"href":"https:\/\/store1.k-tech-services.com\/minhtranhub\/wp-json\/wp\/v2\/media?parent=366"}],"wp:term":[{"taxonomy":"product_cat","embeddable":true,"href":"https:\/\/store1.k-tech-services.com\/minhtranhub\/wp-json\/wp\/v2\/product_cat?post=366"},{"taxonomy":"product_tag","embeddable":true,"href":"https:\/\/store1.k-tech-services.com\/minhtranhub\/wp-json\/wp\/v2\/product_tag?post=366"}],"curies":[{"name":"wp","href":"https:\/\/api.w.org\/{rel}","templated":true}]}}