{"id":341,"date":"2021-05-26T03:57:25","date_gmt":"2021-05-26T03:57:25","guid":{"rendered":"http:\/\/minhtranhub.vn\/?post_type=product&amp;p=341"},"modified":"2021-05-26T03:57:25","modified_gmt":"2021-05-26T03:57:25","slug":"nhan-sam-canada-say-kho-cat-lat-canadian-vita-2","status":"publish","type":"product","link":"https:\/\/store1.k-tech-services.com\/minhtranhub\/san-pham\/nhan-sam-canada-say-kho-cat-lat-canadian-vita-2\/","title":{"rendered":"NH\u00c2N S\u00c2M CANADA S\u1ea4Y KH\u00d4 C\u1eaeT L\u00c1T CANADIAN VITA (g\u00f3i chi\u1ebft)"},"content":{"rendered":"<div><strong>Nh\u00e2n s\u00e2m Canada hay c\u00f2n g\u1ecdi l\u00e0 T\u00e2y D\u01b0\u01a1ng S\u00e2m (Nh\u00e2n S\u00e2m M\u1ef9, Nh\u00e2n S\u00e2m Hoa K\u1ef3, Nh\u00e2n S\u00e2m B\u1eafc M\u1ef9) l\u00e0 lo\u1ea1i nh\u00e2n s\u00e2m sinh tr\u01b0\u1edfng v\u00e0 ph\u00e1t tri\u1ec3n \u1edf v\u00f9ng B\u1eafc M\u1ef9 nh\u01b0 \u1edf Canada, Hoa K\u1ef3. Nh\u01b0ng t\u1ea1i Ontario \u2013 Canada ch\u1ea5t l\u01b0\u1ee3ng nh\u00e2n s\u00e2m \u0111\u01b0\u1ee3c tr\u1ed3ng ra c\u00f3 gi\u00e1 tr\u1ecb t\u1ed1t nh\u1ea5t do \u0111\u1ea5t tr\u1ed3ng, th\u1eddi ti\u1ebft, kh\u00ed h\u1eadu v\u00e0 l\u01b0\u1ee3ng m\u01b0a ho\u00e0n h\u1ea3o h\u01a1n b\u1ea5t c\u1ee9 n\u01a1i n\u00e0o tr\u00ean th\u1ebf gi\u1edbi.<\/strong><\/div>\n<div><strong>Nh\u00e2n s\u00e2m Canada c\u00f3 \u0111\u1eb7c t\u00ednh d\u1ecbu m\u00e1t, \u0111i\u1ec1u m\u00e0 nh\u00e2n s\u00e2m Ch\u00e2u \u00c1 kh\u00f4ng c\u00f3 \u0111\u01b0\u1ee3c, ch\u00ednh v\u00ec l\u00fd do n\u00e0y n\u00ean nh\u00e2n s\u00e2m Canada ho\u00e0n to\u00e0n ph\u00f9 h\u1ee3p cho ng\u01b0\u1eddi cao huy\u1ebft \u00e1p.<\/strong><\/div>\n<div><\/div>\n<div><\/div>\n<div><strong>M\u00f4 t\u1ea3 s\u1ea3n ph\u1ea9m<\/strong><\/div>\n<div><\/div>\n<ul>\n<li>\u00a0Ho\u1ea1t \u0111\u1ed9ng c\u1ee7a nh\u00e2n s\u00e2m Canada v\u1edbi h\u1ee3p ch\u1ea5t \u2013 Ginsenosides \u0111\u00e3 \u0111\u01b0\u1ee3c c\u00e1c nh\u00e0 khoa h\u1ecdc ghi nh\u1eadn c\u00f3 t\u00e1c d\u1ee5ng g\u00e2y m\u1ed9t lo\u1ea1t c\u00e1c ho\u1ea1t \u0111\u1ed9ng sinh h\u1ecdc\u00a0 kh\u00e1c nhau d\u1eabn \u0111\u1ebfn \u1ed5n \u0111\u1ecbnh \u0111\u01b0\u1eddng huy\u1ebft, ch\u1ed1ng vi\u00eam, t\u0103ng c\u01b0\u1eddng ho\u1ea1t \u0111\u1ed9ng tim m\u1ea1ch, t\u00e1c d\u1ee5ng b\u1ea3o v\u1ec7 v\u00e0 ch\u1ed1ng kh\u1ed1i u.<\/li>\n<li>Quy c\u00e1ch \u0111\u00f3ng g\u00f3i: 10g\/g\u00f3i<\/li>\n<li>Xu\u1ea5t x\u1ee9: Canada<\/li>\n<\/ul>\n<div><\/div>\n<div><strong>C\u00f4ng d\u1ee5ng c\u1ee7a Nh\u00e2n s\u00e2m s\u1ea5y kh\u00f4 c\u1eaft l\u00e1t Canadian Vita<\/strong><\/div>\n<div><\/div>\n<ul>\n<li>Nh\u00e2n s\u00e2m Canada gi\u00fap t\u0103ng \u00e2m trong c\u01a1 th\u1ec3, h\u1ea1 nhi\u1ec7t, th\u01b0 gi\u00e3n v\u00e0 t\u0103ng c\u01b0\u1eddng h\u1ec7 mi\u1ec5n d\u1ecbch.<\/li>\n<li>Ginsenosides trong s\u00e2m Canada c\u00f3 th\u1ec3 \u0111i\u1ec1u ch\u1ec9nh h\u1ec7 th\u1ed1ng th\u1ea7n kinh trung \u01b0\u01a1ng c\u1ee7a n\u00e3o.<\/li>\n<li>Th\u00fac \u0111\u1ea9y t\u1ed5ng h\u1ee3p DNA v\u00e0 RNA c\u1ee7a n\u00e3o \u0111\u1ec3 l\u00e0m ch\u1eadm qu\u00e1 tr\u00ecnh l\u00e3o h\u00f3a n\u00e3o, t\u1eeb \u0111\u00f3 c\u1ea3i thi\u1ec7n suy ngh\u0129 v\u00e0 c\u1ea3i thi\u1ec7n kh\u1ea3 n\u0103ng h\u1ecdc t\u1eadp v\u00e0 tr\u00ed nh\u1edb.<\/li>\n<li>Ginsenosides c\u0169ng c\u00f3 ch\u1ee9c n\u0103ng l\u00e0m d\u1ecbu th\u1ea7n kinh, c\u00f3 th\u1ec3 l\u00e0m t\u0103ng kh\u1ea3 n\u0103ng t\u1eadp trung v\u00e0 c\u1ea3i thi\u1ec7n hi\u1ec7u su\u1ea5t l\u00e0m vi\u1ec7c.<\/li>\n<li>Nh\u00e2n s\u00e2m Canada gi\u00fap nu\u00f4i d\u01b0\u1ee1ng h\u1ec7 h\u00f4 h\u1ea5p v\u00e0 c\u1ea3i thi\u1ec7n ch\u1ee9c n\u0103ng ph\u1ed5i, l\u00e0m gi\u1ea3m t\u00ecnh tr\u1ea1ng n\u00f3ng trong ng\u01b0\u1eddi.<\/li>\n<li>Nu\u00f4i d\u01b0\u1ee1ng m\u00e1u, nu\u00f4i d\u01b0\u1ee1ng \u00e2m v\u00e0 th\u1eadn, t\u0103ng c\u01b0\u1eddng l\u00e1 l\u00e1ch v\u00e0 d\u1ea1 d\u00e0y.<\/li>\n<li>Ginsenoside c\u00f3 t\u00e1c d\u1ee5ng gi\u1ea3m t\u1ed5n th\u01b0\u01a1ng oxy h\u00f3a v\u00e0 t\u0103ng n\u0103ng l\u01b0\u1ee3ng t\u1ebf b\u00e0o, gi\u00fap gi\u1ea3m m\u1ec7t m\u1ecfi, t\u0103ng s\u1ee9c \u0111\u1ec1 kh\u00e1ng v\u00e0 ch\u1ed1ng l\u00e3o h\u00f3a.<\/li>\n<li>C\u1ea3i thi\u1ec7n ch\u1ee9c n\u0103ng tim m\u1ea1ch.<\/li>\n<\/ul>\n<div><\/div>\n<div><\/div>\n<div><strong>\u0110\u1ed1i t\u01b0\u1ee3ng s\u1eed d\u1ee5ng Nh\u00e2n s\u00e2m s\u1ea5y kh\u00f4 c\u1eaft l\u00e1t Canadian Vita<\/strong><\/div>\n<div><\/div>\n<ul>\n<li>Ng\u01b0\u1eddi gi\u00e0, \u1ed1m y\u1ebfu, hay b\u1ec7nh v\u1eb7t.<\/li>\n<li>Ng\u01b0\u1eddi l\u00e0m vi\u1ec7c trong m\u00f4i tr\u01b0\u1eddng \u00e1p l\u1ef1c.<\/li>\n<li>H\u1ecdc sinh, sinh vi\u00ean \u0111ang chu\u1ea9n b\u1ecb thi c\u1eed.<\/li>\n<li>Ng\u01b0\u1eddi c\u1ea7n h\u1ed3i ph\u1ee5c s\u1ee9c kho\u1ebb sau \u1ed1m.<\/li>\n<li>Ph\u1ee5 n\u1eef mu\u1ed1n tr\u1ebb ho\u00e1 c\u01a1 th\u1ec3 v\u00e0 l\u00e0n da.<\/li>\n<\/ul>\n<p><b>H\u01b0\u1edbng d\u1eabn s\u1eed d\u1ee5ng:<\/b><br \/>\n&#8211; D\u00f9ng tr\u1ef1c ti\u1ebfp: ng\u1eadm s\u00e2m tr\u1ef1c ti\u1ebfp \u0111\u1ebfn khi nh\u1ea1t v\u00e0 m\u1ec1m th\u00ec nhai nhuy\u1ec5n v\u00e0 nu\u1ed1t. M\u1ed7i ng\u00e0y t\u1eeb 1-2 l\u1ea7n.<br \/>\n&#8211; Kh\u00f4ng s\u1eed d\u1ee5ng s\u00e2m c\u00f9ng v\u1edbi C\u1ee7 C\u1ea3i v\u00e0 L\u00ea L\u00f4.\u00a0&#8211; Pha Tr\u00e0: m\u1ed7i l\u1ea7n s\u1eed d\u1ee5ng 1-2g s\u00e2m c\u1eaft l\u00e1t, cho v\u00e0o ly\/b\u00ecnh s\u1ee9 ho\u1eb7c th\u1ee7y tinh, \u0111\u1ed5 200ml n\u01b0\u1edbc s\u00f4i v\u00e0o h\u00e3m tr\u00e0 t\u1eeb 7-10 ph\u00fat, r\u00f3t ra u\u1ed1ng tr\u1ef1c ti\u1ebfp. C\u00f3 th\u1ec3 h\u00e3m tr\u00e0 v\u00e0i l\u1ea7n cho \u0111\u1ebfn khi v\u1ecb \u0111\u00e3 nh\u1ea1t th\u00ec nhai nhuy\u1ec5n v\u00e0 nu\u1ed1t b\u00e3 s\u00e2m. Kh\u00f4ng s\u1eed d\u1ee5ng n\u01b0\u1edbc \u0111\u00e3 h\u00e3m c\u00f9ng s\u00e2m \u0111\u1ec3 qua \u0111\u00eam.<br \/>\n&#8211; N\u1ea5u \u0103n: pha t\u1eeb 5-10g nh\u00e2n s\u00e2m v\u00e0o 1 -1,5 l\u00edt n\u01b0\u1edbc h\u1ea7m v\u1edbi G\u00e0, Th\u1ecbt, ho\u1eb7c Rau C\u1ee7. H\u1ea7m \u0111\u1ebfn khi ch\u00edn, \u0103n th\u1ecbt v\u00e0 u\u1ed1ng n\u01b0\u1edbc h\u1ea7m.<br \/>\n&#8211; \u0110\u1ecbnh l\u01b0\u1ee3ng khuy\u00ean d\u00f9ng t\u1eeb 1-5gr s\u00e2m\/ng\u00e0y. Chu k\u1ef3 u\u1ed1ng 1-2 tu\u1ea7n n\u00ean ngh\u1ec9 1 tu\u1ea7n.<br \/>\n<b><\/b><\/p>\n<p><b>L\u01b0u \u00dd:<\/b><br \/>\n&#8211; Kh\u00f4ng d\u00f9ng S\u00e2m cho ph\u1ee5 n\u1eef mang thai v\u00e0 tr\u1ebb nh\u1ecf.<br \/>\n&#8211; S\u1ea3n ph\u1ea9m n\u00e0y kh\u00f4ng ph\u1ea3i l\u00e0 thu\u1ed1c v\u00e0 kh\u00f4ng c\u00f3 t\u00e1c d\u1ee5ng thay th\u1ebf thu\u1ed1c ch\u1eefa b\u1ec7nh.<\/p>\n","protected":false},"excerpt":{"rendered":"<p>Nh\u00e2n s\u00e2m Canada hay c\u00f2n g\u1ecdi l\u00e0 T\u00e2y D\u01b0\u01a1ng S\u00e2m (Nh\u00e2n S\u00e2m M\u1ef9, Nh\u00e2n S\u00e2m Hoa K\u1ef3, Nh\u00e2n S\u00e2m B\u1eafc M\u1ef9) l\u00e0 lo\u1ea1i nh\u00e2n s\u00e2m sinh tr\u01b0\u1edfng v\u00e0 ph\u00e1t tri\u1ec3n \u1edf v\u00f9ng B\u1eafc M\u1ef9 nh\u01b0 \u1edf Canada, Hoa K\u1ef3. Nh\u01b0ng t\u1ea1i Ontario \u2013 Canada ch\u1ea5t l\u01b0\u1ee3ng nh\u00e2n s\u00e2m \u0111\u01b0\u1ee3c tr\u1ed3ng ra c\u00f3 gi\u00e1 tr\u1ecb t\u1ed1t&#8230;<\/p>\n","protected":false},"featured_media":339,"comment_status":"open","ping_status":"closed","template":"","meta":[],"product_cat":[45],"product_tag":[],"class_list":["post-341","product","type-product","status-publish","has-post-thumbnail","hentry","product_cat-san-pham-canada"],"_links":{"self":[{"href":"https:\/\/store1.k-tech-services.com\/minhtranhub\/wp-json\/wp\/v2\/product\/341","targetHints":{"allow":["GET"]}}],"collection":[{"href":"https:\/\/store1.k-tech-services.com\/minhtranhub\/wp-json\/wp\/v2\/product"}],"about":[{"href":"https:\/\/store1.k-tech-services.com\/minhtranhub\/wp-json\/wp\/v2\/types\/product"}],"replies":[{"embeddable":true,"href":"https:\/\/store1.k-tech-services.com\/minhtranhub\/wp-json\/wp\/v2\/comments?post=341"}],"wp:featuredmedia":[{"embeddable":true,"href":"https:\/\/store1.k-tech-services.com\/minhtranhub\/wp-json\/wp\/v2\/media\/339"}],"wp:attachment":[{"href":"https:\/\/store1.k-tech-services.com\/minhtranhub\/wp-json\/wp\/v2\/media?parent=341"}],"wp:term":[{"taxonomy":"product_cat","embeddable":true,"href":"https:\/\/store1.k-tech-services.com\/minhtranhub\/wp-json\/wp\/v2\/product_cat?post=341"},{"taxonomy":"product_tag","embeddable":true,"href":"https:\/\/store1.k-tech-services.com\/minhtranhub\/wp-json\/wp\/v2\/product_tag?post=341"}],"curies":[{"name":"wp","href":"https:\/\/api.w.org\/{rel}","templated":true}]}}