{"id":336,"date":"2021-05-26T03:42:03","date_gmt":"2021-05-26T03:42:03","guid":{"rendered":"http:\/\/minhtranhub.vn\/?post_type=product&amp;p=336"},"modified":"2021-05-26T03:42:03","modified_gmt":"2021-05-26T03:42:03","slug":"goi-sam-cam-say-kho","status":"publish","type":"product","link":"https:\/\/store1.k-tech-services.com\/minhtranhub\/san-pham\/goi-sam-cam-say-kho\/","title":{"rendered":"S\u00c2M CAM SAFFRON"},"content":{"rendered":"<p><strong> B\u1eaft \u0111\u1ea7u m\u1ed7i b\u1eefa s\u00e1ng v\u1edbi N\u01b0\u1edbc u\u1ed1ng S\u00e2m Cam gi\u00fap cho b\u1ea1n c\u00f3 tinh th\u1ea7n s\u1ea3ng kho\u00e1i \u0111\u1ec3 l\u00e0m t\u1ed1t c\u00e1c c\u00f4ng vi\u1ec7c trong ng\u00e0y h\u01a1n. S\u00e2m Cam \u0111\u1ed3ng th\u1eddi gi\u00fap c\u01a1 th\u1ec3 \u0111\u00e0o th\u1ea3i \u0111\u1ed9c t\u1ed1 m\u00e0 c\u00f2n c\u00f3 v\u1ecb r\u1ea5t th\u01a1m ngon. S\u1ea3n ph\u1ea9m l\u00e0 s\u1ef1 k\u1ebft h\u1ee3p gi\u1eefa Nh\u00e2n S\u00e2m Canadian Vita , Cam M\u1ef9 s\u1ea5y kh\u00f4, v\u00e0 Saffron T\u00e2y \u00c1 \u0111\u00e2y l\u00e0 m\u00f3n \u0111\u1ed3 u\u1ed1ng \u0111\u1ed9c \u0111\u00e1o nh\u01b0ng kh\u00f4ng k\u00e9m ph\u1ea7n b\u1ed5 d\u01b0\u1ee1ng<\/strong><\/p>\n<p><strong>M\u00f4 t\u1ea3 s\u1ea3n ph\u1ea9m:<\/strong><\/p>\n<ul>\n<li>Ho\u1ea1t \u0111\u1ed9ng c\u1ee7a nh\u00e2n s\u00e2m Canada v\u1edbi h\u1ee3p ch\u1ea5t<\/li>\n<li>Ginsenosides \u0111\u00e3 \u0111\u01b0\u1ee3c c\u00e1c nh\u00e0 khoa h\u1ecdc ghi nh\u1eadn c\u00f3 t\u00e1c d\u1ee5ng g\u00e2y m\u1ed9t lo\u1ea1t c\u00e1c ho\u1ea1t \u0111\u1ed9ng sinh h\u1ecdc kh\u00e1c nhau d\u1eabn \u0111\u1ebfn \u1ed5n \u0111\u1ecbnh \u0111\u01b0\u1eddng huy\u1ebft, ch\u1ed1ng vi\u00eam, t\u0103ng c\u01b0\u1eddng ho\u1ea1t \u0111\u1ed9ng tim m\u1ea1ch, t\u00e1c d\u1ee5ng b\u1ea3o v\u1ec7 v\u00e0 ch\u1ed1ng kh\u1ed1i u.<\/li>\n<li>Cam \u0111\u01b0\u1ee3c l\u1ef1a ch\u1ecdn k\u1ef9 c\u00e0ng v\u1ec1 c\u1ea3 ch\u1ea5t l\u01b0\u1ee3ng v\u00e0 ngu\u1ed3n g\u1ed1c, sau \u0111\u00f3 \u0111\u01b0\u1ee3c s\u1ea5y kh\u00f4 th\u1ee7 c\u00f4ng , lu\u00f4n \u0111\u1ea3m b\u1ea3o v\u1ec7 sinh an to\u00e0n th\u1ef1c ph\u1ea9m, gi\u00fap b\u1ea1n t\u0103ng c\u01b0\u1eddng th\u1ec3 l\u1ef1c, mi\u1ec5n d\u1ecbch, s\u1ee9c \u0111\u1ec1 kh\u00e1ng m\u00e0 c\u00f2n c\u00f3 hi\u1ec7u qu\u1ea3 th\u1ea7n k\u1ef3 trong vi\u1ec7c ng\u0103n ng\u1eeba x\u01a1 c\u1ee9ng \u0111\u1ed9ng m\u1ea1ch v\u00e0 ph\u00f2ng ch\u1ed1ng ung th\u01b0.<\/li>\n<li>S\u00e2m Cam ch\u1ec9 \u0111\u01b0\u1ee3c s\u1ea3n xu\u1ea5t theo \u0111\u01a1n \u0111\u1eb7t h\u00e0ng n\u00ean lu\u00f4n \u0111\u1ea3m b\u1ea3o ch\u1ea5t l\u01b0\u1ee3ng t\u1ed1t nh\u1ea5t.<\/li>\n<li>Quy c\u00e1ch \u0111\u00f3ng g\u00f3i: 1 h\u1ed9p 10 t\u00fai<\/li>\n<\/ul>\n<p><strong>C\u00f4ng d\u1ee5ng c\u1ee7a S\u00e2m Cam:<\/strong><\/p>\n<ul>\n<li>Nh\u00e2n s\u00e2m Canada gi\u00fap t\u0103ng \u00e2m trong c\u01a1 th\u1ec3, h\u1ea1 nhi\u1ec7t, th\u01b0 gi\u00e3n v\u00e0 t\u0103ng c\u01b0\u1eddng h\u1ec7 mi\u1ec5n d\u1ecbch.<\/li>\n<li>Ginsenosides trong s\u00e2m Canada c\u00f3 th\u1ec3 \u0111i\u1ec1u ch\u1ec9nh h\u1ec7 th\u1ed1ng th\u1ea7n kinh trung \u01b0\u01a1ng c\u1ee7a n\u00e3o.<\/li>\n<li>Th\u00fac \u0111\u1ea9y t\u1ed5ng h\u1ee3p DNA v\u00e0 RNA c\u1ee7a n\u00e3o \u0111\u1ec3 l\u00e0m ch\u1eadm qu\u00e1 tr\u00ecnh l\u00e3o h\u00f3a n\u00e3o, t\u1eeb \u0111\u00f3 c\u1ea3i thi\u1ec7n suy ngh\u0129 v\u00e0 c\u1ea3i thi\u1ec7n kh\u1ea3 n\u0103ng h\u1ecdc t\u1eadp v\u00e0 tr\u00ed nh\u1edb.<\/li>\n<li>Ginsenosides c\u0169ng c\u00f3 ch\u1ee9c n\u0103ng l\u00e0m d\u1ecbu th\u1ea7n kinh, c\u00f3 th\u1ec3 l\u00e0m t\u0103ng kh\u1ea3 n\u0103ng t\u1eadp trung v\u00e0 c\u1ea3i thi\u1ec7n hi\u1ec7u su\u1ea5t l\u00e0m vi\u1ec7c.<\/li>\n<li>Nh\u00e2n s\u00e2m Canada gi\u00fap nu\u00f4i d\u01b0\u1ee1ng h\u1ec7 h\u00f4 h\u1ea5p v\u00e0 c\u1ea3i thi\u1ec7n ch\u1ee9c n\u0103ng ph\u1ed5i, l\u00e0m gi\u1ea3m t\u00ecnh tr\u1ea1ng n\u00f3ng trong ng\u01b0\u1eddi.<\/li>\n<li>C\u1ea3i thi\u1ec7n ch\u1ee9c n\u0103ng tim m\u1ea1ch.<\/li>\n<li>An th\u1ea7n, kh\u00e1ng khu\u1ea9n, gi\u1ea3m \u0111au<\/li>\n<li>Gi\u1ea3m cholesteron, d\u1ec5 ti\u00eau h\u00f3a, ng\u1eeba s\u00e2u r\u0103ng, gi\u1ea3m b\u00e9o.<\/li>\n<li>\u0110i\u1ec1u tr\u1ecb b\u1ec7nh c\u1ea3m c\u00fam, b\u1ec7nh ho.<\/li>\n<\/ul>\n<p><strong>H\u01b0\u1edbng d\u1eabn s\u1eed d\u1ee5ng:<\/strong><\/p>\n<p>D\u00f9ng v\u00e0o m\u1ed7i bu\u1ed5i s\u00e1ng. Cho g\u00f3i S\u00e2m Cam Saffron v\u00e0o t\u00e1ch, \u0111\u1ed5 n\u01b0\u1edbc s\u00f4i, \u0111\u1eady n\u1eafp kho\u1ea3ng 10 ph\u00fat v\u00e0 th\u01b0\u1edfng th\u1ee9c. C\u00f3 th\u1ec3 k\u1ebft h\u1ee3p th\u00eam v\u1edbi m\u1eadt ong t\u0103ng \u0111\u1ed9 ng\u1ecdt.<\/p>\n<p><i>L\u01b0u \u00fd: s\u1ea3n ph\u1ea9m n\u00e0y kh\u00f4ng ph\u1ea3i l\u00e0 thu\u1ed1c, kh\u00f4ng c\u00f3 t\u00e1c d\u1ee5ng thay th\u1ebf thu\u1ed1c ch\u1eefa b\u1ec7nh.<\/i><\/p>\n<p>&nbsp;<\/p>\n<p>&nbsp;<\/p>\n<p>&nbsp;<\/p>\n","protected":false},"excerpt":{"rendered":"<p>B\u1eaft \u0111\u1ea7u m\u1ed7i b\u1eefa s\u00e1ng v\u1edbi N\u01b0\u1edbc u\u1ed1ng S\u00e2m Cam gi\u00fap cho b\u1ea1n c\u00f3 tinh th\u1ea7n s\u1ea3ng kho\u00e1i \u0111\u1ec3 l\u00e0m t\u1ed1t c\u00e1c c\u00f4ng vi\u1ec7c trong ng\u00e0y h\u01a1n. S\u00e2m Cam \u0111\u1ed3ng th\u1eddi gi\u00fap c\u01a1 th\u1ec3 \u0111\u00e0o th\u1ea3i \u0111\u1ed9c t\u1ed1 m\u00e0 c\u00f2n c\u00f3 v\u1ecb r\u1ea5t th\u01a1m ngon. S\u1ea3n ph\u1ea9m l\u00e0 s\u1ef1 k\u1ebft h\u1ee3p gi\u1eefa Nh\u00e2n S\u00e2m Canadian&#8230;<\/p>\n","protected":false},"featured_media":370,"comment_status":"open","ping_status":"closed","template":"","meta":[],"product_cat":[45],"product_tag":[],"class_list":["post-336","product","type-product","status-publish","has-post-thumbnail","hentry","product_cat-san-pham-canada"],"_links":{"self":[{"href":"https:\/\/store1.k-tech-services.com\/minhtranhub\/wp-json\/wp\/v2\/product\/336","targetHints":{"allow":["GET"]}}],"collection":[{"href":"https:\/\/store1.k-tech-services.com\/minhtranhub\/wp-json\/wp\/v2\/product"}],"about":[{"href":"https:\/\/store1.k-tech-services.com\/minhtranhub\/wp-json\/wp\/v2\/types\/product"}],"replies":[{"embeddable":true,"href":"https:\/\/store1.k-tech-services.com\/minhtranhub\/wp-json\/wp\/v2\/comments?post=336"}],"wp:featuredmedia":[{"embeddable":true,"href":"https:\/\/store1.k-tech-services.com\/minhtranhub\/wp-json\/wp\/v2\/media\/370"}],"wp:attachment":[{"href":"https:\/\/store1.k-tech-services.com\/minhtranhub\/wp-json\/wp\/v2\/media?parent=336"}],"wp:term":[{"taxonomy":"product_cat","embeddable":true,"href":"https:\/\/store1.k-tech-services.com\/minhtranhub\/wp-json\/wp\/v2\/product_cat?post=336"},{"taxonomy":"product_tag","embeddable":true,"href":"https:\/\/store1.k-tech-services.com\/minhtranhub\/wp-json\/wp\/v2\/product_tag?post=336"}],"curies":[{"name":"wp","href":"https:\/\/api.w.org\/{rel}","templated":true}]}}