{"id":326,"date":"2021-05-21T08:12:37","date_gmt":"2021-05-21T08:12:37","guid":{"rendered":"http:\/\/minhtranhub.vn\/?post_type=product&amp;p=326"},"modified":"2021-05-21T08:12:37","modified_gmt":"2021-05-21T08:12:37","slug":"keo-hong-sam-khong-duong-han-quoc","status":"publish","type":"product","link":"https:\/\/store1.k-tech-services.com\/minhtranhub\/san-pham\/keo-hong-sam-khong-duong-han-quoc\/","title":{"rendered":"K\u1eb8O H\u1ed2NG S\u00c2M KH\u00d4NG \u0110\u01af\u1edcNG H\u00c0N QU\u1ed0C"},"content":{"rendered":"<div>K\u1eb9o h\u1ed3ng s\u00e2m c\u00e0nh \u0111\u00e0o H\u00e0n Qu\u1ed1c kh\u00f4ng \u0111\u01b0\u1eddng c\u00f3 ch\u1ee9a nh\u1eefng th\u00e0nh ph\u1ea7n qu\u00fd v\u00e0 t\u1ed1t nh\u1ea5t c\u1ee7a c\u1ee7 h\u1ed3ng s\u00e2m 6 n\u0103m tu\u1ed5i, gi\u00fap th\u01b0 gi\u00e3n, s\u1ea3ng kho\u00e1i tinh th\u1ea7n, \u0111em l\u1ea1i c\u1ea3m gi\u00e1c kh\u1ecfe kho\u1eafn.<\/div>\n<div><\/div>\n<div><strong>M\u00f4 t\u1ea3 s\u1ea3n ph\u1ea9m<\/strong><\/div>\n<ul>\n<li>\u00a0C\u0169ng nh\u01b0 c\u00e1c s\u1ea3n ph\u1ea9m b\u00e1nh k\u1eb9o l\u00e0m t\u1eeb h\u1ed3ng s\u00e2m H\u00e0n Qu\u1ed1c kh\u00e1c, k\u1eb9o h\u1ed3ng s\u00e2m kh\u00f4ng \u0111\u01b0\u1eddng kh\u00f4ng ch\u1ec9 l\u00e0 m\u1ed9t m\u00f3n ngon mi\u1ec7ng v\u00e0 b\u1ed5 d\u01b0\u1ee1ng m\u00e0 n\u00f3 c\u00f2n gi\u00fap ch\u00fang ta c\u00f3 \u0111\u01b0\u1ee3c h\u01a1i th\u1edf th\u01a1m tho v\u1edbi m\u00f9i h\u1ed3ng s\u00e2m.<\/li>\n<li>S\u1ea3n ph\u1ea9m k\u1eb9o h\u1ed3ng s\u00e2m vitamin H\u00e0n Qu\u1ed1c Korean Red Ginseng Vitamin Candy \u0111\u1ea1t c\u00e1c ch\u1ee9ng nh\u1eadn ISO 9001, ISO 14001 v\u00e0 \u0111\u01b0\u1ee3c \u0111\u1ea3m b\u1ea3o ch\u1ea5t l\u01b0\u1ee3ng tr\u00ean to\u00e0n c\u1ea7u b\u1edfi SamSung H\u00e0n Qu\u1ed1c.<\/li>\n<li>K\u1eb9o h\u1ed3ng s\u00e2m c\u00f3 kh\u1ea3 n\u0103ng gi\u00fap b\u1ed5 th\u1eadn, t\u0103ng c\u01b0\u1eddng h\u1ec7 th\u1ed1ng tim m\u1ea1ch, gi\u00fap ph\u00f2ng ng\u1eeba v\u00e0 suy gi\u1ea3m c\u00e1c lo\u1ea1i b\u1ec7nh nh\u01b0: m\u1ee1 trong m\u00e1u, ti\u1ec3u \u0111\u01b0\u1eddng, hen suy\u1ec5n, c\u00e1c b\u1ec7nh v\u1ec1 tim m\u1ea1ch,&#8230;<\/li>\n<li>K\u1eb9o c\u00f3 ch\u1ea5t xylitol chi\u1ebfm t\u1edbi h\u01a1n 50% ch\u1ea5t l\u00e0m ng\u1ecdt, v\u00ec v\u1eady m\u00e0 b\u1ea1n c\u00f3 \u0103n nhi\u1ec1u k\u1eb9o s\u00e2m m\u1ed9t ch\u00fat c\u0169ng kh\u00f4ng g\u00e2y ti\u1ec3u \u0111\u01b0\u1eddng hay s\u00e2u r\u0103ng nh\u01b0 c\u00e1c lo\u1ea1i k\u1eb9o th\u00f4ng th\u01b0\u1eddng kh\u00e1c.<\/li>\n<li>S\u1ea3n ph\u1ea9m \u0111\u01b0\u1ee3c \u0111\u1ea3m b\u1ea3o ch\u1ea5t l\u01b0\u1ee3ng b\u1edfi Samsung H\u00e0n Qu\u1ed1c.<\/li>\n<li>Quy c\u00e1ch \u0111\u00f3ng g\u00f3i: 200 gram\/ g\u00f3i<\/li>\n<li>Xu\u1ea5t x\u1ee9: Vi\u1ec7t Nam<\/li>\n<\/ul>\n<div><\/div>\n<div><strong>C\u00f4ng d\u1ee5ng c\u1ee7a k\u1eb9o H\u1ed3ng S\u00e2m Kh\u00f4ng \u0110\u01b0\u1eddng H\u00e0n Qu\u1ed1c<\/strong><\/div>\n<ul>\n<li>B\u1ed3i b\u1ed5 s\u1ee9c kh\u1ecfe, gi\u00fap th\u01b0 gi\u00e3n, l\u00e0m tinh th\u1ea7n s\u1ea3ng kho\u00e1i, \u0111em l\u1ea1i c\u1ea3m gi\u00e1c kh\u1ecfe kho\u1eafn.<\/li>\n<li>T\u0103ng c\u01b0\u1eddng s\u1ee9c \u0111\u1ec1 kh\u00e1ng.<\/li>\n<li>Ch\u1ed1ng l\u00e3o h\u00f3a cho c\u01a1 th\u1ec3.<\/li>\n<\/ul>\n<div><\/div>\n<div><strong>H\u01b0\u1edbng d\u1eabn s\u1eed d\u1ee5ng v\u00e0 b\u1ea3o qu\u1ea3n<\/strong><\/div>\n<ul>\n<li>\u00a0S\u1ea3n ph\u1ea9m d\u00f9ng \u0103n tr\u1ef1c ti\u1ebfp: M\u1ed7i ng\u00e0y t\u1eeb 2-3 vi\u00ean.<\/li>\n<li>\u00a0Ph\u1ee5 n\u1eef c\u00f3 thai v\u00e0 cho con b\u00fa tr\u1ebb nh\u1ecf d\u01b0\u1edbi 5 tu\u1ed5i kh\u00f4ng n\u00ean s\u1eed d\u1ee5ng.<\/li>\n<li>\u00a0Khi ch\u01b0a m\u1edf ra: b\u1ea3o qu\u1ea3n \u1edf nhi\u1ec7t \u0111\u1ed9 th\u01b0\u1eddng, tr\u00e1nh \u00e1nh n\u1eafng tr\u1ef1c ti\u1ebfp.<\/li>\n<li>\u00a0Khi \u0111\u00e3 m\u1edf ra: \u0111\u1ec3 \u1edf n\u01a1i kh\u00f4 r\u00e1o, tr\u00e1nh \u00e1nh n\u1eafng tr\u1ef1c ti\u1ebfp.<\/li>\n<\/ul>\n","protected":false},"excerpt":{"rendered":"<p>K\u1eb9o h\u1ed3ng s\u00e2m c\u00e0nh \u0111\u00e0o H\u00e0n Qu\u1ed1c kh\u00f4ng \u0111\u01b0\u1eddng c\u00f3 ch\u1ee9a nh\u1eefng th\u00e0nh ph\u1ea7n qu\u00fd v\u00e0 t\u1ed1t nh\u1ea5t c\u1ee7a c\u1ee7 h\u1ed3ng s\u00e2m 6 n\u0103m tu\u1ed5i, gi\u00fap th\u01b0 gi\u00e3n, s\u1ea3ng kho\u00e1i tinh th\u1ea7n, \u0111em l\u1ea1i c\u1ea3m gi\u00e1c kh\u1ecfe kho\u1eafn. M\u00f4 t\u1ea3 s\u1ea3n ph\u1ea9m \u00a0C\u0169ng nh\u01b0 c\u00e1c s\u1ea3n ph\u1ea9m b\u00e1nh k\u1eb9o l\u00e0m t\u1eeb h\u1ed3ng s\u00e2m H\u00e0n Qu\u1ed1c&#8230;<\/p>\n","protected":false},"featured_media":333,"comment_status":"open","ping_status":"closed","template":"","meta":[],"product_cat":[46],"product_tag":[],"class_list":["post-326","product","type-product","status-publish","has-post-thumbnail","hentry","product_cat-san-pham-han-quoc"],"_links":{"self":[{"href":"https:\/\/store1.k-tech-services.com\/minhtranhub\/wp-json\/wp\/v2\/product\/326","targetHints":{"allow":["GET"]}}],"collection":[{"href":"https:\/\/store1.k-tech-services.com\/minhtranhub\/wp-json\/wp\/v2\/product"}],"about":[{"href":"https:\/\/store1.k-tech-services.com\/minhtranhub\/wp-json\/wp\/v2\/types\/product"}],"replies":[{"embeddable":true,"href":"https:\/\/store1.k-tech-services.com\/minhtranhub\/wp-json\/wp\/v2\/comments?post=326"}],"wp:featuredmedia":[{"embeddable":true,"href":"https:\/\/store1.k-tech-services.com\/minhtranhub\/wp-json\/"}],"wp:attachment":[{"href":"https:\/\/store1.k-tech-services.com\/minhtranhub\/wp-json\/wp\/v2\/media?parent=326"}],"wp:term":[{"taxonomy":"product_cat","embeddable":true,"href":"https:\/\/store1.k-tech-services.com\/minhtranhub\/wp-json\/wp\/v2\/product_cat?post=326"},{"taxonomy":"product_tag","embeddable":true,"href":"https:\/\/store1.k-tech-services.com\/minhtranhub\/wp-json\/wp\/v2\/product_tag?post=326"}],"curies":[{"name":"wp","href":"https:\/\/api.w.org\/{rel}","templated":true}]}}