{"id":323,"date":"2021-05-21T08:02:09","date_gmt":"2021-05-21T08:02:09","guid":{"rendered":"http:\/\/minhtranhub.vn\/?post_type=product&amp;p=323"},"modified":"2021-05-21T08:02:09","modified_gmt":"2021-05-21T08:02:09","slug":"keo-hong-sam-han-quoc","status":"publish","type":"product","link":"https:\/\/store1.k-tech-services.com\/minhtranhub\/san-pham\/keo-hong-sam-han-quoc\/","title":{"rendered":"K\u1eb8O H\u1ed2NG S\u00c2M H\u00c0N QU\u1ed0C"},"content":{"rendered":"<div><strong>K\u1eb9o H\u1ed3ng S\u00e2m vitamin H\u00e0n Qu\u1ed1c l\u00e0 m\u1ed9t m\u00f3n \u0103n v\u1eb7t b\u1ed5 d\u01b0\u1ee1ng v\u1edbi s\u1ef1 k\u1ebft h\u1ee3p c\u1ee7a tinh ch\u1ea5t h\u1ed3ng s\u00e2m H\u00e0n Qu\u1ed1c v\u00e0 vitamin C. C\u0169ng nh\u01b0 c\u00e1c s\u1ea3n ph\u1ea9m b\u00e1nh k\u1eb9o l\u00e0m t\u1eeb h\u1ed3ng s\u00e2m H\u00e0n Qu\u1ed1c kh\u00e1c, k\u1eb9o h\u1ed3ng s\u00e2m vitamin l\u00e0 kh\u00f4ng ch\u1ec9 l\u00e0 m\u1ed9t m\u00f3n ngon mi\u1ec7ng v\u00e0 b\u1ed5 d\u01b0\u1ee1ng m\u00e0 n\u00f3 c\u00f2n gi\u00fap ch\u00fang ta c\u00f3 \u0111\u01b0\u1ee3c h\u01a1i th\u1edf th\u01a1m tho v\u1edbi m\u00f9i h\u1ed3ng s\u00e2m.<\/strong><\/div>\n<div><\/div>\n<div><strong>M\u00f4 t\u1ea3 s\u1ea3n ph\u1ea9m<\/strong><\/div>\n<ul>\n<li>\u00a0C\u0169ng nh\u01b0 c\u00e1c s\u1ea3n ph\u1ea9m b\u00e1nh k\u1eb9o l\u00e0m t\u1eeb h\u1ed3ng s\u00e2m H\u00e0n Qu\u1ed1c kh\u00e1c, k\u1eb9o h\u1ed3ng s\u00e2m vitamin kh\u00f4ng ch\u1ec9 l\u00e0 m\u1ed9t m\u00f3n ngon mi\u1ec7ng v\u00e0 b\u1ed5 d\u01b0\u1ee1ng m\u00e0 n\u00f3 c\u00f2n gi\u00fap ch\u00fang ta c\u00f3 \u0111\u01b0\u1ee3c h\u01a1i th\u1edf th\u01a1m tho v\u1edbi m\u00f9i h\u1ed3ng s\u00e2m.<\/li>\n<li>S\u1ea3n ph\u1ea9m k\u1eb9o h\u1ed3ng s\u00e2m vitamin H\u00e0n Qu\u1ed1c Korean Red Ginseng Vitamin Candy \u0111\u1ea1t c\u00e1c ch\u1ee9ng nh\u1eadn ISO 9001, ISO 14001 v\u00e0 \u0111\u01b0\u1ee3c \u0111\u1ea3m b\u1ea3o ch\u1ea5t l\u01b0\u1ee3ng tr\u00ean to\u00e0n c\u1ea7u b\u1edfi SamSung H\u00e0n Qu\u1ed1c.<\/li>\n<li>Th\u00e0nh ph\u1ea7n: Tinh ch\u1ea5t h\u1ed3ng s\u00e2m H\u00e0n Qu\u1ed1c (c\u00f4 \u0111\u1eb7c 60%, h\u00e0m l\u01b0\u1ee3ng saponin 70mg\/g) chi\u1ebfm 0,1%, Vitamin C chi\u1ebfm 0,012%, carbohydrate, \u0111\u01b0\u1eddng v\u00e0 c\u00e1c th\u00e0nh ph\u1ea7n kh\u00e1c<\/li>\n<li>S\u1ea3n ph\u1ea9m \u0111\u01b0\u1ee3c \u0111\u1ea3m b\u1ea3o ch\u1ea5t l\u01b0\u1ee3ng b\u1edfi Samsung H\u00e0n Qu\u1ed1c<\/li>\n<li>Quy c\u00e1ch \u0111\u00f3ng g\u00f3i: 200 gram\/ g\u00f3i<\/li>\n<li>Xu\u1ea5t x\u1ee9: Vi\u1ec7t Nam<\/li>\n<\/ul>\n<div><\/div>\n<div><strong>C\u00f4ng d\u1ee5ng c\u1ee7a k\u1eb9o H\u1ed3ng S\u00e2m H\u00e0n Qu\u1ed1c<\/strong><\/div>\n<ul>\n<li>\u00a0B\u1ed3i b\u1ed5 s\u1ee9c kh\u1ecfe, gi\u00fap th\u01b0 gi\u00e3n, l\u00e0m tinh th\u1ea7n s\u1ea3ng kho\u00e1i, \u0111em l\u1ea1i c\u1ea3m gi\u00e1c kh\u1ecfe kho\u1eafn.<\/li>\n<li>\u00a0Cung c\u1ea5p vitamin C v\u00e0 c\u00e1c d\u01b0\u1ee1ng ch\u1ea5t kh\u00e1c.<\/li>\n<li>\u00a0T\u0103ng c\u01b0\u1eddng s\u1ee9c \u0111\u1ec1 kh\u00e1ng.<\/li>\n<li>\u00a0Ch\u1ed1ng l\u00e3o h\u00f3a cho c\u01a1 th\u1ec3.<\/li>\n<\/ul>\n<div><\/div>\n<div><strong>H\u01b0\u1edbng d\u1eabn s\u1eed d\u1ee5ng v\u00e0 b\u1ea3o qu\u1ea3n<\/strong><\/div>\n<ul>\n<li>\u00a0S\u1ea3n ph\u1ea9m d\u00f9ng \u0103n tr\u1ef1c ti\u1ebfp: M\u1ed7i ng\u00e0y t\u1eeb 2-3 vi\u00ean.<\/li>\n<li>\u00a0Ph\u1ee5 n\u1eef c\u00f3 thai v\u00e0 cho con b\u00fa tr\u1ebb nh\u1ecf d\u01b0\u1edbi 5 tu\u1ed5i kh\u00f4ng n\u00ean s\u1eed d\u1ee5ng.<\/li>\n<li>\u00a0Khi ch\u01b0a m\u1edf ra: b\u1ea3o qu\u1ea3n \u1edf nhi\u1ec7t \u0111\u1ed9 th\u01b0\u1eddng, tr\u00e1nh \u00e1nh n\u1eafng tr\u1ef1c ti\u1ebfp.<\/li>\n<li>\u00a0Khi \u0111\u00e3 m\u1edf ra: \u0111\u1ec3 \u1edf n\u01a1i kh\u00f4 r\u00e1o, tr\u00e1nh \u00e1nh n\u1eafng tr\u1ef1c ti\u1ebfp.<\/li>\n<\/ul>\n","protected":false},"excerpt":{"rendered":"<p>K\u1eb9o H\u1ed3ng S\u00e2m vitamin H\u00e0n Qu\u1ed1c l\u00e0 m\u1ed9t m\u00f3n \u0103n v\u1eb7t b\u1ed5 d\u01b0\u1ee1ng v\u1edbi s\u1ef1 k\u1ebft h\u1ee3p c\u1ee7a tinh ch\u1ea5t h\u1ed3ng s\u00e2m H\u00e0n Qu\u1ed1c v\u00e0 vitamin C. C\u0169ng nh\u01b0 c\u00e1c s\u1ea3n ph\u1ea9m b\u00e1nh k\u1eb9o l\u00e0m t\u1eeb h\u1ed3ng s\u00e2m H\u00e0n Qu\u1ed1c kh\u00e1c, k\u1eb9o h\u1ed3ng s\u00e2m vitamin l\u00e0 kh\u00f4ng ch\u1ec9 l\u00e0 m\u1ed9t m\u00f3n ngon mi\u1ec7ng v\u00e0 b\u1ed5&#8230;<\/p>\n","protected":false},"featured_media":331,"comment_status":"open","ping_status":"closed","template":"","meta":[],"product_cat":[46],"product_tag":[],"class_list":["post-323","product","type-product","status-publish","has-post-thumbnail","hentry","product_cat-san-pham-han-quoc"],"_links":{"self":[{"href":"https:\/\/store1.k-tech-services.com\/minhtranhub\/wp-json\/wp\/v2\/product\/323","targetHints":{"allow":["GET"]}}],"collection":[{"href":"https:\/\/store1.k-tech-services.com\/minhtranhub\/wp-json\/wp\/v2\/product"}],"about":[{"href":"https:\/\/store1.k-tech-services.com\/minhtranhub\/wp-json\/wp\/v2\/types\/product"}],"replies":[{"embeddable":true,"href":"https:\/\/store1.k-tech-services.com\/minhtranhub\/wp-json\/wp\/v2\/comments?post=323"}],"wp:featuredmedia":[{"embeddable":true,"href":"https:\/\/store1.k-tech-services.com\/minhtranhub\/wp-json\/wp\/v2\/media\/331"}],"wp:attachment":[{"href":"https:\/\/store1.k-tech-services.com\/minhtranhub\/wp-json\/wp\/v2\/media?parent=323"}],"wp:term":[{"taxonomy":"product_cat","embeddable":true,"href":"https:\/\/store1.k-tech-services.com\/minhtranhub\/wp-json\/wp\/v2\/product_cat?post=323"},{"taxonomy":"product_tag","embeddable":true,"href":"https:\/\/store1.k-tech-services.com\/minhtranhub\/wp-json\/wp\/v2\/product_tag?post=323"}],"curies":[{"name":"wp","href":"https:\/\/api.w.org\/{rel}","templated":true}]}}