{"id":319,"date":"2021-05-21T07:51:31","date_gmt":"2021-05-21T07:51:31","guid":{"rendered":"http:\/\/minhtranhub.vn\/?post_type=product&amp;p=319"},"modified":"2021-05-21T07:51:31","modified_gmt":"2021-05-21T07:51:31","slug":"keo-hac-sam-han-quoc-300g","status":"publish","type":"product","link":"https:\/\/store1.k-tech-services.com\/minhtranhub\/san-pham\/keo-hac-sam-han-quoc-300g\/","title":{"rendered":"K\u1eb8O H\u1eaeC S\u00c2M H\u00c0N QU\u1ed0C"},"content":{"rendered":"<div><\/div>\n<div><strong>K\u1eb9o H\u1eafc S\u00e2m H\u00e0n Qu\u1ed1c kh\u00f4ng ch\u1ec9 th\u01a1m ngon m\u00e0 c\u00f2n r\u1ea5t ti\u1ec7n d\u1ee5ng cho cu\u1ed9c s\u1ed1ng hi\u1ec7n \u0111\u1ea1i ng\u00e0y nay. Ch\u1ec9 c\u1ea7n ng\u1eadm 1-2 vi\u00ean k\u1eb9o m\u1ed7i ng\u00e0y b\u1ea1n s\u1ebd c\u00f3 m\u1ed9t tinh th\u1ea7n s\u1ea3ng kho\u00e1i nh\u1ea5t \u0111\u1ec3 ho\u00e0n th\u00e0nh t\u1ed1t m\u1ecdi c\u00f4ng vi\u1ec7c. Ngo\u00e0i ra n\u00f3 c\u00f2n l\u00e0 m\u00f3n qu\u00e0 \u00fd ngh\u0129a m\u00e0 b\u1ea1n c\u00f3 th\u1ec3 d\u00e0nh t\u1eb7ng cho \u00f4ng b\u00e0, cha m\u1eb9, s\u1ebfp hay b\u1ea1n b\u00e8 v\u00e0o nh\u1eefng d\u1ecbp \u0111\u1eb7c bi\u1ec7t.<\/strong><\/div>\n<div><\/div>\n<div><strong>M\u00f4 t\u1ea3 s\u1ea3n ph\u1ea9m:<\/strong><\/div>\n<ul>\n<li>K\u1eb9o H\u1eafc S\u00e2m H\u00e0n Qu\u1ed1c cung c\u1ea5p n\u0103ng l\u01b0\u1ee3ng, gi\u00fap kh\u1ecfe m\u1ea1nh, tho\u1ea3i m\u00e1i cho c\u01a1 th\u1ec3, \u0111\u01b0\u1ee3c d\u00f9ng \u0111\u1ec3 b\u1ed5 kh\u00ed, \u0111\u1eb7c bi\u1ec7t cho c\u00e1c tr\u01b0\u1eddng h\u1ee3p ch\u00e2n kh\u00ed suy gi\u1ea3m, ng\u01b0\u1eddi m\u1ec7t m\u1ecfi, v\u00f4 l\u1ef1c, m\u1edbi \u1ed1m d\u1eady, tr\u1ebb em ch\u1eadm l\u1edbn, t\u0103ng c\u01b0\u1eddng sinh l\u00fd, t\u0103ng kh\u1ea3 n\u0103ng h\u1ed3i ph\u1ee5c cho m\u1ecdi ho\u1ea1t \u0111\u1ed9ng c\u01a1 th\u1ec3, ch\u1ed1ng v\u00e0 gi\u1ea3m c\u0103ng th\u1eb3ng c\u1ee7a ho\u1ea1t \u0111\u1ed9ng th\u1ea7n kinh, n\u00e2ng cao s\u1ee9c b\u1ec1n trong ho\u1ea1t \u0111\u1ed9ng th\u1ec3 thao.<\/li>\n<li>Quy c\u00e1ch \u0111\u00f3ng g\u00f3i: 300 gram\/ g\u00f3i<\/li>\n<li>Xu\u1ea5t x\u1ee9: Vi\u1ec7t Nam<\/li>\n<\/ul>\n<div><\/div>\n<div><strong>C\u00f4ng d\u1ee5ng c\u1ee7a k\u1eb9o H\u1eafc S\u00e2m H\u00e0n Qu\u1ed1c:<\/strong><\/div>\n<ul>\n<li>\u00a0B\u1ed3i b\u1ed5 s\u1ee9c kh\u1ecfe, gi\u00fap th\u01b0 gi\u00e3n, l\u00e0m tinh th\u1ea7n s\u1ea3ng kho\u00e1i, \u0111em l\u1ea1i c\u1ea3m gi\u00e1c kh\u1ecfe kho\u1eafn.<\/li>\n<li>\u00a0T\u0103ng c\u01b0\u1eddng s\u1ee9c \u0111\u1ec1 kh\u00e1ng.<\/li>\n<li>\u00a0Ch\u1ed1ng l\u00e3o h\u00f3a cho c\u01a1 th\u1ec3.<\/li>\n<\/ul>\n<div><\/div>\n<div><strong>H\u01b0\u1edbng d\u1eabn s\u1eed d\u1ee5ng v\u00e0 b\u1ea3o qu\u1ea3n:<\/strong><\/div>\n<ul>\n<li>\u00a0S\u1ea3n ph\u1ea9m d\u00f9ng \u0103n tr\u1ef1c ti\u1ebfp: M\u1ed7i ng\u00e0y t\u1eeb 2-3 vi\u00ean.<\/li>\n<li>\u00a0Ph\u1ee5 n\u1eef c\u00f3 thai v\u00e0 cho con b\u00fa tr\u1ebb nh\u1ecf d\u01b0\u1edbi 5 tu\u1ed5i kh\u00f4ng n\u00ean s\u1eed d\u1ee5ng.<\/li>\n<li>\u00a0Khi ch\u01b0a m\u1edf ra: b\u1ea3o qu\u1ea3n \u1edf nhi\u1ec7t \u0111\u1ed9 th\u01b0\u1eddng, tr\u00e1nh \u00e1nh n\u1eafng tr\u1ef1c ti\u1ebfp.<\/li>\n<li>\u00a0Khi \u0111\u00e3 m\u1edf ra: \u0111\u1ec3 \u1edf n\u01a1i kh\u00f4 r\u00e1o, tr\u00e1nh \u00e1nh n\u1eafng tr\u1ef1c ti\u1ebfp.<\/li>\n<\/ul>\n","protected":false},"excerpt":{"rendered":"<p>K\u1eb9o H\u1eafc S\u00e2m H\u00e0n Qu\u1ed1c kh\u00f4ng ch\u1ec9 th\u01a1m ngon m\u00e0 c\u00f2n r\u1ea5t ti\u1ec7n d\u1ee5ng cho cu\u1ed9c s\u1ed1ng hi\u1ec7n \u0111\u1ea1i ng\u00e0y nay. Ch\u1ec9 c\u1ea7n ng\u1eadm 1-2 vi\u00ean k\u1eb9o m\u1ed7i ng\u00e0y b\u1ea1n s\u1ebd c\u00f3 m\u1ed9t tinh th\u1ea7n s\u1ea3ng kho\u00e1i nh\u1ea5t \u0111\u1ec3 ho\u00e0n th\u00e0nh t\u1ed1t m\u1ecdi c\u00f4ng vi\u1ec7c. Ngo\u00e0i ra n\u00f3 c\u00f2n l\u00e0 m\u00f3n qu\u00e0 \u00fd ngh\u0129a m\u00e0&#8230;<\/p>\n","protected":false},"featured_media":332,"comment_status":"open","ping_status":"closed","template":"","meta":[],"product_cat":[46],"product_tag":[],"class_list":["post-319","product","type-product","status-publish","has-post-thumbnail","hentry","product_cat-san-pham-han-quoc"],"_links":{"self":[{"href":"https:\/\/store1.k-tech-services.com\/minhtranhub\/wp-json\/wp\/v2\/product\/319","targetHints":{"allow":["GET"]}}],"collection":[{"href":"https:\/\/store1.k-tech-services.com\/minhtranhub\/wp-json\/wp\/v2\/product"}],"about":[{"href":"https:\/\/store1.k-tech-services.com\/minhtranhub\/wp-json\/wp\/v2\/types\/product"}],"replies":[{"embeddable":true,"href":"https:\/\/store1.k-tech-services.com\/minhtranhub\/wp-json\/wp\/v2\/comments?post=319"}],"wp:featuredmedia":[{"embeddable":true,"href":"https:\/\/store1.k-tech-services.com\/minhtranhub\/wp-json\/wp\/v2\/media\/332"}],"wp:attachment":[{"href":"https:\/\/store1.k-tech-services.com\/minhtranhub\/wp-json\/wp\/v2\/media?parent=319"}],"wp:term":[{"taxonomy":"product_cat","embeddable":true,"href":"https:\/\/store1.k-tech-services.com\/minhtranhub\/wp-json\/wp\/v2\/product_cat?post=319"},{"taxonomy":"product_tag","embeddable":true,"href":"https:\/\/store1.k-tech-services.com\/minhtranhub\/wp-json\/wp\/v2\/product_tag?post=319"}],"curies":[{"name":"wp","href":"https:\/\/api.w.org\/{rel}","templated":true}]}}