{"id":284,"date":"2021-05-17T07:07:36","date_gmt":"2021-05-17T07:07:36","guid":{"rendered":"http:\/\/minhtranhub.vn\/?post_type=product&amp;p=284"},"modified":"2021-05-17T07:07:36","modified_gmt":"2021-05-17T07:07:36","slug":"mat-ong-nhan-sam-canadian-vita","status":"publish","type":"product","link":"https:\/\/store1.k-tech-services.com\/minhtranhub\/san-pham\/mat-ong-nhan-sam-canadian-vita\/","title":{"rendered":"M\u1eacT ONG NH\u00c2N S\u00c2M CANADIAN VITA"},"content":{"rendered":"<p><strong>Nh\u00e2n s\u00e2m Canada hay c\u00f2n g\u1ecdi l\u00e0 T\u00e2y D\u01b0\u01a1ng S\u00e2m (Nh\u00e2n S\u00e2m M\u1ef9, Nh\u00e2n S\u00e2m Hoa K\u1ef3, Nh\u00e2n S\u00e2m B\u1eafc M\u1ef9) l\u00e0 lo\u1ea1i nh\u00e2n s\u00e2m sinh tr\u01b0\u1edfng v\u00e0 ph\u00e1t tri\u1ec3n \u1edf v\u00f9ng B\u1eafc M\u1ef9 nh\u01b0 \u1edf Canada, Hoa K\u1ef3. Nh\u01b0ng t\u1ea1i Ontario &#8211; Canada ch\u1ea5t l\u01b0\u1ee3ng nh\u00e2n s\u00e2m \u0111\u01b0\u1ee3c tr\u1ed3ng ra c\u00f3 gi\u00e1 tr\u1ecb t\u1ed1t nh\u1ea5t do \u0111\u1ea5t tr\u1ed3ng, th\u1eddi ti\u1ebft, kh\u00ed h\u1eadu v\u00e0 l\u01b0\u1ee3ng m\u01b0a ho\u00e0n h\u1ea3o h\u01a1n b\u1ea5t c\u1ee9 n\u01a1i n\u00e0o tr\u00ean th\u1ebf gi\u1edbi. Nh\u00e2n s\u00e2m Canada c\u00f3 \u0111\u1eb7c t\u00ednh d\u1ecbu m\u00e1t, \u0111i\u1ec1u m\u00e0 nh\u00e2n s\u00e2m Ch\u00e2u \u00c1 kh\u00f4ng c\u00f3 \u0111\u01b0\u1ee3c, ch\u00ednh v\u00ec l\u00fd do n\u00e0y n\u00ean nh\u00e2n s\u00e2m Canada ho\u00e0n to\u00e0n ph\u00f9 h\u1ee3p cho ng\u01b0\u1eddi cao huy\u1ebft \u00e1p.<\/strong><\/p>\n<p><strong>M\u00f4 t\u1ea3 s\u1ea3n ph\u1ea9m:\u00a0<\/strong><\/p>\n<ul>\n<li>Ho\u1ea1t \u0111\u1ed9ng c\u1ee7a nh\u00e2n s\u00e2m Canada v\u1edbi h\u1ee3p ch\u1ea5t &#8211; Ginsenosides \u0111\u00e3 \u0111\u01b0\u1ee3c c\u00e1c nh\u00e0 khoa h\u1ecdc ghi nh\u1eadn c\u00f3 t\u00e1c d\u1ee5ng g\u00e2y m\u1ed9t lo\u1ea1t c\u00e1c ho\u1ea1t \u0111\u1ed9ng sinh h\u1ecdc kh\u00e1c nhau d\u1eabn \u0111\u1ebfn \u1ed5n \u0111\u1ecbnh \u0111\u01b0\u1eddng huy\u1ebft, ch\u1ed1ng vi\u00eam, t\u0103ng c\u01b0\u1eddng ho\u1ea1t \u0111\u1ed9ng tim m\u1ea1ch, t\u00e1c d\u1ee5ng b\u1ea3o v\u1ec7 v\u00e0 ch\u1ed1ng kh\u1ed1i u.<\/li>\n<li>M\u1eadt Ong Nh\u00e2n S\u00e2m l\u00e0 s\u1ea3n ph\u1ea9m c\u1ee7a Canada v\u1edbi k\u1ebft c\u1ea5u d\u1ea1ng kem, ti\u1ec7n l\u1ee3i, d\u1ec5 s\u1eed d\u1ee5ng. H\u01b0\u01a1ng v\u1ecb \u0111\u1eb7c tr\u01b0ng c\u1ee7a M\u1eadt Ong k\u1ebft h\u1ee3p c\u00f9ng Nh\u00e2n S\u00e2m Canada th\u01a1m ngon. M\u1eadt ong Canadian Vita \u0111\u01b0\u1ee3c l\u00e0m b\u1eb1ng b\u1ed9t nh\u00e2n s\u00e2m th\u01b0\u1ee3ng h\u1ea1ng, ch\u1ec9 s\u1eed d\u1ee5ng nh\u1eefng c\u1ee7 nh\u00e2n s\u00e2m 6 n\u0103m tu\u1ed5i \u0111\u1ea1t ch\u1ea5t l\u01b0\u1ee3ng, M\u1eadt Ong \u0111\u01b0\u1ee3c ti\u1ec7t tr\u00f9ng v\u00e0 ch\u1ec9 \u0111\u01b0\u1ee3c thanh l\u1ecdc. M\u1eadt Ong Nh\u00e2n S\u00e2m c\u00f3 th\u1ec3 d\u00f9ng \u0111\u1ec3 pha v\u1edbi n\u01b0\u1edbc \u1ea5m, n\u01b0\u1edbc tr\u00e0, \u0103n c\u00f9ng b\u00e1nh m\u00ec ho\u1eb7c \u0103n ri\u00eang.<\/li>\n<li>Quy c\u00e1ch \u0111\u00f3ng h\u1ed9p: 500 gram\/ h\u1ed9p<\/li>\n<li>Xu\u1ea5t x\u1ee9: Canada<\/li>\n<\/ul>\n<p><strong>C\u00f4ng d\u1ee5ng:<\/strong><\/p>\n<ul>\n<li>Nh\u00e2n s\u00e2m Canada gi\u00fap t\u0103ng \u00e2m trong c\u01a1 th\u1ec3, h\u1ea1 nhi\u1ec7t, th\u01b0 gi\u00e3n v\u00e0 t\u0103ng c\u01b0\u1eddng h\u1ec7 mi\u1ec5n d\u1ecbch.<\/li>\n<li>Ginsenosides trong s\u00e2m Canada c\u00f3 th\u1ec3 \u0111i\u1ec1u ch\u1ec9nh h\u1ec7 th\u1ed1ng th\u1ea7n kinh trung \u01b0\u01a1ng c\u1ee7a n\u00e3o.<\/li>\n<li>Th\u00fac \u0111\u1ea9y t\u1ed5ng h\u1ee3p DNA v\u00e0 RNA c\u1ee7a n\u00e3o \u0111\u1ec3 l\u00e0m ch\u1eadm qu\u00e1 tr\u00ecnh l\u00e3o h\u00f3a n\u00e3o, t\u1eeb \u0111\u00f3 c\u1ea3i thi\u1ec7n suy ngh\u0129 v\u00e0 c\u1ea3i thi\u1ec7n kh\u1ea3 n\u0103ng h\u1ecdc t\u1eadp v\u00e0 tr\u00ed nh\u1edb.<\/li>\n<li>Ginsenosides c\u0169ng c\u00f3 ch\u1ee9c n\u0103ng l\u00e0m d\u1ecbu th\u1ea7n kinh, c\u00f3 th\u1ec3 l\u00e0m t\u0103ng kh\u1ea3 n\u0103ng t\u1eadp trung v\u00e0 c\u1ea3i thi\u1ec7n hi\u1ec7u su\u1ea5t l\u00e0m vi\u1ec7c.<\/li>\n<li>Nh\u00e2n s\u00e2m Canada gi\u00fap nu\u00f4i d\u01b0\u1ee1ng h\u1ec7 h\u00f4 h\u1ea5p v\u00e0 c\u1ea3i thi\u1ec7n ch\u1ee9c n\u0103ng ph\u1ed5i, l\u00e0m gi\u1ea3m t\u00ecnh tr\u1ea1ng n\u00f3ng trong ng\u01b0\u1eddi.<\/li>\n<li>Nu\u00f4i d\u01b0\u1ee1ng m\u00e1u, nu\u00f4i d\u01b0\u1ee1ng \u00e2m v\u00e0 th\u1eadn, t\u0103ng c\u01b0\u1eddng l\u00e1 l\u00e1ch v\u00e0 d\u1ea1 d\u00e0y.<\/li>\n<li>Ginsenoside c\u00f3 t\u00e1c d\u1ee5ng gi\u1ea3m t\u1ed5n th\u01b0\u01a1ng oxy h\u00f3a v\u00e0 t\u0103ng n\u0103ng l\u01b0\u1ee3ng t\u1ebf b\u00e0o, gi\u00fap gi\u1ea3m m\u1ec7t m\u1ecfi, t\u0103ng s\u1ee9c \u0111\u1ec1 kh\u00e1ng v\u00e0 ch\u1ed1ng l\u00e3o h\u00f3a.<\/li>\n<li>C\u1ea3i thi\u1ec7n ch\u1ee9c n\u0103ng tim m\u1ea1ch.<\/li>\n<\/ul>\n<p><strong>\u0110\u1ed1i t\u01b0\u1ee3ng s\u1eed d\u1ee5ng:<\/strong><\/p>\n<ul>\n<li>Ng\u01b0\u1eddi gi\u00e0, \u1ed1m y\u1ebfu, hay b\u1ec7nh v\u1eb7t.<\/li>\n<li>Ng\u01b0\u1eddi l\u00e0m vi\u1ec7c trong m\u00f4i tr\u01b0\u1eddng \u00e1p l\u1ef1c.<\/li>\n<li>H\u1ecdc sinh, sinh vi\u00ean \u0111ang chu\u1ea9n b\u1ecb thi c\u1eed.<\/li>\n<li>Ng\u01b0\u1eddi c\u1ea7n h\u1ed3i ph\u1ee5c s\u1ee9c kho\u1ebb sau \u1ed1m.<\/li>\n<li>Ph\u1ee5 n\u1eef mu\u1ed1n tr\u1ebb ho\u00e1 c\u01a1 th\u1ec3 v\u00e0 l\u00e0n da.<\/li>\n<\/ul>\n<p><b>H\u01b0\u1edbng d\u1eabn s\u1eed d\u1ee5ng:<\/b><\/p>\n<p>D\u00f9ng 1-2 l\u1ea7n m\u1ed7i ng\u00e0y, m\u1ed7i l\u1ea7n 1-2 mu\u1ed7ng c\u00e0 ph\u00ea nh\u00e2n s\u00e2m m\u1eadt ong.<\/p>\n<p>D\u00f9ng tr\u1ef1c ti\u1ebfp ho\u1eb7c c\u00f3 th\u1ec3 pha c\u00f9ng tr\u00e0\/n\u01b0\u1edbc \u1ea5m.<\/p>\n<p>S\u1ea3n ph\u1ea9m kh\u00f4ng ph\u1ea3i l\u00e0 thu\u1ed1c v\u00e0 kh\u00f4ng c\u00f3 t\u00e1c d\u1ee5ng thay th\u1ebf thu\u1ed1c ch\u1eefa b\u1ec7nh.<\/p>\n","protected":false},"excerpt":{"rendered":"<p>Nh\u00e2n s\u00e2m Canada hay c\u00f2n g\u1ecdi l\u00e0 T\u00e2y D\u01b0\u01a1ng S\u00e2m (Nh\u00e2n S\u00e2m M\u1ef9, Nh\u00e2n S\u00e2m Hoa K\u1ef3, Nh\u00e2n S\u00e2m B\u1eafc M\u1ef9) l\u00e0 lo\u1ea1i nh\u00e2n s\u00e2m sinh tr\u01b0\u1edfng v\u00e0 ph\u00e1t tri\u1ec3n \u1edf v\u00f9ng B\u1eafc M\u1ef9 nh\u01b0 \u1edf Canada, Hoa K\u1ef3. Nh\u01b0ng t\u1ea1i Ontario &#8211; Canada ch\u1ea5t l\u01b0\u1ee3ng nh\u00e2n s\u00e2m \u0111\u01b0\u1ee3c tr\u1ed3ng ra c\u00f3 gi\u00e1 tr\u1ecb t\u1ed1t&#8230;<\/p>\n","protected":false},"featured_media":293,"comment_status":"open","ping_status":"closed","template":"","meta":[],"product_cat":[45],"product_tag":[],"class_list":["post-284","product","type-product","status-publish","has-post-thumbnail","hentry","product_cat-san-pham-canada"],"_links":{"self":[{"href":"https:\/\/store1.k-tech-services.com\/minhtranhub\/wp-json\/wp\/v2\/product\/284","targetHints":{"allow":["GET"]}}],"collection":[{"href":"https:\/\/store1.k-tech-services.com\/minhtranhub\/wp-json\/wp\/v2\/product"}],"about":[{"href":"https:\/\/store1.k-tech-services.com\/minhtranhub\/wp-json\/wp\/v2\/types\/product"}],"replies":[{"embeddable":true,"href":"https:\/\/store1.k-tech-services.com\/minhtranhub\/wp-json\/wp\/v2\/comments?post=284"}],"wp:featuredmedia":[{"embeddable":true,"href":"https:\/\/store1.k-tech-services.com\/minhtranhub\/wp-json\/wp\/v2\/media\/293"}],"wp:attachment":[{"href":"https:\/\/store1.k-tech-services.com\/minhtranhub\/wp-json\/wp\/v2\/media?parent=284"}],"wp:term":[{"taxonomy":"product_cat","embeddable":true,"href":"https:\/\/store1.k-tech-services.com\/minhtranhub\/wp-json\/wp\/v2\/product_cat?post=284"},{"taxonomy":"product_tag","embeddable":true,"href":"https:\/\/store1.k-tech-services.com\/minhtranhub\/wp-json\/wp\/v2\/product_tag?post=284"}],"curies":[{"name":"wp","href":"https:\/\/api.w.org\/{rel}","templated":true}]}}