{"id":278,"date":"2021-05-17T05:09:52","date_gmt":"2021-05-17T05:09:52","guid":{"rendered":"http:\/\/minhtranhub.vn\/?post_type=product&amp;p=278"},"modified":"2021-05-17T05:09:52","modified_gmt":"2021-05-17T05:09:52","slug":"nuoc-uong-nhung-huou-han-quoc","status":"publish","type":"product","link":"https:\/\/store1.k-tech-services.com\/minhtranhub\/san-pham\/nuoc-uong-nhung-huou-han-quoc\/","title":{"rendered":"N\u01af\u1edaC U\u1ed0NG NHUNG H\u01af\u01a0U H\u00c0N QU\u1ed0C"},"content":{"rendered":"<p><strong>Nhung h\u01b0\u01a1u ch\u00ednh l\u00e0 s\u1eebng ( l\u1ed9c non) c\u1ee7a h\u01b0\u01a1u \u0111\u1ef1c ho\u1eb7c s\u1eebng non c\u1ee7a nai bi\u1ebfn th\u00e0nh. S\u1ea3n ph\u1ea9m n\u00e0y \u0111\u01b0\u1ee3c bi\u1ebft \u0111\u1ebfn nh\u01b0 b\u00e0i thu\u1ed1c qu\u00fd hi\u1ebfm, c\u00f3 gi\u00e1 tr\u1ecb r\u1ea5t t\u1ed1t cho s\u1ee9c kh\u1ecfe con ng\u01b0\u1eddi.<\/strong><\/p>\n<p><strong>M\u00f4 t\u1ea3 s\u1ea3n ph\u1ea9m:<\/strong><\/p>\n<ul>\n<li>N\u01b0\u1edbc u\u1ed1ng Nhung H\u01b0\u01a1u Antlers Gold H\u00e0n Qu\u1ed1c l\u00e0 s\u1ef1 k\u1ebft h\u1ee3p ho\u00e0n h\u1ea3o gi\u1eefa Nhung H\u01b0\u01a1u v\u00e0 c\u00e1c v\u1ecb thu\u1ed1c: t\u00e1o t\u00e0u, \u0111\u01b0\u01a1ng quy, gi\u1ea7n s\u00e0ng, cam th\u1ea3o&#8230; C\u00f3 t\u00e1c d\u1ee5ng k\u00edch th\u00edch protein huy\u1ebft thanh, c\u1ea3i thi\u1ec7n b\u1ec7nh li\u1ec7t d\u01b0\u01a1ng, ph\u00e1t tri\u1ec3n s\u1ee9c m\u1ea1nh th\u1ec3 ch\u1ea5t, T\u1ea1o s\u1ee9c s\u1ed1ng cho c\u01a1 th\u1ec3 v\u00e0 t\u0103ng s\u1ee9c m\u1ea1nh th\u1ec3 ch\u1ea5t, gi\u00fap x\u00fac t\u00e1c qu\u00e1 tr\u00ecnh tu\u1ea7n ho\u00e0n m\u00e1u v\u00e0 gi\u1ea3m c\u0103ng th\u1eb3ng.<\/li>\n<li>Dung t\u00edch: 100ml\/ chai<\/li>\n<li>Quy c\u00e1ch \u0111\u00f3ng h\u1ed9p: 10 chai\/ h\u1ed9p<\/li>\n<li>Xu\u1ea5t x\u1ee9: H\u00e0n Qu\u1ed1c<\/li>\n<\/ul>\n<p><strong>C\u00f4ng d\u1ee5ng:<\/strong><\/p>\n<ul>\n<li>B\u1ed3i b\u1ed5 c\u01a1 th\u1ec3, b\u1ed5 m\u00e1u, t\u0103ng s\u1ee9c \u0111\u1ec1 kh\u00e1ng v\u00e0 ho\u00e0n l\u1ef1c nhanh ch\u00f3ng.<\/li>\n<li>Ph\u00f2ng ch\u1ed1ng c\u00e1c b\u1ec7nh ung th\u01b0, ti\u1ec3u \u0111\u01b0\u1eddng, ch\u1ed1ng x\u01a1 c\u1ee9ng \u0111\u1ed9ng m\u1ea1nh \u0111\u1ed3ng th\u1eddi gi\u1ea3m stress.<\/li>\n<li>Gi\u00fap t\u0103ng h\u01b0ng ph\u1ea5n h\u1ec7 th\u1ed1ng tuy\u1ebfn y\u00ean, tuy\u1ebfn v\u1ecf th\u01b0\u1ee3ng th\u1eadn, t\u1ed1t cho gan th\u1eadn v\u00e0 t\u0103ng kh\u1ea3 n\u0103ng mi\u1ec5n d\u1ecbch.<\/li>\n<li>H\u1ed7 tr\u1ee3 \u0111i\u1ec1u tr\u1ecb b\u1ec7nh \u0111au \u0111\u1ea7u, m\u1ec7t m\u1ecfi, bi\u1ebfng \u0103n m\u1ea5t ng\u1ee7.<\/li>\n<li>L\u00e0m s\u1ea3ng kho\u00e1i t\u00ednh th\u1ea7n v\u00e0 \u0111i\u1ec1u h\u00f2a c\u01a1 th\u1ec3, c\u00e2n b\u1eb1ng sinh l\u00ed.<\/li>\n<li>Ng\u0103n ng\u1eeba l\u00e3o h\u00f3a, k\u00e9o d\u00e0i tu\u1ed5i th\u1ecd.<\/li>\n<li>T\u0103ng hi\u1ec7u qu\u1ea3 l\u00e0m vi\u1ec7c, t\u0103ng tr\u00ed nh\u1edb, da d\u1ebb h\u1ed3ng h\u00e0o.<\/li>\n<\/ul>\n<p><strong>\u0110\u1ed1i t\u01b0\u1ee3ng s\u1eed d\u1ee5ng:<\/strong><\/p>\n<ul>\n<li>Ng\u01b0\u1eddi ch\u01a1i th\u1ec3 thao, l\u00e0m vi\u1ec7c ngo\u00e0i tr\u1eddi nhi\u1ec1u.<\/li>\n<li>Ng\u01b0\u1eddi \u1ed1m, suy nh\u01b0\u1ee3c c\u01a1 th\u1ec3, s\u1ee9c \u0111\u1ec1 kh\u00e1ng y\u1ebfu.<\/li>\n<li>Ng\u01b0\u1eddi l\u1edbn tu\u1ed5i th\u01b0\u1eddng hay b\u1ec7nh v\u1eb7t, m\u1ec7t m\u1ecfi v\u00ec s\u1ee9c kh\u1ecfe y\u1ebfu<\/li>\n<li>Nh\u1eefng ng\u01b0\u1eddi l\u00e0m vi\u1ec7c trong m\u00f4i tr\u01b0\u1eddng c\u0103ng th\u1eb3ng, \u00e1p l\u1ef1c.<\/li>\n<li>Ng\u01b0\u1eddi mu\u1ed1n tr\u1ebb, kh\u1ecfe, \u0111\u1eb9p v\u00e0 ph\u00f2ng ng\u1eeba c\u00e1c b\u1ec7nh v\u1ec1 x\u01a1 v\u1eefa \u0111\u1ed9ng m\u1ea1ch, b\u1ec7nh gan, th\u1eadn,&#8230;<\/li>\n<\/ul>\n<p><strong>H\u01b0\u1edbng d\u1eabn s\u1eed d\u1ee5ng:<\/strong><\/p>\n<ul>\n<li>\u00a0U\u1ed1ng m\u1ed7i ng\u00e0y 1 chai.<\/li>\n<li>\u00a0L\u1eafc \u0111\u1ec1u tr\u01b0\u1edbc khi u\u1ed1ng.<\/li>\n<li>\u00a0Ngon h\u01a1n khi u\u1ed1ng l\u1ea1nh.<\/li>\n<li>U\u1ed1ng sau khi \u0103n 20-30 ph\u00fat, tr\u01b0\u1edbc khi \u0111i ng\u1ee7 2 gi\u1edd.<\/li>\n<\/ul>\n","protected":false},"excerpt":{"rendered":"<p><strong>Qu\u00e0 t\u1eb7ng k\u00e8m:<\/strong> <span style=\"color: #ff0000;\">T\u00fai k\u1eb9o 9 vi\u00ean mix v\u1ecb.<\/span><\/p>\n","protected":false},"featured_media":289,"comment_status":"open","ping_status":"closed","template":"","meta":[],"product_cat":[46],"product_tag":[],"class_list":["post-278","product","type-product","status-publish","has-post-thumbnail","hentry","product_cat-san-pham-han-quoc"],"_links":{"self":[{"href":"https:\/\/store1.k-tech-services.com\/minhtranhub\/wp-json\/wp\/v2\/product\/278","targetHints":{"allow":["GET"]}}],"collection":[{"href":"https:\/\/store1.k-tech-services.com\/minhtranhub\/wp-json\/wp\/v2\/product"}],"about":[{"href":"https:\/\/store1.k-tech-services.com\/minhtranhub\/wp-json\/wp\/v2\/types\/product"}],"replies":[{"embeddable":true,"href":"https:\/\/store1.k-tech-services.com\/minhtranhub\/wp-json\/wp\/v2\/comments?post=278"}],"wp:featuredmedia":[{"embeddable":true,"href":"https:\/\/store1.k-tech-services.com\/minhtranhub\/wp-json\/wp\/v2\/media\/289"}],"wp:attachment":[{"href":"https:\/\/store1.k-tech-services.com\/minhtranhub\/wp-json\/wp\/v2\/media?parent=278"}],"wp:term":[{"taxonomy":"product_cat","embeddable":true,"href":"https:\/\/store1.k-tech-services.com\/minhtranhub\/wp-json\/wp\/v2\/product_cat?post=278"},{"taxonomy":"product_tag","embeddable":true,"href":"https:\/\/store1.k-tech-services.com\/minhtranhub\/wp-json\/wp\/v2\/product_tag?post=278"}],"curies":[{"name":"wp","href":"https:\/\/api.w.org\/{rel}","templated":true}]}}