{"id":254,"date":"2021-05-07T07:53:37","date_gmt":"2021-05-07T07:53:37","guid":{"rendered":"http:\/\/minhtranhub.vn\/?post_type=product&amp;p=254"},"modified":"2021-05-07T07:53:37","modified_gmt":"2021-05-07T07:53:37","slug":"nuoc-uong-dong-trung-ha-thao-han-quoc","status":"publish","type":"product","link":"https:\/\/store1.k-tech-services.com\/minhtranhub\/san-pham\/nuoc-uong-dong-trung-ha-thao-han-quoc\/","title":{"rendered":"N\u01af\u1edaC U\u1ed0NG \u0110\u00d4NG TR\u00d9NG H\u1ea0 TH\u1ea2O H\u00c0N QU\u1ed0C"},"content":{"rendered":"<div><strong>\u0110\u00f4ng tr\u00f9ng h\u1ea1 th\u1ea3o l\u00e0 m\u1ed9t lo\u00e0i th\u1ea3o d\u01b0\u1ee3c qu\u00fd v\u00e0 \u0111\u1eb7c bi\u1ec7t, b\u1edfi ch\u00fang \u0111\u01b0\u1ee3c xem nh\u01b0 l\u00e0 &#8220;con lai&#8221; gi\u1eefa \u0111\u1ed9ng v\u1eadt v\u00e0 th\u1ef1c v\u1eadt. Th\u1ef1c ch\u1ea5t, \u0111\u00f4ng tr\u00f9ng h\u1ea1 th\u1ea3o l\u00e0 s\u1ef1 k\u1ebft h\u1ee3p gi\u1eefa s\u00e2u non (\u1ea5u tr\u00f9ng b\u01b0\u1edbm) c\u1ee7a lo\u00e0i Thitarodes v\u00e0 lo\u00e0i n\u1ea5m k\u00fd sinh Cordyceps sinensis.\u00a0<\/strong><\/div>\n<div><\/div>\n<div><strong>M\u00f4 t\u1ea3 s\u1ea3n ph\u1ea9m:<\/strong><\/div>\n<ul>\n<li>N\u01b0\u1edbc u\u1ed1ng \u0110\u00f4ng Tr\u00f9ng H\u1ea1 Th\u1ea3o \u0111\u01b0\u1ee3c chi\u1ebft xu\u1ea5t t\u1eeb \u0111\u00f4ng tr\u00f9ng h\u1ea1 th\u1ea3o thi\u00ean nhi\u00ean,c\u00f3 t\u00e1c d\u1ee5ng gi\u1ea3i kh\u00e1t c\u00f2n c\u00f3 t\u00e1c d\u1ee5ng gi\u1ea3m stress, b\u1ed5 sung n\u0103ng l\u01b0\u1ee3ng cho c\u01a1 th\u1ec3 kh\u1ecfe m\u1ea1nh. N\u01b0\u1edbc u\u1ed1ng \u0110\u00f4ng Tr\u00f9ng H\u1ea1 Th\u1ea3o c\u00f3 m\u00e0u v\u00e0ng nh\u1ea1t v\u1ecb chua ng\u1ecdt, \u0111\u01b0\u1ee3c \u0111\u00f3ng chai sang tr\u1ecdng v\u00e0 \u0111\u1ea3m b\u1ea3o v\u1ec7 sinh r\u1ea5t t\u1ed1t cho s\u1ee9c kh\u1ecfe c\u1ee7a con ng\u01b0\u1eddi.<\/li>\n<li>Th\u00e0nh ph\u1ea7n c\u00f3 trong n\u01b0\u1edbc u\u1ed1ng \u0111\u00f4ng tr\u00f9ng h\u1ea1 th\u1ea3o: Chi\u1ebft xu\u1ea5t \u0110\u00f4ng tr\u00f9ng h\u1ea1 th\u1ea3o, x\u1ea3 s\u00e0ng t\u1eed, t\u00e1o t\u00e0u, axit citric, natri citrate, nattri benzoate.<\/li>\n<li>Dung t\u00edch: 100ml\/ chai<\/li>\n<li>Quy c\u00e1ch \u0111\u00f3ng h\u1ed9p: 10 chai\/ h\u1ed9p<\/li>\n<li>Xu\u1ea5t x\u1ee9: H\u00e0n Qu\u1ed1c<\/li>\n<li>Ngon h\u01a1n khi u\u1ed1ng l\u1ea1nh<\/li>\n<\/ul>\n<div><strong>C\u00f4ng d\u1ee5ng:<\/strong><\/div>\n<div><\/div>\n<div>M\u1ed9t trong nh\u1eefng nh\u1eefng t\u00e1c d\u1ee5ng c\u1ee7a \u0110\u00f4ng tr\u00f9ng h\u1ea1 th\u1ea3o \u0111\u01b0\u1ee3c y h\u1ecdc l\u1eabn ng\u01b0\u1eddi ti\u00eau d\u00f9ng quan t\u00e2m \u0111\u00f3 ch\u00ednh l\u00e0 kh\u1ea3 n\u0103ng ch\u1ed1ng ung th\u01b0 v\u00e0 ch\u1ed1ng l\u1ea1i c\u00e1c y\u1ebfu t\u1ed1 l\u00e0m t\u0103ng nguy c\u01a1 m\u1eafc b\u1ec7nh ung th\u01b0 nh\u1edd ho\u1ea1t ch\u1ea5t qu\u00fd hi\u1ebfm c\u00f3 t\u00ean Cordycepin \u2013 m\u1ed9t ch\u1ea5t \u0111\u00f3ng vai tr\u00f2 quan tr\u1ecdng l\u00e0m n\u00ean t\u00ean tu\u1ed5i \u0110\u00f4ng Tr\u00f9ng H\u1ea1 Th\u1ea3o trong ng\u00e0nh D\u01b0\u1ee3c li\u1ec7u! Ngo\u00e0i ra, N\u01b0\u1edbc u\u1ed1ng \u0110\u00f4ng tr\u00f9ng h\u1ea1 th\u1ea3o c\u00f2n gi\u00fap:<\/div>\n<ul>\n<li>T\u0103ng c\u01b0\u1eddng s\u1ee9c \u0111\u1ec1 kh\u00e1ng, s\u1ee9c kho\u1ebb, t\u0103ng c\u01b0\u1eddng th\u1ec3 l\u1ef1c.<\/li>\n<li>L\u00e0m gi\u1ea3m c\u00e1c tri\u1ec7u ch\u1ee9ng m\u1ec7t m\u1ecfi<\/li>\n<li>Ch\u1ed1ng l\u00e3o ho\u00e1 \u0111\u1ed1i v\u1edbi ph\u00e1i \u0111\u1eb9p<\/li>\n<li>T\u0103ng c\u01b0\u1eddng sinh l\u00fd<\/li>\n<li>T\u0103ng c\u01b0\u1eddng h\u1ec7 mi\u1ec5n d\u1ecbch<\/li>\n<li>C\u1ea3i thi\u1ec7n ch\u1ee9c n\u0103ng n\u00e3o v\u00e0 h\u1ec7 th\u1ea7n kinh.<\/li>\n<li>Ch\u1ed1ng ung th\u01b0 v\u00e0 ch\u1ed1ng l\u1ea1i c\u00e1c y\u1ebfu t\u1ed1 l\u00e0m t\u0103ng nguy c\u01a1 m\u1eafc b\u1ec7nh ung th\u01b0<\/li>\n<li>H\u1ed7 tr\u1ee3 ki\u1ec3m so\u00e1t b\u1ec7nh ti\u1ec3u \u0111\u01b0\u1eddng<\/li>\n<li>H\u1ed7 tr\u1ee3 \u0111i\u1ec1u tr\u1ecb ng\u01b0\u1eddi b\u1ecb b\u1ec7nh th\u1eadn m\u00e3n t\u00ednh<\/li>\n<\/ul>\n<p><strong>\u0110\u1ed1i t\u01b0\u1ee3ng:<\/strong><\/p>\n<ul>\n<li>Ng\u01b0\u1eddi ch\u01a1i th\u1ec3 thao, l\u00e0m vi\u1ec7c ngo\u00e0i tr\u1eddi nhi\u1ec1u.<\/li>\n<li>Ng\u01b0\u1eddi \u1ed1m, suy nh\u01b0\u1ee3c c\u01a1 th\u1ec3, s\u1ee9c \u0111\u1ec1 kh\u00e1ng y\u1ebfu.<\/li>\n<li>Ng\u01b0\u1eddi l\u1edbn tu\u1ed5i th\u01b0\u1eddng hay b\u1ec7nh v\u1eb7t, m\u1ec7t m\u1ecfi v\u00ec s\u1ee9c kh\u1ecfe y\u1ebfu<\/li>\n<li>Nh\u1eefng ng\u01b0\u1eddi l\u00e0m vi\u1ec7c trong m\u00f4i tr\u01b0\u1eddng c\u0103ng th\u1eb3ng, \u00e1p l\u1ef1c.<\/li>\n<li>Ng\u01b0\u1eddi mu\u1ed1n tr\u1ebb, kh\u1ecfe, \u0111\u1eb9p v\u00e0 ph\u00f2ng ng\u1eeba c\u00e1c b\u1ec7nh v\u1ec1 x\u01a1 v\u1eefa \u0111\u1ed9ng m\u1ea1ch, b\u1ec7nh gan, th\u1eadn,&#8230;<\/li>\n<\/ul>\n<p><strong>H\u01b0\u1edbng d\u1eabn s\u1eed d\u1ee5ng:<\/strong><\/p>\n<ul>\n<li>\u00a0U\u1ed1ng m\u1ed7i ng\u00e0y 1 chai.<\/li>\n<li>\u00a0L\u1eafc \u0111\u1ec1u tr\u01b0\u1edbc khi u\u1ed1ng.<\/li>\n<li>\u00a0Ngon h\u01a1n khi u\u1ed1ng l\u1ea1nh.<\/li>\n<li>U\u1ed1ng sau khi \u0103n 20-30 ph\u00fat, tr\u01b0\u1edbc khi \u0111i ng\u1ee7 2 gi\u1edd.<\/li>\n<\/ul>\n","protected":false},"excerpt":{"rendered":"<p><strong>Qu\u00e0 t\u1eb7ng k\u00e8m:<\/strong> <span style=\"color: #ff0000;\">T\u00fai k\u1eb9o 9 vi\u00ean mix v\u1ecb.<\/span><\/p>\n","protected":false},"featured_media":290,"comment_status":"open","ping_status":"closed","template":"","meta":[],"product_cat":[46],"product_tag":[],"class_list":["post-254","product","type-product","status-publish","has-post-thumbnail","hentry","product_cat-san-pham-han-quoc"],"_links":{"self":[{"href":"https:\/\/store1.k-tech-services.com\/minhtranhub\/wp-json\/wp\/v2\/product\/254","targetHints":{"allow":["GET"]}}],"collection":[{"href":"https:\/\/store1.k-tech-services.com\/minhtranhub\/wp-json\/wp\/v2\/product"}],"about":[{"href":"https:\/\/store1.k-tech-services.com\/minhtranhub\/wp-json\/wp\/v2\/types\/product"}],"replies":[{"embeddable":true,"href":"https:\/\/store1.k-tech-services.com\/minhtranhub\/wp-json\/wp\/v2\/comments?post=254"}],"wp:featuredmedia":[{"embeddable":true,"href":"https:\/\/store1.k-tech-services.com\/minhtranhub\/wp-json\/wp\/v2\/media\/290"}],"wp:attachment":[{"href":"https:\/\/store1.k-tech-services.com\/minhtranhub\/wp-json\/wp\/v2\/media?parent=254"}],"wp:term":[{"taxonomy":"product_cat","embeddable":true,"href":"https:\/\/store1.k-tech-services.com\/minhtranhub\/wp-json\/wp\/v2\/product_cat?post=254"},{"taxonomy":"product_tag","embeddable":true,"href":"https:\/\/store1.k-tech-services.com\/minhtranhub\/wp-json\/wp\/v2\/product_tag?post=254"}],"curies":[{"name":"wp","href":"https:\/\/api.w.org\/{rel}","templated":true}]}}