{"id":92,"date":"2021-04-05T08:09:10","date_gmt":"2021-04-05T08:09:10","guid":{"rendered":"http:\/\/localhost:8080\/wp-greenbee\/?page_id=92"},"modified":"2021-04-05T08:09:10","modified_gmt":"2021-04-05T08:09:10","slug":"gioi-thieu","status":"publish","type":"page","link":"https:\/\/store1.k-tech-services.com\/minhtranhub\/gioi-thieu\/","title":{"rendered":"Gi\u1edbi thi\u1ec7u"},"content":{"rendered":"\n<h2 style=\"text-align: center;\">V\u1ec1 Ch\u00fang T\u00f4i<\/h2>\n<p class=\"_04xlpA direction-ltr align-justify para-style-body\"><span class=\"JsGRdQ\">C\u00e1c s\u1ea3n ph\u1ea9m do C\u00f4ng ty TNHH Xu\u1ea5t Nh\u1eadp Kh\u1ea9u Minh Tr\u00e2n ph\u00e2n ph\u1ed1i t\u1ea1i Vi\u1ec7t Nam \u0111\u1ec1u \u0111\u01b0\u1ee3c nh\u1eadp kh\u1ea9u ch\u00ednh ng\u1ea1ch d\u01b0\u1edbi s\u1ef1 gi\u00e1m s\u00e1t nghi\u00eam ng\u1eb7t c\u1ee7a C\u01a1 quan H\u1ea3i Quan. \u0110\u1ed3ng th\u1eddi, c\u00e1c s\u1ea3n ph\u1ea9m c\u0169ng \u0111\u00e3 \u0111\u01b0\u1ee3c ki\u1ec3m nghi\u1ec7m c\u00e1c ch\u1ec9 ti\u00eau an to\u00e0n th\u1ef1c ph\u1ea9m, th\u00f4ng qua c\u00e1c c\u01a1 quan ch\u1ee9c n\u0103ng do B\u1ed9 y t\u1ebf ch\u1ec9 \u0111\u1ecbnh.<\/span><\/p>\n<p class=\"_04xlpA direction-ltr align-justify para-style-body\"><span class=\"JsGRdQ\">L\u1ee3i th\u1ebf c\u1ee7a Ch\u00fang t\u00f4i l\u00e0 lu\u00f4n cung c\u1ea5p \u0111\u01b0\u1ee3c \u0111\u1ea7y \u0111\u1ee7 b\u1ed9 h\u1ed3 s\u01a1 ch\u1ee9ng t\u1eeb v\u1ec1 ngu\u1ed3n g\u1ed1c xu\u1ea5t x\u1ee9 , gi\u1ea5y ch\u1ee9ng nh\u1eadn ch\u1ea5t l\u01b0\u1ee3ng s\u1ea3n ph\u1ea9m, v\u00e0 x\u00e1c nh\u1eadn Th\u00f4ng quan c\u1ee7a C\u01a1 quan H\u1ea3i quan tr\u00ean h\u1ec7 th\u1ed1ng c\u01a1 s\u1edf d\u1eef li\u1ec7u c\u00f4ng khai theo t\u1eebng l\u00f4 h\u00e0ng nh\u1eadp kh\u1ea9u.<\/span><\/p>\n<div class=\"mota_gioithieu\">\u00a0<\/div>","protected":false},"excerpt":{"rendered":"<p>V\u1ec1 Ch\u00fang T\u00f4i C\u00e1c s\u1ea3n ph\u1ea9m do C\u00f4ng ty TNHH Xu\u1ea5t Nh\u1eadp Kh\u1ea9u Minh Tr\u00e2n ph\u00e2n ph\u1ed1i t\u1ea1i Vi\u1ec7t Nam \u0111\u1ec1u \u0111\u01b0\u1ee3c nh\u1eadp kh\u1ea9u ch\u00ednh ng\u1ea1ch d\u01b0\u1edbi s\u1ef1 gi\u00e1m s\u00e1t nghi\u00eam ng\u1eb7t c\u1ee7a C\u01a1 quan H\u1ea3i Quan. \u0110\u1ed3ng th\u1eddi, c\u00e1c s\u1ea3n ph\u1ea9m c\u0169ng \u0111\u00e3 \u0111\u01b0\u1ee3c ki\u1ec3m nghi\u1ec7m c\u00e1c ch\u1ec9 ti\u00eau an to\u00e0n th\u1ef1c ph\u1ea9m, th\u00f4ng&#8230;<\/p>\n","protected":false},"author":1,"featured_media":0,"parent":0,"menu_order":0,"comment_status":"closed","ping_status":"closed","template":"","meta":{"footnotes":""},"class_list":["post-92","page","type-page","status-publish","hentry"],"_links":{"self":[{"href":"https:\/\/store1.k-tech-services.com\/minhtranhub\/wp-json\/wp\/v2\/pages\/92","targetHints":{"allow":["GET"]}}],"collection":[{"href":"https:\/\/store1.k-tech-services.com\/minhtranhub\/wp-json\/wp\/v2\/pages"}],"about":[{"href":"https:\/\/store1.k-tech-services.com\/minhtranhub\/wp-json\/wp\/v2\/types\/page"}],"author":[{"embeddable":true,"href":"https:\/\/store1.k-tech-services.com\/minhtranhub\/wp-json\/wp\/v2\/users\/1"}],"replies":[{"embeddable":true,"href":"https:\/\/store1.k-tech-services.com\/minhtranhub\/wp-json\/wp\/v2\/comments?post=92"}],"version-history":[{"count":0,"href":"https:\/\/store1.k-tech-services.com\/minhtranhub\/wp-json\/wp\/v2\/pages\/92\/revisions"}],"wp:attachment":[{"href":"https:\/\/store1.k-tech-services.com\/minhtranhub\/wp-json\/wp\/v2\/media?parent=92"}],"curies":[{"name":"wp","href":"https:\/\/api.w.org\/{rel}","templated":true}]}}