{"id":185,"date":"2022-10-12T14:24:12","date_gmt":"2022-10-12T14:24:12","guid":{"rendered":"http:\/\/localhost\/maytinh\/?post_type=product&#038;p=185"},"modified":"2022-10-13T03:31:26","modified_gmt":"2022-10-13T03:31:26","slug":"tekpc-gaming-g1","status":"publish","type":"product","link":"https:\/\/store1.k-tech-services.com\/maytinh\/san-pham\/tekpc-gaming-g1\/","title":{"rendered":"TEKPC GAMING G1"},"content":{"rendered":"<div>\n<div><img decoding=\"async\" src=\"https:\/\/file.hstatic.net\/1000189326\/file\/auqua3_350a76f6fabd4f33a57868e9a0d7bb32.png\" \/><\/div>\n<div><\/div>\n<\/div>\n<div><strong>Custom Water Cooling ch\u01b0a bao gi\u1edd d\u1ec5 ti\u1ebfp c\u1eadn \u0111\u1ebfn th\u1ebf. N\u1ebfu n\u0103m ngo\u00e1i c\u1ea7n m\u1ed9t b\u1ed9 PC trang b\u1ecb t\u1ea3n nhi\u1ec7t n\u01b0\u1edbc Custom, Qu\u00fd kh\u00e1ch ph\u1ea3i chi kh\u00f4ng d\u01b0\u1edbi 30 tri\u1ec7u, th\u00ec n\u0103m nay Tekcore \u0111\u00e3 c\u00e2n \u0111\u1ed1i th\u00e0nh c\u00f4ng \u0111\u1ec3 mang l\u1ea1i cho Qu\u00fd kh\u00e1ch m\u1ed9t b\u1ed9 PC \u0111\u1eddi M\u1edaI NH\u1ea4T trang b\u1ecb CPU Intel th\u1ebf h\u1ec7 12, \u0111\u1eb9p nh\u1ea5t v\u00e0 m\u00e1t nh\u1ea5t v\u1edbi t\u1ea3n nhi\u1ec7t n\u01b0\u1edbc Custom v\u1edbi c\u1ea5u h\u00ecnh m\u1ea1nh m\u1ebd \u0111\u1ee7 \u0111\u00e1p \u1ee9ng c\u00e1c c\u00f4ng vi\u1ec7c v\u00e0 gi\u1ea3i tr\u00ed h\u00e0ng ng\u00e0y.<\/strong><\/div>\n<div>\n<div><strong>Th\u00f4ng s\u1ed1 chi ti\u00eat:<\/strong><\/div>\n<div>\n<table border=\"1\" cellspacing=\"0\" cellpadding=\"0\">\n<tbody>\n<tr>\n<td>\n<div><strong>Mainboard:<\/strong><\/div>\n<\/td>\n<td>\n<div>Gigabyte B660M Gaming DDR4<\/div>\n<\/td>\n<td>\n<div>B\u1ea3o h\u00e0nh 36 th\u00e1ng<\/div>\n<\/td>\n<\/tr>\n<tr>\n<td>\n<div><strong>CPU:<\/strong><\/div>\n<\/td>\n<td>\n<div>Intel Core i3 12100F (4core 8 threads)<\/div>\n<\/td>\n<td>\n<div>B\u1ea3o h\u00e0nh 36 th\u00e1ng<\/div>\n<\/td>\n<\/tr>\n<tr>\n<td>\n<div><strong>RAM<\/strong><\/div>\n<\/td>\n<td>\n<div>Corsair Vengeance RS 8G 3200<\/div>\n<\/td>\n<td>\n<div>B\u1ea3o h\u00e0nh 36 th\u00e1ng<\/div>\n<\/td>\n<\/tr>\n<tr>\n<td>\n<div><strong>VGA:<\/strong><\/div>\n<\/td>\n<td>\n<div>Gigabyte GTX 1650 4G OC<\/div>\n<\/td>\n<td>\n<div>B\u1ea3o h\u00e0nh 36 th\u00e1ng<\/div>\n<\/td>\n<\/tr>\n<tr>\n<td>\n<div><strong>SSD:<\/strong><\/div>\n<\/td>\n<td>\n<div>LiteOne MU3 240G SATA 3<\/div>\n<\/td>\n<td>\n<div>B\u1ea3o h\u00e0nh 36 th\u00e1ng<\/div>\n<\/td>\n<\/tr>\n<tr>\n<td>\n<div><strong>HDD:<\/strong><\/div>\n<\/td>\n<td>\n<div>T\u00f9y ch\u1ecdn mua th\u00eam<\/div>\n<\/td>\n<td>\n<div>B\u1ea3o h\u00e0nh 12 th\u00e1ng<\/div>\n<\/td>\n<\/tr>\n<tr>\n<td>\n<div><strong>PSU:<\/strong><\/div>\n<\/td>\n<td>\n<div>Cooler Master PC700 700W<\/div>\n<\/td>\n<td>\n<div>B\u1ea3o h\u00e0nh 36 th\u00e1ng<\/div>\n<\/td>\n<\/tr>\n<tr>\n<td>\n<div><strong>Case:<\/strong><\/div>\n<\/td>\n<td>\n<div>VSP KA 30 M-ATX<\/div>\n<\/td>\n<td>\n<div>B\u1ea3o h\u00e0nh 12 th\u00e1ng<\/div>\n<\/td>\n<\/tr>\n<tr>\n<td>\n<div><strong>Cooler:<\/strong><\/div>\n<\/td>\n<td>\n<div>TEKCORE CUSTOM Water Cooling<\/div>\n<\/td>\n<td>\n<div>B\u1ea3o h\u00e0nh 12 th\u00e1ng<\/div>\n<\/td>\n<\/tr>\n<tr>\n<td>\n<div><strong>Khuy\u1ebfn m\u1ea1i:<\/strong><\/div>\n<\/td>\n<td>\n<div>T\u1eb7ng b\u00e0n ph\u00edm A4tech B820R tr\u1ecb gi\u00e1 1.880K (SL c\u00f3 h\u1ea1n)<\/div>\n<\/td>\n<td>\n<div>B\u1ea3o h\u00e0nh 12 th\u00e1ng<\/div>\n<\/td>\n<\/tr>\n<\/tbody>\n<\/table>\n<div><strong>\u0110\u00c1NH GI\u00c1 CHI TI\u1ebeT C\u00c1C TH\u00c0NH PH\u1ea6N:<\/strong><\/div>\n<\/div>\n<div><strong>CPU Intel Core i3 12100F<\/strong><\/div>\n<div>V\u1edbi ti\u00eau ch\u00ed lu\u00f4n mang nh\u1eefng s\u1ea3n ph\u1ea9m c\u00f4ng ngh\u1ec7 m\u1edbi nh\u1ea5t cho Kh\u00e1ch h\u00e0ng, CPU Intel Core i3 12100F th\u1ebf h\u1ec7 th\u1ee9 12 l\u00e0 b\u1ed9 n\u00e3o c\u1ee7a to\u00e0n h\u1ec7 th\u1ed1ng. V\u1edbi 4 nh\u00e2n v\u00e0 8 lu\u1ed3ng x\u1eed l\u00fd cho hi\u1ec7u n\u0103ng m\u1ea1nh m\u1ebd h\u01a1n c\u00e1c CPU i7 th\u1ebf h\u1ec7 7-8 \u0111\u1ed3ng th\u1eddi ti\u1ebft ki\u1ec7m h\u01a1n v\u00e0 d\u1ec5 d\u00e0ng n\u00e2ng c\u1ea5p trong v\u00f2ng 2-3 n\u0103m ti\u1ebfp theo.<\/div>\n<div><img decoding=\"async\" src=\"https:\/\/product.hstatic.net\/1000189326\/product\/12100f_08b94acfa9e74d4881686b974b742961_master.jpg\" alt=\" CPU Intel Core i3 12100F LGA1700 ( th\u1ebf h\u1ec7 12) \" \/><\/div>\n<div><strong>Mainboard Gigabyte B660M Gaming DDR4:<\/strong><\/div>\n<div>V\u1edbi t\u00f4ng m\u00e0u \u0111\u1ecf \u0111en \u0111\u1eadm ch\u1ea5t gaming, mainboard ch\u1ea1y t\u1ed1t CPU hi\u1ec7n t\u1ea1i v\u00e0 ho\u00e0n to\u00e0n c\u00f3 th\u1ec3 n\u00e2ng c\u1ea5p v\u1ec1 sau n\u1ebfu kh\u00e1ch h\u00e0ng c\u00f3 nhu c\u1ea7u x\u1eed l\u00fd m\u1ea1nh m\u1ebd h\u01a1n. Bo m\u1ea1ch c\u00f3 \u0111\u1ea7u \u0111\u1ee7 c\u00e1c c\u1ed5ng k\u1ebft n\u1ed1i c\u00f9ng 2 khe g\u1eafn SSD t\u1ed1c \u0111\u1ed9 cao t\u0103ng t\u1ed1c h\u1ec7 th\u1ed1ng c\u00f9ng c\u1ed5ng LAN 2.5G truy\u1ec1n t\u1ea3i nhanh, h\u1ea1n ch\u1ebf gi\u1eadt lag.<\/div>\n<div><img decoding=\"async\" src=\"https:\/\/product.hstatic.net\/1000189326\/product\/b660m_d9db97871b914e49a2b861f3363f9dc0_master.jpg\" alt=\" Gigabyte B660M GAMING DDR4 (rev. 1.0) \" \/><br \/>\n<strong>RAM: Corsair Veangeance RS 8G bus 3200<\/strong><\/div>\n<div>\u0111\u01b0\u1ee3c h\u1ed7 tr\u1ee3 t\u1ed1t b\u1edfi main B660M Gaming \u0111\u1ec3 ch\u1ea1y t\u1ed1i \u0111a v\u00e0 \u1ed5n \u0111\u1ecbnh, M\u1ed9t PC \u0111\u1eb9p ph\u1ea3i \u0111i k\u00e8m RAM RGB \u0111\u1eb9p v\u00e0 Corsiar Vengeance RS l\u00e0 l\u1ef1a ch\u1ecdn h\u00e0ng \u0111\u1ea7u b\u1edf danh ti\u1ebfng h\u00e3ng Corsair v\u00e0 ch\u1ea5t l\u01b0\u1ee3ng \u0111\u00e3 \u0111\u01b0\u1ee3c kh\u1eb3ng \u0111\u1ecbnh.<\/div>\n<div><img decoding=\"async\" src=\"https:\/\/product.hstatic.net\/1000189326\/product\/rs_8g_729069da71d74317aa98f91dec83afd3_master.jpg\" alt=\" Ram DDR4 Corsair Vengeance RS RGB 8G bus 3200 \" \/><\/div>\n<div><strong>VGA: Gigabyte GTX 1650 4G<\/strong>\u00a0Mang l\u1ea1i hi\u00eau n\u0103ng v\u01b0\u1ee3t tr\u1ed9i c\u00f3 th\u1ec3 c\u00e2n t\u1ed1t t\u1ea5t c\u1ea3 c\u1ea3 c\u00e1c game \u1edf \u0111\u1ed9 ph\u00e2n gi\u1ea3i full HD: LOL, CS:GO, GTA V, Valorant, Apex Legends&#8230;. v\u00e0 r\u1ea5t nhi\u00eau c\u00e1c game kh\u00e1c v\u1edbi m\u1ed9t m\u1ee9c gi\u00e1 v\u00f4 c\u00f9ng h\u1ee3p l\u00fd.<\/div>\n<\/div>\n<div><img decoding=\"async\" src=\"https:\/\/product.hstatic.net\/1000189326\/product\/1650_4g_bd4586f962ac4e6397d203f06d12f71c_master.jpg\" alt=\" VGA Gigabyte GTX 1650 OC - 4G \" \/><\/div>\n<div><strong>Th\u00f9ng m\u00e1y VSP KA 30 Black<\/strong><\/div>\n<div>M\u1edbi ra m\u1eaft 2022 v\u1edbi thi\u1ebft k\u1ebf t\u1ed1i \u01b0u cho l\u00e0m m\u00e1t v\u00e0 ngo\u1ea1i h\u00ecnh sang tr\u1ecdng cao c\u1ea5p, c\u00f3 th\u1ec3 l\u1eafp \u0111\u1eb7t t\u1ea3n nhi\u1ec7t n\u01b0\u1edbc Custom trong m\u1ed9t k\u00edch th\u01b0\u1edbc g\u1ecdn g\u00e0ng, l\u00e0m cho g\u00f3c Chi\u1ebfn game, l\u00e0m vi\u1ec7c c\u1ee7a Qu\u00fd kh\u00e1ch s\u1ebd tr\u1edf n\u00ean c\u1ef1c k\u00ec b\u1eaft m\u1eaft, x\u1ee9ng t\u1ea7m \u0111\u1eb3ng c\u1ea5p.<\/div>\n<div>\n<div><img decoding=\"async\" src=\"https:\/\/file.hstatic.net\/1000189326\/file\/img_9797_b391c77ac0ed4ec395d3385cfb180a33.jpg\" \/><\/div>\n<div><img decoding=\"async\" src=\"https:\/\/file.hstatic.net\/1000189326\/file\/img_9796_3009c94db5da4f61a65a6d183fe85369.jpg\" \/><\/div>\n<\/div>\n<div><strong>T\u1ea3n nhi\u1ec7t n\u01b0\u1edbc Custom c\u1ee7a TEKCore<\/strong>\u00a0mang l\u1ea1i chi PC m\u1ed9t v\u1ebb \u0111\u1eb9p cu\u1ed1n h\u00fat, sinh \u0111\u1ed9ng v\u00e0 \u0111\u1eb3ng c\u1ea5p, T\u1ea3n nhi\u1ec7t ho\u1ea1t \u0111\u1ed9ng \u00eam \u00e1i, l\u00e0m cho CPU m\u00e1t l\u1ea1nh chi\u1ebfn game l\u00e0m vi\u1ec7c tho\u1ea3i m\u00e1i, k\u1ebft h\u1ee3p v\u1edbi \u0111\u00e8n led ARGB SYNC s\u1ebd gi\u00fap n\u00e2ng t\u1ea7m kh\u00f4ng gian s\u1ed1ng c\u1ee7a b\u1ea1n.<\/div>\n<div>\n<div><img decoding=\"async\" src=\"https:\/\/file.hstatic.net\/1000189326\/file\/img_9800_cb18b7bec679462ebe45ea9afd9d4718.jpg\" \/><\/div>\n<div><img decoding=\"async\" src=\"https:\/\/file.hstatic.net\/1000189326\/file\/img_9807_3e8d25a5082d49ccabe8b59ee9d871df.jpg\" \/><\/div>\n<div><img decoding=\"async\" src=\"https:\/\/file.hstatic.net\/1000189326\/file\/img_9799_6a39901647cb4633a88b8ec46c057707.jpg\" \/><\/div>\n<div><img decoding=\"async\" src=\"https:\/\/file.hstatic.net\/1000189326\/file\/img_9808_09071a37573b467c8a77340d21e97f64.jpg\" \/><\/div>\n<\/div>\n","protected":false},"excerpt":{"rendered":"<p>Custom Water Cooling ch\u01b0a bao gi\u1edd d\u1ec5 ti\u1ebfp c\u1eadn \u0111\u1ebfn th\u1ebf. N\u1ebfu n\u0103m ngo\u00e1i c\u1ea7n m\u1ed9t b\u1ed9 PC trang b\u1ecb t\u1ea3n nhi\u1ec7t n\u01b0\u1edbc Custom, Qu\u00fd kh\u00e1ch ph\u1ea3i chi kh\u00f4ng d\u01b0\u1edbi 30 tri\u1ec7u, th\u00ec n\u0103m nay Tekcore \u0111\u00e3 c\u00e2n \u0111\u1ed1i th\u00e0nh c\u00f4ng \u0111\u1ec3 mang l\u1ea1i cho Qu\u00fd kh\u00e1ch m\u1ed9t b\u1ed9 PC \u0111\u1eddi M\u1edaI NH\u1ea4T trang b\u1ecb&#8230;<\/p>\n","protected":false},"featured_media":190,"comment_status":"open","ping_status":"closed","template":"","meta":{"inline_featured_image":false},"product_cat":[20],"product_tag":[],"class_list":["post-185","product","type-product","status-publish","has-post-thumbnail","hentry","product_cat-may-bo-tekpc"],"_links":{"self":[{"href":"https:\/\/store1.k-tech-services.com\/maytinh\/wp-json\/wp\/v2\/product\/185","targetHints":{"allow":["GET"]}}],"collection":[{"href":"https:\/\/store1.k-tech-services.com\/maytinh\/wp-json\/wp\/v2\/product"}],"about":[{"href":"https:\/\/store1.k-tech-services.com\/maytinh\/wp-json\/wp\/v2\/types\/product"}],"replies":[{"embeddable":true,"href":"https:\/\/store1.k-tech-services.com\/maytinh\/wp-json\/wp\/v2\/comments?post=185"}],"wp:featuredmedia":[{"embeddable":true,"href":"https:\/\/store1.k-tech-services.com\/maytinh\/wp-json\/wp\/v2\/media\/190"}],"wp:attachment":[{"href":"https:\/\/store1.k-tech-services.com\/maytinh\/wp-json\/wp\/v2\/media?parent=185"}],"wp:term":[{"taxonomy":"product_cat","embeddable":true,"href":"https:\/\/store1.k-tech-services.com\/maytinh\/wp-json\/wp\/v2\/product_cat?post=185"},{"taxonomy":"product_tag","embeddable":true,"href":"https:\/\/store1.k-tech-services.com\/maytinh\/wp-json\/wp\/v2\/product_tag?post=185"}],"curies":[{"name":"wp","href":"https:\/\/api.w.org\/{rel}","templated":true}]}}