{"id":344,"date":"2025-01-06T02:53:21","date_gmt":"2025-01-06T02:53:21","guid":{"rendered":"http:\/\/localhost:8081\/taxi\/?post_type=product&#038;p=344"},"modified":"2025-01-06T02:53:21","modified_gmt":"2025-01-06T02:53:21","slug":"bo-trang-suc-kim-cuong-tu-nhien-ngu-phuc","status":"publish","type":"product","link":"https:\/\/store1.k-tech-services.com\/eco_kimcuong\/san-pham\/bo-trang-suc-kim-cuong-tu-nhien-ngu-phuc\/","title":{"rendered":"B\u1ed9 Trang S\u1ee9c Kim C\u01b0\u01a1ng T\u1ef1 Nhi\u00ean Ng\u0169 Ph\u00fac"},"content":{"rendered":"","protected":false},"excerpt":{"rendered":"","protected":false},"featured_media":348,"comment_status":"open","ping_status":"closed","template":"","meta":{"_acf_changed":false},"product_brand":[],"product_cat":[31],"product_tag":[],"class_list":{"0":"post-344","1":"product","2":"type-product","3":"status-publish","4":"has-post-thumbnail","6":"product_cat-bo-trang-suc-kim-cuong","8":"first","9":"instock","10":"shipping-taxable","11":"purchasable","12":"product-type-simple"},"acf":[],"_links":{"self":[{"href":"https:\/\/store1.k-tech-services.com\/eco_kimcuong\/wp-json\/wp\/v2\/product\/344","targetHints":{"allow":["GET"]}}],"collection":[{"href":"https:\/\/store1.k-tech-services.com\/eco_kimcuong\/wp-json\/wp\/v2\/product"}],"about":[{"href":"https:\/\/store1.k-tech-services.com\/eco_kimcuong\/wp-json\/wp\/v2\/types\/product"}],"replies":[{"embeddable":true,"href":"https:\/\/store1.k-tech-services.com\/eco_kimcuong\/wp-json\/wp\/v2\/comments?post=344"}],"wp:featuredmedia":[{"embeddable":true,"href":"https:\/\/store1.k-tech-services.com\/eco_kimcuong\/wp-json\/wp\/v2\/media\/348"}],"wp:attachment":[{"href":"https:\/\/store1.k-tech-services.com\/eco_kimcuong\/wp-json\/wp\/v2\/media?parent=344"}],"wp:term":[{"taxonomy":"product_brand","embeddable":true,"href":"https:\/\/store1.k-tech-services.com\/eco_kimcuong\/wp-json\/wp\/v2\/product_brand?post=344"},{"taxonomy":"product_cat","embeddable":true,"href":"https:\/\/store1.k-tech-services.com\/eco_kimcuong\/wp-json\/wp\/v2\/product_cat?post=344"},{"taxonomy":"product_tag","embeddable":true,"href":"https:\/\/store1.k-tech-services.com\/eco_kimcuong\/wp-json\/wp\/v2\/product_tag?post=344"}],"curies":[{"name":"wp","href":"https:\/\/api.w.org\/{rel}","templated":true}]}}