{"id":21,"date":"2023-04-07T02:16:13","date_gmt":"2023-04-07T02:16:13","guid":{"rendered":"http:\/\/localhost\/dienlanh\/?page_id=21"},"modified":"2023-04-07T03:48:05","modified_gmt":"2023-04-07T03:48:05","slug":"lien-he","status":"publish","type":"page","link":"https:\/\/store1.k-tech-services.com\/dienlanh\/lien-he\/","title":{"rendered":"Li\u00ean h\u1ec7"},"content":{"rendered":"<p>V\u1edbi ph\u01b0\u01a1ng ch\u00e2m \u201cT\u1ea5t c\u1ea3 cho kh\u00e1ch h\u00e0ng, kh\u00e1ch h\u00e0ng cho t\u1ea5t c\u1ea3\u201d v\u00e0 \u0111\u1ecbnh h\u01b0\u1edbng ti\u1ebfn t\u1edbi trong t\u01b0\u01a1ng lai, \u0110i\u1ec7n M\u00e1y Xanh lu\u00f4n n\u1ed5 l\u1ef1c kh\u00f4ng ng\u1eebng \u0111\u1ec3 cung c\u1ea5p cho kh\u00e1ch h\u00e0ng nh\u1eefng ch\u1ea5t l\u01b0\u1ee3ng t\u1ed1t nh\u1ea5t. S\u1ef1 tin t\u01b0\u1edfng v\u00e0 \u1ee7ng h\u1ed9 c\u1ee7a kh\u00e1ch h\u00e0ng trong th\u1eddi gian v\u1eeba qua l\u00e0 ngu\u1ed3n \u0111\u1ed9ng vi\u00ean to l\u1edbn tr\u00ean b\u01b0\u1edbc \u0111\u01b0\u1eddng ph\u00e1t tri\u1ec3n c\u1ee7a \u0110i\u1ec7n M\u00e1y Xanh . Ch\u00fang t\u00f4i xin h\u1ee9a s\u1ebd kh\u00f4ng ng\u1eebng ho\u00e0n thi\u1ec7n, ph\u1ee5c v\u1ee5 kh\u00e1ch h\u00e0ng t\u1ed1t nh\u1ea5t \u0111\u1ec3 ho\u00e0n th\u00e0nh s\u1ee9 m\u1ec7nh v\u00e0 s\u1ef1 t\u00edn nhi\u1ec7m c\u1ee7a qu\u00fd kh\u00e1ch h\u00e0ng.<\/p>\n<p><img loading=\"lazy\" decoding=\"async\" class=\"aligncenter wp-image-110 size-full\" src=\"http:\/\/localhost\/dienlanh\/wp-content\/uploads\/2023\/04\/baner-3-dung-20210119091831-1536x632-1.jpg\" alt=\"\" width=\"1536\" height=\"632\" srcset=\"https:\/\/store1.k-tech-services.com\/dienlanh\/wp-content\/uploads\/2023\/04\/baner-3-dung-20210119091831-1536x632-1.jpg 1536w, https:\/\/store1.k-tech-services.com\/dienlanh\/wp-content\/uploads\/2023\/04\/baner-3-dung-20210119091831-1536x632-1-300x123.jpg 300w, https:\/\/store1.k-tech-services.com\/dienlanh\/wp-content\/uploads\/2023\/04\/baner-3-dung-20210119091831-1536x632-1-1024x421.jpg 1024w, https:\/\/store1.k-tech-services.com\/dienlanh\/wp-content\/uploads\/2023\/04\/baner-3-dung-20210119091831-1536x632-1-768x316.jpg 768w\" sizes=\"auto, (max-width: 1536px) 100vw, 1536px\" \/><\/p>\n<h2>D\u1ecaCH V\u1ee4&nbsp;NH\u01af TH\u1ebe N\u00c0O ?<\/h2>\n<ol>\n<li>D\u1ecbch v\u1ee5 nhanh ch\u00f3ng chuy\u00ean nghi\u1ec7p t\u1ea1i nh\u00e0 c\u00e1c qu\u1eadn .<\/li>\n<li>G\u1ecdi cho ch\u00fang t\u00f4i \u0111\u1ec3 nh\u00e2n vi\u00ean ph\u1ee5c v\u1ee5 v\u00e0 \u0111\u1ebfn nh\u00e0 b\u1ea1n trong 20 ph\u00fat.<\/li>\n<li>T\u01b0 v\u1ea5n b\u00e1o gi\u00e1. Ti\u1ebfn h\u00e0nh b\u1ea3o tr\u00ec &amp; s\u1eeda ch\u1eefa cho thi\u1ebft b\u1ecb.<\/li>\n<li>Nghi\u1ec7m thu. C\u1ea5p phi\u1ebfu b\u1ea3o h\u00e0nh cho kh\u00e1ch h\u00e0ng.<\/li>\n<\/ol>\n<h2>LI\u00caN H\u1ec6 V\u1edaI CH\u00daNG T\u00d4I<\/h2>\n<p id=\"lien-he\"><strong>D\u1ecbch v\u1ee5 s\u1eeda m\u00e1y l\u1ea1nh \u2013 s\u1eeda m\u00e1y gi\u1eb7t \u2013 s\u1eeda t\u1ee7 l\u1ea1nh \u2013 s\u1eeda tivi. Li\u00ean h\u1ec7 ngay \u0111\u1ec3 \u0111\u01b0\u1ee3c ph\u1ee5c v\u1ee5 t\u1ea1i c\u00e1c qu\u1eadn \u2013 huy\u1ec7n TP.HCM.<\/strong><\/p>\n<ul class=\"address\">\n<li><strong>HOTLINE : 0898 091 139 \u2013 093.653.4849<\/strong><\/li>\n<li><strong>ZALO 24\/7: 0853647729<\/strong><\/li>\n<\/ul>\n","protected":false},"excerpt":{"rendered":"<p>V\u1edbi ph\u01b0\u01a1ng ch\u00e2m \u201cT\u1ea5t c\u1ea3 cho kh\u00e1ch h\u00e0ng, kh\u00e1ch h\u00e0ng cho t\u1ea5t c\u1ea3\u201d v\u00e0 \u0111\u1ecbnh h\u01b0\u1edbng ti\u1ebfn t\u1edbi trong t\u01b0\u01a1ng lai, \u0110i\u1ec7n M\u00e1y Xanh lu\u00f4n n\u1ed5 l\u1ef1c kh\u00f4ng ng\u1eebng \u0111\u1ec3 cung c\u1ea5p cho kh\u00e1ch h\u00e0ng nh\u1eefng ch\u1ea5t l\u01b0\u1ee3ng t\u1ed1t nh\u1ea5t. S\u1ef1 tin t\u01b0\u1edfng v\u00e0 \u1ee7ng h\u1ed9 c\u1ee7a kh\u00e1ch h\u00e0ng trong th\u1eddi gian v\u1eeba qua l\u00e0 [&#8230;]\n","protected":false},"author":1,"featured_media":0,"parent":0,"menu_order":0,"comment_status":"closed","ping_status":"closed","template":"page-blank-title-center.php","meta":{"footnotes":""},"class_list":["post-21","page","type-page","status-publish","hentry"],"_links":{"self":[{"href":"https:\/\/store1.k-tech-services.com\/dienlanh\/wp-json\/wp\/v2\/pages\/21","targetHints":{"allow":["GET"]}}],"collection":[{"href":"https:\/\/store1.k-tech-services.com\/dienlanh\/wp-json\/wp\/v2\/pages"}],"about":[{"href":"https:\/\/store1.k-tech-services.com\/dienlanh\/wp-json\/wp\/v2\/types\/page"}],"author":[{"embeddable":true,"href":"https:\/\/store1.k-tech-services.com\/dienlanh\/wp-json\/wp\/v2\/users\/1"}],"replies":[{"embeddable":true,"href":"https:\/\/store1.k-tech-services.com\/dienlanh\/wp-json\/wp\/v2\/comments?post=21"}],"version-history":[{"count":2,"href":"https:\/\/store1.k-tech-services.com\/dienlanh\/wp-json\/wp\/v2\/pages\/21\/revisions"}],"predecessor-version":[{"id":112,"href":"https:\/\/store1.k-tech-services.com\/dienlanh\/wp-json\/wp\/v2\/pages\/21\/revisions\/112"}],"wp:attachment":[{"href":"https:\/\/store1.k-tech-services.com\/dienlanh\/wp-json\/wp\/v2\/media?parent=21"}],"curies":[{"name":"wp","href":"https:\/\/api.w.org\/{rel}","templated":true}]}}