{"id":116,"date":"2022-11-16T09:40:28","date_gmt":"2022-11-16T09:40:28","guid":{"rendered":"http:\/\/localhost\/denled\/?post_type=product&#038;p=116"},"modified":"2022-11-16T09:41:10","modified_gmt":"2022-11-16T09:41:10","slug":"flash-sale-den-nlmt-t-y-100w-wh-dong-mat-meo-sieu-sang","status":"publish","type":"product","link":"https:\/\/store1.k-tech-services.com\/denled\/san-pham\/flash-sale-den-nlmt-t-y-100w-wh-dong-mat-meo-sieu-sang\/","title":{"rendered":"(Flash Sale) \u0110\u00e8n NLMT T-Y 100W WH d\u00f2ng m\u1eaft m\u00e8o si\u00eau s\u00e1ng"},"content":{"rendered":"<p><em><strong>Th\u00f4ng s\u1ed1 k\u1ef9 thu\u1eadt\u00a0\u0110\u00e8n bulb NLMT gi\u00e1 r\u1ebb m\u1eabu m\u1edbi<\/strong><\/em><\/p>\n<p>&#8211; C\u00f4ng su\u1ea5t : 50w<\/p>\n<p>&#8211; Pin : 3600mAh<\/p>\n<p>&#8211; Ch\u1ea5t li\u1ec7u : Nh\u1ef1a ABS<\/p>\n<p>&#8211; T\u00ednh N\u0103ng s\u1ea3n ph\u1ea9m :<\/p>\n<p>+ \u0110\u00e8n pin : 8 &#8211; 10h<\/p>\n<p>+ Th\u1eafp s\u00e1ng 2 ch\u1ebf \u0111\u1ed9 : \u00c1nh S\u00e1ng Max : 4h \u00c1nh S\u00e1ng Trung B\u00ecnh : 6 &#8211; 8h<\/p>\n<p>+ \u0110\u00e8n C\u1ea3nh B\u00e1o Ban \u0110\u00eam : 8 &#8211; 10h<em><strong><br \/>\n<\/strong><\/em><\/p>\n<p>L\u1ee3i \u00edch c\u1ee7a vi\u1ec7c \u0110\u00e8n bulb NLMT gi\u00e1 r\u1ebb m\u1eabu m\u1edbi<\/p>\n<p>&#8211; Ti\u1ebft ki\u1ec7m 100% ti\u1ec1n \u0111i\u1ec7n cho b\u1ea1n<\/p>\n<p>&#8211; Ti\u1ebft ki\u1ec7m \u0111i\u1ec7n n\u0103ng, th\u00e2n thi\u1ec7n v\u1edbi m\u00f4i tr\u01b0\u1eddng<\/p>\n<p>&#8211; Thi\u1ebft b\u1ecb chi\u1ebfu s\u00e1ng kh\u00f4ng c\u1ea7n ngu\u1ed3n \u0111i\u1ec7n , kh\u00f4ng m\u1ea5t chi ph\u00ed ti\u1ec1n \u0111i\u1ec7n<\/p>\n<p>&#8211; Ti\u00eau chu\u1ea9n ch\u1ed1ng n\u01b0\u1edbc v\u00e0 ch\u1ecbu l\u1ef1c l\u00ean t\u1edbi IP55<\/p>\n<p>&#8211; Kh\u00f4ng lo s\u00e9t \u0111\u00e1nh, ch\u1eadp \u0111i\u1ec7n g\u00e2y \u1ea3nh h\u01b0\u1edfng \u0111\u1ebfn \u0111i\u1ec7n gia \u0111\u00ecnh<\/p>\n<p>&#8211; S\u1eed d\u1ee5ng n\u0103ng l\u01b0\u1ee3ng m\u1eb7t tr\u1eddi l\u00e0m nhi\u00ean li\u1ec7u chi\u1ebfu s\u00e1ng<\/p>\n<p>&#8211; B\u1ea3o h\u00e0nh 12 th\u00e1ng<\/p>\n","protected":false},"excerpt":{"rendered":"<p>Th\u00f4ng s\u1ed1 k\u1ef9 thu\u1eadt\u00a0\u0110\u00e8n bulb NLMT gi\u00e1 r\u1ebb m\u1eabu m\u1edbi &#8211; C\u00f4ng su\u1ea5t : 50w &#8211; Pin : 3600mAh &#8211; Ch\u1ea5t li\u1ec7u : Nh\u1ef1a ABS &#8211; T\u00ednh N\u0103ng s\u1ea3n ph\u1ea9m : + \u0110\u00e8n pin : 8 &#8211; 10h + Th\u1eafp s\u00e1ng 2 ch\u1ebf \u0111\u1ed9 : \u00c1nh S\u00e1ng Max : 4h \u00c1nh S\u00e1ng Trung B\u00ecnh : [&#8230;]\n","protected":false},"featured_media":113,"template":"","meta":[],"product_cat":[15,17,18,22,26,29,31,19,30,27,24,28,21,23,16,25],"product_tag":[],"class_list":["post-116","product","type-product","status-publish","has-post-thumbnail","hentry","product_cat-den-nang-luong-mat-troi","product_cat-den-chieu-sang","product_cat-den-chieu-sang-nang-luong-mat-troi","product_cat-den-chum-phong-khach","product_cat-den-de-ban","product_cat-den-duong-led","product_cat-den-led-day","product_cat-den-led-nang-luong-mat-troi-mau-moi","product_cat-den-led-nha-xuong","product_cat-den-ngoai-troi","product_cat-den-op-tran-trang-tri","product_cat-den-pha-led","product_cat-den-quat-tran-nha-giau","product_cat-den-tha-ban-an","product_cat-den-trang-tri","product_cat-den-treo-tuong"],"_links":{"self":[{"href":"https:\/\/store1.k-tech-services.com\/denled\/wp-json\/wp\/v2\/product\/116","targetHints":{"allow":["GET"]}}],"collection":[{"href":"https:\/\/store1.k-tech-services.com\/denled\/wp-json\/wp\/v2\/product"}],"about":[{"href":"https:\/\/store1.k-tech-services.com\/denled\/wp-json\/wp\/v2\/types\/product"}],"wp:featuredmedia":[{"embeddable":true,"href":"https:\/\/store1.k-tech-services.com\/denled\/wp-json\/wp\/v2\/media\/113"}],"wp:attachment":[{"href":"https:\/\/store1.k-tech-services.com\/denled\/wp-json\/wp\/v2\/media?parent=116"}],"wp:term":[{"taxonomy":"product_cat","embeddable":true,"href":"https:\/\/store1.k-tech-services.com\/denled\/wp-json\/wp\/v2\/product_cat?post=116"},{"taxonomy":"product_tag","embeddable":true,"href":"https:\/\/store1.k-tech-services.com\/denled\/wp-json\/wp\/v2\/product_tag?post=116"}],"curies":[{"name":"wp","href":"https:\/\/api.w.org\/{rel}","templated":true}]}}