{"id":16,"date":"2022-11-16T07:02:50","date_gmt":"2022-11-16T07:02:50","guid":{"rendered":"http:\/\/localhost\/denled\/?page_id=16"},"modified":"2022-11-17T06:39:13","modified_gmt":"2022-11-17T06:39:13","slug":"lien-he","status":"publish","type":"page","link":"https:\/\/store1.k-tech-services.com\/denled\/lien-he\/","title":{"rendered":"Li\u00ean h\u1ec7"},"content":{"rendered":"<div class=\"row row-small\"  id=\"row-484188105\">\n\n\t<div id=\"col-857224484\" class=\"col medium-6 small-12 large-6\"  >\n\t\t\t\t<div class=\"col-inner\"  >\n\t\t\t\n\t\t\t\n<div class=\"container section-title-container\" ><h2 class=\"section-title section-title-normal\"><b><\/b><span class=\"section-title-main\" >Th\u00f4ng tin li\u00ean h\u1ec7<\/span><b><\/b><\/h2><\/div>\n\t<div id=\"text-1147281559\" class=\"text\">\n\t\t\n<h4>C\u00d4NG TY TNHH MTV S\u1ea2N XU\u1ea4T V\u00c0 L\u1eaeP R\u00c1P \u0110\u00c8N LED L\u1ee2I HI\u1ec0N M\u00d3NG C\u00c1I<\/h4>\n<p><strong>M\u00e3 s\u1ed1 thu\u1ebf:<\/strong> 5701490344<\/p>\n<p><strong>\u0110\u1ecba ch\u1ec9 :<\/strong>S\u1ed1 1B9 ph\u1ed1 V\u00e2n \u0110\u1ed3n &#8211; Ph\u01b0\u1eddng Tr\u1ea7n Ph\u00fa &#8211; Th\u00e0nh ph\u1ed1 M\u00f3ng C\u00e1i &#8211; T\u1ec9nh Qu\u1ea3ng Ninh<\/p>\n<p><strong>\u0110\u1ecba ch\u1ec9 b\u00e1n h\u00e0ng:<\/strong> t\u1ea7ng 1 m\u1eb7t sau s\u1ed1 nh\u00e0 25 h\u1eefu ngh\u1ecb-\u0111\u1ed1i di\u1ec7n cty b\u1ea3o hi\u1ec3m x\u00e3 h\u1ed9i &#8211; M\u00f3ng C\u00e1i (v\u01b0\u1eddn hoa ch\u00e9o ph\u1ed1 l\u00f2 b\u00e1t)<\/p>\n<p><strong>\u0110\u1ecba ch\u1ec9 X\u01b0\u1edfng s\u1ea3n su\u1ea5t v\u00e0 l\u1eafp R\u00e1p:<\/strong> s\u1ed1 04 \u0111\u01b0\u1eddng h\u1eefu ngh\u1ecb<\/p>\n<p><strong>Hotline:<\/strong> 0356586165 &#8211; <strong>S\u0110T b\u00e0n:<\/strong> 0333,773,843 &#8211; <strong>Fax:<\/strong> 0333 . 773 . 843<\/p>\n<p><strong>Email:<\/strong> Ctyloihienmongcai@gmail.com<\/p>\n<p><strong>webside:<\/strong> http:\/\/baogiacongtyloihien.com<\/p>\n<p><strong>C\u1ea7n t\u00ecm \u0111\u1ed1i t\u00e1c l\u00e0m \u0111\u1ea1i l\u00fd ph\u00e2n ph\u1ed1i v\u00e0 b\u1ea3o h\u00e0nh r\u1ea5t mong qu\u00fd kh\u00e1ch vui l\u00f2ng li\u00ean l\u1ea1c th\u01b0\u1eddng xuy\u00ean v\u1edbi cty \u0111\u1ec3 nh\u1eadn \u0111\u01b0\u1ee3c s\u1ef1 h\u1ed7 tr\u1ee3 t\u1ed1t nh\u1ea5t<\/strong><\/p>\n\t\t\n<style>\n#text-1147281559 {\n  font-size: 1rem;\n}\n<\/style>\n\t<\/div>\n\t\n\t\t<\/div>\n\t\t\t\t\t<\/div>\n\n\t\n\n\t<div id=\"col-135540844\" class=\"col medium-6 small-12 large-6\"  >\n\t\t\t\t<div class=\"col-inner\"  >\n\t\t\t\n\t\t\t\n<div class=\"container section-title-container\" ><h2 class=\"section-title section-title-normal\"><b><\/b><span class=\"section-title-main\" >G\u1eedi y\u00eau c\u1ea7u cho ch\u00fang t\u00f4i<\/span><b><\/b><\/h2><\/div>\n<div role=\"form\" class=\"wpcf7\" id=\"wpcf7-f11-o1\" lang=\"vi\" dir=\"ltr\">\n<div class=\"screen-reader-response\"><p role=\"status\" aria-live=\"polite\" aria-atomic=\"true\"><\/p> <ul><\/ul><\/div>\n<form action=\"\/denled\/wp-json\/wp\/v2\/pages\/16#wpcf7-f11-o1\" method=\"post\" class=\"wpcf7-form init\" novalidate=\"novalidate\" data-status=\"init\">\n<div style=\"display: none;\">\n<input type=\"hidden\" name=\"_wpcf7\" value=\"11\" \/>\n<input type=\"hidden\" name=\"_wpcf7_version\" value=\"5.6.4\" \/>\n<input type=\"hidden\" name=\"_wpcf7_locale\" value=\"vi\" \/>\n<input type=\"hidden\" name=\"_wpcf7_unit_tag\" value=\"wpcf7-f11-o1\" \/>\n<input type=\"hidden\" name=\"_wpcf7_container_post\" value=\"0\" \/>\n<input type=\"hidden\" name=\"_wpcf7_posted_data_hash\" value=\"\" \/>\n<\/div>\n<p><span class=\"wpcf7-form-control-wrap\" data-name=\"your-name\"><input type=\"text\" name=\"your-name\" value=\"\" size=\"40\" class=\"wpcf7-form-control wpcf7-text wpcf7-validates-as-required\" aria-required=\"true\" aria-invalid=\"false\" placeholder=\"T\u00ean c\u1ee7a b\u1ea1n\" \/><\/span><\/p>\n<p>    <span class=\"wpcf7-form-control-wrap\" data-name=\"your-email\"><input type=\"email\" name=\"your-email\" value=\"\" size=\"40\" class=\"wpcf7-form-control wpcf7-text wpcf7-email wpcf7-validates-as-required wpcf7-validates-as-email\" aria-required=\"true\" aria-invalid=\"false\" placeholder=\"Email c\u1ee7a b\u1ea1n\" \/><\/span><\/p>\n<p>    <span class=\"wpcf7-form-control-wrap\" data-name=\"your-subject\"><input type=\"text\" name=\"your-subject\" value=\"\" size=\"40\" class=\"wpcf7-form-control wpcf7-text wpcf7-validates-as-required\" aria-required=\"true\" aria-invalid=\"false\" placeholder=\"Ti\u00eau \u0111\u1ec1\" \/><\/span><\/p>\n<p>    <span class=\"wpcf7-form-control-wrap\" data-name=\"your-message\"><textarea name=\"your-message\" cols=\"40\" rows=\"10\" class=\"wpcf7-form-control wpcf7-textarea\" aria-invalid=\"false\" placeholder=\"L\u1eddi nh\u1eafn c\u1ee7a b\u1ea1n\"><\/textarea><\/span><\/p>\n<p><input type=\"submit\" value=\"G\u1eedi\" class=\"wpcf7-form-control has-spinner wpcf7-submit\" \/><\/p>\n<div class=\"wpcf7-response-output\" aria-hidden=\"true\"><\/div><\/form><\/div>\n\t\t<\/div>\n\t\t\t\t\t<\/div>\n\n\t\n\n\t<div id=\"col-400377867\" class=\"col small-12 large-12\"  >\n\t\t\t\t<div class=\"col-inner\"  >\n\t\t\t\n\t\t\t\n\n<p><iframe loading=\"lazy\" style=\"border: 0;\" src=\"https:\/\/www.google.com\/maps\/embed?pb=!1m18!1m12!1m3!1d3919.250916386855!2d106.7069585152604!3d10.792084461854426!2m3!1f0!2f0!3f0!3m2!1i1024!2i768!4f13.1!3m3!1m2!1s0x317528b251f5c9e5%3A0xae25d3a6ee8de048!2zQ8O0bmcgVHkgQ-G7lSBQaOG6p24gVMawIFbhuqVuIFjDonkgROG7sW5nIEFBVA!5e0!3m2!1sen!2s!4v1668239921087!5m2!1sen!2s\" width=\"100%\" height=\"350\" allowfullscreen=\"allowfullscreen\"><\/iframe><br \/>\n\n\t\t<\/div>\n\t\t\t\t\t<\/div>\n\n\t\n<\/div>\n","protected":false},"excerpt":{"rendered":"","protected":false},"author":1,"featured_media":0,"parent":0,"menu_order":0,"comment_status":"closed","ping_status":"closed","template":"page-left-sidebar.php","meta":{"footnotes":""},"class_list":["post-16","page","type-page","status-publish","hentry"],"_links":{"self":[{"href":"https:\/\/store1.k-tech-services.com\/denled\/wp-json\/wp\/v2\/pages\/16","targetHints":{"allow":["GET"]}}],"collection":[{"href":"https:\/\/store1.k-tech-services.com\/denled\/wp-json\/wp\/v2\/pages"}],"about":[{"href":"https:\/\/store1.k-tech-services.com\/denled\/wp-json\/wp\/v2\/types\/page"}],"author":[{"embeddable":true,"href":"https:\/\/store1.k-tech-services.com\/denled\/wp-json\/wp\/v2\/users\/1"}],"replies":[{"embeddable":true,"href":"https:\/\/store1.k-tech-services.com\/denled\/wp-json\/wp\/v2\/comments?post=16"}],"version-history":[{"count":3,"href":"https:\/\/store1.k-tech-services.com\/denled\/wp-json\/wp\/v2\/pages\/16\/revisions"}],"predecessor-version":[{"id":186,"href":"https:\/\/store1.k-tech-services.com\/denled\/wp-json\/wp\/v2\/pages\/16\/revisions\/186"}],"wp:attachment":[{"href":"https:\/\/store1.k-tech-services.com\/denled\/wp-json\/wp\/v2\/media?parent=16"}],"curies":[{"name":"wp","href":"https:\/\/api.w.org\/{rel}","templated":true}]}}