{"id":14,"date":"2022-11-16T07:02:32","date_gmt":"2022-11-16T07:02:32","guid":{"rendered":"http:\/\/localhost\/denled\/?page_id=14"},"modified":"2022-11-17T05:33:07","modified_gmt":"2022-11-17T05:33:07","slug":"tin-tuc","status":"publish","type":"page","link":"https:\/\/store1.k-tech-services.com\/denled\/tin-tuc\/","title":{"rendered":"Tin t\u1ee9c"},"content":{"rendered":"<h1 class=\"title\">\u0110\u00e8n \u0111\u01b0\u1eddng n\u0103ng l\u01b0\u1ee3ng m\u1eb7t tr\u1eddi cao c\u1ea5p ch\u00ednh h\u00e3ng c\u1ee7a FRELIX<\/h1>\n<div class=\"mangxahoi\"><\/div>\n<div class=\"clear\"><\/div>\n<div class=\"noidung\">\n<div>\n<div>\n<p><strong>\u0110\u00e8n s\u1eed d\u1ee5ng n\u0103ng l\u01b0\u1ee3ng m\u1eb7t tr\u1eddi cao c\u1ea5p ch\u00ednh h\u00e3ng c\u1ee7a FRELIX<\/strong><\/p>\n<\/div>\n<p>\u0110\u00e8n FRELIX n\u0103ng l\u01b0\u1ee3ng m\u1eb7t tr\u1eddi hi\u1ec7n \u0111ang l\u00e0 m\u1ed9t gi\u1ea3i ph\u00e1p chi\u1ebfu s\u00e1ng ti\u1ebft ki\u1ec7m \u0111i\u1ec7n v\u00e0 b\u1ea3o v\u1ec7 m\u00f4i tr\u01b0\u1eddng, d\u1ec5 d\u00e0ng s\u1eed d\u1ee5ng, c\u00f3 th\u1ec3 l\u1eafp \u0111\u1eb7t \u1edf b\u1ea5t k\u1ef3 v\u1ecb tr\u00ed n\u00e0o m\u00e0 kh\u00f4ng c\u1ea7n ph\u1ea3i lo l\u1eafng t\u1edbi ngu\u1ed3n \u0111i\u1ec7n cung c\u1ea5p.<\/p>\n<h2><strong>L\u1ee3i \u00edch khi s\u1eed d\u1ee5ng \u0111\u00e8n solar light n\u0103ng l\u01b0\u1ee3ng m\u1eb7t tr\u1eddi<\/strong><\/h2>\n<p>\u0110\u00e8n FRELIX n\u0103ng l\u01b0\u1ee3ng m\u1eb7t tr\u1eddi c\u00f3 th\u1ec3 chi\u1ebfu s\u00e1ng t\u1ea1i khu v\u1ef1c c\u1ea7n thi\u1ebft m\u00e0 kh\u00f4ng th\u1ec3 k\u1ebft n\u1ed1i c\u00f9ng v\u1edbi ngu\u1ed3n \u0111i\u1ec7n. B\u00ean c\u1ea1nh \u0111\u00f3, c\u00e1c lo\u1ea1i \u0111\u00e8n\u00a0solar light\u00a0n\u0103ng l\u01b0\u1ee3ng m\u1eb7t tr\u1eddi c\u00f2n mang t\u1edbi r\u1ea5t nhi\u1ec1u l\u1ee3i \u00edch nh\u01b0: Kh\u00f4ng g\u00e2y \u00f4 nhi\u1ec5m m\u00f4i tr\u01b0\u1eddng, chi ph\u00ed l\u1eafp \u0111\u1eb7t th\u1ea5p, ti\u1ebft ki\u1ec7m ti\u1ec1n \u0111i\u1ec7n\u2026<\/p>\n<h3><strong>Kh\u00f4ng g\u00e2y \u00f4 nhi\u1ec5m m\u00f4i tr\u01b0\u1eddng<\/strong><\/h3>\n<p>\u0110\u00e8n solar light n\u0103ng l\u01b0\u1ee3ng m\u1eb7t tr\u1eddi c\u00f3 th\u1ec3 gi\u1ea3m thi\u1ec3u \u0111\u01b0\u1ee3c kh\u00ed th\u1ea3i ra m\u00f4i tr\u01b0\u1eddng, \u0111\u1ed3ng th\u1eddi ti\u1ebft ki\u1ec7m \u0111\u01b0\u1ee3c nh\u1eefng ngu\u1ed3n n\u0103ng l\u01b0\u1ee3ng kh\u00f4ng th\u1ec3 t\u00e1i t\u1ea1o \u0111\u01b0\u1ee3c. \u0110\u00fang nh\u01b0 t\u00ean g\u1ecdi, ngu\u1ed3n n\u0103ng l\u01b0\u1ee3ng ch\u00ednh c\u1ee7a thi\u1ebft b\u1ecb chi\u1ebfu s\u00e1ng n\u00e0y ch\u00ednh l\u00e0 \u00e1nh n\u1eafng. Pin m\u1eb7t tr\u1eddi s\u1ebd h\u1ea5p th\u1ee5 n\u0103ng l\u01b0\u1ee3ng t\u1eeb \u00e1nh n\u1eafng sau \u0111\u00f3 chuy\u1ec3n h\u00f3a th\u00e0nh d\u00f2ng \u0111i\u1ec7n v\u00e0 \u0111\u01b0a v\u00e0o pin l\u01b0u tr\u1eef \u0111i\u1ec7n n\u0103ng gi\u00fap cho b\u00f3ng \u0111\u00e8n ph\u00e1t s\u00e1ng. Qu\u00e1 tr\u00ecnh t\u1ea1o \u0111i\u1ec7n c\u1ee7a pin m\u1eb7t tr\u1eddi s\u1ebd kh\u00f4ng th\u1ea3i ra b\u1ea5t k\u1ef3 m\u1ed9t lo\u1ea1i kh\u00ed \u0111\u1ed9c h\u1ea1i n\u00e0o \u0111\u1ed1i v\u1edbi m\u00f4i tr\u01b0\u1eddng.<\/p>\n<h3><strong>Chi ph\u00ed l\u1eafp \u0111\u1eb7t th\u1ea5p<\/strong><\/h3>\n<p>\u0110\u00e8n d\u00f9ng n\u0103ng l\u01b0\u1ee3ng m\u1eb7t tr\u1eddi c\u00f3 th\u1ec3 t\u1ef1 t\u1ea1o ra ngu\u1ed3n \u0111i\u1ec7n n\u00ean s\u1ebd kh\u00f4ng c\u1ea7n s\u1eed d\u1ee5ng t\u1edbi d\u00e2y \u0111i\u1ec7n. Ng\u01b0\u1eddi d\u00f9ng c\u00f3 th\u1ec3 d\u1ec5 d\u00e0ng l\u1eafp \u0111\u1eb7t t\u1ea1i m\u1ed9t v\u1ecb tr\u00ed m\u00e0 \u0111\u00e8n c\u00f3 th\u1ec3 h\u1ea5p th\u1ee5 \u0111\u01b0\u1ee3c \u00e1nh n\u1eafng m\u1eb7t tr\u1eddi t\u1ea1i khu v\u1ef1c mu\u1ed1n chi\u1ebfu s\u00e1ng. H\u1ea7u h\u1ebft t\u1ea5t c\u1ea3 c\u00e1c lo\u1ea1i b\u00f3ng \u0111\u00e8n solar light n\u0103ng l\u01b0\u1ee3ng m\u1eb7t tr\u1eddi \u0111\u1ec1u s\u1eed d\u1ee5ng \u0111\u00e8n LED si\u00eau b\u1ec1n v\u00e0 tu\u1ed5i th\u1ecd c\u1ee7a t\u1ea5m pin c\u0169ng l\u00ean t\u1edbi 20 n\u0103m n\u00ean s\u1ebd ti\u1ebft ki\u1ec7m \u0111\u01b0\u1ee3c chi ph\u00ed b\u1ea3o h\u00e0nh.<\/p>\n<h3><strong>Ti\u1ebft ki\u1ec7m ti\u1ec1n \u0111i\u1ec7n<\/strong><\/h3>\n<p>Ch\u00fang ta kh\u00f4ng c\u1ea7n s\u1eed d\u1ee5ng \u0111i\u1ec7n gi\u00fap cho \u0111\u00e8n ph\u00e1t s\u00e1ng n\u00ean t\u1ea5t nhi\u00ean s\u1ebd kh\u00f4ng c\u1ea7n ph\u1ea3i chi ra m\u1ed9t kho\u1ea3n ti\u1ec1n \u0111i\u1ec7n n\u00e0o. C\u00f3 th\u1ec3 chi ph\u00ed tr\u1ea3 tr\u01b0\u1edbc cho nh\u1eefng chi\u1ebfc \u0111\u00e8n \u0111i\u1ec7n m\u1eb7t tr\u1eddi s\u1ebd h\u01a1i \u0111\u1eaft h\u01a1n so v\u1edbi nh\u1eefng lo\u1ea1i \u0111\u00e8n th\u00f4ng th\u01b0\u1eddng nh\u01b0ng b\u00f9 l\u1ea1i s\u1ebd ti\u1ebft ki\u1ec7m \u0111\u01b0\u1ee3c h\u00f3a \u0111\u01a1n ti\u1ec1n \u0111i\u1ec7n h\u00e0ng th\u00e1ng trong m\u1ed9t th\u1eddi gian r\u1ea5t d\u00e0i.<\/p>\n<h2><strong>Gi\u00e1 \u0111\u00e8n FRELIX n\u0103ng l\u01b0\u1ee3ng m\u1eb7t tr\u1eddi\u00a0<\/strong><strong>nh\u01b0 th\u1ebf n\u00e0o?<\/strong><\/h2>\n<p>Tr\u00ean th\u1ecb tr\u01b0\u1eddng hi\u1ec7n nay c\u00f3 r\u1ea5t nhi\u1ec1u lo\u1ea1i \u0111\u00e8n solar light n\u0103ng l\u01b0\u1ee3ng m\u1eb7t tr\u1eddi gi\u00e1 r\u1ebb. Do \u0111\u00f3, b\u1ea1n s\u1ebd c\u00f3 th\u1ec3 g\u1eb7p ph\u1ea3i kh\u00f3 kh\u0103n khi l\u1ef1a ch\u1ecdn c\u00e1c s\u1ea3n ph\u1ea9m ph\u00f9 h\u1ee3p v\u1edbi nhu c\u1ea7u c\u1ee7a m\u00ecnh.<\/p>\n<\/div>\n<p>S\u1ea3n ph\u1ea9m ch\u1ea5t l\u01b0\u1ee3ng l\u00e0 y\u1ebfu t\u1ed1 h\u00e0ng \u0111\u1ea7u gi\u00fap cho FRELIX ti\u1ebfp c\u1eadn v\u1edbi kh\u00e1ch h\u00e0ng c\u1ee7a m\u00ecnh. Ch\u1ea5t l\u01b0\u1ee3ng \u0111\u01b0\u1ee3c \u0111\u1ea3m b\u1ea3o qua quy tr\u00ecnh l\u1ef1a ch\u1ecdn s\u1ea3n ph\u1ea9m b\u00e0i b\u1ea3n tr\u01b0\u1edbc khi \u0111\u01b0\u1ee3c ph\u00e2n ph\u1ed1i ra th\u1ecb tr\u01b0\u1eddng. Ch\u00fang t\u00f4i t\u00ecm hi\u1ec3u v\u00e0 l\u1ef1a ch\u1ecdn nh\u00e0 cung c\u1ea5p\/nh\u00e0 s\u1ea3n xu\u1ea5t \u0111\u00e1ng tin c\u1eady. S\u1ea3n ph\u1ea9m \u0111\u01b0\u1ee3c ki\u1ec3m tra, th\u1eed nghi\u1ec7m nhi\u1ec1u l\u1ea7n trong nhi\u1ec1u \u0111i\u1ec1u ki\u1ec7n kh\u00e1c nhau m\u1edbi \u0111\u01b0\u1ee3c l\u1ef1a ch\u1ecdn \u0111\u1ec3 b\u00e1n ra th\u1ecb tr\u01b0\u1eddng cho kh\u00e1ch h\u00e0ng. Ngo\u00e0i ra, ngo\u00e0i vi\u1ec7c ph\u00e2n ph\u1ed1i s\u1ea3n ph\u1ea9m ch\u00fang t\u00f4i \u0111\u1ecbnh h\u01b0\u1edbng ph\u00e1t tri\u1ec3n nh\u1eefng d\u00f2ng s\u1ea3n ph\u1ea9m ch\u1ea5t l\u01b0\u1ee3ng cao \u0111\u1ec3 x\u00e2y d\u1ef1ng th\u01b0\u01a1ng hi\u1ec7u FRELIX. Gi\u00e1 \u0111\u00e8n FRELIX n\u0103ng l\u01b0\u1ee3ng m\u1eb7t tr\u1eddi \u0111\u1ec1u \u0111\u01b0\u1ee3c th\u00f4ng b\u00e1o c\u1ee5 th\u1ec3 tr\u00ean website.<\/p>\n<p>Kh\u00e1ch h\u00e0ng khi mua \u0111\u00e8n s\u1eed d\u1ee5ng n\u0103ng l\u01b0\u1ee3ng m\u1eb7t tr\u1eddi t\u1ea1i thandenviet.com s\u1ebd \u0111\u01b0\u1ee3c h\u01b0\u1edfng nhi\u1ec1u \u01b0u \u0111\u00e3i h\u1ea5p d\u1eabn nh\u01b0 gi\u00e1 c\u1ea3 c\u1ea1nh tranh, c\u00e1c d\u1ecbch v\u1ee5 h\u1ed7 tr\u1ee3 mi\u1ec5n ph\u00ed nh\u01b0 giao h\u00e0ng mi\u1ec5n ph\u00ed t\u1eadn n\u01a1i, t\u01b0 v\u1ea5n s\u1ea3n ph\u1ea9m, l\u1eafp \u0111\u1eb7t mi\u1ec5n ph\u00ed,\u2026 Ti\u1ebfp nh\u1eadn v\u00e0 x\u1eed l\u00fd th\u00f4ng tin b\u1ea3o h\u00e0nh nhanh ch\u00f3ng, 24h \u0111\u1ed1i v\u1edbi kh\u00e1ch h\u00e0ng t\u1ea1i HCM v\u00e0 c\u00e1c t\u1ec9nh l\u00e2n c\u1eadn, 72h \u0111\u1ed1i v\u1edbi kh\u00e1ch h\u00e0ng \u1edf c\u00e1c t\u1ec9nh th\u00e0nh kh\u00e1c.<\/p>\n<p>\u0110\u1ed1i v\u1edbi nh\u1eefng kh\u00e1ch h\u00e0ng mua s\u1ea3n ph\u1ea9m v\u1edbi s\u1ed1 l\u01b0\u1ee3ng l\u1edbn s\u1ebd \u0111\u01b0\u1ee3c h\u01b0\u1edfng ch\u00ednh s\u00e1ch gi\u00e1 cho \u0111\u1ea1i l\u00fd. M\u1ee9c gi\u00e1 n\u00e0y ch\u00fang t\u00f4i s\u1ebd kh\u00f4ng c\u00f4ng b\u1ed1 \u1edf tr\u00ean website v\u00e0 s\u1ebd thay \u0111\u1ed5i t\u00f9y theo s\u1ed1 l\u01b0\u1ee3ng s\u1ea3n ph\u1ea9m.<\/p>\n<p>V\u1edbi nh\u1eefng th\u00f4ng tin trong b\u00e0i vi\u1ebft tr\u00ean \u0111\u00e2y, hy v\u1ecdng c\u00e1c b\u1ea1n s\u1ebd l\u1ef1a ch\u1ecdn \u0111\u01b0\u1ee3c b\u00f3ng \u0111\u00e8n solar light n\u0103ng l\u01b0\u1ee3ng m\u1eb7t tr\u1eddi gi\u00e1 r\u1ebb<strong>\u00a0<\/strong>ph\u00f9 h\u1ee3p nh\u1ea5t \u0111\u1ed1i v\u1edbi nhu c\u1ea7u c\u1ee7a m\u00ecnh. N\u1ebfu b\u1ea1n c\u00f3 nhu c\u1ea7u s\u1edf h\u1eefu c\u00e1c s\u1ea3n ph\u1ea9m c\u1ee7a FRELIX h\u00e3y li\u00ean h\u1ec7 theo s\u1ed1 hotline: 0989.883.872 \u2013 08.6868.1833 \u0111\u1ec3 nh\u1eadn \u0111\u01b0\u1ee3c th\u00f4ng tin t\u01b0 v\u1ea5n c\u1ee5 th\u1ec3 nh\u1ea5t.<\/p>\n<\/div>\n","protected":false},"excerpt":{"rendered":"<p>\u0110\u00e8n \u0111\u01b0\u1eddng n\u0103ng l\u01b0\u1ee3ng m\u1eb7t tr\u1eddi cao c\u1ea5p ch\u00ednh h\u00e3ng c\u1ee7a FRELIX \u0110\u00e8n s\u1eed d\u1ee5ng n\u0103ng l\u01b0\u1ee3ng m\u1eb7t tr\u1eddi cao c\u1ea5p ch\u00ednh h\u00e3ng c\u1ee7a FRELIX \u0110\u00e8n FRELIX n\u0103ng l\u01b0\u1ee3ng m\u1eb7t tr\u1eddi hi\u1ec7n \u0111ang l\u00e0 m\u1ed9t gi\u1ea3i ph\u00e1p chi\u1ebfu s\u00e1ng ti\u1ebft ki\u1ec7m \u0111i\u1ec7n v\u00e0 b\u1ea3o v\u1ec7 m\u00f4i tr\u01b0\u1eddng, d\u1ec5 d\u00e0ng s\u1eed d\u1ee5ng, c\u00f3 th\u1ec3 l\u1eafp \u0111\u1eb7t [&#8230;]\n","protected":false},"author":1,"featured_media":0,"parent":0,"menu_order":0,"comment_status":"closed","ping_status":"closed","template":"page-left-sidebar.php","meta":{"footnotes":""},"class_list":["post-14","page","type-page","status-publish","hentry"],"_links":{"self":[{"href":"https:\/\/store1.k-tech-services.com\/denled\/wp-json\/wp\/v2\/pages\/14","targetHints":{"allow":["GET"]}}],"collection":[{"href":"https:\/\/store1.k-tech-services.com\/denled\/wp-json\/wp\/v2\/pages"}],"about":[{"href":"https:\/\/store1.k-tech-services.com\/denled\/wp-json\/wp\/v2\/types\/page"}],"author":[{"embeddable":true,"href":"https:\/\/store1.k-tech-services.com\/denled\/wp-json\/wp\/v2\/users\/1"}],"replies":[{"embeddable":true,"href":"https:\/\/store1.k-tech-services.com\/denled\/wp-json\/wp\/v2\/comments?post=14"}],"version-history":[{"count":2,"href":"https:\/\/store1.k-tech-services.com\/denled\/wp-json\/wp\/v2\/pages\/14\/revisions"}],"predecessor-version":[{"id":181,"href":"https:\/\/store1.k-tech-services.com\/denled\/wp-json\/wp\/v2\/pages\/14\/revisions\/181"}],"wp:attachment":[{"href":"https:\/\/store1.k-tech-services.com\/denled\/wp-json\/wp\/v2\/media?parent=14"}],"curies":[{"name":"wp","href":"https:\/\/api.w.org\/{rel}","templated":true}]}}