{"id":61,"date":"2022-05-19T08:12:37","date_gmt":"2022-05-19T08:12:37","guid":{"rendered":"http:\/\/localhost\/chau\/?post_type=product&#038;p=61"},"modified":"2022-05-19T08:13:48","modified_gmt":"2022-05-19T08:13:48","slug":"chau-xi-mang-dang-dau-dan-cao","status":"publish","type":"product","link":"https:\/\/store1.k-tech-services.com\/chau\/san-pham\/chau-xi-mang-dang-dau-dan-cao\/","title":{"rendered":"Ch\u1eadu xi m\u0103ng d\u00e1ng \u0111\u1ea7u \u0111\u1ea1n cao"},"content":{"rendered":"<p><strong>L\u00ed do b\u1ea1n ch\u1ecdn s\u1ea3n ph\u1ea9m t\u1ea1i Ch\u1eadu Xinh cho ng\u00f4i nh\u00e0 c\u1ee7a m\u00ecnh:<\/strong><\/p>\n<ol>\n<li><strong>Kh\u00e1c bi\u1ec7t trong ch\u1ea5t l\u01b0\u1ee3ng s\u1ea3n ph\u1ea9m<\/strong>:\u00a0S\u1ea3n xu\u1ea5t v\u00e0 ph\u00e2n ph\u1ed1i tr\u1ef1c ti\u1ebfp t\u1ea1i Vi\u1ec7t Nam, th\u01b0\u01a1ng hi\u1ec7u xu\u1ea5t x\u1ee9 r\u00f5 r\u00e0ng. \u0110\u1ed9i ng\u0169 c\u00f4ng nh\u00e2n vi\u00ean c\u00f3 tay ngh\u1ec1 cao. H\u00e0ng h\u00f3a \u0111\u01b0\u1ee3c ki\u1ec3m tra li\u00ean t\u1ee5c; \u0111\u1ea1t ti\u00eau chu\u1ea9n qu\u1ed1c t\u1ebf n\u00ean b\u1ea1n c\u00f3 th\u1ec3 an t\u00e2m v\u1ec1 ch\u1ea5t l\u01b0\u1ee3ng.<\/li>\n<li><strong>Ch\u1ea5t l\u01b0\u1ee3ng t\u1ed1t nh\u1ea5t cho ng\u01b0\u1eddi s\u00e0nh \u0111i\u1ec7u<\/strong>: \u00c1p d\u1ee5ng c\u00f4ng ngh\u1ec7 s\u1ea3n xu\u1ea5t ti\u00ean ti\u1ebfn tr\u00ean th\u1ebf gi\u1edbi c\u00f9ng v\u1edbi m\u1eabu m\u00e3 lu\u00f4n c\u1eadp nh\u1eadt m\u1edbi nh\u1ea5t theo xu th\u1ebf. Ch\u1eadu xinh ngo\u00e0i vi\u1ec7c lu\u00f4n h\u01b0\u1edbng \u0111\u1ebfn nh\u1eefng \u0111\u1eb7c t\u00ednh \u01b0u vi\u1ec7t nh\u1ea5t \u0111\u1ec3 l\u00e0m h\u00e0i l\u00f2ng nh\u1eefng kh\u00e1ch h\u00e0ng kh\u00f3 t\u00ednh.<\/li>\n<li><strong>L\u1ee3i th\u1ebf v\u1ec1 gi\u00e1 th\u00e0nh so v\u1edbi c\u00e1c th\u01b0\u01a1ng hi\u1ec7u \u0111\u1ebfn t\u1eeb Ch\u00e2u \u00c2u:<\/strong>Ch\u1eadu Xinh l\u00e0 m\u1ed9t th\u01b0\u01a1ng hi\u1ec7u ch\u1ea5t l\u01b0\u1ee3ng cao c\u1ee7a ng\u01b0\u1eddi Vi\u1ec7t, lu\u00f4n t\u1eadn d\u1ee5ng t\u1ed1t c\u00e1c ngu\u1ed3n l\u1ef1c s\u1eb5n c\u00f3 \u0111\u1ec3 n\u00e2ng cao ch\u1ea5t l\u01b0\u1ee3ng v\u00e0 h\u1ea1 gi\u00e1 th\u00e0nh s\u1ea3n ph\u1ea9m. Ch\u00fang t\u00f4i kh\u00f4ng ch\u1ec9 s\u1ea3n xu\u1ea5t, cung c\u1ea5p trong n\u01b0\u1edbc v\u00e0 xu\u1ea5t kh\u1ea9u sang c\u00e1c n\u01b0\u1edbc kh\u00e1c.<\/li>\n<li><strong>Th\u00e2n thi\u1ec7n v\u1edbi m\u00f4i tr\u01b0\u1eddng<\/strong>: Kho b\u00e3i th\u00f4ng tho\u00e1ng, ch\u1ed1ng n\u1eafng tr\u1ef1c ti\u1ebfp, ch\u1ed1ng \u1ea9m v\u00e0 duy tr\u00ec nhi\u1ec7t d\u1ed9 ph\u00f9 h\u1ee3p gi\u00fap b\u1ea3o qu\u1ea3n h\u00e0ng h\u00f3a \u0111\u01b0\u1ee3c t\u1ed1t h\u01a1n \u0111\u1ed3ng ngh\u0129a v\u1edbi th\u1eddi gian s\u1eed d\u1ee5ng cao h\u01a1n v\u00e0 ch\u1ed1ng \u0111\u01b0\u1ee3c phai m\u00e0u. S\u1ea3n ph\u1ea9m t\u1ea1i Ch\u1eadu Xinh.com \u0111\u01b0\u1ee3c t\u1ea1o ra v\u1edbi nh\u1eefng ti\u00eau chu\u1ea9n cao v\u1ec1 m\u00f4i tr\u01b0\u1eddng v\u00e0 quy\u1ec1n con ng\u01b0\u1eddi. Ch\u1ecdn s\u1ea3n ph\u1ea9m c\u1ee7a Ch\u1eadu Xinh \u0111\u1ed3ng ngh\u0129a v\u1edbi vi\u1ec7c b\u1ea1n \u0111\u00e3 \u0111\u00f3ng g\u00f3p cho m\u00f4i tr\u01b0\u1eddng th\u1ebf gi\u1edbi.<\/li>\n<li><strong>K\u1ebft h\u1ee3p ki\u1ebfn tr\u00fac hi\u1ec7n \u0111\u1ea1i<\/strong>: C\u00e1c s\u1ea3n ph\u1ea9m t\u1ea1i Ch\u1eadu Xinh l\u00e0 s\u1ef1 \u0111a d\u1ea1ng v\u1ec1 c\u00e1c phong c\u00e1ch c\u1ed5 \u0111i\u1ec3n ph\u01b0\u01a1ng \u0111\u00f4ng v\u00e0 hi\u1ec7n \u0111\u1ea1i c\u1ee7a ph\u01b0\u01a1ng t\u00e2y. N\u1ebfu b\u1ea1n l\u00e0 ng\u01b0\u1eddi kh\u00f3 t\u00ednh trong vi\u1ec7c l\u1ef1a ch\u1ecdn c\u00e1c ki\u1ec3u d\u00e1ng mang phong c\u00e1ch ri\u00eang, Ch\u1eadu Xinh s\u1ebd gi\u00fap b\u1ea1n.<\/li>\n<li><strong>D\u1ec5 d\u00e0ng l\u1ef1a ch\u1ecdn v\u00e0 quy\u1ebft \u0111\u1ecbnh:<\/strong>Ch\u1ec9 v\u00e0i ph\u00fat \u0111i\u1ec3m danh m\u1ee5c c\u00e1c s\u1ea3n ph\u1ea9m tr\u00ean www.chauxinh.com, b\u1ea1n s\u1ebd c\u00f3 th\u1ec3 \u0111\u01b0a ra quy\u1ebft \u0111\u1ecbnh s\u1edf h\u1eefu nh\u1eefng s\u1ea3n ph\u1ea9m m\u00ecnh th\u00edch. Ngo\u00e0i ra, s\u1ebd c\u00f3 nh\u00e2n vi\u00ean h\u1ed7 tr\u1ee3 tr\u1ef1c ti\u1ebfp n\u1ebfu qu\u00fd kh\u00e1ch c\u1ea7n t\u01b0 v\u1ea5n.<\/li>\n<\/ol>\n<p><strong>L\u1ee3i th\u1ebf c\u1ea1nh tranh khi mua s\u1eafm t\u1eeb Ch\u1eadu Xinh.com<\/strong><\/p>\n<ol>\n<li><strong>Nh\u00e0 ph\u00e2n ph\u1ed1i tr\u1ef1c ti\u1ebfp<\/strong>: Ch\u00fang t\u00f4i l\u00e0 \u0111\u01a1n v\u1ecb s\u1ea3n xu\u1ea5t, thi\u1ebft k\u1ebf, v\u00e0 l\u00e0 nh\u00e0 ph\u00e2n ph\u1ed1i tr\u1ef1c ti\u1ebfp c\u00e1c s\u1ea3n ph\u1ea9m ch\u00ednh g\u1ed1c m\u1edbi 100% \u0111\u1ebfn t\u1eadn tay kh\u00e1ch h\u00e0ng.<\/li>\n<li><strong>Gi\u00e1 c\u1ea3 ph\u1ea3i ch\u0103ng<\/strong>: V\u1edbi ti\u00eau ch\u00ed mang kh\u00e1ch h\u00e0ng quay l\u1ea1i nh\u1eefng l\u1ea7n ti\u1ebfp theo n\u00ean Ch\u1eadu Xinh lu\u00f4n xem kh\u00e1ch h\u00e0ng l\u00e0 ng\u01b0\u1eddi th\u00e2n c\u1ee7a m\u00ecnh. Ngo\u00e0i ra, do t\u00edch c\u1ef1c c\u1ea3i thi\u1ec7n h\u1ec7 th\u1ed1ng, gi\u1edd \u0111\u00e2y Ch\u1eadu Xinh \u0111\u00e3 ch\u1ee7 \u0111\u1ed9ng trong v\u1ea5n \u0111\u1ec1 s\u1ea3n xu\u1ea5t, kho b\u00e3i v\u00e0 v\u1eadn chuy\u1ec3n. Hi\u1ec7n t\u1ea1i, Ch\u1eadu Xinh \u0111\u00e3 c\u00f3 th\u1ec3 t\u1ef1 h\u00e0o mang t\u1eebng s\u1ea3n ph\u1ea9m c\u1ee7a Ch\u1eadu Xinh \u0111\u1ebfn qu\u00fd kh\u00e1ch h\u00e0ng v\u1edbi gi\u00e1 c\u1ea3 ph\u1ea3i ch\u0103ng nh\u1ea5t.<\/li>\n<li><strong>D\u1ecbch v\u1ee5 chuy\u00ean nghi\u1ec7p<\/strong>: V\u1edbi nhi\u1ec1u n\u0103m kinh nghi\u1ec7m trong l\u0129nh v\u1ef1c kinh doanh ch\u1eadu, c\u00e2y v\u00e0 m\u1ed1i t\u01b0\u01a1ng quan v\u1edbi ki\u1ebfn tr\u00fac x\u00e2y d\u1ef1ng, Ch\u1eadu Xinh t\u01b0 v\u1ea5n v\u00e0 gi\u1ea3i \u0111\u00e1p nh\u1eefng th\u1eafc m\u1eafc m\u1ed9t c\u00e1ch c\u1ee5 th\u1ec3 v\u00e0 d\u1ec5 hi\u1ec3u nh\u1ea5t cho kh\u00e1ch h\u00e0ng.<\/li>\n<li><strong>\u0110\u1ecbnh h\u01b0\u1edbng t\u00edch c\u1ef1c:<\/strong>V\u1edbi \u0111\u1ed9i b\u00e1n h\u00e0ng nhi\u1ec1u n\u0103m kinh nghi\u1ec7m l\u00e0m vi\u1ec7c v\u1edbi kh\u00e1ch trong v\u00e0 ngo\u00e0i n\u01b0\u1edbc, ch\u00fang t\u00f4i lu\u00f4n n\u1ed7 l\u1ef1c mang l\u1ea1i cho kh\u00e1ch h\u00e0ng nh\u1eefng tr\u1ea3i nghi\u1ec7m mua s\u1eafm tho\u1ea3i m\u00e1i nh\u1ea5t.<\/li>\n<\/ol>\n","protected":false},"excerpt":{"rendered":"<p>L\u00ed do b\u1ea1n ch\u1ecdn s\u1ea3n ph\u1ea9m t\u1ea1i Ch\u1eadu Xinh cho ng\u00f4i nh\u00e0 c\u1ee7a m\u00ecnh:Kh\u00e1c bi\u1ec7t trong ch\u1ea5t l\u01b0\u1ee3ng s\u1ea3n ph\u1ea9m:\u00a0S\u1ea3n xu\u1ea5t v\u00e0 ph\u00e2n ph\u1ed1i tr\u1ef1c ti\u1ebfp t\u1ea1i Vi\u1ec7t Nam, th\u01b0\u01a1ng hi\u1ec7u xu\u1ea5t x\u1ee9 r\u00f5 r\u00e0ng. \u0110\u1ed9i ng\u0169 c\u00f4ng nh\u00e2n vi\u00ean&#8230;<\/p>\n","protected":false},"featured_media":63,"comment_status":"open","ping_status":"closed","template":"","meta":[],"product_cat":[20,19,18,21,22],"product_tag":[],"class_list":["post-61","product","type-product","status-publish","has-post-thumbnail","hentry","product_cat-chau-composite","product_cat-chau-da-mai","product_cat-chau-xi-mang","product_cat-chau-xi-mang-sieu-nhe","product_cat-phu-kien"],"_links":{"self":[{"href":"https:\/\/store1.k-tech-services.com\/chau\/wp-json\/wp\/v2\/product\/61","targetHints":{"allow":["GET"]}}],"collection":[{"href":"https:\/\/store1.k-tech-services.com\/chau\/wp-json\/wp\/v2\/product"}],"about":[{"href":"https:\/\/store1.k-tech-services.com\/chau\/wp-json\/wp\/v2\/types\/product"}],"replies":[{"embeddable":true,"href":"https:\/\/store1.k-tech-services.com\/chau\/wp-json\/wp\/v2\/comments?post=61"}],"wp:featuredmedia":[{"embeddable":true,"href":"https:\/\/store1.k-tech-services.com\/chau\/wp-json\/wp\/v2\/media\/63"}],"wp:attachment":[{"href":"https:\/\/store1.k-tech-services.com\/chau\/wp-json\/wp\/v2\/media?parent=61"}],"wp:term":[{"taxonomy":"product_cat","embeddable":true,"href":"https:\/\/store1.k-tech-services.com\/chau\/wp-json\/wp\/v2\/product_cat?post=61"},{"taxonomy":"product_tag","embeddable":true,"href":"https:\/\/store1.k-tech-services.com\/chau\/wp-json\/wp\/v2\/product_tag?post=61"}],"curies":[{"name":"wp","href":"https:\/\/api.w.org\/{rel}","templated":true}]}}