{"id":90,"date":"2024-12-10T03:15:28","date_gmt":"2024-12-10T03:15:28","guid":{"rendered":"http:\/\/localhost\/law-legal\/?page_id=90"},"modified":"2024-12-31T13:46:50","modified_gmt":"2024-12-31T06:46:50","slug":"xu-ly-xam-pham","status":"publish","type":"page","link":"http:\/\/store1.k-tech-services.com\/phapluat1\/dich-vu\/xu-ly-xam-pham\/","title":{"rendered":"X\u1eed l\u00fd x\u00e2m ph\u1ea1m"},"content":{"rendered":"\n\n<div class=\"row\"  id=\"row-643964129\">\n\n\n\t<div id=\"col-439652580\" class=\"col medium-9 small-12 large-9\"  >\n\t\t\t\t<div class=\"col-inner\"  >\n\t\t\t\n\t\t\t\n\n\n\t<section class=\"section s-test\" id=\"section_1589218578\">\n\t\t<div class=\"section-bg fill\" >\n\t\t\t\t\t\t\t\t\t\n\t\t\t\n\n\t\t<\/div>\n\n\t\t\n\n\t\t<div class=\"section-content relative\">\n\t\t\t\n\n<nav class=\"breadcrumbs\"><a href=\"http:\/\/store1.k-tech-services.com\/phapluat1\">Trang ch\u1ee7<\/a> \/ <\/nav>\n<div class=\"container section-title-container\" ><h2 class=\"section-title section-title-normal\"><b><\/b><span class=\"section-title-main\" style=\"color:rgb(195, 107, 0);\">x\u1eed l\u00fd x\u00e2m ph\u1ea1m<\/span><b><\/b><\/h2><\/div>\n\n<div class=\"accordion according-in-page\">\n\n\t<div id=\"accordion-1563093947\" class=\"accordion-item\">\n\t\t<a id=\"accordion-1563093947-label\" class=\"accordion-title plain\" href=\"#accordion-item-kh\u00c1i-ni\u1ec6m\" aria-expanded=\"false\" aria-controls=\"accordion-1563093947-content\" >\n\t\t\t<button class=\"toggle\" aria-label=\"Chuy\u1ec3n \u0111\u1ed5i\"><i class=\"icon-angle-down\"><\/i><\/button>\n\t\t\t<span>KH\u00c1I NI\u1ec6M<\/span>\n\t\t<\/a>\n\t\t<div id=\"accordion-1563093947-content\" class=\"accordion-inner\" aria-labelledby=\"accordion-1563093947-label\" >\n\t\t\t\n\n<p>X\u1eed l\u00fd x\u00e2m ph\u1ea1m quy\u1ec1n s\u1edf h\u1eefu c\u00f4ng nghi\u1ec7p l\u00e0 quy tr\u00ecnh ph\u00e1p l\u00fd nh\u1eb1m b\u1ea3o v\u1ec7 quy\u1ec1n v\u00e0 l\u1ee3i \u00edch h\u1ee3p ph\u00e1p c\u1ee7a ch\u1ee7 s\u1edf h\u1eefu \u0111\u1ed1i v\u1edbi c\u00e1c \u0111\u1ed1i t\u01b0\u1ee3ng s\u1edf h\u1eefu c\u00f4ng nghi\u1ec7p (nh\u01b0 nh\u00e3n hi\u1ec7u, s\u00e1ng ch\u1ebf, ki\u1ec3u d\u00e1ng c\u00f4ng nghi\u1ec7p). Qu\u00e1 tr\u00ecnh n\u00e0y \u0111\u00f2i h\u1ecfi tu\u00e2n th\u1ee7 c\u00e1c b\u01b0\u1edbc t\u1eeb vi\u1ec7c x\u00e1c l\u1eadp quy\u1ec1n, thu th\u1eadp ch\u1ee9ng c\u1ee9 \u0111\u1ebfn th\u1ef1c hi\u1ec7n c\u00e1c bi\u1ec7n ph\u00e1p h\u00e0nh ch\u00ednh ho\u1eb7c kh\u1edfi ki\u1ec7n t\u1ea1i T\u00f2a \u00e1n.<\/p>\n<p>H\u00e0nh vi x\u00e2m ph\u1ea1m c\u00f3 th\u1ec3 g\u00e2y thi\u1ec7t h\u1ea1i v\u1ec1 t\u00e0i ch\u00ednh, l\u00e0m gi\u1ea3m uy t\u00edn th\u01b0\u01a1ng hi\u1ec7u v\u00e0 g\u00e2y ra c\u1ea1nh tranh kh\u00f4ng l\u00e0nh m\u1ea1nh. Do \u0111\u00f3, ch\u1ee7 s\u1edf h\u1eefu c\u1ea7n c\u00f3 c\u00e1ch ti\u1ebfp c\u1eadn b\u00e0i b\u1ea3n v\u00e0 hi\u1ec7u qu\u1ea3 \u0111\u1ec3 x\u1eed l\u00fd.<\/p>\n\n\t\t<\/div>\n\t<\/div>\n\t\n\t<div id=\"accordion-3906573166\" class=\"accordion-item\">\n\t\t<a id=\"accordion-3906573166-label\" class=\"accordion-title plain\" href=\"#accordion-item-tr\u00ccnh-t\u1ef0---th\u1ee6-t\u1ee4c-gi\u1ea2i-quy\u1ebet\" aria-expanded=\"false\" aria-controls=\"accordion-3906573166-content\" >\n\t\t\t<button class=\"toggle\" aria-label=\"Chuy\u1ec3n \u0111\u1ed5i\"><i class=\"icon-angle-down\"><\/i><\/button>\n\t\t\t<span>TR\u00ccNH T\u1ef0 - TH\u1ee6 T\u1ee4C GI\u1ea2I QUY\u1ebeT<\/span>\n\t\t<\/a>\n\t\t<div id=\"accordion-3906573166-content\" class=\"accordion-inner\" aria-labelledby=\"accordion-3906573166-label\" >\n\t\t\t\n\n<p>L\u01b0u \u00fd: C\u00f3 th\u1ec3 l\u1ef1a ch\u1ecdn th\u1ef1c hi\u1ec7n \u0111\u1ed3ng th\u1eddi c\u00e1c b\u01b0\u1edbc x\u1eed l\u00fd x\u00e2m ph\u1ea1m d\u01b0\u1edbi \u0111\u00e2y m\u00e0 kh\u00f4ng c\u1ea7n th\u1ef1c hi\u1ec7n tu\u1ea7n t\u1ef1 t\u1ea5t c\u1ea3 c\u00e1c b\u01b0\u1edbc<\/p>\n<p><strong>B\u01b0\u1edbc 1: \u0110\u0103ng k\u00fd b\u1ea3o h\u1ed9 (n\u1ebfu ch\u01b0a \u0111\u0103ng k\u00fd)<\/strong><\/p>\n<p>Quy\u1ec1n s\u1edf h\u1eefu c\u00f4ng nghi\u1ec7p ch\u1ec9 \u0111\u01b0\u1ee3c b\u1ea3o v\u1ec7 khi \u0111\u1ed1i t\u01b0\u1ee3ng \u0111\u00e3 \u0111\u01b0\u1ee3c \u0111\u0103ng k\u00fd t\u1ea1i c\u01a1 quan c\u00f3 th\u1ea9m quy\u1ec1n. \u0110\u00e2y l\u00e0 c\u01a1 s\u1edf ph\u00e1p l\u00fd \u0111\u1ec3 ch\u1ee7 s\u1edf h\u1eefu th\u1ef1c hi\u1ec7n c\u00e1c bi\u1ec7n ph\u00e1p x\u1eed l\u00fd khi quy\u1ec1n b\u1ecb x\u00e2m ph\u1ea1m.<\/p>\n<p>Kh\u00f4ng \u0111\u0103ng k\u00fd b\u1ea3o h\u1ed9 \u0111\u1ed3ng ngh\u0129a v\u1edbi vi\u1ec7c kh\u00f4ng c\u00f3 c\u01a1 s\u1edf ph\u00e1p l\u00fd \u0111\u1ec3 y\u00eau c\u1ea7u x\u1eed l\u00fd h\u00e0nh vi x\u00e2m ph\u1ea1m.<\/p>\n<p><strong>B\u01b0\u1edbc 2: Gi\u00e1m \u0111\u1ecbnh s\u1edf h\u1eefu c\u00f4ng nghi\u1ec7p<\/strong><\/p>\n<p>Gi\u00e1m \u0111\u1ecbnh l\u00e0 b\u01b0\u1edbc quan tr\u1ecdng \u0111\u1ec3 x\u00e1c \u0111\u1ecbnh h\u00e0nh vi x\u00e2m ph\u1ea1m c\u00f3 x\u1ea3y ra hay kh\u00f4ng. K\u1ebft lu\u1eadn gi\u00e1m \u0111\u1ecbnh l\u00e0 ch\u1ee9ng c\u1ee9 quan tr\u1ecdng trong vi\u1ec7c gi\u1ea3i quy\u1ebft tranh ch\u1ea5p.<\/p>\n<p>K\u1ebft lu\u1eadn gi\u00e1m \u0111\u1ecbnh gi\u00fap ch\u1ee9ng minh s\u1ef1 vi ph\u1ea1m v\u1ec1 m\u1eb7t k\u1ef9 thu\u1eadt ho\u1eb7c ph\u00e1p l\u00fd, t\u1eeb \u0111\u00f3 t\u1ea1o n\u1ec1n t\u1ea3ng v\u1eefng ch\u1eafc \u0111\u1ec3 x\u1eed l\u00fd.<\/p>\n<p><strong>B\u01b0\u1edbc 3: L\u1eadp vi b\u1eb1ng<\/strong><\/p>\n<p>Vi b\u1eb1ng l\u00e0 t\u00e0i li\u1ec7u ph\u00e1p l\u00fd ghi nh\u1eadn h\u00e0nh vi x\u00e2m ph\u1ea1m, gi\u00fap b\u1ea3o t\u1ed3n ch\u1ee9ng c\u1ee9 trong tr\u01b0\u1eddng h\u1ee3p c\u1ea7n s\u1eed d\u1ee5ng t\u1ea1i T\u00f2a \u00e1n ho\u1eb7c c\u01a1 quan h\u00e0nh ch\u00ednh.<\/p>\n<p>Ch\u1ee9ng c\u1ee9 tr\u1ef1c ti\u1ebfp t\u1eeb vi b\u1eb1ng s\u1ebd gi\u00fap ch\u1ee7 s\u1edf h\u1eefu gi\u1ea3m r\u1ee7i ro v\u1ec1 vi\u1ec7c m\u1ea5t ch\u1ee9ng c\u1ee9 ho\u1eb7c b\u1ecb ph\u1ee7 nh\u1eadn h\u00e0nh vi vi ph\u1ea1m.<\/p>\n<p><strong>B\u01b0\u1edbc 4: G\u1eedi th\u01b0 c\u1ea3nh b\u00e1o<\/strong><\/p>\n<p>Th\u01b0 c\u1ea3nh b\u00e1o l\u00e0 bi\u1ec7n ph\u00e1p m\u1ec1m m\u1ecfng nh\u1eb1m y\u00eau c\u1ea7u b\u00ean vi ph\u1ea1m ch\u1ea5m d\u1ee9t h\u00e0nh vi x\u00e2m ph\u1ea1m, \u0111\u1ed3ng th\u1eddi t\u1ea1o c\u01a1 h\u1ed9i gi\u1ea3i quy\u1ebft tranh ch\u1ea5p m\u00e0 kh\u00f4ng c\u1ea7n \u0111\u1ebfn c\u00e1c bi\u1ec7n ph\u00e1p m\u1ea1nh h\u01a1n.<\/p>\n<p>Th\u01b0 c\u1ea3nh b\u00e1o c\u00f3 th\u1ec3 gi\u00fap ti\u1ebft ki\u1ec7m th\u1eddi gian v\u00e0 chi ph\u00ed n\u1ebfu b\u00ean vi ph\u1ea1m \u0111\u1ed3ng \u00fd h\u1ee3p t\u00e1c, \u0111\u1ed3ng th\u1eddi th\u1ec3 hi\u1ec7n thi\u1ec7n ch\u00ed c\u1ee7a ch\u1ee7 s\u1edf h\u1eefu.<\/p>\n<p><strong>B\u01b0\u1edbc 5: Y\u00eau c\u1ea7u thanh tra khoa h\u1ecdc c\u00f4ng ngh\u1ec7 x\u1eed l\u00fd x\u00e2m ph\u1ea1m<\/strong><\/p>\n<p>C\u01a1 quan Thanh tra Khoa h\u1ecdc v\u00e0 C\u00f4ng ngh\u1ec7 c\u00f3 th\u1ea9m quy\u1ec1n x\u1eed l\u00fd c\u00e1c h\u00e0nh vi x\u00e2m ph\u1ea1m quy\u1ec1n s\u1edf h\u1eefu c\u00f4ng nghi\u1ec7p b\u1eb1ng bi\u1ec7n ph\u00e1p h\u00e0nh ch\u00ednh.<\/p>\n<p>\u0110\u00e2y l\u00e0 b\u01b0\u1edbc quan tr\u1ecdng \u0111\u1ec3 bu\u1ed9c b\u00ean vi ph\u1ea1m ch\u1ea5m d\u1ee9t h\u00e0nh vi x\u00e2m ph\u1ea1m v\u00e0 ch\u1ecbu c\u00e1c bi\u1ec7n ph\u00e1p x\u1eed ph\u1ea1t h\u00e0nh ch\u00ednh.<\/p>\n<p><strong>B\u01b0\u1edbc 6: Kh\u1edfi ki\u1ec7n t\u1ea1i T\u00f2a \u00e1n<\/strong><\/p>\n<p>Khi c\u00e1c bi\u1ec7n ph\u00e1p h\u00e0nh ch\u00ednh kh\u00f4ng \u0111\u1ea1t hi\u1ec7u qu\u1ea3, kh\u1edfi ki\u1ec7n t\u1ea1i T\u00f2a \u00e1n l\u00e0 bi\u1ec7n ph\u00e1p cu\u1ed1i c\u00f9ng \u0111\u1ec3 b\u1ea3o v\u1ec7 quy\u1ec1n l\u1ee3i.<\/p>\n<p>Quy\u1ebft \u0111\u1ecbnh c\u1ee7a T\u00f2a \u00e1n c\u00f3 t\u00ednh r\u00e0ng bu\u1ed9c ph\u00e1p l\u00fd cao, gi\u00fap gi\u1ea3i quy\u1ebft tri\u1ec7t \u0111\u1ec3 tranh ch\u1ea5p.<\/p>\n\n\t\t<\/div>\n\t<\/div>\n\t\n\n<\/div>\n\n\t\t<\/div>\n\n\t\t\n<style>\n#section_1589218578 {\n  padding-top: 30px;\n  padding-bottom: 30px;\n}\n<\/style>\n\t<\/section>\n\t\n\n\t\t<\/div>\n\t\t\t\t\t<\/div>\n\n\t\n\n\t<div id=\"col-540026957\" class=\"col medium-3 small-12 large-3\"  >\n\t\t\t\t<div class=\"col-inner\"  >\n\t\t\t\n\t\t\t\n\n\n\n<div class=\"row row-for-service\">\n            <div class=\"col col-sub-menu col-sub-menu-ver\" style=\"flex: 0 0 100%; max-width: 100%;\">\n                <a href=\"http:\/\/store1.k-tech-services.com\/phapluat1\/dich-vu\/ban-quyen-tac-gia\/\" style=\"display: flex; align-items: center; text-decoration: none;\">\n                    <div class=\"icon-box-avs\" style=\"display: flex; align-items: center;\">\n                        <img decoding=\"async\" src=\"http:\/\/store1.k-tech-services.com\/phapluat1\/wp-content\/uploads\/2024\/12\/copyright-150x150.png\" width=\"41\" alt=\"Image description\" style=\"margin-right: 10px;\">\n                        <div class=\"ux-text\" style=\"color: rgb(0,0,0);\">\n                            <p class=\"m-0 p-0\"> B\u1ea3n quy\u1ec1n t\u00e1c gi\u1ea3<\/p>\n                        <\/div>\n                    <\/div>\n                <\/a>\n            <\/div>\n        \n            <div class=\"col col-sub-menu col-sub-menu-ver\" style=\"flex: 0 0 100%; max-width: 100%;\">\n                <a href=\"http:\/\/store1.k-tech-services.com\/phapluat1\/dich-vu\/kieu-dang-cong-nghiep\/\" style=\"display: flex; align-items: center; text-decoration: none;\">\n                    <div class=\"icon-box-avs\" style=\"display: flex; align-items: center;\">\n                        <img decoding=\"async\" src=\"http:\/\/store1.k-tech-services.com\/phapluat1\/wp-content\/uploads\/2024\/12\/design-150x150.png\" width=\"41\" alt=\"Image description\" style=\"margin-right: 10px;\">\n                        <div class=\"ux-text\" style=\"color: rgb(0,0,0);\">\n                            <p class=\"m-0 p-0\"> Ki\u1ec3u d\u00e1ng c\u00f4ng nghi\u1ec7p<\/p>\n                        <\/div>\n                    <\/div>\n                <\/a>\n            <\/div>\n        \n            <div class=\"col col-sub-menu col-sub-menu-ver\" style=\"flex: 0 0 100%; max-width: 100%;\">\n                <a href=\"http:\/\/store1.k-tech-services.com\/phapluat1\/dich-vu\/nhan-hieu\/\" style=\"display: flex; align-items: center; text-decoration: none;\">\n                    <div class=\"icon-box-avs\" style=\"display: flex; align-items: center;\">\n                        <img decoding=\"async\" src=\"http:\/\/store1.k-tech-services.com\/phapluat1\/wp-content\/uploads\/2024\/12\/trademark-150x150.png\" width=\"41\" alt=\"Image description\" style=\"margin-right: 10px;\">\n                        <div class=\"ux-text\" style=\"color: rgb(0,0,0);\">\n                            <p class=\"m-0 p-0\"> Nh\u00e3n hi\u1ec7u<\/p>\n                        <\/div>\n                    <\/div>\n                <\/a>\n            <\/div>\n        \n            <div class=\"col col-sub-menu col-sub-menu-ver\" style=\"flex: 0 0 100%; max-width: 100%;\">\n                <a href=\"http:\/\/store1.k-tech-services.com\/phapluat1\/dich-vu\/sang-che-giai-phap-huu-ich\/\" style=\"display: flex; align-items: center; text-decoration: none;\">\n                    <div class=\"icon-box-avs\" style=\"display: flex; align-items: center;\">\n                        <img decoding=\"async\" src=\"http:\/\/store1.k-tech-services.com\/phapluat1\/wp-content\/uploads\/2024\/12\/patent-150x150.png\" width=\"41\" alt=\"Image description\" style=\"margin-right: 10px;\">\n                        <div class=\"ux-text\" style=\"color: rgb(0,0,0);\">\n                            <p class=\"m-0 p-0\"> S\u00e1ng ch\u1ebf\/Gi\u1ea3i ph\u00e1p h\u1eefu \u00edch<\/p>\n                        <\/div>\n                    <\/div>\n                <\/a>\n            <\/div>\n        \n            <div class=\"col col-sub-menu col-sub-menu-ver\" style=\"flex: 0 0 100%; max-width: 100%;\">\n                <a href=\"http:\/\/store1.k-tech-services.com\/phapluat1\/dich-vu\/duy-tri-gia-han\/\" style=\"display: flex; align-items: center; text-decoration: none;\">\n                    <div class=\"icon-box-avs\" style=\"display: flex; align-items: center;\">\n                        <img decoding=\"async\" src=\"http:\/\/store1.k-tech-services.com\/phapluat1\/wp-content\/uploads\/2024\/12\/lawsuit-150x150.png\" width=\"41\" alt=\"Image description\" style=\"margin-right: 10px;\">\n                        <div class=\"ux-text\" style=\"color: rgb(0,0,0);\">\n                            <p class=\"m-0 p-0\"> Th\u1ee7 t\u1ee5c kh\u00e1c<\/p>\n                        <\/div>\n                    <\/div>\n                <\/a>\n            <\/div>\n        \n            <div class=\"col col-sub-menu col-sub-menu-ver\" style=\"flex: 0 0 100%; max-width: 100%;\">\n                <a href=\"http:\/\/store1.k-tech-services.com\/phapluat1\/dich-vu\/xu-ly-xam-pham\/\" style=\"display: flex; align-items: center; text-decoration: none;\">\n                    <div class=\"icon-box-avs\" style=\"display: flex; align-items: center;\">\n                        <img decoding=\"async\" src=\"http:\/\/store1.k-tech-services.com\/phapluat1\/wp-content\/uploads\/2024\/12\/infringement-150x150.png\" width=\"41\" alt=\"Image description\" style=\"margin-right: 10px;\">\n                        <div class=\"ux-text\" style=\"color: rgb(0,0,0);\">\n                            <p class=\"m-0 p-0\"> X\u1eed l\u00fd x\u00e2m ph\u1ea1m<\/p>\n                        <\/div>\n                    <\/div>\n                <\/a>\n            <\/div>\n        <\/div>\n\n\n\t\t<\/div>\n\t\t\t\t\t<\/div>\n\n\t\n\n<\/div>\n\n","protected":false},"excerpt":{"rendered":"","protected":false},"author":1,"featured_media":514,"parent":11,"menu_order":0,"comment_status":"closed","ping_status":"closed","template":"page-blank.php","meta":{"footnotes":""},"class_list":["post-90","page","type-page","status-publish","has-post-thumbnail","hentry"],"_links":{"self":[{"href":"http:\/\/store1.k-tech-services.com\/phapluat1\/wp-json\/wp\/v2\/pages\/90","targetHints":{"allow":["GET"]}}],"collection":[{"href":"http:\/\/store1.k-tech-services.com\/phapluat1\/wp-json\/wp\/v2\/pages"}],"about":[{"href":"http:\/\/store1.k-tech-services.com\/phapluat1\/wp-json\/wp\/v2\/types\/page"}],"author":[{"embeddable":true,"href":"http:\/\/store1.k-tech-services.com\/phapluat1\/wp-json\/wp\/v2\/users\/1"}],"replies":[{"embeddable":true,"href":"http:\/\/store1.k-tech-services.com\/phapluat1\/wp-json\/wp\/v2\/comments?post=90"}],"version-history":[{"count":6,"href":"http:\/\/store1.k-tech-services.com\/phapluat1\/wp-json\/wp\/v2\/pages\/90\/revisions"}],"predecessor-version":[{"id":513,"href":"http:\/\/store1.k-tech-services.com\/phapluat1\/wp-json\/wp\/v2\/pages\/90\/revisions\/513"}],"up":[{"embeddable":true,"href":"http:\/\/store1.k-tech-services.com\/phapluat1\/wp-json\/wp\/v2\/pages\/11"}],"wp:featuredmedia":[{"embeddable":true,"href":"http:\/\/store1.k-tech-services.com\/phapluat1\/wp-json\/wp\/v2\/media\/514"}],"wp:attachment":[{"href":"http:\/\/store1.k-tech-services.com\/phapluat1\/wp-json\/wp\/v2\/media?parent=90"}],"curies":[{"name":"wp","href":"https:\/\/api.w.org\/{rel}","templated":true}]}}