{"id":88,"date":"2024-12-10T03:14:54","date_gmt":"2024-12-10T03:14:54","guid":{"rendered":"http:\/\/localhost\/law-legal\/?page_id=88"},"modified":"2024-12-25T08:55:28","modified_gmt":"2024-12-25T08:55:28","slug":"ban-quyen-tac-gia","status":"publish","type":"page","link":"http:\/\/store1.k-tech-services.com\/phapluat1\/dich-vu\/ban-quyen-tac-gia\/","title":{"rendered":"B\u1ea3n quy\u1ec1n t\u00e1c gi\u1ea3"},"content":{"rendered":"\n\n\n\n<div class=\"row\"  id=\"row-134435167\">\n\n\n\t<div id=\"col-387452393\" class=\"col medium-9 small-12 large-9\"  >\n\t\t\t\t<div class=\"col-inner\"  >\n\t\t\t\n\t\t\t\n\n\n\t<section class=\"section s-test\" id=\"section_46464465\">\n\t\t<div class=\"section-bg fill\" >\n\t\t\t\t\t\t\t\t\t\n\t\t\t\n\n\t\t<\/div>\n\n\t\t\n\n\t\t<div class=\"section-content relative\">\n\t\t\t\n\n<nav class=\"breadcrumbs\"><a href=\"http:\/\/store1.k-tech-services.com\/phapluat1\">Trang ch\u1ee7<\/a> \/ <\/nav>\n<div class=\"container section-title-container\" ><h2 class=\"section-title section-title-normal\"><b><\/b><span class=\"section-title-main\" style=\"color:rgb(195, 107, 0);\">B\u1ea3n quy\u1ec1n t\u00e1c gi\u1ea3<\/span><b><\/b><\/h2><\/div>\n\n<div class=\"accordion according-in-page\">\n\n\t<div id=\"accordion-311140825\" class=\"accordion-item\">\n\t\t<a id=\"accordion-311140825-label\" class=\"accordion-title plain\" href=\"#accordion-item-kh\u00c1i-ni\u1ec6m\" aria-expanded=\"false\" aria-controls=\"accordion-311140825-content\" >\n\t\t\t<button class=\"toggle\" aria-label=\"Chuy\u1ec3n \u0111\u1ed5i\"><i class=\"icon-angle-down\"><\/i><\/button>\n\t\t\t<span>KH\u00c1I NI\u1ec6M<\/span>\n\t\t<\/a>\n\t\t<div id=\"accordion-311140825-content\" class=\"accordion-inner\" aria-labelledby=\"accordion-311140825-label\" >\n\t\t\t\n\n<p><em>Quy\u1ec1n t\u00e1c gi\u1ea3<\/em>\u00a0l\u00e0 quy\u1ec1n c\u1ee7a t\u1ed5 ch\u1ee9c, c\u00e1 nh\u00e2n \u0111\u1ed1i v\u1edbi t\u00e1c ph\u1ea9m do m\u00ecnh s\u00e1ng t\u1ea1o ra ho\u1eb7c s\u1edf h\u1eefu.<\/p>\n<p><em>Quy\u1ec1n li\u00ean quan \u0111\u1ebfn quy\u1ec1n t\u00e1c gi\u1ea3<\/em>\u00a0(sau \u0111\u00e2y g\u1ecdi l\u00e0 quy\u1ec1n li\u00ean quan) l\u00e0 quy\u1ec1n c\u1ee7a t\u1ed5 ch\u1ee9c, c\u00e1 nh\u00e2n \u0111\u1ed1i v\u1edbi cu\u1ed9c bi\u1ec3u di\u1ec5n, b\u1ea3n ghi \u00e2m, ghi h\u00ecnh, ch\u01b0\u01a1ng tr\u00ecnh ph\u00e1t s\u00f3ng, t\u00edn hi\u1ec7u v\u1ec7 tinh mang ch\u01b0\u01a1ng tr\u00ecnh \u0111\u01b0\u1ee3c m\u00e3 h\u00f3a.<\/p>\n\n\t\t<\/div>\n\t<\/div>\n\t\n\t<div id=\"accordion-2902682825\" class=\"accordion-item\">\n\t\t<a id=\"accordion-2902682825-label\" class=\"accordion-title plain\" href=\"#accordion-item-c\u00c1c-lo\u1ea0i-h\u00ccnh-\u0110\u01af\u1ee2c-b\u1ea2o-h\u1ed8\" aria-expanded=\"false\" aria-controls=\"accordion-2902682825-content\" >\n\t\t\t<button class=\"toggle\" aria-label=\"Chuy\u1ec3n \u0111\u1ed5i\"><i class=\"icon-angle-down\"><\/i><\/button>\n\t\t\t<span>C\u00c1C LO\u1ea0I H\u00ccNH \u0110\u01af\u1ee2C B\u1ea2O H\u1ed8<\/span>\n\t\t<\/a>\n\t\t<div id=\"accordion-2902682825-content\" class=\"accordion-inner\" aria-labelledby=\"accordion-2902682825-label\" >\n\t\t\t\n\n<p><strong>\u00a0C\u00e1c lo\u1ea1i h\u00ecnh t\u00e1c ph\u1ea9m \u0111\u01b0\u1ee3c b\u1ea3o h\u1ed9 quy\u1ec1n t\u00e1c gi\u1ea3<\/strong><\/p>\n<p>1. T\u00e1c ph\u1ea9m v\u0103n h\u1ecdc, ngh\u1ec7 thu\u1eadt v\u00e0 khoa h\u1ecdc \u0111\u01b0\u1ee3c b\u1ea3o h\u1ed9 bao g\u1ed3m:<\/p>\n<p>a) T\u00e1c ph\u1ea9m v\u0103n h\u1ecdc, khoa h\u1ecdc, s\u00e1ch gi\u00e1o khoa, gi\u00e1o tr\u00ecnh v\u00e0 t\u00e1c ph\u1ea9m kh\u00e1c \u0111\u01b0\u1ee3c th\u1ec3 hi\u1ec7n d\u01b0\u1edbi d\u1ea1ng ch\u1eef vi\u1ebft ho\u1eb7c k\u00fd t\u1ef1 kh\u00e1c;<\/p>\n<p>b) B\u00e0i gi\u1ea3ng, b\u00e0i ph\u00e1t bi\u1ec3u v\u00e0 b\u00e0i n\u00f3i kh\u00e1c;<\/p>\n<p>c) T\u00e1c ph\u1ea9m b\u00e1o ch\u00ed;<\/p>\n<p>d) T\u00e1c ph\u1ea9m \u00e2m nh\u1ea1c;<\/p>\n<p>\u0111) T\u00e1c ph\u1ea9m s\u00e2n kh\u1ea5u;<\/p>\n<p>e) T\u00e1c ph\u1ea9m \u0111i\u1ec7n \u1ea3nh v\u00e0 t\u00e1c ph\u1ea9m \u0111\u01b0\u1ee3c t\u1ea1o ra theo ph\u01b0\u01a1ng ph\u00e1p t\u01b0\u01a1ng t\u1ef1 (sau \u0111\u00e2y g\u1ecdi chung l\u00e0 t\u00e1c ph\u1ea9m \u0111i\u1ec7n \u1ea3nh);<\/p>\n<p>g) T\u00e1c ph\u1ea9m m\u1ef9 thu\u1eadt, m\u1ef9 thu\u1eadt \u1ee9ng d\u1ee5ng;<\/p>\n<p>h) T\u00e1c ph\u1ea9m nhi\u1ebfp \u1ea3nh;<\/p>\n<p>i) T\u00e1c ph\u1ea9m ki\u1ebfn tr\u00fac;<\/p>\n<p>k) B\u1ea3n h\u1ecda \u0111\u1ed3, s\u01a1 \u0111\u1ed3, b\u1ea3n \u0111\u1ed3, b\u1ea3n v\u1ebd li\u00ean quan \u0111\u1ebfn \u0111\u1ecba h\u00ecnh, ki\u1ebfn tr\u00fac,<strong>\u00a0<\/strong>c\u00f4ng tr\u00ecnh khoa h\u1ecdc;<\/p>\n<p>l) T\u00e1c ph\u1ea9m v\u0103n h\u1ecdc, ngh\u1ec7 thu\u1eadt d\u00e2n gian;<\/p>\n<p>m) Ch\u01b0\u01a1ng tr\u00ecnh m\u00e1y t\u00ednh, s\u01b0u t\u1eadp d\u1eef li\u1ec7u.<\/p>\n<p>2. T\u00e1c ph\u1ea9m ph\u00e1i sinh ch\u1ec9 \u0111\u01b0\u1ee3c b\u1ea3o h\u1ed9 theo quy \u0111\u1ecbnh t\u1ea1i kho\u1ea3n 1 \u0110i\u1ec1u n\u00e0y n\u1ebfu kh\u00f4ng g\u00e2y ph\u01b0\u01a1ng h\u1ea1i \u0111\u1ebfn quy\u1ec1n t\u00e1c gi\u1ea3 \u0111\u1ed1i v\u1edbi t\u00e1c ph\u1ea9m \u0111\u01b0\u1ee3c d\u00f9ng \u0111\u1ec3 l\u00e0m t\u00e1c ph\u1ea9m ph\u00e1i sinh.<\/p>\n<p>3. T\u00e1c ph\u1ea9m \u0111\u01b0\u1ee3c b\u1ea3o h\u1ed9 quy \u0111\u1ecbnh t\u1ea1i kho\u1ea3n 1 v\u00e0 kho\u1ea3n 2 \u0110i\u1ec1u n\u00e0y ph\u1ea3i do t\u00e1c gi\u1ea3 tr\u1ef1c ti\u1ebfp s\u00e1ng t\u1ea1o b\u1eb1ng lao \u0111\u1ed9ng tr\u00ed tu\u1ec7 c\u1ee7a m\u00ecnh m\u00e0 kh\u00f4ng sao ch\u00e9p t\u1eeb t\u00e1c ph\u1ea9m c\u1ee7a ng\u01b0\u1eddi kh\u00e1c.<\/p>\n<p><strong>C\u00e1c \u0111\u1ed1i t\u01b0\u1ee3ng kh\u00f4ng thu\u1ed9c ph\u1ea1m vi b\u1ea3o h\u1ed9 quy\u1ec1n t\u00e1c gi\u1ea3<\/strong><\/p>\n<p>1. Tin t\u1ee9c th\u1eddi s\u1ef1 thu\u1ea7n tu\u00fd \u0111\u01b0a tin.<\/p>\n<p>2. V\u0103n b\u1ea3n quy ph\u1ea1m ph\u00e1p lu\u1eadt, v\u0103n b\u1ea3n h\u00e0nh ch\u00ednh, v\u0103n b\u1ea3n kh\u00e1c thu\u1ed9c l\u0129nh v\u1ef1c t\u01b0 ph\u00e1p v\u00e0 b\u1ea3n d\u1ecbch ch\u00ednh th\u1ee9c c\u1ee7a v\u0103n b\u1ea3n \u0111\u00f3.<\/p>\n<p>3. Quy tr\u00ecnh, h\u1ec7 th\u1ed1ng, ph\u01b0\u01a1ng ph\u00e1p ho\u1ea1t \u0111\u1ed9ng, kh\u00e1i ni\u1ec7m, nguy\u00ean l\u00fd, s\u1ed1 li\u1ec7u.\u00a0<\/p>\n\n\t\t<\/div>\n\t<\/div>\n\t\n\t<div id=\"accordion-3785007928\" class=\"accordion-item\">\n\t\t<a id=\"accordion-3785007928-label\" class=\"accordion-title plain\" href=\"#accordion-item-n\u1ed8i-dung-quy\u1ec0n-t\u00c1c-gi\u1ea2\" aria-expanded=\"false\" aria-controls=\"accordion-3785007928-content\" >\n\t\t\t<button class=\"toggle\" aria-label=\"Chuy\u1ec3n \u0111\u1ed5i\"><i class=\"icon-angle-down\"><\/i><\/button>\n\t\t\t<span>N\u1ed8I DUNG QUY\u1ec0N T\u00c1C GI\u1ea2<\/span>\n\t\t<\/a>\n\t\t<div id=\"accordion-3785007928-content\" class=\"accordion-inner\" aria-labelledby=\"accordion-3785007928-label\" >\n\t\t\t\n\n<p><strong>Quy\u1ec1n t\u00e1c gi\u1ea3 \u0111\u1ed1i v\u1edbi t\u00e1c ph\u1ea9m quy \u0111\u1ecbnh t\u1ea1i Lu\u1eadt n\u00e0y bao g\u1ed3m quy\u1ec1n nh\u00e2n th\u00e2n v\u00e0 quy\u1ec1n t\u00e0i s\u1ea3n.<\/strong><\/p>\n<p><strong>Quy\u1ec1n nh\u00e2n th\u00e2n<\/strong><\/p>\n<p>Quy\u1ec1n nh\u00e2n th\u00e2n bao g\u1ed3m:<\/p>\n<p>1. \u0110\u1eb7t t\u00ean cho t\u00e1c ph\u1ea9m.<\/p>\n<p>T\u00e1c gi\u1ea3 c\u00f3 quy\u1ec1n chuy\u1ec3n quy\u1ec1n s\u1eed d\u1ee5ng quy\u1ec1n \u0111\u1eb7t t\u00ean t\u00e1c ph\u1ea9m cho t\u1ed5 ch\u1ee9c, c\u00e1 nh\u00e2n nh\u1eadn chuy\u1ec3n giao quy\u1ec1n t\u00e0i s\u1ea3n quy \u0111\u1ecbnh t\u1ea1i kho\u1ea3n 1 \u0110i\u1ec1u 20 c\u1ee7a Lu\u1eadt n\u00e0y;<\/p>\n<p>2. \u0110\u1ee9ng t\u00ean th\u1eadt ho\u1eb7c b\u00fat danh tr\u00ean t\u00e1c ph\u1ea9m; \u0111\u01b0\u1ee3c n\u00eau t\u00ean th\u1eadt ho\u1eb7c b\u00fat danh khi t\u00e1c ph\u1ea9m \u0111\u01b0\u1ee3c c\u00f4ng b\u1ed1, s\u1eed d\u1ee5ng;<\/p>\n<p>3. C\u00f4ng b\u1ed1 t\u00e1c ph\u1ea9m ho\u1eb7c cho ph\u00e9p ng\u01b0\u1eddi kh\u00e1c c\u00f4ng b\u1ed1 t\u00e1c ph\u1ea9m;<\/p>\n<p>4. B\u1ea3o v\u1ec7 s\u1ef1 to\u00e0n v\u1eb9n c\u1ee7a t\u00e1c ph\u1ea9m kh\u00f4ng cho ng\u01b0\u1eddi kh\u00e1c xuy\u00ean t\u1ea1c; kh\u00f4ng cho ng\u01b0\u1eddi kh\u00e1c s\u1eeda \u0111\u1ed5i, c\u1eaft x\u00e9n t\u00e1c ph\u1ea9m d\u01b0\u1edbi b\u1ea5t k\u1ef3 h\u00ecnh th\u1ee9c n\u00e0o g\u00e2y ph\u01b0\u01a1ng h\u1ea1i \u0111\u1ebfn danh d\u1ef1 v\u00e0 uy t\u00edn c\u1ee7a t\u00e1c gi\u1ea3.<\/p>\n<p><strong>Quy\u1ec1n t\u00e0i s\u1ea3n<\/strong><\/p>\n<p>1. Quy\u1ec1n t\u00e0i s\u1ea3n bao g\u1ed3m:<\/p>\n<p>a) L\u00e0m t\u00e1c ph\u1ea9m ph\u00e1i sinh;<\/p>\n<p>b) Bi\u1ec3u di\u1ec5n t\u00e1c ph\u1ea9m tr\u01b0\u1edbc c\u00f4ng ch\u00fang tr\u1ef1c ti\u1ebfp ho\u1eb7c gi\u00e1n ti\u1ebfp th\u00f4ng qua c\u00e1c b\u1ea3n ghi \u00e2m, ghi h\u00ecnh ho\u1eb7c b\u1ea5t k\u1ef3 ph\u01b0\u01a1ng ti\u1ec7n k\u1ef9 thu\u1eadt n\u00e0o t\u1ea1i \u0111\u1ecba \u0111i\u1ec3m m\u00e0 c\u00f4ng ch\u00fang c\u00f3 th\u1ec3 ti\u1ebfp c\u1eadn \u0111\u01b0\u1ee3c nh\u01b0ng c\u00f4ng ch\u00fang kh\u00f4ng th\u1ec3 t\u1ef1 do l\u1ef1a ch\u1ecdn th\u1eddi gian v\u00e0 t\u1eebng ph\u1ea7n t\u00e1c ph\u1ea9m;<\/p>\n<p>c) Sao ch\u00e9p tr\u1ef1c ti\u1ebfp ho\u1eb7c gi\u00e1n ti\u1ebfp to\u00e0n b\u1ed9 ho\u1eb7c m\u1ed9t ph\u1ea7n t\u00e1c ph\u1ea9m b\u1eb1ng b\u1ea5t k\u1ef3 ph\u01b0\u01a1ng ti\u1ec7n hay h\u00ecnh th\u1ee9c n\u00e0o, tr\u1eeb tr\u01b0\u1eddng h\u1ee3p quy \u0111\u1ecbnh t\u1ea1i \u0111i\u1ec3m a kho\u1ea3n 3 \u0110i\u1ec1u n\u00e0y;<\/p>\n<p>d) Ph\u00e2n ph\u1ed1i, nh\u1eadp kh\u1ea9u \u0111\u1ec3 ph\u00e2n ph\u1ed1i \u0111\u1ebfn c\u00f4ng ch\u00fang th\u00f4ng qua b\u00e1n ho\u1eb7c h\u00ecnh th\u1ee9c chuy\u1ec3n giao quy\u1ec1n s\u1edf h\u1eefu kh\u00e1c \u0111\u1ed1i v\u1edbi b\u1ea3n g\u1ed1c, b\u1ea3n sao t\u00e1c ph\u1ea9m d\u01b0\u1edbi d\u1ea1ng h\u1eefu h\u00ecnh, tr\u1eeb tr\u01b0\u1eddng h\u1ee3p quy \u0111\u1ecbnh t\u1ea1i \u0111i\u1ec3m b kho\u1ea3n 3 \u0110i\u1ec1u n\u00e0y;<\/p>\n<p>\u0111) Ph\u00e1t s\u00f3ng, truy\u1ec1n \u0111\u1ea1t \u0111\u1ebfn c\u00f4ng ch\u00fang t\u00e1c ph\u1ea9m b\u1eb1ng ph\u01b0\u01a1ng ti\u1ec7n h\u1eefu tuy\u1ebfn, v\u00f4 tuy\u1ebfn, m\u1ea1ng th\u00f4ng tin \u0111i\u1ec7n t\u1eed ho\u1eb7c b\u1ea5t k\u1ef3 ph\u01b0\u01a1ng ti\u1ec7n k\u1ef9 thu\u1eadt n\u00e0o kh\u00e1c, bao g\u1ed3m c\u1ea3 vi\u1ec7c cung c\u1ea5p t\u00e1c ph\u1ea9m \u0111\u1ebfn c\u00f4ng ch\u00fang theo c\u00e1ch m\u00e0 c\u00f4ng ch\u00fang c\u00f3 th\u1ec3 ti\u1ebfp c\u1eadn \u0111\u01b0\u1ee3c t\u1ea1i \u0111\u1ecba \u0111i\u1ec3m v\u00e0 th\u1eddi gian do h\u1ecd l\u1ef1a ch\u1ecdn;<\/p>\n<p>e) Cho thu\u00ea b\u1ea3n g\u1ed1c ho\u1eb7c b\u1ea3n sao t\u00e1c ph\u1ea9m \u0111i\u1ec7n \u1ea3nh, ch\u01b0\u01a1ng tr\u00ecnh m\u00e1y t\u00ednh, tr\u1eeb tr\u01b0\u1eddng h\u1ee3p ch\u01b0\u01a1ng tr\u00ecnh m\u00e1y t\u00ednh \u0111\u00f3 kh\u00f4ng ph\u1ea3i l\u00e0 \u0111\u1ed1i t\u01b0\u1ee3ng ch\u00ednh c\u1ee7a vi\u1ec7c cho thu\u00ea.<\/p>\n\n\t\t<\/div>\n\t<\/div>\n\t\n\t<div id=\"accordion-302430128\" class=\"accordion-item\">\n\t\t<a id=\"accordion-302430128-label\" class=\"accordion-title plain\" href=\"#accordion-item-th\u1ee6-t\u1ee4c-\u0110\u0102ng-k\u00dd\" aria-expanded=\"false\" aria-controls=\"accordion-302430128-content\" >\n\t\t\t<button class=\"toggle\" aria-label=\"Chuy\u1ec3n \u0111\u1ed5i\"><i class=\"icon-angle-down\"><\/i><\/button>\n\t\t\t<span>TH\u1ee6 T\u1ee4C \u0110\u0102NG K\u00dd<\/span>\n\t\t<\/a>\n\t\t<div id=\"accordion-302430128-content\" class=\"accordion-inner\" aria-labelledby=\"accordion-302430128-label\" >\n\t\t\t\n\n<p><strong>Ca\u0301c ta\u0300i li\u00ea\u0323u c\u00e2\u0300n chu\u00e2\u0309n bi\u0323:<\/strong><\/p>\n<ol>\n<li>T\u01a1\u0300 khai \u0111\u0103ng ky\u0301 (01 ba\u0309n)<\/li>\n<li>Ba\u0309n sao ta\u0301c ph\u00e2\u0309m ho\u0103\u0323c ba\u0309n \u0111i\u0323nh hi\u0300nh \u0111\u00f4\u0301i v\u01a1\u0301i quy\u00ea\u0300n li\u00ean quan (02 ba\u0309n)<\/li>\n<li>Gi\u00e2\u0301y u\u0309y quy\u00ea\u0300n (n\u00ea\u0301u u\u0309y quy\u00ea\u0300n cho ng\u01b0\u01a1\u0300i kha\u0301c n\u00f4\u0323p \u0111\u01a1n)<\/li>\n<li>Ta\u0300i li\u00ea\u0323u ch\u01b0\u0301ng minh quy\u00ea\u0300n n\u00f4\u0323p \u0111\u01a1n, c\u0103n c\u01b0\u0301 xa\u0301c l\u00e2\u0323p quy\u00ea\u0300n<\/li>\n<li>V\u0103n ba\u0309n \u0111\u00f4\u0300ng y\u0301 cu\u0309a ca\u0301c \u0111\u00f4\u0300ng ta\u0301c gia\u0309 (n\u00ea\u0301u co\u0301)<\/li>\n<li>V\u0103n b\u0103\u0300ng \u0111\u00f4\u0300ng y\u0301 cu\u0309a ca\u0301c \u0111\u00f4\u0300ng chu\u0309 s\u01a1\u0309 h\u01b0\u0303u (n\u00ea\u0301u thu\u00f4\u0323c s\u01a1\u0309 h\u01b0\u0303u chung)<\/li>\n<li>Ba\u0309n sao \u0110\u0103ng ky\u0301 kinh doanh\/CMT cu\u0309a chu\u0309 s\u01a1\u0309 h\u01b0\u0303u ho\u0103\u0323c ca\u0301c ta\u0301c gia\u0309.<\/li>\n<\/ol>\n\n\t\t<\/div>\n\t<\/div>\n\t\n\t<div id=\"accordion-3604222319\" class=\"accordion-item\">\n\t\t<a id=\"accordion-3604222319-label\" class=\"accordion-title plain\" href=\"#accordion-item-chi-ph\u00cd-\u0110\u0102ng-k\u00dd\" aria-expanded=\"false\" aria-controls=\"accordion-3604222319-content\" >\n\t\t\t<button class=\"toggle\" aria-label=\"Chuy\u1ec3n \u0111\u1ed5i\"><i class=\"icon-angle-down\"><\/i><\/button>\n\t\t\t<span>CHI PH\u00cd \u0110\u0102NG K\u00dd<\/span>\n\t\t<\/a>\n\t\t<div id=\"accordion-3604222319-content\" class=\"accordion-inner\" aria-labelledby=\"accordion-3604222319-label\" >\n\t\t\t\n\n<p>L\u00ea\u0323 phi\u0301 nha\u0300 n\u01b0\u01a1\u0301c: tu\u0300y thu\u00f4\u0323c va\u0300o t\u01b0\u0300ng loa\u0323i hi\u0300nh \u0111\u0103ng ky\u0301, dao \u0111\u00f4\u0323ng t\u01b0\u0300 100.000\/ 1 ta\u0301c ph\u00e2\u0309m va\u0300 cao nh\u00e2\u0301t la\u0300 600.000\/1 ta\u0301c ph\u00e2\u0309m.<\/p>\n\n\t\t<\/div>\n\t<\/div>\n\t\n\n<\/div>\n\n\t\t<\/div>\n\n\t\t\n<style>\n#section_46464465 {\n  padding-top: 30px;\n  padding-bottom: 30px;\n}\n<\/style>\n\t<\/section>\n\t\n\n\t\t<\/div>\n\t\t\t\t\t<\/div>\n\n\t\n\n\t<div id=\"col-197659982\" class=\"col medium-3 small-12 large-3\"  >\n\t\t\t\t<div class=\"col-inner\"  >\n\t\t\t\n\t\t\t\n\n\n\n<div class=\"row row-for-service\">\n            <div class=\"col col-sub-menu col-sub-menu-ver\" style=\"flex: 0 0 100%; max-width: 100%;\">\n                <a href=\"http:\/\/store1.k-tech-services.com\/phapluat1\/dich-vu\/ban-quyen-tac-gia\/\" style=\"display: flex; align-items: center; text-decoration: none;\">\n                    <div class=\"icon-box-avs\" style=\"display: flex; align-items: center;\">\n                        <img decoding=\"async\" src=\"http:\/\/store1.k-tech-services.com\/phapluat1\/wp-content\/uploads\/2024\/12\/copyright-150x150.png\" width=\"41\" alt=\"Image description\" style=\"margin-right: 10px;\">\n                        <div class=\"ux-text\" style=\"color: rgb(0,0,0);\">\n                            <p class=\"m-0 p-0\"> B\u1ea3n quy\u1ec1n t\u00e1c gi\u1ea3<\/p>\n                        <\/div>\n                    <\/div>\n                <\/a>\n            <\/div>\n        \n            <div class=\"col col-sub-menu col-sub-menu-ver\" style=\"flex: 0 0 100%; max-width: 100%;\">\n                <a href=\"http:\/\/store1.k-tech-services.com\/phapluat1\/dich-vu\/kieu-dang-cong-nghiep\/\" style=\"display: flex; align-items: center; text-decoration: none;\">\n                    <div class=\"icon-box-avs\" style=\"display: flex; align-items: center;\">\n                        <img decoding=\"async\" src=\"http:\/\/store1.k-tech-services.com\/phapluat1\/wp-content\/uploads\/2024\/12\/design-150x150.png\" width=\"41\" alt=\"Image description\" style=\"margin-right: 10px;\">\n                        <div class=\"ux-text\" style=\"color: rgb(0,0,0);\">\n                            <p class=\"m-0 p-0\"> Ki\u1ec3u d\u00e1ng c\u00f4ng nghi\u1ec7p<\/p>\n                        <\/div>\n                    <\/div>\n                <\/a>\n            <\/div>\n        \n            <div class=\"col col-sub-menu col-sub-menu-ver\" style=\"flex: 0 0 100%; max-width: 100%;\">\n                <a href=\"http:\/\/store1.k-tech-services.com\/phapluat1\/dich-vu\/nhan-hieu\/\" style=\"display: flex; align-items: center; text-decoration: none;\">\n                    <div class=\"icon-box-avs\" style=\"display: flex; align-items: center;\">\n                        <img decoding=\"async\" src=\"http:\/\/store1.k-tech-services.com\/phapluat1\/wp-content\/uploads\/2024\/12\/trademark-150x150.png\" width=\"41\" alt=\"Image description\" style=\"margin-right: 10px;\">\n                        <div class=\"ux-text\" style=\"color: rgb(0,0,0);\">\n                            <p class=\"m-0 p-0\"> Nh\u00e3n hi\u1ec7u<\/p>\n                        <\/div>\n                    <\/div>\n                <\/a>\n            <\/div>\n        \n            <div class=\"col col-sub-menu col-sub-menu-ver\" style=\"flex: 0 0 100%; max-width: 100%;\">\n                <a href=\"http:\/\/store1.k-tech-services.com\/phapluat1\/dich-vu\/sang-che-giai-phap-huu-ich\/\" style=\"display: flex; align-items: center; text-decoration: none;\">\n                    <div class=\"icon-box-avs\" style=\"display: flex; align-items: center;\">\n                        <img decoding=\"async\" src=\"http:\/\/store1.k-tech-services.com\/phapluat1\/wp-content\/uploads\/2024\/12\/patent-150x150.png\" width=\"41\" alt=\"Image description\" style=\"margin-right: 10px;\">\n                        <div class=\"ux-text\" style=\"color: rgb(0,0,0);\">\n                            <p class=\"m-0 p-0\"> S\u00e1ng ch\u1ebf\/Gi\u1ea3i ph\u00e1p h\u1eefu \u00edch<\/p>\n                        <\/div>\n                    <\/div>\n                <\/a>\n            <\/div>\n        \n            <div class=\"col col-sub-menu col-sub-menu-ver\" style=\"flex: 0 0 100%; max-width: 100%;\">\n                <a href=\"http:\/\/store1.k-tech-services.com\/phapluat1\/dich-vu\/duy-tri-gia-han\/\" style=\"display: flex; align-items: center; text-decoration: none;\">\n                    <div class=\"icon-box-avs\" style=\"display: flex; align-items: center;\">\n                        <img decoding=\"async\" src=\"http:\/\/store1.k-tech-services.com\/phapluat1\/wp-content\/uploads\/2024\/12\/lawsuit-150x150.png\" width=\"41\" alt=\"Image description\" style=\"margin-right: 10px;\">\n                        <div class=\"ux-text\" style=\"color: rgb(0,0,0);\">\n                            <p class=\"m-0 p-0\"> Th\u1ee7 t\u1ee5c kh\u00e1c<\/p>\n                        <\/div>\n                    <\/div>\n                <\/a>\n            <\/div>\n        \n            <div class=\"col col-sub-menu col-sub-menu-ver\" style=\"flex: 0 0 100%; max-width: 100%;\">\n                <a href=\"http:\/\/store1.k-tech-services.com\/phapluat1\/dich-vu\/xu-ly-xam-pham\/\" style=\"display: flex; align-items: center; text-decoration: none;\">\n                    <div class=\"icon-box-avs\" style=\"display: flex; align-items: center;\">\n                        <img decoding=\"async\" src=\"http:\/\/store1.k-tech-services.com\/phapluat1\/wp-content\/uploads\/2024\/12\/infringement-150x150.png\" width=\"41\" alt=\"Image description\" style=\"margin-right: 10px;\">\n                        <div class=\"ux-text\" style=\"color: rgb(0,0,0);\">\n                            <p class=\"m-0 p-0\"> X\u1eed l\u00fd x\u00e2m ph\u1ea1m<\/p>\n                        <\/div>\n                    <\/div>\n                <\/a>\n            <\/div>\n        <\/div>\n\n\n\t\t<\/div>\n\t\t\t\t\t<\/div>\n\n\t\n\n<\/div>\n\n","protected":false},"excerpt":{"rendered":"","protected":false},"author":1,"featured_media":404,"parent":11,"menu_order":0,"comment_status":"closed","ping_status":"closed","template":"page-blank.php","meta":{"footnotes":""},"class_list":["post-88","page","type-page","status-publish","has-post-thumbnail","hentry"],"_links":{"self":[{"href":"http:\/\/store1.k-tech-services.com\/phapluat1\/wp-json\/wp\/v2\/pages\/88","targetHints":{"allow":["GET"]}}],"collection":[{"href":"http:\/\/store1.k-tech-services.com\/phapluat1\/wp-json\/wp\/v2\/pages"}],"about":[{"href":"http:\/\/store1.k-tech-services.com\/phapluat1\/wp-json\/wp\/v2\/types\/page"}],"author":[{"embeddable":true,"href":"http:\/\/store1.k-tech-services.com\/phapluat1\/wp-json\/wp\/v2\/users\/1"}],"replies":[{"embeddable":true,"href":"http:\/\/store1.k-tech-services.com\/phapluat1\/wp-json\/wp\/v2\/comments?post=88"}],"version-history":[{"count":10,"href":"http:\/\/store1.k-tech-services.com\/phapluat1\/wp-json\/wp\/v2\/pages\/88\/revisions"}],"predecessor-version":[{"id":403,"href":"http:\/\/store1.k-tech-services.com\/phapluat1\/wp-json\/wp\/v2\/pages\/88\/revisions\/403"}],"up":[{"embeddable":true,"href":"http:\/\/store1.k-tech-services.com\/phapluat1\/wp-json\/wp\/v2\/pages\/11"}],"wp:featuredmedia":[{"embeddable":true,"href":"http:\/\/store1.k-tech-services.com\/phapluat1\/wp-json\/wp\/v2\/media\/404"}],"wp:attachment":[{"href":"http:\/\/store1.k-tech-services.com\/phapluat1\/wp-json\/wp\/v2\/media?parent=88"}],"curies":[{"name":"wp","href":"https:\/\/api.w.org\/{rel}","templated":true}]}}