{"id":86,"date":"2024-12-10T03:14:38","date_gmt":"2024-12-10T03:14:38","guid":{"rendered":"http:\/\/localhost\/law-legal\/?page_id=86"},"modified":"2024-12-31T13:16:50","modified_gmt":"2024-12-31T06:16:50","slug":"kieu-dang-cong-nghiep","status":"publish","type":"page","link":"http:\/\/store1.k-tech-services.com\/phapluat1\/dich-vu\/kieu-dang-cong-nghiep\/","title":{"rendered":"Ki\u1ec3u d\u00e1ng c\u00f4ng nghi\u1ec7p"},"content":{"rendered":"\n\n\n\n<div class=\"row\"  id=\"row-403525882\">\n\n\n\t<div id=\"col-988525222\" class=\"col medium-9 small-12 large-9\"  >\n\t\t\t\t<div class=\"col-inner\"  >\n\t\t\t\n\t\t\t\n\n\n\t<section class=\"section s-test\" id=\"section_65738659\">\n\t\t<div class=\"section-bg fill\" >\n\t\t\t\t\t\t\t\t\t\n\t\t\t\n\n\t\t<\/div>\n\n\t\t\n\n\t\t<div class=\"section-content relative\">\n\t\t\t\n\n<nav class=\"breadcrumbs\"><a href=\"http:\/\/store1.k-tech-services.com\/phapluat1\">Trang ch\u1ee7<\/a> \/ <\/nav>\n<div class=\"container section-title-container\" ><h2 class=\"section-title section-title-normal\"><b><\/b><span class=\"section-title-main\" style=\"color:rgb(195, 107, 0);\">KI\u1ec2U D\u00c1NG C\u00d4NG NGHI\u1ec6P<\/span><b><\/b><\/h2><\/div>\n\n<div class=\"accordion according-in-page\">\n\n\t<div id=\"accordion-2018942238\" class=\"accordion-item\">\n\t\t<a id=\"accordion-2018942238-label\" class=\"accordion-title plain\" href=\"#accordion-item-kh\u00c1i-ni\u1ec6m\" aria-expanded=\"false\" aria-controls=\"accordion-2018942238-content\" >\n\t\t\t<button class=\"toggle\" aria-label=\"Chuy\u1ec3n \u0111\u1ed5i\"><i class=\"icon-angle-down\"><\/i><\/button>\n\t\t\t<span>KH\u00c1I NI\u1ec6M<\/span>\n\t\t<\/a>\n\t\t<div id=\"accordion-2018942238-content\" class=\"accordion-inner\" aria-labelledby=\"accordion-2018942238-label\" >\n\t\t\t\n\n<p>Ki\u1ec3u d\u00e1ng c\u00f4ng nghi\u1ec7p l\u00e0 h\u00ecnh d\u00e1ng b\u00ean ngo\u00e0i c\u1ee7a s\u1ea3n ph\u1ea9m ho\u1eb7c b\u1ed9 ph\u1eadn \u0111\u1ec3 l\u1eafp r\u00e1p th\u00e0nh s\u1ea3n ph\u1ea9m ph\u1ee9c h\u1ee3p, \u0111\u01b0\u1ee3c th\u1ec3 hi\u1ec7n b\u1eb1ng h\u00ecnh kh\u1ed1i, \u0111\u01b0\u1eddng n\u00e9t, m\u00e0u s\u1eafc ho\u1eb7c s\u1ef1 k\u1ebft h\u1ee3p nh\u1eefng y\u1ebfu t\u1ed1 n\u00e0y v\u00e0 nh\u00ecn th\u1ea5y \u0111\u01b0\u1ee3c trong qu\u00e1 tr\u00ecnh khai th\u00e1c c\u00f4ng d\u1ee5ng c\u1ee7a s\u1ea3n ph\u1ea9m ho\u1eb7c s\u1ea3n ph\u1ea9m ph\u1ee9c h\u1ee3p.<\/p>\n<p>S\u1ea3n ph\u1ea9m \u0111\u01b0\u1ee3c hi\u1ec3u l\u00e0 \u0111\u1ed3 v\u1eadt, d\u1ee5ng c\u1ee5, thi\u1ebft b\u1ecb, ph\u01b0\u01a1ng ti\u1ec7n, \u0111\u01b0\u1ee3c s\u1ea3n xu\u1ea5t b\u1eb1ng ph\u01b0\u01a1ng ph\u00e1p c\u00f4ng nghi\u1ec7p ho\u1eb7c th\u1ee7 c\u00f4ng nghi\u1ec7p, c\u00f3 k\u1ebft c\u1ea5u v\u00e0 ch\u1ee9c n\u0103ng r\u00f5 r\u00e0ng; b\u1ed9 ph\u1eadn \u0111\u1ec3 l\u1eafp r\u00e1p th\u00e0nh s\u1ea3n ph\u1ea9m ph\u1ee9c h\u1ee3p l\u00e0 b\u1ed9 ph\u1eadn c\u00f3 kh\u1ea3 n\u0103ng l\u01b0u th\u00f4ng \u0111\u1ed9c l\u1eadp, c\u00f3 th\u1ec3 th\u00e1o r\u1eddi kh\u1ecfi s\u1ea3n ph\u1ea9m ph\u1ee9c h\u1ee3p; s\u1ea3n ph\u1ea9m ph\u1ee9c h\u1ee3p l\u00e0 s\u1ea3n ph\u1ea9m \u0111\u01b0\u1ee3c t\u1ea1o th\u00e0nh b\u1edfi nhi\u1ec1u b\u1ed9 ph\u1eadn c\u00f3 th\u1ec3 thay th\u1ebf \u0111\u01b0\u1ee3c, c\u00f3 th\u1ec3 th\u00e1o ra v\u00e0 l\u1eafp l\u1ea1i \u0111\u01b0\u1ee3c. S\u1ea3n ph\u1ea9m v\u00e0 b\u1ed9 ph\u1eadn \u0111\u1ec3 l\u1eafp r\u00e1p, h\u1ee3p th\u00e0nh s\u1ea3n ph\u1ea9m ph\u1ee9c h\u1ee3p d\u01b0\u1edbi \u0111\u00e2y \u0111\u01b0\u1ee3c g\u1ecdi chung l\u00e0 s\u1ea3n ph\u1ea9m tr\u1eeb nh\u1eefng quy \u0111\u1ecbnh ri\u00eang.<\/p>\n\n\t\t<\/div>\n\t<\/div>\n\t\n\t<div id=\"accordion-2326028888\" class=\"accordion-item\">\n\t\t<a id=\"accordion-2326028888-label\" class=\"accordion-title plain\" href=\"#accordion-item-th\u1ee6-t\u1ee4c-\u0110\u0102ng-k\u00dd\" aria-expanded=\"false\" aria-controls=\"accordion-2326028888-content\" >\n\t\t\t<button class=\"toggle\" aria-label=\"Chuy\u1ec3n \u0111\u1ed5i\"><i class=\"icon-angle-down\"><\/i><\/button>\n\t\t\t<span>TH\u1ee6 T\u1ee4C \u0110\u0102NG K\u00dd<\/span>\n\t\t<\/a>\n\t\t<div id=\"accordion-2326028888-content\" class=\"accordion-inner\" aria-labelledby=\"accordion-2326028888-label\" >\n\t\t\t\n\n<p><strong>1. T\u00e0i li\u1ec7u t\u1ed1i thi\u1ec3u<\/strong><\/p>\n<p>&#8211; <a href=\"https:\/\/dongnghialaw.com\/wp-content\/uploads\/2024\/12\/PL1.7.-To-khai-kieu-dang-cong-nghiep.docx\">T\u1edd khai \u0111\u0103ng k\u00fd ki\u1ec3u d\u00e1ng c\u00f4ng nghi\u1ec7p, \u0111\u00e1nh m\u00e1y theo m\u1eabu s\u1ed1 07 Ph\u1ee5 l\u1ee5c I c\u1ee7a Ngh\u1ecb \u0111\u1ecbnh 65\/2023\/N\u0110-CP.<\/a><\/p>\n<p>&#8211; 01 B\u1ea3n m\u00f4 t\u1ea3 ki\u1ec3u d\u00e1ng c\u00f4ng nghi\u1ec7p; [B\u1ea3n m\u00f4 t\u1ea3 ki\u1ec3u d\u00e1ng c\u00f4ng nghi\u1ec7p ph\u1ea3i \u0111\u00e1p \u1ee9ng quy \u0111\u1ecbnh t\u1ea1i Ph\u1ee5 l\u1ee5c I c\u1ee7a Ngh\u1ecb \u0111\u1ecbnh s\u1ed1 65\/2023\/N\u0110-CP, b\u1ea3n ki\u1ec3u d\u00e1ng c\u00f4ng nghi\u1ec7p ph\u1ea3i bao g\u1ed3m c\u00e1c n\u1ed9i dung sau:<\/p>\n<p>+ T\u00ean ki\u1ec3u d\u00e1ng c\u00f4ng nghi\u1ec7p;<\/p>\n<p>+ L\u0129nh v\u1ef1c s\u1eed d\u1ee5ng ki\u1ec3u d\u00e1ng c\u00f4ng nghi\u1ec7p;<\/p>\n<p>+ Ki\u1ec3u d\u00e1ng c\u00f4ng nghi\u1ec7p t\u01b0\u01a1ng t\u1ef1 g\u1ea7n nh\u1ea5t;<\/p>\n<p>+ Li\u1ec7t k\u00ea \u1ea3nh ch\u1ee5p ho\u1eb7c b\u1ea3n v\u1ebd;<\/p>\n<p>+ Ph\u1ea7n m\u00f4 t\u1ea3 chi ti\u1ebft ki\u1ec3u d\u00e1ng c\u00f4ng nghi\u1ec7p;<\/p>\n<p>+ Y\u00eau c\u1ea7u b\u1ea3o h\u1ed9 ki\u1ec3u d\u00e1ng c\u00f4ng nghi\u1ec7p].<\/p>\n<p>&#8211; 04 B\u1ed9 \u1ea3nh ch\u1ee5p\/b\u1ea3n v\u1ebd ki\u1ec3u d\u00e1ng c\u00f4ng nghi\u1ec7p.<\/p>\n<p>&#8211; Ch\u1ee9ng t\u1eeb n\u1ed9p ph\u00ed, l\u1ec7 ph\u00ed.<\/p>\n<p><strong>2. C\u00e1c t\u00e0i li\u1ec7u kh\u00e1c (n\u1ebfu c\u00f3)<\/strong><\/p>\n<p>&#8211; Gi\u1ea5y \u1ee7y quy\u1ec1n (n\u1ebfu \u0111\u01a1n \u0111\u0103ng k\u00fd ki\u1ec3u d\u00e1ng c\u00f4ng nghi\u1ec7p \u0111\u01b0\u1ee3c n\u1ed9p th\u00f4ng qua t\u1ed5 ch\u1ee9c d\u1ecbch v\u1ee5 \u0111\u1ea1i di\u1ec7n s\u1edf h\u1eefu c\u00f4ng nghi\u1ec7p);<\/p>\n<p>&#8211; T\u00e0i li\u1ec7u ch\u1ee9ng minh quy\u1ec1n \u0111\u0103ng k\u00fd (n\u1ebfu th\u1ee5 h\u01b0\u1edfng t\u1eeb ng\u01b0\u1eddi kh\u00e1c). V\u00ed d\u1ee5: Gi\u1ea5y chuy\u1ec3n nh\u01b0\u1ee3ng quy\u1ec1n n\u1ed9p \u0111\u01a1n\u2026 (n\u1ebfu c\u00f3);<\/p>\n<p>&#8211; T\u00e0i li\u1ec7u ch\u1ee9ng minh quy\u1ec1n \u01b0u ti\u00ean (n\u1ebfu \u0111\u01a1n \u0111\u0103ng k\u00fd ki\u1ec3u d\u00e1ng c\u00f4ng nghi\u1ec7p c\u00f3 y\u00eau c\u1ea7u h\u01b0\u1edfng quy\u1ec1n \u01b0u ti\u00ean).<\/p>\n\n\t\t<\/div>\n\t<\/div>\n\t\n\t<div id=\"accordion-4040096033\" class=\"accordion-item\">\n\t\t<a id=\"accordion-4040096033-label\" class=\"accordion-title plain\" href=\"#accordion-item-th\u1edci-h\u1ea0n-x\u1eec-l\u00dd-\u0110\u01a0n\" aria-expanded=\"false\" aria-controls=\"accordion-4040096033-content\" >\n\t\t\t<button class=\"toggle\" aria-label=\"Chuy\u1ec3n \u0111\u1ed5i\"><i class=\"icon-angle-down\"><\/i><\/button>\n\t\t\t<span>TH\u1edcI H\u1ea0N X\u1eec L\u00dd \u0110\u01a0N<\/span>\n\t\t<\/a>\n\t\t<div id=\"accordion-4040096033-content\" class=\"accordion-inner\" aria-labelledby=\"accordion-4040096033-label\" >\n\t\t\t\n\n<p><strong>Th\u1eddi h\u1ea1n x\u1eed l\u00fd \u0111\u01a1n \u0111\u0103ng k\u00fd ki\u1ec3u d\u00e1ng c\u00f4ng nghi\u1ec7p<\/strong><\/p>\n<p>K\u1ec3 t\u1eeb ng\u00e0y \u0111\u01b0\u1ee3c C\u1ee5c S\u1edf h\u1eefu tr\u00ed tu\u1ec7 ti\u1ebfp nh\u1eadn, \u0111\u01a1n \u0111\u0103ng k\u00fd ki\u1ec3u d\u00e1ng c\u00f4ng nghi\u1ec7p \u0111\u01b0\u1ee3c xem x\u00e9t theo tr\u00ecnh t\u1ef1 sau:<\/p>\n<p>&#8211; Th\u1ea9m \u0111\u1ecbnh h\u00ecnh th\u1ee9c: 01 th\u00e1ng<\/p>\n<p>&#8211; C\u00f4ng b\u1ed1 \u0111\u01a1n: trong th\u1eddi h\u1ea1n 02 th\u00e1ng k\u1ec3 t\u1eeb ng\u00e0y \u0111\u01a1n \u0111\u0103ng k\u00fd ki\u1ec3u d\u00e1ng c\u00f4ng nghi\u1ec7p c\u00f3 Quy\u1ebft \u0111\u1ecbnh ch\u1ea5p nh\u1eadn \u0111\u01a1n h\u1ee3p l\u1ec7<\/p>\n<p>&#8211; Th\u1ea9m \u0111\u1ecbnh n\u1ed9i dung: kh\u00f4ng qu\u00e1 07 th\u00e1ng, k\u1ec3 t\u1eeb ng\u00e0y c\u00f4ng b\u1ed1 \u0111\u01a1n.<\/p>\n<p>Tuy nhi\u00ean tr\u00ean th\u1ef1c t\u1ebf th\u1eddi h\u1ea1n \u0111\u1ec3 ra k\u1ebft qu\u1ea3 cu\u1ed1i c\u00f9ng c\u00f3 th\u1ec3 k\u00e9o d\u00e0i t\u1eeb 14-16 th\u00e1ng<\/p>\n\n\t\t<\/div>\n\t<\/div>\n\t\n\t<div id=\"accordion-340197482\" class=\"accordion-item\">\n\t\t<a id=\"accordion-340197482-label\" class=\"accordion-title plain\" href=\"#accordion-item-chi-ph\u00cd-\u0110\u0102ng-k\u00dd\" aria-expanded=\"false\" aria-controls=\"accordion-340197482-content\" >\n\t\t\t<button class=\"toggle\" aria-label=\"Chuy\u1ec3n \u0111\u1ed5i\"><i class=\"icon-angle-down\"><\/i><\/button>\n\t\t\t<span>CHI PH\u00cd \u0110\u0102NG K\u00dd<\/span>\n\t\t<\/a>\n\t\t<div id=\"accordion-340197482-content\" class=\"accordion-inner\" aria-labelledby=\"accordion-340197482-label\" >\n\t\t\t\n\n<p><strong>Ph\u00ed, l\u1ec7 ph\u00ed \u0111\u0103ng k\u00fd ki\u1ec3u d\u00e1ng c\u00f4ng nghi\u1ec7p<\/strong><\/p>\n<p>&#8211; L\u1ec7 ph\u00ed n\u1ed9p \u0111\u01a1n: 150.000VN\u0110;<\/p>\n<p>&#8211; Ph\u00ed ph\u00e2n lo\u1ea1i ki\u1ec3u d\u00e1ng c\u00f4ng nghi\u1ec7p: 100.000\/01 ph\u00e2n lo\u1ea1i;<\/p>\n<p>&#8211; Ph\u00ed th\u1ea9m \u0111\u1ecbnh \u0111\u01a1n: 700.000VN\u0110\/01 \u0111\u1ed1i t\u01b0\u1ee3ng;<\/p>\n<p>&#8211; Ph\u00ed c\u00f4ng b\u1ed1 \u0111\u01a1n: 120.000VN\u0110;<\/p>\n<p>&#8211; Ph\u00ed c\u00f4ng b\u1ed1 t\u1eeb h\u00ecnh th\u1ee9 2 tr\u1edf \u0111i: 60.000VN\u0110\/01 h\u00ecnh;<\/p>\n<p>&#8211; Ph\u00ed tra c\u1ee9u th\u00f4ng tin nh\u1eb1m ph\u1ee5c v\u1ee5 qu\u00e1 tr\u00ecnh th\u1ea9m \u0111\u1ecbnh: 480.000VN\u0110\/01 \u0111\u1ed1i t\u01b0\u1ee3ng;<\/p>\n<p>&#8211; Ph\u00ed th\u1ea9m \u0111\u1ecbnh y\u00eau c\u1ea7u h\u01b0\u1edfng quy\u1ec1n \u01b0u ti\u00ean (n\u1ebfu c\u00f3): 600.000VN\u0110\/01 \u0111\u01a1n \u01b0u ti\u00ean.<\/p>\n<p><strong>L\u01b0u \u00fd:<\/strong> \u0110\u01a1n \u0111\u0103ng k\u00fd ki\u1ec3u d\u00e1ng c\u00f4ng nghi\u1ec7p c\u1ea7n \u0111\u01b0\u1ee3c ph\u00e2n lo\u1ea1i qu\u1ed1c t\u1ebf v\u1ec1 ki\u1ec3u d\u00e1ng c\u00f4ng nghi\u1ec7p, tr\u01b0\u1eddng h\u1ee3p Ng\u01b0\u1eddi n\u1ed9p \u0111\u01a1n kh\u00f4ng ph\u00e2n lo\u1ea1i ho\u1eb7c ph\u00e2n lo\u1ea1i kh\u00f4ng ch\u00ednh x\u00e1c th\u00ec C\u1ee5c S\u1edf h\u1eefu tr\u00ed tu\u1ec7 s\u1ebd ti\u1ebfn h\u00e0nh ph\u00e2n lo\u1ea1i v\u00e0 ng\u01b0\u1eddi n\u1ed9p \u0111\u01a1n c\u1ea7n n\u1ed9p ph\u00ed ph\u00e2n lo\u1ea1i theo quy \u0111\u1ecbnh (100.000VN\u0110\/01 ph\u00e2n lo\u1ea1i)<\/p>\n\n\t\t<\/div>\n\t<\/div>\n\t\n\t<div id=\"accordion-1553233594\" class=\"accordion-item\">\n\t\t<a id=\"accordion-1553233594-label\" class=\"accordion-title plain\" href=\"#accordion-item-tra-c\u1ee8u-th\u00d4ng-tin\" aria-expanded=\"false\" aria-controls=\"accordion-1553233594-content\" >\n\t\t\t<button class=\"toggle\" aria-label=\"Chuy\u1ec3n \u0111\u1ed5i\"><i class=\"icon-angle-down\"><\/i><\/button>\n\t\t\t<span>TRA C\u1ee8U TH\u00d4NG TIN<\/span>\n\t\t<\/a>\n\t\t<div id=\"accordion-1553233594-content\" class=\"accordion-inner\" aria-labelledby=\"accordion-1553233594-label\" >\n\t\t\t\n\n<p><strong>\u00a0M\u1ed9t s\u1ed1 trang web tra c\u1ee9u th\u00f4ng tin s\u1edf h\u1eefu c\u00f4ng nghi\u1ec7p h\u1eefu \u00edch<\/strong><\/p>\n<p><a href=\"http:\/\/wipopublish.ipvietnam.gov.vn\/wopublish-search\/public\/designs?2&amp;query=*:*\">http:\/\/wipopublish.ipvietnam.gov.vn\/wopublish-search\/public\/designs?2&amp;query=*:*<\/a><\/p>\n<p>\u0110\u00e2y l\u00e0 trang web thu\u1ed9c th\u01b0 vi\u1ec7n s\u1ed1 v\u1ec1 s\u1edf h\u1eefu c\u00f4ng nghi\u1ec7p c\u1ee7a Vi\u1ec7t Nam; t\u1ea1i trang web n\u00e0y ng\u01b0\u1eddi d\u00f9ng tin c\u00f3 th\u1ec3 t\u00ecm ki\u1ebfm th\u00f4ng tin v\u1ec1 c\u00e1c \u0111\u01a1n y\u00eau c\u1ea7u b\u1ea3o h\u1ed9 ki\u1ec3u d\u00e1ng c\u00f4ng nghi\u1ec7p \u0111\u00e3 c\u00f4ng b\u1ed1\/\u0111\u01b0\u1ee3c c\u1ea5p v\u0103n b\u1eb1ng b\u1ea3o h\u1ed9 t\u1ea1i Vi\u1ec7t Nam.<\/p>\n<p><a href=\"http:\/\/www.wipo.int\/designdb\/en\/index.jsp\">http:\/\/www.wipo.int\/designdb\/en\/index.jsp<\/a><\/p>\n<p>\u0110\u00e2y l\u00e0 trang web tra c\u1ee9u th\u00f4ng tin ki\u1ec3u d\u00e1ng c\u00f4ng nghi\u1ec7p c\u1ee7a WIPO, t\u1ea1i trang web n\u00e0y, ng\u01b0\u1eddi d\u00f9ng tin c\u00f3 th\u1ec3 tra c\u1ee9u th\u00f4ng tin c\u1ee7a h\u01a1n 2 tri\u1ec7u \u0111\u01a1n\/b\u1eb1ng \u0111\u1ed9c quy\u1ec1n ki\u1ec3u d\u00e1ng c\u00f4ng nghi\u1ec7p, trong \u0111\u00f3 c\u00f3 kho\u1ea3ng tr\u00ean 80.000 \u0111\u01a1n\/b\u1eb1ng \u0111\u1ed9c quy\u1ec1n ki\u1ec3u d\u00e1ng c\u00f4ng nghi\u1ec7p n\u1ed9p theo Th\u1ecfa \u01b0\u1edbc Lahay.<\/p>\n<p><a href=\"https:\/\/www.tmdn.org\/tmdsview-web\/welcome\">https:\/\/www.tmdn.org\/tmdsview-web\/welcome<\/a><\/p>\n<p>\u0110\u00e2y l\u00e0 trang web tra c\u1ee9u th\u00f4ng tin ki\u1ec3u d\u00e1ng c\u00f4ng nghi\u1ec7p do EUIPO cung c\u1ea5p, t\u1ea1i c\u00f4ng c\u1ee5 tra c\u1ee9u n\u00e0y, ng\u01b0\u1eddi d\u00f9ng tin c\u00f3 th\u1ec3 tra c\u1ee9u kho\u1ea3ng 10 tri\u1ec7u t\u01b0 li\u1ec7u v\u1ec1 ki\u1ec3u d\u00e1ng c\u00f4ng nghi\u1ec7p, \u0111\u01b0\u1ee3c EUIPO thu th\u1eadp t\u1eeb h\u01a1n 60 qu\u1ed1c gia\/t\u1ed5 ch\u1ee9c tr\u00ean th\u1ebf gi\u1edbi, trong \u0111\u00f3 c\u00f3 c\u00e1c qu\u1ed1c gia th\u00e0nh vi\u00ean c\u1ee7a Li\u00ean minh ch\u00e2u \u00c2u v\u00e0 c\u00e1c \u0111\u01a1n n\u1ed9p qua WIPO theo Th\u1ecfa \u01b0\u1edbc Lahay.<\/p>\n\n\t\t<\/div>\n\t<\/div>\n\t\n\t<div id=\"accordion-3030760568\" class=\"accordion-item\">\n\t\t<a id=\"accordion-3030760568-label\" class=\"accordion-title plain\" href=\"#accordion-item-b\u1ea2ng-ph\u00c2n-lo\u1ea0i\" aria-expanded=\"false\" aria-controls=\"accordion-3030760568-content\" >\n\t\t\t<button class=\"toggle\" aria-label=\"Chuy\u1ec3n \u0111\u1ed5i\"><i class=\"icon-angle-down\"><\/i><\/button>\n\t\t\t<span>B\u1ea2NG PH\u00c2N LO\u1ea0I<\/span>\n\t\t<\/a>\n\t\t<div id=\"accordion-3030760568-content\" class=\"accordion-inner\" aria-labelledby=\"accordion-3030760568-label\" >\n\t\t\t\n\n<div class=\"row\"  id=\"row-642237371\">\n\n\n\t<div id=\"col-1779556580\" class=\"col medium-3 small-12 large-3\"  >\n\t\t\t\t<div class=\"col-inner\"  >\n\t\t\t\n\t\t\t\n\n<a href=\"https:\/\/dongnghialaw.com\/wp-content\/uploads\/2024\/12\/Bang-phan-loai-quoc-te-ve-kieu-dang-cong-nghiep-theo-thoa-uoc-Locarno-phien-ban-13.pdf\" class=\"button success\"  >\n\t\t<span>T\u1ea2I FILE<\/span>\n\t<\/a>\n\n\n\n\t\t<\/div>\n\t\t\t\t\t<\/div>\n\n\t\n\n\t<div id=\"col-2108732349\" class=\"col medium-9 small-12 large-9\"  >\n\t\t\t\t<div class=\"col-inner\"  >\n\t\t\t\n\t\t\t\n\n<p><strong>B\u1ea3ng ph\u00e2n lo\u1ea1i qu\u1ed1c t\u1ebf v\u1ec1 ki\u1ec3u d\u00e1ng c\u00f4ng nghi\u1ec7p (theo Tho\u1ea3 \u01b0\u1edbc Locarno) &#8211; phi\u00ean b\u1ea3n 13<\/strong><\/p>\n\n\t\t<\/div>\n\t\t\t\t\t<\/div>\n\n\t\n\n<\/div>\n\n\t\t<\/div>\n\t<\/div>\n\t\n\n<\/div>\n\n\t\t<\/div>\n\n\t\t\n<style>\n#section_65738659 {\n  padding-top: 30px;\n  padding-bottom: 30px;\n}\n<\/style>\n\t<\/section>\n\t\n\n\t\t<\/div>\n\t\t\t\t\t<\/div>\n\n\t\n\n\t<div id=\"col-1657840182\" class=\"col medium-3 small-12 large-3\"  >\n\t\t\t\t<div class=\"col-inner\"  >\n\t\t\t\n\t\t\t\n\n\n\n<div class=\"row row-for-service\">\n            <div class=\"col col-sub-menu col-sub-menu-ver\" style=\"flex: 0 0 100%; max-width: 100%;\">\n                <a href=\"http:\/\/store1.k-tech-services.com\/phapluat1\/dich-vu\/ban-quyen-tac-gia\/\" style=\"display: flex; align-items: center; text-decoration: none;\">\n                    <div class=\"icon-box-avs\" style=\"display: flex; align-items: center;\">\n                        <img decoding=\"async\" src=\"http:\/\/store1.k-tech-services.com\/phapluat1\/wp-content\/uploads\/2024\/12\/copyright-150x150.png\" width=\"41\" alt=\"Image description\" style=\"margin-right: 10px;\">\n                        <div class=\"ux-text\" style=\"color: rgb(0,0,0);\">\n                            <p class=\"m-0 p-0\"> B\u1ea3n quy\u1ec1n t\u00e1c gi\u1ea3<\/p>\n                        <\/div>\n                    <\/div>\n                <\/a>\n            <\/div>\n        \n            <div class=\"col col-sub-menu col-sub-menu-ver\" style=\"flex: 0 0 100%; max-width: 100%;\">\n                <a href=\"http:\/\/store1.k-tech-services.com\/phapluat1\/dich-vu\/kieu-dang-cong-nghiep\/\" style=\"display: flex; align-items: center; text-decoration: none;\">\n                    <div class=\"icon-box-avs\" style=\"display: flex; align-items: center;\">\n                        <img decoding=\"async\" src=\"http:\/\/store1.k-tech-services.com\/phapluat1\/wp-content\/uploads\/2024\/12\/design-150x150.png\" width=\"41\" alt=\"Image description\" style=\"margin-right: 10px;\">\n                        <div class=\"ux-text\" style=\"color: rgb(0,0,0);\">\n                            <p class=\"m-0 p-0\"> Ki\u1ec3u d\u00e1ng c\u00f4ng nghi\u1ec7p<\/p>\n                        <\/div>\n                    <\/div>\n                <\/a>\n            <\/div>\n        \n            <div class=\"col col-sub-menu col-sub-menu-ver\" style=\"flex: 0 0 100%; max-width: 100%;\">\n                <a href=\"http:\/\/store1.k-tech-services.com\/phapluat1\/dich-vu\/nhan-hieu\/\" style=\"display: flex; align-items: center; text-decoration: none;\">\n                    <div class=\"icon-box-avs\" style=\"display: flex; align-items: center;\">\n                        <img decoding=\"async\" src=\"http:\/\/store1.k-tech-services.com\/phapluat1\/wp-content\/uploads\/2024\/12\/trademark-150x150.png\" width=\"41\" alt=\"Image description\" style=\"margin-right: 10px;\">\n                        <div class=\"ux-text\" style=\"color: rgb(0,0,0);\">\n                            <p class=\"m-0 p-0\"> Nh\u00e3n hi\u1ec7u<\/p>\n                        <\/div>\n                    <\/div>\n                <\/a>\n            <\/div>\n        \n            <div class=\"col col-sub-menu col-sub-menu-ver\" style=\"flex: 0 0 100%; max-width: 100%;\">\n                <a href=\"http:\/\/store1.k-tech-services.com\/phapluat1\/dich-vu\/sang-che-giai-phap-huu-ich\/\" style=\"display: flex; align-items: center; text-decoration: none;\">\n                    <div class=\"icon-box-avs\" style=\"display: flex; align-items: center;\">\n                        <img decoding=\"async\" src=\"http:\/\/store1.k-tech-services.com\/phapluat1\/wp-content\/uploads\/2024\/12\/patent-150x150.png\" width=\"41\" alt=\"Image description\" style=\"margin-right: 10px;\">\n                        <div class=\"ux-text\" style=\"color: rgb(0,0,0);\">\n                            <p class=\"m-0 p-0\"> S\u00e1ng ch\u1ebf\/Gi\u1ea3i ph\u00e1p h\u1eefu \u00edch<\/p>\n                        <\/div>\n                    <\/div>\n                <\/a>\n            <\/div>\n        \n            <div class=\"col col-sub-menu col-sub-menu-ver\" style=\"flex: 0 0 100%; max-width: 100%;\">\n                <a href=\"http:\/\/store1.k-tech-services.com\/phapluat1\/dich-vu\/duy-tri-gia-han\/\" style=\"display: flex; align-items: center; text-decoration: none;\">\n                    <div class=\"icon-box-avs\" style=\"display: flex; align-items: center;\">\n                        <img decoding=\"async\" src=\"http:\/\/store1.k-tech-services.com\/phapluat1\/wp-content\/uploads\/2024\/12\/lawsuit-150x150.png\" width=\"41\" alt=\"Image description\" style=\"margin-right: 10px;\">\n                        <div class=\"ux-text\" style=\"color: rgb(0,0,0);\">\n                            <p class=\"m-0 p-0\"> Th\u1ee7 t\u1ee5c kh\u00e1c<\/p>\n                        <\/div>\n                    <\/div>\n                <\/a>\n            <\/div>\n        \n            <div class=\"col col-sub-menu col-sub-menu-ver\" style=\"flex: 0 0 100%; max-width: 100%;\">\n                <a href=\"http:\/\/store1.k-tech-services.com\/phapluat1\/dich-vu\/xu-ly-xam-pham\/\" style=\"display: flex; align-items: center; text-decoration: none;\">\n                    <div class=\"icon-box-avs\" style=\"display: flex; align-items: center;\">\n                        <img decoding=\"async\" src=\"http:\/\/store1.k-tech-services.com\/phapluat1\/wp-content\/uploads\/2024\/12\/infringement-150x150.png\" width=\"41\" alt=\"Image description\" style=\"margin-right: 10px;\">\n                        <div class=\"ux-text\" style=\"color: rgb(0,0,0);\">\n                            <p class=\"m-0 p-0\"> X\u1eed l\u00fd x\u00e2m ph\u1ea1m<\/p>\n                        <\/div>\n                    <\/div>\n                <\/a>\n            <\/div>\n        <\/div>\n\n\n\t\t<\/div>\n\t\t\t\t\t<\/div>\n\n\t\n\n<\/div>\n\n","protected":false},"excerpt":{"rendered":"","protected":false},"author":1,"featured_media":397,"parent":11,"menu_order":0,"comment_status":"closed","ping_status":"closed","template":"","meta":{"footnotes":""},"class_list":["post-86","page","type-page","status-publish","has-post-thumbnail","hentry"],"_links":{"self":[{"href":"http:\/\/store1.k-tech-services.com\/phapluat1\/wp-json\/wp\/v2\/pages\/86","targetHints":{"allow":["GET"]}}],"collection":[{"href":"http:\/\/store1.k-tech-services.com\/phapluat1\/wp-json\/wp\/v2\/pages"}],"about":[{"href":"http:\/\/store1.k-tech-services.com\/phapluat1\/wp-json\/wp\/v2\/types\/page"}],"author":[{"embeddable":true,"href":"http:\/\/store1.k-tech-services.com\/phapluat1\/wp-json\/wp\/v2\/users\/1"}],"replies":[{"embeddable":true,"href":"http:\/\/store1.k-tech-services.com\/phapluat1\/wp-json\/wp\/v2\/comments?post=86"}],"version-history":[{"count":8,"href":"http:\/\/store1.k-tech-services.com\/phapluat1\/wp-json\/wp\/v2\/pages\/86\/revisions"}],"predecessor-version":[{"id":495,"href":"http:\/\/store1.k-tech-services.com\/phapluat1\/wp-json\/wp\/v2\/pages\/86\/revisions\/495"}],"up":[{"embeddable":true,"href":"http:\/\/store1.k-tech-services.com\/phapluat1\/wp-json\/wp\/v2\/pages\/11"}],"wp:featuredmedia":[{"embeddable":true,"href":"http:\/\/store1.k-tech-services.com\/phapluat1\/wp-json\/wp\/v2\/media\/397"}],"wp:attachment":[{"href":"http:\/\/store1.k-tech-services.com\/phapluat1\/wp-json\/wp\/v2\/media?parent=86"}],"curies":[{"name":"wp","href":"https:\/\/api.w.org\/{rel}","templated":true}]}}